{"id":102665,"date":"2021-02-15T04:44:20","date_gmt":"2021-02-15T10:44:20","guid":{"rendered":"https:\/\/devtgo.com\/?page_id=102665"},"modified":"2025-10-23T10:12:56","modified_gmt":"2025-10-23T15:12:56","slug":"antes-de-plantar","status":"publish","type":"page","link":"https:\/\/devtgo.com\/es\/cuidado-del-cesped\/antes-de-plantar\/","title":{"rendered":"Antes de plantar"},"content":{"rendered":"<div class=\"container body-copy bg-white pt-0 pb-0\">\n            <div class=\"row\">\n                <div class=\"col-12\">\n                    <h2>Evaluaci\u00f3n del patio<\/h2>\n<p>Antes de encargar los materiales y comenzar con la parte f\u00edsica de la preparaci\u00f3n del terreno e <a href=\"https:\/\/devtgo.com\/es\/cuidado-del-cesped\/instalacion-de-cesped\/\">instalaci\u00f3n<\/a>, lo ideal es evaluar el dise\u00f1o y las condiciones de su jard\u00edn para planificar adecuadamente el proyecto. La falta de una planificaci\u00f3n minuciosa, una preparaci\u00f3n inadecuada del jard\u00edn y una selecci\u00f3n incorrecta de la variedad de c\u00e9sped son algunas de las causas m\u00e1s comunes de que el c\u00e9sped no logre establecerse con \u00e9xito o se desarrolle de forma deficiente.<\/p>\n<h2>Plan<\/h2>\n<figure class=\"alignright wp-image-568770 size-large\"><a href=\"https:\/\/devtgo.com\/wp-content\/uploads\/Performance-filters.png\"><img loading=\"lazy\" decoding=\"async\" class=\"\" src=\"https:\/\/devtgo.com\/wp-content\/uploads\/Performance-filters-461x1024.png\" alt=\"\" width=\"461\" height=\"1024\" srcset=\"https:\/\/devtgo.com\/wp-content\/uploads\/Performance-filters-461x1024.png 461w, https:\/\/devtgo.com\/wp-content\/uploads\/Performance-filters-135x300.png 135w, https:\/\/devtgo.com\/wp-content\/uploads\/Performance-filters-768x1707.png 768w, https:\/\/devtgo.com\/wp-content\/uploads\/Performance-filters-691x1536.png 691w, https:\/\/devtgo.com\/wp-content\/uploads\/Performance-filters-760x1689.png 760w, https:\/\/devtgo.com\/wp-content\/uploads\/Performance-filters.png 900w\" sizes=\"auto, (max-width: 461px) 100vw, 461px\"><\/a><\/figure>\n<h3>Elija la variedad adecuada<\/h3>\n<p>Aunque lo ideal ser\u00eda que todas las variedades de c\u00e9sped prosperaran en cualquier entorno, esto no es as\u00ed. Cada variedad de c\u00e9sped que ofrecemos tiene sus propias caracter\u00edsticas de rendimiento, que deben tenerse en cuenta antes de hacer la selecci\u00f3n. Algunas variedades de c\u00e9sped ser\u00e1n m\u00e1s <a href=\"https:\/\/devtgo.com\/es\/mejor-cesped-para-sombra-en-texas\/\">tolerantes a la sombra<\/a>, algunas son m\u00e1s tolerantes a la sequ\u00eda, otras tienen una mayor resistencia al tr\u00e1fico y algunas variedades h\u00edbridas, como las <a href=\"https:\/\/devtgo.com\/es\/tienda\/product-category\/zoysia\/\">Zoysia<\/a>, ser\u00e1n las tres cosas, en un grado u otro.<\/p>\n<p>Nuestra herramienta \"Filtros de rendimiento\", que se encuentra en la p\u00e1gina de nuestra tienda online, le ayudar\u00e1 a acotar su b\u00fasqueda en funci\u00f3n de sus necesidades y expectativas.<\/p>\n<h3>Consideraciones importantes<\/h3>\n<p>\u00bfNecesitar\u00e1 pedir tierra vegetal adicional para rellenar los puntos bajos o corregir la pendiente?<br>\n\u00bfNecesitar\u00e1 instalar un sistema de drenaje para desviar el agua?<br>\n\u00bfRecibe tu jard\u00edn toda la luz del sol, o hay zonas que reciben sombra? Crea un mapa solar o utiliza una aplicaci\u00f3n que te ayude a determinar las condiciones de luz solar.<br>\n\u00bfCu\u00e1l es la calidad de la luz solar?<br>\n\u00bfEl <a href=\"https:\/\/devtgo.com\/es\/el-mejor-cesped-para-zonas-muy-transitadas\/\">c\u00e9sped soporta un alto tr\u00e1nsito de personas o mascotas<\/a>?<br>\n\u00bfCu\u00e1les son sus expectativas de mantenimiento?<br>\n\u00bfCu\u00e1nto dinero, tiempo y esfuerzo piensa invertir en el mantenimiento de su c\u00e9sped?<br>\n\u00bfQu\u00e9 desea lograr con su c\u00e9sped?<br>\n\u00bfCu\u00e1l es su tasa de crecimiento deseada?<\/p>\n<h2>\u00bfPlantar c\u00e9sped nuevo para una ocasi\u00f3n importante?<\/h2>\n<p>Si va a instalar c\u00e9sped nuevo para una ocasi\u00f3n importante en la que el tiempo apremia, como una fiesta de cumplea\u00f1os, una boda o una jornada de puertas abiertas, la planificaci\u00f3n adecuada de la instalaci\u00f3n es a\u00fan m\u00e1s necesaria. Dado que debe minimizar el tr\u00e1fico en su nuevo c\u00e9sped tanto como sea posible hasta que se arraigue y crezca lateralmente, no querr\u00e1 plantar su nuevo c\u00e9sped en el \u00faltimo minuto.<\/p>\n<p>Por no hablar de que a veces se producen retrasos por lluvia. Durante la primavera y el oto\u00f1o, las precipitaciones son m\u00e1s frecuentes y abundantes. Ocasionalmente, nuestras entregas pueden retrasarse d\u00edas o incluso una semana, dependiendo de la cantidad de lluvia que recibamos en nuestras granjas. Por lo tanto, <strong>te conviene plantar el c\u00e9sped con un mes de antelaci\u00f3n a cualquier ocasi\u00f3n especial para evitar retrasos de \u00faltima hora y asegurarte de que el c\u00e9sped se establece de forma saludable.<\/strong><\/p>\n<h2>Planificaci\u00f3n y ejecuci\u00f3n cuidadosas<\/h2>\n<p>Recuerde que muchos factores ambientales afectar\u00e1n la duraci\u00f3n de su proyecto y el rendimiento del c\u00e9sped una vez finalizada la instalaci\u00f3n. Como en cualquier otro proyecto, una planificaci\u00f3n cuidadosa y una ejecuci\u00f3n bien definida fomentar\u00e1n la eficacia y el rendimiento. Planificar y ejecutar el trabajo correctamente desde el principio tambi\u00e9n garantizar\u00e1 un rendimiento \u00f3ptimo del c\u00e9sped y minimizar\u00e1 las necesidades excesivas de mantenimiento y agua.<\/p>\n<p>Aproveche el contenido y los recursos de los art\u00edculos enlazados a continuaci\u00f3n. Utilice toda la informaci\u00f3n pertinente como gu\u00eda para estructurar un plan exhaustivo, paso a paso, de acuerdo con sus preferencias personales, las condiciones de su jard\u00edn, sus necesidades y sus expectativas. Por supuesto, no dude en ponerse en contacto con uno de nuestros expertos en c\u00e9sped si necesita ayuda o alguna aclaraci\u00f3n.<\/p>\n<h3>Otros recursos<\/h3>\n<ul>\n<li><a href=\"https:\/\/devtgo.com\/es\/cuidado-del-cesped\/antes-de-plantar\/analisis-de-suelos\/\">An\u00e1lisis del suelo<\/a><\/li>\n<li><a href=\"https:\/\/devtgo.com\/es\/cuidado-del-cesped\/antes-de-plantar\/mida-su-espacio\/\">Mida el espacio de su c\u00e9sped<\/a><\/li>\n<li><a href=\"https:\/\/devtgo.com\/es\/cuidado-del-cesped\/antes-de-plantar\/control-de-las-malas-hierbas\/\">Control de las malas hierbas<\/a><\/li>\n<li><a href=\"https:\/\/devtgo.com\/es\/cuidado-del-cesped\/antes-de-plantar\/tierra-vegetal-y-nivelacion\/\">Tierra vegetal y nivelaci\u00f3n<\/a><\/li>\n<\/ul>\n                <\/div>\n            <\/div>\n        <\/div>","protected":false},"excerpt":{"rendered":"","protected":false},"author":662,"featured_media":568075,"parent":352799,"menu_order":0,"comment_status":"closed","ping_status":"closed","template":"","meta":{"_acf_changed":false,"inline_featured_image":false,"footnotes":""},"class_list":["post-102665","page","type-page","status-publish","has-post-thumbnail","hentry"],"acf":[],"yoast_head":"<!-- This site is optimized with the Yoast SEO plugin v26.0 - https:\/\/yoast.com\/wordpress\/plugins\/seo\/ -->\n<title>What to Do Before Planting Grass - The Grass Outlet<\/title>\n<meta name=\"description\" content=\"Ensure a successful sod installation by assessing yard layout and conditions, planning material needs, and selecting the right grass variety.\" \/>\n<meta name=\"robots\" content=\"noindex, follow, max-snippet:-1, max-image-preview:large, max-video-preview:-1\" \/>\n<meta property=\"og:locale\" content=\"es_MX\" \/>\n<meta property=\"og:type\" content=\"article\" \/>\n<meta property=\"og:title\" content=\"What to Do Before Planting Grass - The Grass Outlet\" \/>\n<meta property=\"og:description\" content=\"Ensure a successful sod installation by assessing yard layout and conditions, planning material needs, and selecting the right grass variety.\" \/>\n<meta property=\"og:url\" content=\"https:\/\/devtgo.com\/es\/cuidado-del-cesped\/antes-de-plantar\/\" \/>\n<meta property=\"og:site_name\" content=\"The Grass Outlet\" \/>\n<meta property=\"article:publisher\" content=\"https:\/\/www.facebook.com\/pages\/The-Grass-Outlet\/269332396527430\" \/>\n<meta property=\"article:modified_time\" content=\"2025-10-23T15:12:56+00:00\" \/>\n<meta property=\"og:image\" content=\"https:\/\/devtgo.com\/wp-content\/uploads\/Before-you-plant.png\" \/>\n\t<meta property=\"og:image:width\" content=\"1750\" \/>\n\t<meta property=\"og:image:height\" content=\"800\" \/>\n\t<meta property=\"og:image:type\" content=\"image\/png\" \/>\n<meta name=\"twitter:label1\" content=\"Tiempo de lectura\" \/>\n\t<meta name=\"twitter:data1\" content=\"3 minutos\" \/>\n<script type=\"application\/ld+json\" class=\"yoast-schema-graph\">{\"@context\":\"https:\/\/schema.org\",\"@graph\":[{\"@type\":\"WebPage\",\"@id\":\"https:\/\/devtgo.com\/grass-care\/before-you-plant\/\",\"url\":\"https:\/\/devtgo.com\/grass-care\/before-you-plant\/\",\"name\":\"What to Do Before Planting Grass - The Grass Outlet\",\"isPartOf\":{\"@id\":\"https:\/\/devtgo.com\/#website\"},\"primaryImageOfPage\":{\"@id\":\"https:\/\/devtgo.com\/grass-care\/before-you-plant\/#primaryimage\"},\"image\":{\"@id\":\"https:\/\/devtgo.com\/grass-care\/before-you-plant\/#primaryimage\"},\"thumbnailUrl\":\"https:\/\/devtgo.com\/wp-content\/uploads\/Before-you-plant.png\",\"datePublished\":\"2021-02-15T10:44:20+00:00\",\"dateModified\":\"2025-10-23T15:12:56+00:00\",\"description\":\"Ensure a successful sod installation by assessing yard layout and conditions, planning material needs, and selecting the right grass variety.\",\"breadcrumb\":{\"@id\":\"https:\/\/devtgo.com\/grass-care\/before-you-plant\/#breadcrumb\"},\"inLanguage\":\"es\",\"potentialAction\":[{\"@type\":\"ReadAction\",\"target\":[\"https:\/\/devtgo.com\/grass-care\/before-you-plant\/\"]}]},{\"@type\":\"ImageObject\",\"inLanguage\":\"es\",\"@id\":\"https:\/\/devtgo.com\/grass-care\/before-you-plant\/#primaryimage\",\"url\":\"https:\/\/devtgo.com\/wp-content\/uploads\/Before-you-plant.png\",\"contentUrl\":\"https:\/\/devtgo.com\/wp-content\/uploads\/Before-you-plant.png\",\"width\":1750,\"height\":800},{\"@type\":\"BreadcrumbList\",\"@id\":\"https:\/\/devtgo.com\/grass-care\/before-you-plant\/#breadcrumb\",\"itemListElement\":[{\"@type\":\"ListItem\",\"position\":1,\"name\":\"Home\",\"item\":\"https:\/\/devtgo.com\/\"},{\"@type\":\"ListItem\",\"position\":2,\"name\":\"Grass Care 101: Mastering Lawn Care\",\"item\":\"https:\/\/devtgo.com\/grass-care\/\"},{\"@type\":\"ListItem\",\"position\":3,\"name\":\"Before You Plant\"}]},{\"@type\":\"WebSite\",\"@id\":\"https:\/\/devtgo.com\/#website\",\"url\":\"https:\/\/devtgo.com\/\",\"name\":\"The Grass Outlet\",\"description\":\"&quot;Helping Texas Go Green, One Yard at a Time&quot;\",\"publisher\":{\"@id\":\"https:\/\/devtgo.com\/#organization\"},\"potentialAction\":[{\"@type\":\"SearchAction\",\"target\":{\"@type\":\"EntryPoint\",\"urlTemplate\":\"https:\/\/devtgo.com\/?s={search_term_string}\"},\"query-input\":{\"@type\":\"PropertyValueSpecification\",\"valueRequired\":true,\"valueName\":\"search_term_string\"}}],\"inLanguage\":\"es\"},{\"@type\":\"Organization\",\"@id\":\"https:\/\/devtgo.com\/#organization\",\"name\":\"The Grass Outlet\",\"url\":\"https:\/\/devtgo.com\/\",\"logo\":{\"@type\":\"ImageObject\",\"inLanguage\":\"es\",\"@id\":\"https:\/\/devtgo.com\/#\/schema\/logo\/image\/\",\"url\":\"https:\/\/devtgo.com\/wp-content\/uploads\/TxNative-1-scaled.jpg\",\"contentUrl\":\"https:\/\/devtgo.com\/wp-content\/uploads\/TxNative-1-scaled.jpg\",\"width\":1024,\"height\":720,\"caption\":\"The Grass Outlet\"},\"image\":{\"@id\":\"https:\/\/devtgo.com\/#\/schema\/logo\/image\/\"},\"sameAs\":[\"https:\/\/www.facebook.com\/pages\/The-Grass-Outlet\/269332396527430\",\"https:\/\/x.com\/TheGrassOutlet\"]}]}<\/script>\n<!-- \/ Yoast SEO plugin. -->","yoast_head_json":{"title":"Qu\u00e9 hacer antes de plantar c\u00e9sped - The Grass Outlet","description":"Garantice el \u00e9xito de la instalaci\u00f3n del c\u00e9sped evaluando la distribuci\u00f3n y las condiciones del jard\u00edn, planificando las necesidades de material y seleccionando la variedad de c\u00e9sped adecuada.","robots":{"index":"noindex","follow":"follow","max-snippet":"max-snippet:-1","max-image-preview":"max-image-preview:large","max-video-preview":"max-video-preview:-1"},"og_locale":"es_MX","og_type":"article","og_title":"What to Do Before Planting Grass - The Grass Outlet","og_description":"Ensure a successful sod installation by assessing yard layout and conditions, planning material needs, and selecting the right grass variety.","og_url":"https:\/\/devtgo.com\/es\/cuidado-del-cesped\/antes-de-plantar\/","og_site_name":"The Grass Outlet","article_publisher":"https:\/\/www.facebook.com\/pages\/The-Grass-Outlet\/269332396527430","article_modified_time":"2025-10-23T15:12:56+00:00","og_image":[{"width":1750,"height":800,"url":"https:\/\/devtgo.com\/wp-content\/uploads\/Before-you-plant.png","type":"image\/png"}],"twitter_misc":{"Tiempo de lectura":"3 minutos"},"schema":{"@context":"https:\/\/schema.org","@graph":[{"@type":"WebPage","@id":"https:\/\/devtgo.com\/grass-care\/before-you-plant\/","url":"https:\/\/devtgo.com\/grass-care\/before-you-plant\/","name":"Qu\u00e9 hacer antes de plantar c\u00e9sped - The Grass Outlet","isPartOf":{"@id":"https:\/\/devtgo.com\/#website"},"primaryImageOfPage":{"@id":"https:\/\/devtgo.com\/grass-care\/before-you-plant\/#primaryimage"},"image":{"@id":"https:\/\/devtgo.com\/grass-care\/before-you-plant\/#primaryimage"},"thumbnailUrl":"https:\/\/devtgo.com\/wp-content\/uploads\/Before-you-plant.png","datePublished":"2021-02-15T10:44:20+00:00","dateModified":"2025-10-23T15:12:56+00:00","description":"Garantice el \u00e9xito de la instalaci\u00f3n del c\u00e9sped evaluando la distribuci\u00f3n y las condiciones del jard\u00edn, planificando las necesidades de material y seleccionando la variedad de c\u00e9sped adecuada.","breadcrumb":{"@id":"https:\/\/devtgo.com\/grass-care\/before-you-plant\/#breadcrumb"},"inLanguage":"es","potentialAction":[{"@type":"ReadAction","target":["https:\/\/devtgo.com\/grass-care\/before-you-plant\/"]}]},{"@type":"ImageObject","inLanguage":"es","@id":"https:\/\/devtgo.com\/grass-care\/before-you-plant\/#primaryimage","url":"https:\/\/devtgo.com\/wp-content\/uploads\/Before-you-plant.png","contentUrl":"https:\/\/devtgo.com\/wp-content\/uploads\/Before-you-plant.png","width":1750,"height":800},{"@type":"BreadcrumbList","@id":"https:\/\/devtgo.com\/grass-care\/before-you-plant\/#breadcrumb","itemListElement":[{"@type":"ListItem","position":1,"name":"Home","item":"https:\/\/devtgo.com\/"},{"@type":"ListItem","position":2,"name":"Grass Care 101: Mastering Lawn Care","item":"https:\/\/devtgo.com\/grass-care\/"},{"@type":"ListItem","position":3,"name":"Before You Plant"}]},{"@type":"WebSite","@id":"https:\/\/devtgo.com\/#website","url":"https:\/\/devtgo.com\/","name":"The Grass Outlet","description":"\"Ayudando a Tejas a ser m\u00e1s verde, un jard\u00edn a la vez\"","publisher":{"@id":"https:\/\/devtgo.com\/#organization"},"potentialAction":[{"@type":"SearchAction","target":{"@type":"EntryPoint","urlTemplate":"https:\/\/devtgo.com\/?s={search_term_string}"},"query-input":{"@type":"PropertyValueSpecification","valueRequired":true,"valueName":"search_term_string"}}],"inLanguage":"es"},{"@type":"Organization","@id":"https:\/\/devtgo.com\/#organization","name":"The Grass Outlet","url":"https:\/\/devtgo.com\/","logo":{"@type":"ImageObject","inLanguage":"es","@id":"https:\/\/devtgo.com\/#\/schema\/logo\/image\/","url":"https:\/\/devtgo.com\/wp-content\/uploads\/TxNative-1-scaled.jpg","contentUrl":"https:\/\/devtgo.com\/wp-content\/uploads\/TxNative-1-scaled.jpg","width":1024,"height":720,"caption":"The Grass Outlet"},"image":{"@id":"https:\/\/devtgo.com\/#\/schema\/logo\/image\/"},"sameAs":["https:\/\/www.facebook.com\/pages\/The-Grass-Outlet\/269332396527430","https:\/\/x.com\/TheGrassOutlet"]}]}},"_links":{"self":[{"href":"https:\/\/devtgo.com\/es\/wp-json\/wp\/v2\/pages\/102665","targetHints":{"allow":["GET"]}}],"collection":[{"href":"https:\/\/devtgo.com\/es\/wp-json\/wp\/v2\/pages"}],"about":[{"href":"https:\/\/devtgo.com\/es\/wp-json\/wp\/v2\/types\/page"}],"author":[{"embeddable":true,"href":"https:\/\/devtgo.com\/es\/wp-json\/wp\/v2\/users\/662"}],"replies":[{"embeddable":true,"href":"https:\/\/devtgo.com\/es\/wp-json\/wp\/v2\/comments?post=102665"}],"version-history":[{"count":52,"href":"https:\/\/devtgo.com\/es\/wp-json\/wp\/v2\/pages\/102665\/revisions"}],"predecessor-version":[{"id":568773,"href":"https:\/\/devtgo.com\/es\/wp-json\/wp\/v2\/pages\/102665\/revisions\/568773"}],"up":[{"embeddable":true,"href":"https:\/\/devtgo.com\/es\/wp-json\/wp\/v2\/pages\/352799"}],"wp:featuredmedia":[{"embeddable":true,"href":"https:\/\/devtgo.com\/es\/wp-json\/wp\/v2\/media\/568075"}],"wp:attachment":[{"href":"https:\/\/devtgo.com\/es\/wp-json\/wp\/v2\/media?parent=102665"}],"curies":[{"name":"wp","href":"https:\/\/api.w.org\/{rel}","templated":true}]}}