{"id":102690,"date":"2021-02-15T09:36:22","date_gmt":"2021-02-15T15:36:22","guid":{"rendered":"https:\/\/devtgo.com\/?page_id=102690"},"modified":"2025-08-13T14:59:43","modified_gmt":"2025-08-13T19:59:43","slug":"tierra-vegetal-y-nivelacion","status":"publish","type":"page","link":"https:\/\/devtgo.com\/es\/cuidado-del-cesped\/antes-de-plantar\/tierra-vegetal-y-nivelacion\/","title":{"rendered":"Tierra vegetal para c\u00e9sped y nivelaci\u00f3n"},"content":{"rendered":"<figure class=\"alignnone wp-image-102694 size-full\"><a href=\"https:\/\/devtgo.com\/wp-content\/uploads\/Level_Grading-1.jpg\"><img loading=\"lazy\" decoding=\"async\" class=\"\" src=\"https:\/\/devtgo.com\/wp-content\/uploads\/Level_Grading-1.jpg\" alt=\"\" width=\"2600\" height=\"1622\" srcset=\"https:\/\/devtgo.com\/wp-content\/uploads\/Level_Grading-1.jpg 1000w, https:\/\/devtgo.com\/wp-content\/uploads\/Level_Grading-1-300x187.jpg 300w, https:\/\/devtgo.com\/wp-content\/uploads\/Level_Grading-1-768x479.jpg 768w, https:\/\/devtgo.com\/wp-content\/uploads\/Level_Grading-1-760x474.jpg 760w\" sizes=\"auto, (max-width: 2600px) 100vw, 2600px\"><\/a><\/figure>\n<h2>Reducir las necesidades futuras de agua<\/h2>\n<p>A\u00f1adir tierra vegetal para el c\u00e9sped y nivelar su zona ser\u00e1n los pasos finales en la preparaci\u00f3n para la instalaci\u00f3n del c\u00e9sped. Si ya ha a\u00f1adido la tierra vegetal en el paso anterior (<a href=\"https:\/\/devtgo.com\/es\/cuidado-del-cesped\/antes-de-plantar\/analisis-de-suelos\/\">An\u00e1lisis del suelo<\/a>, <a href=\"https:\/\/devtgo.com\/es\/cuidado-del-cesped\/antes-de-plantar\/mida-su-espacio\/\">Mida el espacio de su c\u00e9sped<\/a>, <a href=\"https:\/\/devtgo.com\/es\/cuidado-del-cesped\/antes-de-plantar\/control-de-las-malas-hierbas\/\">Control de las malas hierbas<\/a><span style=\"font-size: revert;\">), ya puede proceder a la nivelaci\u00f3n final del suelo.<\/span><\/p>\n<p>La mejor manera de garantizar el establecimiento de un c\u00e9sped sano es instalarlo en un suelo bien preparado, h\u00famedo, nutritivo y con buena porosidad. Junto con el cultivo del suelo, la adici\u00f3n de tierra nueva garantiza que las ra\u00edces del c\u00e9sped tengan los nutrientes, el drenaje y el ox\u00edgeno adecuados. <strong>Cultivar la tierra &amp;<\/strong> <strong>a\u00f1adir tierra vegetal <\/strong>puede aumentar la retenci\u00f3n de agua en el suelo y <strong>reduzca las necesidades de agua de su nuevo c\u00e9sped en 20-40%. <\/strong><\/p>\n<h2>\u00bfQu\u00e9 profundidad debe tener la tierra vegetal?<\/h2>\n<p><span data-preserver-spaces=\"true\">La mayor\u00eda de los problemas del suelo no pueden solucionarse a\u00f1adiendo una fina capa de materia org\u00e1nica a la superficie de los suelos compactados y arcillosos. La tierra vegetal se considera normalmente como los 15 cm superiores del suelo. Recomendamos la adici\u00f3n de al menos 2 a 3 + pulgadas de tierra vegetal y rototilling 2 a 3 + pulgadas en la tierra existente para obtener la profundidad recomendada de 6 pulgadas. La adici\u00f3n de una capa de tierra vegetal sin profundidad y sin mezclarla con la tierra puede provocar un desarrollo poco profundo de las ra\u00edces, problemas de compactaci\u00f3n y drenaje, o provocar un choque en el c\u00e9sped una vez que las ra\u00edces penetran en la capa de tierra existente.\u00a0<\/span><a class=\"editor-rtfLink\" href=\"https:\/\/www.inchcalculator.com\/soil-calculator\/\" target=\"_blank\" rel=\"noopener\"><span data-preserver-spaces=\"true\">Esta calculadora de suelos<\/span><\/a><span data-preserver-spaces=\"true\"> calcular\u00e1 cu\u00e1nta tierra necesita para alcanzar la profundidad correcta de la capa superior del suelo.<\/span><\/p>\n<h2>Elija el tipo de suelo adecuado<\/h2>\n<p><span data-preserver-spaces=\"true\">La mezcla de tierra que debe utilizar depender\u00e1 de la tierra existente en su jard\u00edn. Para obtener resultados \u00f3ptimos, deber\u00eda realizar un an\u00e1lisis del suelo antes de elegir y comprar la tierra vegetal, de modo que pueda seleccionar la tierra adecuada. Si su suelo es muy arcilloso, lo mejor es elegir una mezcla con m\u00e1s materia org\u00e1nica y roturarla en el suelo arcilloso existente. No intente enmendar el suelo arcilloso con arena, ya que puede endurecerlo y compactarlo.\u00a0<\/span><\/p>\n<h2>Enmienda de suelos arcillosos<\/h2>\n<p>El suelo arcilloso abunda en muchas partes de Tejas. Aunque la arcilla es una parte esencial de un suelo sano, puede causar problemas si abunda en exceso. Probablemente, el mayor problema de los suelos arcillosos es el establecimiento de las ra\u00edces. Una vez que el c\u00e9sped ha establecido su sistema radicular, suele funcionar muy bien en suelos arcillosos; sin embargo, los problemas de compactaci\u00f3n deben abordarse estacionalmente.<\/p>\n<p>Aunque hay formas de corregir los problemas de compactaci\u00f3n del suelo arcilloso despu\u00e9s de instalar el c\u00e9sped, lo mejor es enmendar el suelo arcilloso antes de plantar el c\u00e9sped nuevo. <strong>No utilice arena para mezclarla con tierra arcillosa como enmienda.<\/strong> Aunque es probable que encuentres algunos art\u00edculos en los que se aconseja utilizar arena para enmendar el suelo arcilloso, puede ser contraproducente, ya que hace que la arcilla parezca hormig\u00f3n. Si tiene que utilizar arena, aseg\u00farese de utilizar el tama\u00f1o de part\u00edcula de arena gruesa m\u00e1s grande disponible para que este m\u00e9todo sea eficaz. Las part\u00edculas de arena m\u00e1s finas pueden rellenar los peque\u00f1os agujeros de las estructuras arcillosas produciendo una zona de instalaci\u00f3n similar a la roca.<\/p>\n<p>Los suelos arenosos tienen vol\u00famenes de arena de al menos 50% del volumen de arcilla. Necesitar\u00eda una enorme cantidad de arena para producir un suelo franco arenoso para su c\u00e9sped. A menos que sea un experto, ser\u00eda mejor no intentar este m\u00e9todo.<\/p>\n<p><strong> <a href=\"https:\/\/youtu.be\/_kk2-es9i9o\" target=\"_blank\" rel=\"noopener\">Este v\u00eddeo<\/a><\/strong> hace un <strong>gran trabajo explicando c\u00f3mo<\/strong> diferentes productos funcionan <strong>enmendar la arcilla<\/strong> <strong>y suelos compactados<\/strong>. A continuaci\u00f3n se presentan algunos productos que funcionan muy bien para enmendar el suelo arcilloso antes de la siembra.<\/p>\n<ul>\n<li><strong><a href=\"https:\/\/www.microlifefertilizer.com\/products\/\" target=\"_blank\" rel=\"noopener\">Productos MicroLife\/MicroGro<\/a><\/strong>como Brown Patch, Humates Plus y Bioinoculant<\/li>\n<li><a href=\"https:\/\/www.domyown.com\/natural-guard-humic-granular-humic-acid-p-17521.html\" target=\"_blank\" rel=\"noopener\"><strong>Natural Guard HuMic \u00c1cido H\u00famico Granular<\/strong><\/a><\/li>\n<li><a href=\"https:\/\/yardmastery.com\/collections\/fertilizers-liquid\/products\/bio-stimulant\" target=\"_blank\" rel=\"noopener\"><strong>[N-ext] Pack Bioestimulante<\/strong><\/a><\/li>\n<li><a href=\"https:\/\/www.amazon.com\/Espoma-SPF30-Soil-Perfector-30\/dp\/B00TN8F906\/ref=asc_df_B00TN8F906\/?tag=hyprod-20&amp;linkCode=df0&amp;hvadid=281747236286&amp;hvpos=&amp;hvnetw=g&amp;hvrand=15796531848840904642&amp;hvpone=&amp;hvptwo=&amp;hvqmt=&amp;hvdev=c&amp;hvdvcmdl=&amp;hvlocint=&amp;hvlocphy=9028292&amp;hvtargid=pla-520951109510&amp;psc=1\" target=\"_blank\" rel=\"noopener\"><strong>Espoma SPF30 30 Lb Perfeccionador de Suelos<\/strong><\/a><\/li>\n<li><a href=\"https:\/\/www.turface.com\/find-distributor\" target=\"_blank\" rel=\"noopener\"><strong>Cara de c\u00e9sped<\/strong><\/a><\/li>\n<\/ul>\n<h2>Nivelaci\u00f3n final del suelo<\/h2>\n<p>A continuaci\u00f3n, realizar\u00e1 la nivelaci\u00f3n final del suelo. Empiece por levantar las zonas situadas a lo largo de la casa o las estructuras y rellene las zonas bajas con tierra nueva. Utilice un rastrillo de jardiner\u00eda para mover la tierra alrededor del sitio, asegur\u00e1ndose de dispersarla de manera que por cada 100 pies, el patio se incline 2 pies. Puedes comprobarlo utilizando un 2\u2032 x 4\u2032 y un nivel, como se ilustra en el v\u00eddeo de instrucciones que aparece a continuaci\u00f3n.<\/p>\n<h3>Eval\u00fae la nota y busque puntos bajos<\/h3>\n<p>Retroceda y vea el jard\u00edn desde la calle o la acera, buscando cualquier recesi\u00f3n. Adem\u00e1s, aseg\u00farese de que no hay pendientes hacia las estructuras de su propiedad. Las zonas bajas que mantienen la hierba sumergida durante el riego o la lluvia pueden estresar la hierba e impedir que eche ra\u00edces fuertes. Se recomiendan pendientes graduales que se alejen de su propiedad y salgan a la calle para que el agua fluya de forma ideal. En algunos casos, puede que necesite instalar un sistema de drenaje para desviar el exceso de agua de una zona problem\u00e1tica a otra que pueda utilizarla.<\/p>\n<h3>Consejos y advertencias<\/h3>\n<ul>\n<li>Tenga a mano un poco de tierra vegetal extra por si necesita reforzar alguna zona, rellenar alg\u00fan punto bajo o a\u00f1adir m\u00e1s base de tierra a los bloques de c\u00e9sped que hayan perdido algo de tierra durante la cosecha, el transporte y la manipulaci\u00f3n.<\/li>\n<li>Utilice un nivelador manual y 2' x 4' para medir la inclinaci\u00f3n de la pendiente.<\/li>\n<li><a href=\"https:\/\/www.youtube.com\/watch?v=3YsSxBG_SJc&amp;feature=emb_logo\" target=\"_blank\" rel=\"noopener\">V\u00eddeo de instrucciones<\/a><\/li>\n<li><strong>No aplicar abono<\/strong> al suelo o al c\u00e9sped nuevo durante al menos unas semanas<\/li>\n<\/ul>\n<h3>Qu\u00e9 necesitar\u00e1<\/h3>\n<ul>\n<li>Tierra vegetal<\/li>\n<li>Rototiller<\/li>\n<li>Rastrillo de jardiner\u00eda<\/li>\n<li>Nivel<\/li>\n<li>2\u2032 x 4\u2032<\/li>\n<li>Azada<\/li>\n<li>Pala<\/li>\n<li>Guantes de jardiner\u00eda\/protecci\u00f3n *Opcionales*.<\/li>\n<li>Otros PPE *Opcionales*<\/li>\n<\/ul>","protected":false},"excerpt":{"rendered":"<p>Reduce Future Water Requirements Adding topsoil for grass and grading your area will be the final steps in preparing for sod installation. If you have already added your topsoil in the previous step (Soil Testing, Measure Your Lawn Space, Controlling&hellip;<\/p>","protected":false},"author":660,"featured_media":0,"parent":102665,"menu_order":0,"comment_status":"closed","ping_status":"closed","template":"","meta":{"_acf_changed":false,"inline_featured_image":false,"footnotes":""},"class_list":["post-102690","page","type-page","status-publish","hentry"],"acf":[],"yoast_head":"<!-- This site is optimized with the Yoast SEO plugin v26.0 - https:\/\/yoast.com\/wordpress\/plugins\/seo\/ -->\n<title>Topsoil For Grass and Grading - The Grass Outlet<\/title>\n<meta name=\"description\" content=\"Enhance your lawn&#039;s health and reduce water use by 20-40% with proper topsoil application and grading for sod installation. Learn vital tips.\" \/>\n<meta name=\"robots\" content=\"noindex, follow, max-snippet:-1, max-image-preview:large, max-video-preview:-1\" \/>\n<meta property=\"og:locale\" content=\"es_MX\" \/>\n<meta property=\"og:type\" content=\"article\" \/>\n<meta property=\"og:title\" content=\"Topsoil For Grass and Grading - The Grass Outlet\" \/>\n<meta property=\"og:description\" content=\"Enhance your lawn&#039;s health and reduce water use by 20-40% with proper topsoil application and grading for sod installation. Learn vital tips.\" \/>\n<meta property=\"og:url\" content=\"https:\/\/devtgo.com\/es\/cuidado-del-cesped\/antes-de-plantar\/tierra-vegetal-y-nivelacion\/\" \/>\n<meta property=\"og:site_name\" content=\"The Grass Outlet\" \/>\n<meta property=\"article:publisher\" content=\"https:\/\/www.facebook.com\/pages\/The-Grass-Outlet\/269332396527430\" \/>\n<meta property=\"article:modified_time\" content=\"2025-08-13T19:59:43+00:00\" \/>\n<meta property=\"og:image\" content=\"https:\/\/devtgo.com\/wp-content\/uploads\/Level_Grading-1.jpg\" \/>\n<meta name=\"twitter:label1\" content=\"Tiempo de lectura\" \/>\n\t<meta name=\"twitter:data1\" content=\"4 minutos\" \/>\n<script type=\"application\/ld+json\" class=\"yoast-schema-graph\">{\"@context\":\"https:\/\/schema.org\",\"@graph\":[{\"@type\":\"WebPage\",\"@id\":\"https:\/\/devtgo.com\/grass-care\/before-you-plant\/topsoil-and-grading\/\",\"url\":\"https:\/\/devtgo.com\/grass-care\/before-you-plant\/topsoil-and-grading\/\",\"name\":\"Topsoil For Grass and Grading - The Grass Outlet\",\"isPartOf\":{\"@id\":\"https:\/\/devtgo.com\/#website\"},\"primaryImageOfPage\":{\"@id\":\"https:\/\/devtgo.com\/grass-care\/before-you-plant\/topsoil-and-grading\/#primaryimage\"},\"image\":{\"@id\":\"https:\/\/devtgo.com\/grass-care\/before-you-plant\/topsoil-and-grading\/#primaryimage\"},\"thumbnailUrl\":\"https:\/\/devtgo.com\/wp-content\/uploads\/Level_Grading-1.jpg\",\"datePublished\":\"2021-02-15T15:36:22+00:00\",\"dateModified\":\"2025-08-13T19:59:43+00:00\",\"description\":\"Enhance your lawn's health and reduce water use by 20-40% with proper topsoil application and grading for sod installation. Learn vital tips.\",\"breadcrumb\":{\"@id\":\"https:\/\/devtgo.com\/grass-care\/before-you-plant\/topsoil-and-grading\/#breadcrumb\"},\"inLanguage\":\"es\",\"potentialAction\":[{\"@type\":\"ReadAction\",\"target\":[\"https:\/\/devtgo.com\/grass-care\/before-you-plant\/topsoil-and-grading\/\"]}]},{\"@type\":\"ImageObject\",\"inLanguage\":\"es\",\"@id\":\"https:\/\/devtgo.com\/grass-care\/before-you-plant\/topsoil-and-grading\/#primaryimage\",\"url\":\"https:\/\/devtgo.com\/wp-content\/uploads\/Level_Grading-1.jpg\",\"contentUrl\":\"https:\/\/devtgo.com\/wp-content\/uploads\/Level_Grading-1.jpg\"},{\"@type\":\"BreadcrumbList\",\"@id\":\"https:\/\/devtgo.com\/grass-care\/before-you-plant\/topsoil-and-grading\/#breadcrumb\",\"itemListElement\":[{\"@type\":\"ListItem\",\"position\":1,\"name\":\"Home\",\"item\":\"https:\/\/devtgo.com\/\"},{\"@type\":\"ListItem\",\"position\":2,\"name\":\"Grass Care 101: Mastering Lawn Care\",\"item\":\"https:\/\/devtgo.com\/grass-care\/\"},{\"@type\":\"ListItem\",\"position\":3,\"name\":\"Before You Plant\",\"item\":\"https:\/\/devtgo.com\/grass-care\/before-you-plant\/\"},{\"@type\":\"ListItem\",\"position\":4,\"name\":\"Topsoil For Grass and Grading\"}]},{\"@type\":\"WebSite\",\"@id\":\"https:\/\/devtgo.com\/#website\",\"url\":\"https:\/\/devtgo.com\/\",\"name\":\"The Grass Outlet\",\"description\":\"&quot;Helping Texas Go Green, One Yard at a Time&quot;\",\"publisher\":{\"@id\":\"https:\/\/devtgo.com\/#organization\"},\"potentialAction\":[{\"@type\":\"SearchAction\",\"target\":{\"@type\":\"EntryPoint\",\"urlTemplate\":\"https:\/\/devtgo.com\/?s={search_term_string}\"},\"query-input\":{\"@type\":\"PropertyValueSpecification\",\"valueRequired\":true,\"valueName\":\"search_term_string\"}}],\"inLanguage\":\"es\"},{\"@type\":\"Organization\",\"@id\":\"https:\/\/devtgo.com\/#organization\",\"name\":\"The Grass Outlet\",\"url\":\"https:\/\/devtgo.com\/\",\"logo\":{\"@type\":\"ImageObject\",\"inLanguage\":\"es\",\"@id\":\"https:\/\/devtgo.com\/#\/schema\/logo\/image\/\",\"url\":\"https:\/\/devtgo.com\/wp-content\/uploads\/TxNative-1-scaled.jpg\",\"contentUrl\":\"https:\/\/devtgo.com\/wp-content\/uploads\/TxNative-1-scaled.jpg\",\"width\":1024,\"height\":720,\"caption\":\"The Grass Outlet\"},\"image\":{\"@id\":\"https:\/\/devtgo.com\/#\/schema\/logo\/image\/\"},\"sameAs\":[\"https:\/\/www.facebook.com\/pages\/The-Grass-Outlet\/269332396527430\",\"https:\/\/x.com\/TheGrassOutlet\"]}]}<\/script>\n<!-- \/ Yoast SEO plugin. -->","yoast_head_json":{"title":"Tierra vegetal para c\u00e9sped y nivelaci\u00f3n - The Grass Outlet","description":"Mejore la salud de su c\u00e9sped y reduzca el consumo de agua 20-40% con una correcta aplicaci\u00f3n de tierra vegetal y nivelaci\u00f3n para la instalaci\u00f3n de tepes. Aprenda consejos vitales.","robots":{"index":"noindex","follow":"follow","max-snippet":"max-snippet:-1","max-image-preview":"max-image-preview:large","max-video-preview":"max-video-preview:-1"},"og_locale":"es_MX","og_type":"article","og_title":"Topsoil For Grass and Grading - The Grass Outlet","og_description":"Enhance your lawn's health and reduce water use by 20-40% with proper topsoil application and grading for sod installation. Learn vital tips.","og_url":"https:\/\/devtgo.com\/es\/cuidado-del-cesped\/antes-de-plantar\/tierra-vegetal-y-nivelacion\/","og_site_name":"The Grass Outlet","article_publisher":"https:\/\/www.facebook.com\/pages\/The-Grass-Outlet\/269332396527430","article_modified_time":"2025-08-13T19:59:43+00:00","og_image":[{"url":"https:\/\/devtgo.com\/wp-content\/uploads\/Level_Grading-1.jpg","type":"","width":"","height":""}],"twitter_misc":{"Tiempo de lectura":"4 minutos"},"schema":{"@context":"https:\/\/schema.org","@graph":[{"@type":"WebPage","@id":"https:\/\/devtgo.com\/grass-care\/before-you-plant\/topsoil-and-grading\/","url":"https:\/\/devtgo.com\/grass-care\/before-you-plant\/topsoil-and-grading\/","name":"Tierra vegetal para c\u00e9sped y nivelaci\u00f3n - The Grass Outlet","isPartOf":{"@id":"https:\/\/devtgo.com\/#website"},"primaryImageOfPage":{"@id":"https:\/\/devtgo.com\/grass-care\/before-you-plant\/topsoil-and-grading\/#primaryimage"},"image":{"@id":"https:\/\/devtgo.com\/grass-care\/before-you-plant\/topsoil-and-grading\/#primaryimage"},"thumbnailUrl":"https:\/\/devtgo.com\/wp-content\/uploads\/Level_Grading-1.jpg","datePublished":"2021-02-15T15:36:22+00:00","dateModified":"2025-08-13T19:59:43+00:00","description":"Mejore la salud de su c\u00e9sped y reduzca el consumo de agua 20-40% con una correcta aplicaci\u00f3n de tierra vegetal y nivelaci\u00f3n para la instalaci\u00f3n de tepes. Aprenda consejos vitales.","breadcrumb":{"@id":"https:\/\/devtgo.com\/grass-care\/before-you-plant\/topsoil-and-grading\/#breadcrumb"},"inLanguage":"es","potentialAction":[{"@type":"ReadAction","target":["https:\/\/devtgo.com\/grass-care\/before-you-plant\/topsoil-and-grading\/"]}]},{"@type":"ImageObject","inLanguage":"es","@id":"https:\/\/devtgo.com\/grass-care\/before-you-plant\/topsoil-and-grading\/#primaryimage","url":"https:\/\/devtgo.com\/wp-content\/uploads\/Level_Grading-1.jpg","contentUrl":"https:\/\/devtgo.com\/wp-content\/uploads\/Level_Grading-1.jpg"},{"@type":"BreadcrumbList","@id":"https:\/\/devtgo.com\/grass-care\/before-you-plant\/topsoil-and-grading\/#breadcrumb","itemListElement":[{"@type":"ListItem","position":1,"name":"Home","item":"https:\/\/devtgo.com\/"},{"@type":"ListItem","position":2,"name":"Grass Care 101: Mastering Lawn Care","item":"https:\/\/devtgo.com\/grass-care\/"},{"@type":"ListItem","position":3,"name":"Before You Plant","item":"https:\/\/devtgo.com\/grass-care\/before-you-plant\/"},{"@type":"ListItem","position":4,"name":"Topsoil For Grass and Grading"}]},{"@type":"WebSite","@id":"https:\/\/devtgo.com\/#website","url":"https:\/\/devtgo.com\/","name":"The Grass Outlet","description":"\"Ayudando a Tejas a ser m\u00e1s verde, un jard\u00edn a la vez\"","publisher":{"@id":"https:\/\/devtgo.com\/#organization"},"potentialAction":[{"@type":"SearchAction","target":{"@type":"EntryPoint","urlTemplate":"https:\/\/devtgo.com\/?s={search_term_string}"},"query-input":{"@type":"PropertyValueSpecification","valueRequired":true,"valueName":"search_term_string"}}],"inLanguage":"es"},{"@type":"Organization","@id":"https:\/\/devtgo.com\/#organization","name":"The Grass Outlet","url":"https:\/\/devtgo.com\/","logo":{"@type":"ImageObject","inLanguage":"es","@id":"https:\/\/devtgo.com\/#\/schema\/logo\/image\/","url":"https:\/\/devtgo.com\/wp-content\/uploads\/TxNative-1-scaled.jpg","contentUrl":"https:\/\/devtgo.com\/wp-content\/uploads\/TxNative-1-scaled.jpg","width":1024,"height":720,"caption":"The Grass Outlet"},"image":{"@id":"https:\/\/devtgo.com\/#\/schema\/logo\/image\/"},"sameAs":["https:\/\/www.facebook.com\/pages\/The-Grass-Outlet\/269332396527430","https:\/\/x.com\/TheGrassOutlet"]}]}},"_links":{"self":[{"href":"https:\/\/devtgo.com\/es\/wp-json\/wp\/v2\/pages\/102690","targetHints":{"allow":["GET"]}}],"collection":[{"href":"https:\/\/devtgo.com\/es\/wp-json\/wp\/v2\/pages"}],"about":[{"href":"https:\/\/devtgo.com\/es\/wp-json\/wp\/v2\/types\/page"}],"author":[{"embeddable":true,"href":"https:\/\/devtgo.com\/es\/wp-json\/wp\/v2\/users\/660"}],"replies":[{"embeddable":true,"href":"https:\/\/devtgo.com\/es\/wp-json\/wp\/v2\/comments?post=102690"}],"version-history":[{"count":24,"href":"https:\/\/devtgo.com\/es\/wp-json\/wp\/v2\/pages\/102690\/revisions"}],"predecessor-version":[{"id":505905,"href":"https:\/\/devtgo.com\/es\/wp-json\/wp\/v2\/pages\/102690\/revisions\/505905"}],"up":[{"embeddable":true,"href":"https:\/\/devtgo.com\/es\/wp-json\/wp\/v2\/pages\/102665"}],"wp:attachment":[{"href":"https:\/\/devtgo.com\/es\/wp-json\/wp\/v2\/media?parent=102690"}],"curies":[{"name":"wp","href":"https:\/\/api.w.org\/{rel}","templated":true}]}}