{"id":103821,"date":"2021-10-25T05:37:51","date_gmt":"2021-10-25T10:37:51","guid":{"rendered":"https:\/\/devtgo.com\/?page_id=103821"},"modified":"2024-04-18T03:32:17","modified_gmt":"2024-04-18T08:32:17","slug":"condiciones-de-uso","status":"publish","type":"page","link":"https:\/\/devtgo.com\/es\/condiciones-de-uso\/","title":{"rendered":"T\u00e9rminos de uso"},"content":{"rendered":"<div class=\"container body-copy\">\n            <div class=\"row\">\n                <div class=\"col-12\">\n                    <p>Este sitio contiene enlaces a otros sitios de Internet. Dichos enlaces, incluidas las referencias, no suponen la aprobaci\u00f3n de ning\u00fan producto o servicio de dichos sitios, y ninguna informaci\u00f3n de los mismos ha sido respaldada o aprobada por The Grass Outlet.<\/p>\n                <\/div>\n            <\/div>\n        <\/div>","protected":false},"excerpt":{"rendered":"","protected":false},"author":660,"featured_media":0,"parent":0,"menu_order":0,"comment_status":"closed","ping_status":"closed","template":"","meta":{"_acf_changed":false,"inline_featured_image":false,"footnotes":""},"class_list":["post-103821","page","type-page","status-publish","hentry"],"acf":[],"yoast_head":"<!-- This site is optimized with the Yoast SEO plugin v26.0 - https:\/\/yoast.com\/wordpress\/plugins\/seo\/ -->\n<title>Terms of Use - The Grass Outlet<\/title>\n<meta name=\"description\" content=\"Understand the terms governing your use of The Grass Outlet website. Our commitment to clarity ensures a trustworthy experience. Review our terms today.\" \/>\n<meta name=\"robots\" content=\"noindex, follow, max-snippet:-1, max-image-preview:large, max-video-preview:-1\" \/>\n<meta property=\"og:locale\" content=\"es_MX\" \/>\n<meta property=\"og:type\" content=\"article\" \/>\n<meta property=\"og:title\" content=\"Terms of Use - The Grass Outlet\" \/>\n<meta property=\"og:description\" content=\"Understand the terms governing your use of The Grass Outlet website. Our commitment to clarity ensures a trustworthy experience. Review our terms today.\" \/>\n<meta property=\"og:url\" content=\"https:\/\/devtgo.com\/es\/condiciones-de-uso\/\" \/>\n<meta property=\"og:site_name\" content=\"The Grass Outlet\" \/>\n<meta property=\"article:publisher\" content=\"https:\/\/www.facebook.com\/pages\/The-Grass-Outlet\/269332396527430\" \/>\n<meta property=\"article:modified_time\" content=\"2024-04-18T08:32:17+00:00\" \/>\n<script type=\"application\/ld+json\" class=\"yoast-schema-graph\">{\"@context\":\"https:\/\/schema.org\",\"@graph\":[{\"@type\":\"WebPage\",\"@id\":\"https:\/\/devtgo.com\/terms-of-use\/\",\"url\":\"https:\/\/devtgo.com\/terms-of-use\/\",\"name\":\"Terms of Use - The Grass Outlet\",\"isPartOf\":{\"@id\":\"https:\/\/devtgo.com\/#website\"},\"datePublished\":\"2021-10-25T10:37:51+00:00\",\"dateModified\":\"2024-04-18T08:32:17+00:00\",\"description\":\"Understand the terms governing your use of The Grass Outlet website. Our commitment to clarity ensures a trustworthy experience. Review our terms today.\",\"breadcrumb\":{\"@id\":\"https:\/\/devtgo.com\/terms-of-use\/#breadcrumb\"},\"inLanguage\":\"es\",\"potentialAction\":[{\"@type\":\"ReadAction\",\"target\":[\"https:\/\/devtgo.com\/terms-of-use\/\"]}]},{\"@type\":\"BreadcrumbList\",\"@id\":\"https:\/\/devtgo.com\/terms-of-use\/#breadcrumb\",\"itemListElement\":[{\"@type\":\"ListItem\",\"position\":1,\"name\":\"Home\",\"item\":\"https:\/\/devtgo.com\/\"},{\"@type\":\"ListItem\",\"position\":2,\"name\":\"Terms of Use\"}]},{\"@type\":\"WebSite\",\"@id\":\"https:\/\/devtgo.com\/#website\",\"url\":\"https:\/\/devtgo.com\/\",\"name\":\"The Grass Outlet\",\"description\":\"&quot;Helping Texas Go Green, One Yard at a Time&quot;\",\"publisher\":{\"@id\":\"https:\/\/devtgo.com\/#organization\"},\"potentialAction\":[{\"@type\":\"SearchAction\",\"target\":{\"@type\":\"EntryPoint\",\"urlTemplate\":\"https:\/\/devtgo.com\/?s={search_term_string}\"},\"query-input\":{\"@type\":\"PropertyValueSpecification\",\"valueRequired\":true,\"valueName\":\"search_term_string\"}}],\"inLanguage\":\"es\"},{\"@type\":\"Organization\",\"@id\":\"https:\/\/devtgo.com\/#organization\",\"name\":\"The Grass Outlet\",\"url\":\"https:\/\/devtgo.com\/\",\"logo\":{\"@type\":\"ImageObject\",\"inLanguage\":\"es\",\"@id\":\"https:\/\/devtgo.com\/#\/schema\/logo\/image\/\",\"url\":\"https:\/\/devtgo.com\/wp-content\/uploads\/TxNative-1-scaled.jpg\",\"contentUrl\":\"https:\/\/devtgo.com\/wp-content\/uploads\/TxNative-1-scaled.jpg\",\"width\":1024,\"height\":720,\"caption\":\"The Grass Outlet\"},\"image\":{\"@id\":\"https:\/\/devtgo.com\/#\/schema\/logo\/image\/\"},\"sameAs\":[\"https:\/\/www.facebook.com\/pages\/The-Grass-Outlet\/269332396527430\",\"https:\/\/x.com\/TheGrassOutlet\"]}]}<\/script>\n<!-- \/ Yoast SEO plugin. -->","yoast_head_json":{"title":"Condiciones de uso - The Grass Outlet","description":"Comprenda las condiciones que rigen el uso del sitio web de The Grass Outlet. Nuestro compromiso con la claridad garantiza una experiencia de confianza. Revise nuestras condiciones hoy mismo.","robots":{"index":"noindex","follow":"follow","max-snippet":"max-snippet:-1","max-image-preview":"max-image-preview:large","max-video-preview":"max-video-preview:-1"},"og_locale":"es_MX","og_type":"article","og_title":"Terms of Use - The Grass Outlet","og_description":"Understand the terms governing your use of The Grass Outlet website. Our commitment to clarity ensures a trustworthy experience. Review our terms today.","og_url":"https:\/\/devtgo.com\/es\/condiciones-de-uso\/","og_site_name":"The Grass Outlet","article_publisher":"https:\/\/www.facebook.com\/pages\/The-Grass-Outlet\/269332396527430","article_modified_time":"2024-04-18T08:32:17+00:00","schema":{"@context":"https:\/\/schema.org","@graph":[{"@type":"WebPage","@id":"https:\/\/devtgo.com\/terms-of-use\/","url":"https:\/\/devtgo.com\/terms-of-use\/","name":"Condiciones de uso - The Grass Outlet","isPartOf":{"@id":"https:\/\/devtgo.com\/#website"},"datePublished":"2021-10-25T10:37:51+00:00","dateModified":"2024-04-18T08:32:17+00:00","description":"Comprenda las condiciones que rigen el uso del sitio web de The Grass Outlet. Nuestro compromiso con la claridad garantiza una experiencia de confianza. Revise nuestras condiciones hoy mismo.","breadcrumb":{"@id":"https:\/\/devtgo.com\/terms-of-use\/#breadcrumb"},"inLanguage":"es","potentialAction":[{"@type":"ReadAction","target":["https:\/\/devtgo.com\/terms-of-use\/"]}]},{"@type":"BreadcrumbList","@id":"https:\/\/devtgo.com\/terms-of-use\/#breadcrumb","itemListElement":[{"@type":"ListItem","position":1,"name":"Home","item":"https:\/\/devtgo.com\/"},{"@type":"ListItem","position":2,"name":"Terms of Use"}]},{"@type":"WebSite","@id":"https:\/\/devtgo.com\/#website","url":"https:\/\/devtgo.com\/","name":"The Grass Outlet","description":"\"Ayudando a Tejas a ser m\u00e1s verde, un jard\u00edn a la vez\"","publisher":{"@id":"https:\/\/devtgo.com\/#organization"},"potentialAction":[{"@type":"SearchAction","target":{"@type":"EntryPoint","urlTemplate":"https:\/\/devtgo.com\/?s={search_term_string}"},"query-input":{"@type":"PropertyValueSpecification","valueRequired":true,"valueName":"search_term_string"}}],"inLanguage":"es"},{"@type":"Organization","@id":"https:\/\/devtgo.com\/#organization","name":"The Grass Outlet","url":"https:\/\/devtgo.com\/","logo":{"@type":"ImageObject","inLanguage":"es","@id":"https:\/\/devtgo.com\/#\/schema\/logo\/image\/","url":"https:\/\/devtgo.com\/wp-content\/uploads\/TxNative-1-scaled.jpg","contentUrl":"https:\/\/devtgo.com\/wp-content\/uploads\/TxNative-1-scaled.jpg","width":1024,"height":720,"caption":"The Grass Outlet"},"image":{"@id":"https:\/\/devtgo.com\/#\/schema\/logo\/image\/"},"sameAs":["https:\/\/www.facebook.com\/pages\/The-Grass-Outlet\/269332396527430","https:\/\/x.com\/TheGrassOutlet"]}]}},"_links":{"self":[{"href":"https:\/\/devtgo.com\/es\/wp-json\/wp\/v2\/pages\/103821","targetHints":{"allow":["GET"]}}],"collection":[{"href":"https:\/\/devtgo.com\/es\/wp-json\/wp\/v2\/pages"}],"about":[{"href":"https:\/\/devtgo.com\/es\/wp-json\/wp\/v2\/types\/page"}],"author":[{"embeddable":true,"href":"https:\/\/devtgo.com\/es\/wp-json\/wp\/v2\/users\/660"}],"replies":[{"embeddable":true,"href":"https:\/\/devtgo.com\/es\/wp-json\/wp\/v2\/comments?post=103821"}],"version-history":[{"count":6,"href":"https:\/\/devtgo.com\/es\/wp-json\/wp\/v2\/pages\/103821\/revisions"}],"predecessor-version":[{"id":219903,"href":"https:\/\/devtgo.com\/es\/wp-json\/wp\/v2\/pages\/103821\/revisions\/219903"}],"wp:attachment":[{"href":"https:\/\/devtgo.com\/es\/wp-json\/wp\/v2\/media?parent=103821"}],"curies":[{"name":"wp","href":"https:\/\/api.w.org\/{rel}","templated":true}]}}