{"id":182,"date":"2012-12-14T16:55:13","date_gmt":"2012-12-14T16:55:13","guid":{"rendered":"https:\/\/devtgo.com\/?page_id=182"},"modified":"2025-04-17T16:59:08","modified_gmt":"2025-04-17T21:59:08","slug":"poliza-de-privacidad","status":"publish","type":"page","link":"https:\/\/devtgo.com\/es\/poliza-de-privacidad\/","title":{"rendered":"P\u00f3liza de privacidad"},"content":{"rendered":"<h3>P\u00f3liza de privacidad de SMS<\/h3>\n<p>The Grass Outlet se compromete a proteger su privacidad y a garantizarle una experiencia en l\u00ednea segura. Esta P\u00f3liza de privacidad de SMS describe c\u00f3mo recopilamos, utilizamos y protegemos su informaci\u00f3n personal cuando interact\u00faa con nuestros servicios de comunicaci\u00f3n por SMS.<\/p>\n<h3>Informaci\u00f3n que recopilamos<\/h3>\n<p>Cuando usted opta por recibir nuestras comunicaciones por SMS, podemos recopilar la siguiente informaci\u00f3n:<br>\nSu n\u00famero de tel\u00e9fono m\u00f3vil<br>\nSu consentimiento para recibir mensajes<\/p>\n<h3>C\u00f3mo utilizamos su informaci\u00f3n y frecuencia de env\u00edo de SMS<\/h3>\n<p>The Grass Outlet utilizar\u00e1 mensajes de texto SMS para enviar mensajes de conversaci\u00f3n, actualizaciones de estado, recordatorios de citas y confirmaciones de pedidos\/env\u00edos. Al darse de alta, acepta recibir mensajes SMS de The Grass Outlet. Pueden aplicarse tarifas de mensajes y datos. La frecuencia de los mensajes puede variar. Por t\u00e9rmino medio, puede recibir de 1 a 2 mensajes al mes. Para obtener m\u00e1s informaci\u00f3n, consulte nuestro\u00a0<strong>P\u00f3liza de privacidad<\/strong>\u00a0en:\u00a0<a href=\"https:\/\/devtgo.com\/es\/poliza-de-privacidad\/\">https:\/\/devtgo.com\/es\/poliza-de-privacidad\/<\/a>\u00a0y nuestro\u00a0<strong>Condiciones generales<\/strong>\u00a0en:\u00a0<a href=\"https:\/\/devtgo.com\/es\/poliza-de-privacidad\/\">https:\/\/devtgo.com\/es\/poliza-de-privacidad\/<\/a>.<\/p>\n<h3>Compartir informaci\u00f3n<\/h3>\n<p>Compromiso de privacidad: Nos comprometemos a salvaguardar su privacidad y a garantizar la seguridad de sus datos personales. Sus datos no se transferir\u00e1n a organizaciones externas. Damos prioridad a tu privacidad y nos adherimos a estrictas normas de protecci\u00f3n de datos. No compartiremos, venderemos ni distribuiremos tus datos SMS a terceros con fines de marketing ni de ning\u00fan otro tipo, ni siquiera con tu consentimiento. Para cualquier pregunta o duda sobre nuestras pr\u00e1cticas de privacidad, p\u00f3ngase en contacto con nosotros directamente llamando al tel\u00e9fono <span data-calltrk-noswap=\"\">512-467-8902<\/span> o enviando un correo electr\u00f3nico a <a href=\"mailto:info@devtgo.com\">info@devtgo.com<\/a>.<\/p>\n<h3>Seguridad de los datos<\/h3>\n<p>Tomamos medidas razonables para proteger su informaci\u00f3n personal frente a accesos no autorizados, p\u00e9rdidas o usos indebidos. Sin embargo, tenga en cuenta que ning\u00fan m\u00e9todo de transmisi\u00f3n o almacenamiento de datos es completamente seguro. Aplicamos s\u00f3lidas medidas de seguridad para proteger sus datos de accesos no autorizados.  Se realizan auditor\u00edas peri\u00f3dicas para garantizar el cumplimiento de nuestras normas de privacidad.<\/p>\n<h3>Consentimiento expreso<\/h3>\n<p>Al registrarse, acepta recibir mensajes SMS de The Grass Outlet. Pueden aplicarse tarifas de mensajes y datos.<\/p>\n<p>Los tipos de mensajes que puede recibir incluyen:<\/p>\n<p>Mensajes conversacionales<br>\nActualizaciones de estado<br>\nRecordatorio de citas<br>\nConfirmaciones de pedido\/env\u00edo<br>\nLa frecuencia de los mensajes puede variar. Por t\u00e9rmino medio, puede recibir 1-2 mensajes al mes.<\/p>\n<p>Para m\u00e1s informaci\u00f3n, consulte nuestra\u00a0<strong>P\u00f3liza de privacidad<\/strong>\u00a0en:\u00a0<a href=\"https:\/\/devtgo.com\/es\/poliza-de-privacidad\/\">https:\/\/devtgo.com\/es\/poliza-de-privacidad\/<\/a> y nuestro\u00a0<strong>Condiciones generales<\/strong>\u00a0en:\u00a0<a href=\"https:\/\/devtgo.com\/es\/poliza-de-privacidad\/\">https:\/\/devtgo.com\/es\/poliza-de-privacidad\/<\/a><\/p>\n<p>Los clientes pueden optar por recibir mensajes de texto de The Grass Outlet rellenando un formulario en papel al hacer el pedido de productos en nuestra oficina. Este proceso garantiza el cumplimiento de los requisitos de suscripci\u00f3n.  Para darse de alta, rellene el formulario en papel.  Aseg\u00farese de que toda la informaci\u00f3n requerida est\u00e1 correctamente cumplimentada.  Adem\u00e1s, los clientes pueden optar por recibir estos mensajes enviando START o SUBSCRIBE a <span data-calltrk-noswap=\"\">512-467-8902<\/span>. La informaci\u00f3n de ayuda est\u00e1 disponible en The Grass Outlet enviando un mensaje de texto HELP a <span data-calltrk-noswap=\"\">512-467-8902<\/span> o llamando a <span data-calltrk-noswap=\"\">512-467-8902<\/span> o enviando un correo electr\u00f3nico a <a href=\"mailto:info@devtgo.com\">info@devtgo.com<\/a>.<\/p>\n<p>El objetivo de nuestro servicio de mensajes de texto SMS es mantener informados a los clientes sobre sus pedidos y citas, garantizando que reciban actualizaciones y recordatorios a tiempo. La frecuencia de los mensajes puede variar, con una media de 1-2 mensajes al mes. Pueden aplicarse tarifas de mensajes y datos. Para obtener ayuda, los clientes pueden enviar un mensaje de texto a HELP o INFO, y para dejar de recibir mensajes, pueden enviar un mensaje de texto a STOP o UNSUBSCRIBE a <span data-calltrk-noswap>512-467-8902<\/span>. Para m\u00e1s informaci\u00f3n, visite nuestra<strong>\u00a0P\u00f3liza de privacidad<\/strong>\u00a0y\u00a0<strong>Condiciones generales<\/strong>\u00a0en\u00a0<a href=\"https:\/\/devtgo.com\/es\/poliza-de-privacidad\/\"><strong>https:\/\/devtgo.com\/es\/poliza-de-privacidad\/<\/strong><\/a>.<\/p>\n<h3>Opci\u00f3n de exclusi\u00f3n<\/h3>\n<p>Para dejar de recibir mensajes de texto SMS de The Grass Outlet en cualquier momento, env\u00ede STOP o UNSUBSCRIBE a <span data-calltrk-noswap>512-467-8902<\/span> y dejar\u00e1 de recibir mensajes de texto SMS de The Grass Outlet.  Puede obtener informaci\u00f3n de ayuda de The Grass Outlet enviando un mensaje de texto de AYUDA a <span data-calltrk-noswap=\"\">512-467-8902<\/span> o llamando a <span data-calltrk-noswap=\"\">512-467-8902<\/span>\u00a0o enviando un correo electr\u00f3nico a\u00a0<a href=\"mailto:info@devtgo.com\">info@devtgo.com<\/a>. Para m\u00e1s informaci\u00f3n, consulte nuestro <strong>P\u00f3liza de privacidad<\/strong> y <strong>Condiciones generales<\/strong> en el siguiente enlace:\u00a0<a href=\"https:\/\/devtgo.com\/es\/poliza-de-privacidad\/\">https:\/\/devtgo.com\/es\/poliza-de-privacidad\/<\/a>.<\/p>\n<h3>Informaci\u00f3n de contacto<\/h3>\n<p>Si tiene alguna pregunta o duda sobre esta P\u00f3liza de privacidad de SMS, ll\u00e1menos al <span data-calltrk-noswap=\"\">512-467-8902<\/span>\u00a0y\/o env\u00edenos un correo electr\u00f3nico a\u00a0<a href=\"mailto:info@devtgo.com\">info@devtgo.com<\/a>.<\/p>\n<h1>P\u00f3liza de privacidad<\/h1>\n<p>The Grass Outlet respeta su privacidad y se compromete a proteger su informaci\u00f3n personal. La presente P\u00f3liza de Privacidad regula el modo en que The Grass Outlet recoge, utiliza, conserva y divulga la informaci\u00f3n obtenida de los usuarios (cada uno de ellos, un \"Usuario\") del sitio web www.thegrassoutlet.com (\"Sitio\"). Esta p\u00f3liza de privacidad se aplica al Sitio y a todos los productos y servicios ofrecidos por The Grass Outlet.<\/p>\n<h3>Datos de identificaci\u00f3n personal<\/h3>\n<p>Podemos recopilar informaci\u00f3n de identificaci\u00f3n personal de los usuarios de varias maneras, incluyendo, pero no limitado a, cuando los usuarios visitan nuestro sitio, realizar un pedido, rellenar un formulario, y en relaci\u00f3n con otras actividades, servicios, caracter\u00edsticas o recursos que ponemos a disposici\u00f3n en nuestro sitio. Es posible que se solicite a los Usuarios, seg\u00fan proceda, su nombre, direcci\u00f3n de correo electr\u00f3nico, direcci\u00f3n postal, n\u00famero de tel\u00e9fono e informaci\u00f3n sobre su tarjeta de cr\u00e9dito.<\/p>\n<p>S\u00f3lo recopilaremos informaci\u00f3n de identificaci\u00f3n personal de los Usuarios si \u00e9stos nos la facilitan voluntariamente. Los Usuarios siempre pueden negarse a facilitar informaci\u00f3n de identificaci\u00f3n personal, salvo que ello les impida participar en determinadas actividades relacionadas con el Sitio.<\/p>\n<h3>Compartir su informaci\u00f3n<\/h3>\n<p>Podemos compartir su informaci\u00f3n personal con<\/p>\n<p><strong>Proveedores de servicios:\u00a0<\/strong>Podemos compartir su informaci\u00f3n con terceros proveedores de servicios que nos ayudan a operar nuestro negocio, como procesadores de pagos, plataformas de marketing por correo electr\u00f3nico y proveedores de an\u00e1lisis. <strong><em>SMS<\/em> <em>La opci\u00f3n de mensajes de texto queda excluida del intercambio de informaci\u00f3n con terceros.<\/em><\/strong><br>\n<strong>Requisitos legales:<\/strong>\u00a0Podemos revelar su informaci\u00f3n para cumplir con obligaciones legales, como responder a citaciones u \u00f3rdenes judiciales.<\/p>\n<h3>Informaci\u00f3n de identificaci\u00f3n no personal<\/h3>\n<p>Podemos recopilar informaci\u00f3n de identificaci\u00f3n no personal sobre los Usuarios siempre que interact\u00faen con nuestro Sitio. La informaci\u00f3n de identificaci\u00f3n no personal puede incluir el nombre del navegador, el tipo de ordenador e informaci\u00f3n t\u00e9cnica sobre los medios de conexi\u00f3n de los Usuarios a nuestro Sitio, como el sistema operativo y los proveedores de servicios de Internet utilizados y otra informaci\u00f3n similar.<\/p>\n<h3>Cookies del navegador web<\/h3>\n<p>Nuestro Sitio puede utilizar \"cookies\" para mejorar la experiencia del Usuario. Los navegadores web de los usuarios colocan cookies en sus discos duros con fines de registro y, a veces, para rastrear informaci\u00f3n sobre ellos. Los usuarios pueden optar por configurar su navegador para que rechace las cookies o para que les avise cuando se env\u00eden cookies. Si lo hacen, es posible que algunas partes del Sitio no funcionen correctamente.<\/p>\n<h3>C\u00f3mo utilizamos la informaci\u00f3n recopilada<\/h3>\n<p>The Grass Outlet recopila y utiliza la informaci\u00f3n personal de los usuarios para los siguientes fines:<\/p>\n<ul>\n<li>Mejorar el servicio al cliente<\/li>\n<li>Para responder m\u00e1s eficazmente a sus solicitudes de servicio al cliente y a sus necesidades de asistencia.<\/li>\n<li>Para comunicarnos con usted, como enviarle avisos importantes, actualizaciones y comunicaciones de marketing.<\/li>\n<li>Personalizar la experiencia del usuario<\/li>\n<li>Podemos utilizar la informaci\u00f3n en conjunto para entender c\u00f3mo nuestros usuarios como grupo utilizan los servicios y recursos proporcionados en nuestro sitio.<\/li>\n<li>Para procesar transacciones<\/li>\n<li>Podemos utilizar la informaci\u00f3n que los Usuarios proporcionan sobre s\u00ed mismos al realizar un pedido \u00fanicamente para prestar el servicio correspondiente a dicho pedido. No compartimos esta informaci\u00f3n con terceros salvo en la medida necesaria para prestar el servicio.<\/li>\n<li>Para enviar correos electr\u00f3nicos peri\u00f3dicos<\/li>\n<li>Para cumplir obligaciones legales.<\/li>\n<\/ul>\n<p>La direcci\u00f3n de correo electr\u00f3nico que los usuarios faciliten para tramitar sus pedidos s\u00f3lo se utilizar\u00e1 para enviarles informaci\u00f3n y actualizaciones relativas a su pedido. Tambi\u00e9n podr\u00e1 utilizarse para responder a sus consultas y\/u otras peticiones o preguntas. Si el Usuario decide inscribirse en nuestra lista de correo, recibir\u00e1 correos electr\u00f3nicos que pueden incluir noticias de la empresa, actualizaciones, informaci\u00f3n relacionada con productos o servicios, etc. Si en alg\u00fan momento el Usuario desea darse de baja para no recibir m\u00e1s correos electr\u00f3nicos, incluimos instrucciones detalladas para darse de baja en la parte inferior de cada correo electr\u00f3nico, o bien el Usuario puede ponerse en contacto con nosotros a trav\u00e9s de nuestro Sitio o por correo electr\u00f3nico <a href=\"mailto:info@devtgo.com\">info@devtgo.com<\/a>.<\/p>\n<h2>C\u00f3mo protegemos su informaci\u00f3n<\/h2>\n<p>Adoptamos pr\u00e1cticas adecuadas de recopilaci\u00f3n, almacenamiento y procesamiento de datos, as\u00ed como medidas de seguridad para proteger contra el acceso no autorizado, la alteraci\u00f3n, divulgaci\u00f3n o destrucci\u00f3n de su informaci\u00f3n personal, nombre de usuario, contrase\u00f1a, informaci\u00f3n de transacciones y datos almacenados en nuestro Sitio.<\/p>\n<p>El intercambio de datos confidenciales y privados entre el Sitio y sus Usuarios se realiza a trav\u00e9s de un canal de comunicaci\u00f3n seguro SSL y est\u00e1 cifrado y protegido con firmas digitales.<\/p>\n<h2>Cumplimiento de la Ley de Protecci\u00f3n de la Privacidad Infantil en Internet<\/h2>\n<p>Proteger la privacidad de los m\u00e1s j\u00f3venes es especialmente importante. Por ese motivo, nunca recopilamos ni mantenemos informaci\u00f3n en nuestro Sitio de aquellos que realmente sabemos que son menores de 13 a\u00f1os, y ninguna parte de nuestro sitio web est\u00e1 estructurada para atraer a menores de 13 a\u00f1os.<\/p>\n<h2>Cambios en esta P\u00f3liza de privacidad<\/h2>\n<p>The Grass Outlet tiene la facultad de actualizar esta p\u00f3liza de privacidad en cualquier momento. Cuando lo hagamos, revisaremos la fecha de actualizaci\u00f3n en la parte inferior de esta p\u00e1gina. Recomendamos a los usuarios que consulten con frecuencia esta p\u00e1gina para comprobar si se ha producido alg\u00fan cambio y mantenerse informados sobre c\u00f3mo contribuimos a proteger la informaci\u00f3n personal que recopilamos. Usted reconoce y acepta que es su responsabilidad revisar esta p\u00f3liza de privacidad peri\u00f3dicamente y estar al tanto de las modificaciones.<\/p>\n<h2>Su aceptaci\u00f3n de estas condiciones<\/h2>\n<p>El uso de este sitio implica la aceptaci\u00f3n de esta p\u00f3liza y de las condiciones del servicio. Si no est\u00e1 de acuerdo con esta p\u00f3liza no utilice nuestro Sitio. Su uso continuado del Sitio tras la publicaci\u00f3n de cambios en esta p\u00f3liza se considerar\u00e1 su aceptaci\u00f3n de dichos cambios.<\/p>\n<h2>Sus derechos<\/h2>\n<p>Usted puede tener ciertos derechos en relaci\u00f3n con su informaci\u00f3n personal, como el derecho a acceder a ella, corregirla o eliminarla. Para ejercer estos derechos, p\u00f3ngase en contacto con nosotros en\u00a0<a href=\"mailto:info@devtgo.com\">info@devtgo.com<\/a>.<\/p>\n<h2>Contacto<\/h2>\n<p>Si tiene alguna pregunta sobre esta P\u00f3liza de Privacidad, las pr\u00e1cticas de este sitio o sus relaciones con este sitio, p\u00f3ngase en contacto con nosotros en:<\/p>\n<p>The Grass Outlet<\/p>\n<p><span data-calltrk-noswap=\"\">512-467-8902<\/span><br>\n<a href=\"mailto:info@devtgo.com\">info@devtgo.com<\/a><br>\nPO Box 170579, Austin, TX 78717<\/p>\n<p><a href=\"https:\/\/devtgo.com\/es\/pongase-en-contacto-con\/ubicacion-de-recogida-en-austin\/\">www.thegrassoutlet.com<\/a><\/p>\n<div class=\"modified\">\u00daltima modificaci\u00f3n: 17 de abril de 2025<\/div>","protected":false},"excerpt":{"rendered":"<p>SMS Privacy Policy The Grass Outlet is committed to protecting your privacy and ensuring a safe online experience. This SMS Privacy Policy outlines how we collect, use, and protect your personal information when you interact with our SMS communication services.&hellip;<\/p>","protected":false},"author":659,"featured_media":0,"parent":0,"menu_order":0,"comment_status":"open","ping_status":"open","template":"","meta":{"_acf_changed":false,"inline_featured_image":false,"footnotes":""},"class_list":["post-182","page","type-page","status-publish","hentry"],"acf":[],"yoast_head":"<!-- This site is optimized with the Yoast SEO plugin v26.0 - https:\/\/yoast.com\/wordpress\/plugins\/seo\/ -->\n<title>The Grass Outlet | Privacy Policy<\/title>\n<meta name=\"description\" content=\"Your privacy matters at The Grass Outlet. Read our policy to understand how we protect your information online. We are committed to transparency and security.\" \/>\n<meta name=\"robots\" content=\"noindex, follow, max-snippet:-1, max-image-preview:large, max-video-preview:-1\" \/>\n<meta property=\"og:locale\" content=\"es_MX\" \/>\n<meta property=\"og:type\" content=\"article\" \/>\n<meta property=\"og:title\" content=\"The Grass Outlet | Privacy Policy\" \/>\n<meta property=\"og:description\" content=\"Your privacy matters at The Grass Outlet. Read our policy to understand how we protect your information online. We are committed to transparency and security.\" \/>\n<meta property=\"og:url\" content=\"https:\/\/devtgo.com\/es\/poliza-de-privacidad\/\" \/>\n<meta property=\"og:site_name\" content=\"The Grass Outlet\" \/>\n<meta property=\"article:publisher\" content=\"https:\/\/www.facebook.com\/pages\/The-Grass-Outlet\/269332396527430\" \/>\n<meta property=\"article:modified_time\" content=\"2025-04-17T21:59:08+00:00\" \/>\n<meta name=\"twitter:label1\" content=\"Tiempo de lectura\" \/>\n\t<meta name=\"twitter:data1\" content=\"4 minutos\" \/>\n<script type=\"application\/ld+json\" class=\"yoast-schema-graph\">{\"@context\":\"https:\/\/schema.org\",\"@graph\":[{\"@type\":\"WebPage\",\"@id\":\"https:\/\/devtgo.com\/privacy-policy\/\",\"url\":\"https:\/\/devtgo.com\/privacy-policy\/\",\"name\":\"The Grass Outlet | Privacy Policy\",\"isPartOf\":{\"@id\":\"https:\/\/devtgo.com\/#website\"},\"datePublished\":\"2012-12-14T16:55:13+00:00\",\"dateModified\":\"2025-04-17T21:59:08+00:00\",\"description\":\"Your privacy matters at The Grass Outlet. Read our policy to understand how we protect your information online. We are committed to transparency and security.\",\"breadcrumb\":{\"@id\":\"https:\/\/devtgo.com\/privacy-policy\/#breadcrumb\"},\"inLanguage\":\"es\",\"potentialAction\":[{\"@type\":\"ReadAction\",\"target\":[\"https:\/\/devtgo.com\/privacy-policy\/\"]}]},{\"@type\":\"BreadcrumbList\",\"@id\":\"https:\/\/devtgo.com\/privacy-policy\/#breadcrumb\",\"itemListElement\":[{\"@type\":\"ListItem\",\"position\":1,\"name\":\"Home\",\"item\":\"https:\/\/devtgo.com\/\"},{\"@type\":\"ListItem\",\"position\":2,\"name\":\"Privacy Policy\"}]},{\"@type\":\"WebSite\",\"@id\":\"https:\/\/devtgo.com\/#website\",\"url\":\"https:\/\/devtgo.com\/\",\"name\":\"The Grass Outlet\",\"description\":\"&quot;Helping Texas Go Green, One Yard at a Time&quot;\",\"publisher\":{\"@id\":\"https:\/\/devtgo.com\/#organization\"},\"potentialAction\":[{\"@type\":\"SearchAction\",\"target\":{\"@type\":\"EntryPoint\",\"urlTemplate\":\"https:\/\/devtgo.com\/?s={search_term_string}\"},\"query-input\":{\"@type\":\"PropertyValueSpecification\",\"valueRequired\":true,\"valueName\":\"search_term_string\"}}],\"inLanguage\":\"es\"},{\"@type\":\"Organization\",\"@id\":\"https:\/\/devtgo.com\/#organization\",\"name\":\"The Grass Outlet\",\"url\":\"https:\/\/devtgo.com\/\",\"logo\":{\"@type\":\"ImageObject\",\"inLanguage\":\"es\",\"@id\":\"https:\/\/devtgo.com\/#\/schema\/logo\/image\/\",\"url\":\"https:\/\/devtgo.com\/wp-content\/uploads\/TxNative-1-scaled.jpg\",\"contentUrl\":\"https:\/\/devtgo.com\/wp-content\/uploads\/TxNative-1-scaled.jpg\",\"width\":1024,\"height\":720,\"caption\":\"The Grass Outlet\"},\"image\":{\"@id\":\"https:\/\/devtgo.com\/#\/schema\/logo\/image\/\"},\"sameAs\":[\"https:\/\/www.facebook.com\/pages\/The-Grass-Outlet\/269332396527430\",\"https:\/\/x.com\/TheGrassOutlet\"]}]}<\/script>\n<!-- \/ Yoast SEO plugin. -->","yoast_head_json":{"title":"The Grass Outlet | P\u00f3liza de privacidad","description":"Su privacidad es importante en The Grass Outlet. Lea nuestra pol\u00edtica para entender c\u00f3mo protegemos su informaci\u00f3n en l\u00ednea. Estamos comprometidos con la transparencia y la seguridad.","robots":{"index":"noindex","follow":"follow","max-snippet":"max-snippet:-1","max-image-preview":"max-image-preview:large","max-video-preview":"max-video-preview:-1"},"og_locale":"es_MX","og_type":"article","og_title":"The Grass Outlet | Privacy Policy","og_description":"Your privacy matters at The Grass Outlet. Read our policy to understand how we protect your information online. We are committed to transparency and security.","og_url":"https:\/\/devtgo.com\/es\/poliza-de-privacidad\/","og_site_name":"The Grass Outlet","article_publisher":"https:\/\/www.facebook.com\/pages\/The-Grass-Outlet\/269332396527430","article_modified_time":"2025-04-17T21:59:08+00:00","twitter_misc":{"Tiempo de lectura":"4 minutos"},"schema":{"@context":"https:\/\/schema.org","@graph":[{"@type":"WebPage","@id":"https:\/\/devtgo.com\/privacy-policy\/","url":"https:\/\/devtgo.com\/privacy-policy\/","name":"The Grass Outlet | P\u00f3liza de privacidad","isPartOf":{"@id":"https:\/\/devtgo.com\/#website"},"datePublished":"2012-12-14T16:55:13+00:00","dateModified":"2025-04-17T21:59:08+00:00","description":"Su privacidad es importante en The Grass Outlet. Lea nuestra pol\u00edtica para entender c\u00f3mo protegemos su informaci\u00f3n en l\u00ednea. Estamos comprometidos con la transparencia y la seguridad.","breadcrumb":{"@id":"https:\/\/devtgo.com\/privacy-policy\/#breadcrumb"},"inLanguage":"es","potentialAction":[{"@type":"ReadAction","target":["https:\/\/devtgo.com\/privacy-policy\/"]}]},{"@type":"BreadcrumbList","@id":"https:\/\/devtgo.com\/privacy-policy\/#breadcrumb","itemListElement":[{"@type":"ListItem","position":1,"name":"Home","item":"https:\/\/devtgo.com\/"},{"@type":"ListItem","position":2,"name":"Privacy Policy"}]},{"@type":"WebSite","@id":"https:\/\/devtgo.com\/#website","url":"https:\/\/devtgo.com\/","name":"The Grass Outlet","description":"\"Ayudando a Tejas a ser m\u00e1s verde, un jard\u00edn a la vez\"","publisher":{"@id":"https:\/\/devtgo.com\/#organization"},"potentialAction":[{"@type":"SearchAction","target":{"@type":"EntryPoint","urlTemplate":"https:\/\/devtgo.com\/?s={search_term_string}"},"query-input":{"@type":"PropertyValueSpecification","valueRequired":true,"valueName":"search_term_string"}}],"inLanguage":"es"},{"@type":"Organization","@id":"https:\/\/devtgo.com\/#organization","name":"The Grass Outlet","url":"https:\/\/devtgo.com\/","logo":{"@type":"ImageObject","inLanguage":"es","@id":"https:\/\/devtgo.com\/#\/schema\/logo\/image\/","url":"https:\/\/devtgo.com\/wp-content\/uploads\/TxNative-1-scaled.jpg","contentUrl":"https:\/\/devtgo.com\/wp-content\/uploads\/TxNative-1-scaled.jpg","width":1024,"height":720,"caption":"The Grass Outlet"},"image":{"@id":"https:\/\/devtgo.com\/#\/schema\/logo\/image\/"},"sameAs":["https:\/\/www.facebook.com\/pages\/The-Grass-Outlet\/269332396527430","https:\/\/x.com\/TheGrassOutlet"]}]}},"_links":{"self":[{"href":"https:\/\/devtgo.com\/es\/wp-json\/wp\/v2\/pages\/182","targetHints":{"allow":["GET"]}}],"collection":[{"href":"https:\/\/devtgo.com\/es\/wp-json\/wp\/v2\/pages"}],"about":[{"href":"https:\/\/devtgo.com\/es\/wp-json\/wp\/v2\/types\/page"}],"author":[{"embeddable":true,"href":"https:\/\/devtgo.com\/es\/wp-json\/wp\/v2\/users\/659"}],"replies":[{"embeddable":true,"href":"https:\/\/devtgo.com\/es\/wp-json\/wp\/v2\/comments?post=182"}],"version-history":[{"count":36,"href":"https:\/\/devtgo.com\/es\/wp-json\/wp\/v2\/pages\/182\/revisions"}],"predecessor-version":[{"id":440224,"href":"https:\/\/devtgo.com\/es\/wp-json\/wp\/v2\/pages\/182\/revisions\/440224"}],"wp:attachment":[{"href":"https:\/\/devtgo.com\/es\/wp-json\/wp\/v2\/media?parent=182"}],"curies":[{"name":"wp","href":"https:\/\/api.w.org\/{rel}","templated":true}]}}