{"id":2949,"date":"2014-03-19T19:59:27","date_gmt":"2014-03-19T19:59:27","guid":{"rendered":"https:\/\/devtgo.com\/?page_id=2949"},"modified":"2023-12-08T13:23:26","modified_gmt":"2023-12-08T19:23:26","slug":"grass-for-sale-in-elmendorf","status":"publish","type":"page","link":"https:\/\/devtgo.com\/es\/lugar-de-recogida-en-san-antonio\/grass-for-sale-in-elmendorf\/","title":{"rendered":"Sod Grass For Sale in Elmendorf, TX"},"content":{"rendered":"<h2 dir=\"ltr\">Are you looking to buy grass in Elmendorf?<\/h2>\n<p>Living in Elmendorf and looking for a grass provider that you can trust? Consider the Grass Outlet. The Grass Outlet is one of Texas\u2019 top sod grass and turf providers. With farms located on the rich soils of the Texas\u2019 coast, the Grass Outlet has made dedication to quality its number one priority. We\u2019re confident you won\u2019t find grasses greener, or plusher than ours here at the Grass Outlet. We also strive to make every aspect of the ordering process easy on you. That\u2019s why our entire site is designed around simple, quick online ordering. You can use our handy grasstimator, to estimate how much grass you\u2019ll need. You can type your zip code in and generate accurate and reasonable prices for your Elemdorf location. You can also call and speak with a real live, and real friendly grass expert.<\/p>\n<h2>Los m\u00e1s vendidos para el \u00e1rea de San Antonio:<\/h2>\n<ul>\n<li><a href=\"https:\/\/devtgo.com\/es\/tienda\/cesped-tifway-419-bermuda\/\">Tifway 419 Bermuda<\/a><\/li>\n<li><a href=\"https:\/\/devtgo.com\/es\/tienda\/raleigh-san-agustin\/\">Raleigh San Agust\u00edn<\/a><\/li>\n<li>Floratam San Agust\u00edn<\/li>\n<li><a href=\"https:\/\/devtgo.com\/es\/tienda\/celebration-bermuda\/\">Celebration Bermuda<\/a><\/li>\n<li><a href=\"https:\/\/devtgo.com\/es\/tienda\/product-category\/zoysia\/\">Todas las Zoysias<\/a><\/li>\n<\/ul>\n<h2 dir=\"ltr\">Una tradici\u00f3n de excelencia en hierba<\/h2>\n<p dir=\"ltr\">The Grass Outlet quiere ofrecerle una experiencia de pedido que recuerde. Nuestro sitio le permite consultar la lista completa de nuestras variedades de c\u00e9sped y sus precios. As\u00ed estar\u00e1 a s\u00f3lo unos clics del c\u00e9sped con el que sue\u00f1a.<\/p>\n<h2 dir=\"ltr\">Pedidos en l\u00ednea<\/h2>\n<p dir=\"ltr\"><a href=\"https:\/\/devtgo.com\/es\/pongase-en-contacto-con\/\">P\u00f3ngase en contacto con nosotros en Grass Outlet hoy mismo <\/a><\/p>","protected":false},"excerpt":{"rendered":"<p>Are you looking to buy grass in Elmendorf? Living in Elmendorf and looking for a grass provider that you can trust? Consider the Grass Outlet. The Grass Outlet is one of Texas\u2019 top sod grass and turf providers. With farms&hellip;<\/p>","protected":false},"author":659,"featured_media":2793,"parent":1111,"menu_order":0,"comment_status":"open","ping_status":"open","template":"page-local-landing.php","meta":{"_acf_changed":false,"inline_featured_image":false,"footnotes":""},"class_list":["post-2949","page","type-page","status-publish","has-post-thumbnail","hentry"],"acf":[],"yoast_head":"<!-- This site is optimized with the Yoast SEO plugin v26.0 - https:\/\/yoast.com\/wordpress\/plugins\/seo\/ -->\n<title>Sod Grass For Sale in Elmendorf, TX - The Grass Outlet<\/title>\n<meta name=\"description\" content=\"Find high-quality sod grass for sale in Elmendorf TX at The Grass Outlet. Shop St. Augustine, Bermuda, Zoysia for durable lawns.\" \/>\n<meta name=\"robots\" content=\"noindex, follow, max-snippet:-1, max-image-preview:large, max-video-preview:-1\" \/>\n<meta property=\"og:locale\" content=\"es_MX\" \/>\n<meta property=\"og:type\" content=\"article\" \/>\n<meta property=\"og:title\" content=\"Sod Grass For Sale in Elmendorf, TX - The Grass Outlet\" \/>\n<meta property=\"og:description\" content=\"Find high-quality sod grass for sale in Elmendorf TX at The Grass Outlet. Shop St. Augustine, Bermuda, Zoysia for durable lawns.\" \/>\n<meta property=\"og:url\" content=\"https:\/\/devtgo.com\/es\/lugar-de-recogida-en-san-antonio\/grass-for-sale-in-elmendorf\/\" \/>\n<meta property=\"og:site_name\" content=\"The Grass Outlet\" \/>\n<meta property=\"article:publisher\" content=\"https:\/\/www.facebook.com\/pages\/The-Grass-Outlet\/269332396527430\" \/>\n<meta property=\"article:modified_time\" content=\"2023-12-08T19:23:26+00:00\" \/>\n<meta property=\"og:image\" content=\"https:\/\/devtgo.com\/wp-content\/uploads\/tx-the-grass-outlet.jpg\" \/>\n\t<meta property=\"og:image:width\" content=\"1000\" \/>\n\t<meta property=\"og:image:height\" content=\"787\" \/>\n\t<meta property=\"og:image:type\" content=\"image\/jpeg\" \/>\n<meta name=\"twitter:label1\" content=\"Tiempo de lectura\" \/>\n\t<meta name=\"twitter:data1\" content=\"1 minuto\" \/>\n<script type=\"application\/ld+json\" class=\"yoast-schema-graph\">{\"@context\":\"https:\/\/schema.org\",\"@graph\":[{\"@type\":\"WebPage\",\"@id\":\"https:\/\/devtgo.com\/san-antonio-pickup-location\/grass-for-sale-in-elmendorf\/\",\"url\":\"https:\/\/devtgo.com\/san-antonio-pickup-location\/grass-for-sale-in-elmendorf\/\",\"name\":\"Sod Grass For Sale in Elmendorf, TX - The Grass Outlet\",\"isPartOf\":{\"@id\":\"https:\/\/devtgo.com\/#website\"},\"primaryImageOfPage\":{\"@id\":\"https:\/\/devtgo.com\/san-antonio-pickup-location\/grass-for-sale-in-elmendorf\/#primaryimage\"},\"image\":{\"@id\":\"https:\/\/devtgo.com\/san-antonio-pickup-location\/grass-for-sale-in-elmendorf\/#primaryimage\"},\"thumbnailUrl\":\"https:\/\/devtgo.com\/wp-content\/uploads\/tx-the-grass-outlet.jpg\",\"datePublished\":\"2014-03-19T19:59:27+00:00\",\"dateModified\":\"2023-12-08T19:23:26+00:00\",\"description\":\"Find high-quality sod grass for sale in Elmendorf TX at The Grass Outlet. Shop St. Augustine, Bermuda, Zoysia for durable lawns.\",\"breadcrumb\":{\"@id\":\"https:\/\/devtgo.com\/san-antonio-pickup-location\/grass-for-sale-in-elmendorf\/#breadcrumb\"},\"inLanguage\":\"es\",\"potentialAction\":[{\"@type\":\"ReadAction\",\"target\":[\"https:\/\/devtgo.com\/san-antonio-pickup-location\/grass-for-sale-in-elmendorf\/\"]}]},{\"@type\":\"ImageObject\",\"inLanguage\":\"es\",\"@id\":\"https:\/\/devtgo.com\/san-antonio-pickup-location\/grass-for-sale-in-elmendorf\/#primaryimage\",\"url\":\"https:\/\/devtgo.com\/wp-content\/uploads\/tx-the-grass-outlet.jpg\",\"contentUrl\":\"https:\/\/devtgo.com\/wp-content\/uploads\/tx-the-grass-outlet.jpg\",\"width\":1000,\"height\":787},{\"@type\":\"BreadcrumbList\",\"@id\":\"https:\/\/devtgo.com\/san-antonio-pickup-location\/grass-for-sale-in-elmendorf\/#breadcrumb\",\"itemListElement\":[{\"@type\":\"ListItem\",\"position\":1,\"name\":\"Home\",\"item\":\"https:\/\/devtgo.com\/\"},{\"@type\":\"ListItem\",\"position\":2,\"name\":\"Sod Grass For Sale in San Antonio, TX\",\"item\":\"https:\/\/devtgo.com\/san-antonio-pickup-location\/\"},{\"@type\":\"ListItem\",\"position\":3,\"name\":\"Sod Grass For Sale in Elmendorf, TX\"}]},{\"@type\":\"WebSite\",\"@id\":\"https:\/\/devtgo.com\/#website\",\"url\":\"https:\/\/devtgo.com\/\",\"name\":\"The Grass Outlet\",\"description\":\"&quot;Helping Texas Go Green, One Yard at a Time&quot;\",\"publisher\":{\"@id\":\"https:\/\/devtgo.com\/#organization\"},\"potentialAction\":[{\"@type\":\"SearchAction\",\"target\":{\"@type\":\"EntryPoint\",\"urlTemplate\":\"https:\/\/devtgo.com\/?s={search_term_string}\"},\"query-input\":{\"@type\":\"PropertyValueSpecification\",\"valueRequired\":true,\"valueName\":\"search_term_string\"}}],\"inLanguage\":\"es\"},{\"@type\":\"Organization\",\"@id\":\"https:\/\/devtgo.com\/#organization\",\"name\":\"The Grass Outlet\",\"url\":\"https:\/\/devtgo.com\/\",\"logo\":{\"@type\":\"ImageObject\",\"inLanguage\":\"es\",\"@id\":\"https:\/\/devtgo.com\/#\/schema\/logo\/image\/\",\"url\":\"https:\/\/devtgo.com\/wp-content\/uploads\/TxNative-1-scaled.jpg\",\"contentUrl\":\"https:\/\/devtgo.com\/wp-content\/uploads\/TxNative-1-scaled.jpg\",\"width\":1024,\"height\":720,\"caption\":\"The Grass Outlet\"},\"image\":{\"@id\":\"https:\/\/devtgo.com\/#\/schema\/logo\/image\/\"},\"sameAs\":[\"https:\/\/www.facebook.com\/pages\/The-Grass-Outlet\/269332396527430\",\"https:\/\/x.com\/TheGrassOutlet\"]}]}<\/script>\n<!-- \/ Yoast SEO plugin. -->","yoast_head_json":{"title":"Sod Grass For Sale in Elmendorf, TX - The Grass Outlet","description":"Find high-quality sod grass for sale in Elmendorf TX at The Grass Outlet. Shop St. Augustine, Bermuda, Zoysia for durable lawns.","robots":{"index":"noindex","follow":"follow","max-snippet":"max-snippet:-1","max-image-preview":"max-image-preview:large","max-video-preview":"max-video-preview:-1"},"og_locale":"es_MX","og_type":"article","og_title":"Sod Grass For Sale in Elmendorf, TX - The Grass Outlet","og_description":"Find high-quality sod grass for sale in Elmendorf TX at The Grass Outlet. Shop St. Augustine, Bermuda, Zoysia for durable lawns.","og_url":"https:\/\/devtgo.com\/es\/lugar-de-recogida-en-san-antonio\/grass-for-sale-in-elmendorf\/","og_site_name":"The Grass Outlet","article_publisher":"https:\/\/www.facebook.com\/pages\/The-Grass-Outlet\/269332396527430","article_modified_time":"2023-12-08T19:23:26+00:00","og_image":[{"width":1000,"height":787,"url":"https:\/\/devtgo.com\/wp-content\/uploads\/tx-the-grass-outlet.jpg","type":"image\/jpeg"}],"twitter_misc":{"Tiempo de lectura":"1 minuto"},"schema":{"@context":"https:\/\/schema.org","@graph":[{"@type":"WebPage","@id":"https:\/\/devtgo.com\/san-antonio-pickup-location\/grass-for-sale-in-elmendorf\/","url":"https:\/\/devtgo.com\/san-antonio-pickup-location\/grass-for-sale-in-elmendorf\/","name":"Sod Grass For Sale in Elmendorf, TX - The Grass Outlet","isPartOf":{"@id":"https:\/\/devtgo.com\/#website"},"primaryImageOfPage":{"@id":"https:\/\/devtgo.com\/san-antonio-pickup-location\/grass-for-sale-in-elmendorf\/#primaryimage"},"image":{"@id":"https:\/\/devtgo.com\/san-antonio-pickup-location\/grass-for-sale-in-elmendorf\/#primaryimage"},"thumbnailUrl":"https:\/\/devtgo.com\/wp-content\/uploads\/tx-the-grass-outlet.jpg","datePublished":"2014-03-19T19:59:27+00:00","dateModified":"2023-12-08T19:23:26+00:00","description":"Find high-quality sod grass for sale in Elmendorf TX at The Grass Outlet. Shop St. Augustine, Bermuda, Zoysia for durable lawns.","breadcrumb":{"@id":"https:\/\/devtgo.com\/san-antonio-pickup-location\/grass-for-sale-in-elmendorf\/#breadcrumb"},"inLanguage":"es","potentialAction":[{"@type":"ReadAction","target":["https:\/\/devtgo.com\/san-antonio-pickup-location\/grass-for-sale-in-elmendorf\/"]}]},{"@type":"ImageObject","inLanguage":"es","@id":"https:\/\/devtgo.com\/san-antonio-pickup-location\/grass-for-sale-in-elmendorf\/#primaryimage","url":"https:\/\/devtgo.com\/wp-content\/uploads\/tx-the-grass-outlet.jpg","contentUrl":"https:\/\/devtgo.com\/wp-content\/uploads\/tx-the-grass-outlet.jpg","width":1000,"height":787},{"@type":"BreadcrumbList","@id":"https:\/\/devtgo.com\/san-antonio-pickup-location\/grass-for-sale-in-elmendorf\/#breadcrumb","itemListElement":[{"@type":"ListItem","position":1,"name":"Home","item":"https:\/\/devtgo.com\/"},{"@type":"ListItem","position":2,"name":"Sod Grass For Sale in San Antonio, TX","item":"https:\/\/devtgo.com\/san-antonio-pickup-location\/"},{"@type":"ListItem","position":3,"name":"Sod Grass For Sale in Elmendorf, TX"}]},{"@type":"WebSite","@id":"https:\/\/devtgo.com\/#website","url":"https:\/\/devtgo.com\/","name":"The Grass Outlet","description":"\"Ayudando a Tejas a ser m\u00e1s verde, un jard\u00edn a la vez\"","publisher":{"@id":"https:\/\/devtgo.com\/#organization"},"potentialAction":[{"@type":"SearchAction","target":{"@type":"EntryPoint","urlTemplate":"https:\/\/devtgo.com\/?s={search_term_string}"},"query-input":{"@type":"PropertyValueSpecification","valueRequired":true,"valueName":"search_term_string"}}],"inLanguage":"es"},{"@type":"Organization","@id":"https:\/\/devtgo.com\/#organization","name":"The Grass Outlet","url":"https:\/\/devtgo.com\/","logo":{"@type":"ImageObject","inLanguage":"es","@id":"https:\/\/devtgo.com\/#\/schema\/logo\/image\/","url":"https:\/\/devtgo.com\/wp-content\/uploads\/TxNative-1-scaled.jpg","contentUrl":"https:\/\/devtgo.com\/wp-content\/uploads\/TxNative-1-scaled.jpg","width":1024,"height":720,"caption":"The Grass Outlet"},"image":{"@id":"https:\/\/devtgo.com\/#\/schema\/logo\/image\/"},"sameAs":["https:\/\/www.facebook.com\/pages\/The-Grass-Outlet\/269332396527430","https:\/\/x.com\/TheGrassOutlet"]}]}},"_links":{"self":[{"href":"https:\/\/devtgo.com\/es\/wp-json\/wp\/v2\/pages\/2949","targetHints":{"allow":["GET"]}}],"collection":[{"href":"https:\/\/devtgo.com\/es\/wp-json\/wp\/v2\/pages"}],"about":[{"href":"https:\/\/devtgo.com\/es\/wp-json\/wp\/v2\/types\/page"}],"author":[{"embeddable":true,"href":"https:\/\/devtgo.com\/es\/wp-json\/wp\/v2\/users\/659"}],"replies":[{"embeddable":true,"href":"https:\/\/devtgo.com\/es\/wp-json\/wp\/v2\/comments?post=2949"}],"version-history":[{"count":5,"href":"https:\/\/devtgo.com\/es\/wp-json\/wp\/v2\/pages\/2949\/revisions"}],"predecessor-version":[{"id":302023,"href":"https:\/\/devtgo.com\/es\/wp-json\/wp\/v2\/pages\/2949\/revisions\/302023"}],"up":[{"embeddable":true,"href":"https:\/\/devtgo.com\/es\/wp-json\/wp\/v2\/pages\/1111"}],"wp:featuredmedia":[{"embeddable":true,"href":"https:\/\/devtgo.com\/es\/wp-json\/wp\/v2\/media\/2793"}],"wp:attachment":[{"href":"https:\/\/devtgo.com\/es\/wp-json\/wp\/v2\/media?parent=2949"}],"curies":[{"name":"wp","href":"https:\/\/api.w.org\/{rel}","templated":true}]}}