{"id":30,"date":"2012-11-19T20:52:33","date_gmt":"2012-11-19T20:52:33","guid":{"rendered":"https:\/\/devtgo.com\/?page_id=30"},"modified":"2022-06-24T03:47:44","modified_gmt":"2022-06-24T08:47:44","slug":"pongase-en-contacto-con","status":"publish","type":"page","link":"https:\/\/devtgo.com\/es\/pongase-en-contacto-con\/","title":{"rendered":"Contacto"},"content":{"rendered":"<div class=\"container body-copy\">\n            <div class=\"row\">\n                <div class=\"col-12\">\n                    <h3>Preguntas sobre el precio, la disponibilidad y la entrega del c\u00e9sped<\/h3>\n<p>Si tiene alguna pregunta sobre el precio, la disponibilidad y la entrega del c\u00e9sped, utilice el siguiente enlace para obtener la informaci\u00f3n: <a class=\"grasstimator inline-link\" style=\"padding: 0;\" href=\"\/es\/grasstimator\/\" rel=\"nofollow noopener\">Precios, disponibilidad y entrega<\/a><\/p>\n<hr>\n<h3><\/h3>\n<script type=\"text\/javascript\">\n\/* <![CDATA[ *\/\nvar gform;gform||(document.addEventListener(\"gform_main_scripts_loaded\",function(){gform.scriptsLoaded=!0}),document.addEventListener(\"gform\/theme\/scripts_loaded\",function(){gform.themeScriptsLoaded=!0}),window.addEventListener(\"DOMContentLoaded\",function(){gform.domLoaded=!0}),gform={domLoaded:!1,scriptsLoaded:!1,themeScriptsLoaded:!1,isFormEditor:()=>\"function\"==typeof InitializeEditor,callIfLoaded:function(o){return!(!gform.domLoaded||!gform.scriptsLoaded||!gform.themeScriptsLoaded&&!gform.isFormEditor()||(gform.isFormEditor()&&console.warn(\"The use of gform.initializeOnLoaded() is deprecated in the form editor context and will be removed in Gravity Forms 3.1.\"),o(),0))},initializeOnLoaded:function(o){gform.callIfLoaded(o)||(document.addEventListener(\"gform_main_scripts_loaded\",()=>{gform.scriptsLoaded=!0,gform.callIfLoaded(o)}),document.addEventListener(\"gform\/theme\/scripts_loaded\",()=>{gform.themeScriptsLoaded=!0,gform.callIfLoaded(o)}),window.addEventListener(\"DOMContentLoaded\",()=>{gform.domLoaded=!0,gform.callIfLoaded(o)}))},hooks:{action:{},filter:{}},addAction:function(o,r,e,t){gform.addHook(\"action\",o,r,e,t)},addFilter:function(o,r,e,t){gform.addHook(\"filter\",o,r,e,t)},doAction:function(o){gform.doHook(\"action\",o,arguments)},applyFilters:function(o){return gform.doHook(\"filter\",o,arguments)},removeAction:function(o,r){gform.removeHook(\"action\",o,r)},removeFilter:function(o,r,e){gform.removeHook(\"filter\",o,r,e)},addHook:function(o,r,e,t,n){null==gform.hooks[o][r]&&(gform.hooks[o][r]=[]);var d=gform.hooks[o][r];null==n&&(n=r+\"_\"+d.length),gform.hooks[o][r].push({tag:n,callable:e,priority:t=null==t?10:t})},doHook:function(r,o,e){var t;if(e=Array.prototype.slice.call(e,1),null!=gform.hooks[r][o]&&((o=gform.hooks[r][o]).sort(function(o,r){return o.priority-r.priority}),o.forEach(function(o){\"function\"!=typeof(t=o.callable)&&(t=window[t]),\"action\"==r?t.apply(null,e):e[0]=t.apply(null,e)})),\"filter\"==r)return e[0]},removeHook:function(o,r,t,n){var e;null!=gform.hooks[o][r]&&(e=(e=gform.hooks[o][r]).filter(function(o,r,e){return!!(null!=n&&n!=o.tag||null!=t&&t!=o.priority)}),gform.hooks[o][r]=e)}});\n\/* ]]> *\/\n<\/script>\n\n                <div class=\"gf_browser_gecko gform_wrapper gform_legacy_markup_wrapper gform-theme--no-framework\" data-form-theme=\"legacy\" data-form-index=\"0\" id=\"gform_wrapper_35\" style=\"display:none\"><div id=\"gf_35\" class=\"gform_anchor\" tabindex=\"-1\"><\/div><form method=\"post\" enctype=\"multipart\/form-data\" target=\"gform_ajax_frame_35\" id=\"gform_35\" action=\"\/es\/wp-json\/wp\/v2\/pages\/30#gf_35\" data-formid=\"35\" novalidate data-trp-original-action=\"\/es\/wp-json\/wp\/v2\/pages\/30#gf_35\">\n                        <div class=\"gform-body gform_body\"><ul id=\"gform_fields_35\" class=\"gform_fields top_label form_sublabel_below description_below validation_below\"><li id=\"field_35_63\" class=\"gfield gfield--type-html gfield--input-type-html gfield_html gfield_html_formatted gfield_no_follows_desc field_sublabel_below gfield--no-description field_description_below field_validation_below gfield_visibility_visible\"><li id=\"field_35_64\" class=\"gfield gfield--type-html gfield--input-type-html gfield_html gfield_html_formatted gfield_no_follows_desc field_sublabel_below gfield--no-description field_description_below field_validation_below gfield_visibility_visible\"><div class=\"divider\"><\/div><\/li><li id=\"field_35_49\" class=\"gfield gfield--type-html gfield--input-type-html gfield_html gfield_html_formatted gfield_no_follows_desc field_sublabel_below gfield--no-description field_description_below field_validation_below gfield_visibility_visible\"><h3>\u00bfTiene alguna pregunta?<\/h3>\n<h4>\u00bfNecesita ayuda? Seleccione una opci\u00f3n para empezar<\/h4>\n<p class=\"small\">Hemos simplificado nuestro proceso de contacto para ayudarle a encontrar r\u00e1pidamente la informaci\u00f3n adecuada. En lugar de enviar un formulario, seleccione el motivo de su consulta y le indicaremos el mejor recurso o el siguiente paso.<\/p>   \n<\/li><li id=\"field_35_1\" class=\"gfield gfield--type-radio gfield--type-choice gfield--input-type-radio gfield_contains_required field_sublabel_below gfield--no-description field_description_below field_validation_below gfield_visibility_visible\"><label class=\"gfield_label gform-field-label\">\u00bfEn qu\u00e9 necesita ayuda?<span class=\"gfield_required\"><span class=\"gfield_required gfield_required_asterisk\">*<\/span><\/span><\/label><div class=\"ginput_container ginput_container_radio\"><ul class=\"gfield_radio\" id=\"input_35_1\">\n\t\t\t<li class=\"gchoice gchoice_35_1_0\">\n\t\t\t\t<input name=\"input_1\" type=\"radio\" value=\"Grass pricing, availability and delivery\" id=\"choice_35_1_0\">\n\t\t\t\t<label for=\"choice_35_1_0\" id=\"label_35_1_0\" class=\"gform-field-label gform-field-label--type-inline\">Precios, disponibilidad y entrega del c\u00e9sped<\/label>\n\t\t\t<\/li>\n\t\t\t<li class=\"gchoice gchoice_35_1_1\">\n\t\t\t\t<input name=\"input_1\" type=\"radio\" value=\"Pick up grass in Austin\" id=\"choice_35_1_1\">\n\t\t\t\t<label for=\"choice_35_1_1\" id=\"label_35_1_1\" class=\"gform-field-label gform-field-label--type-inline\">Recoger el c\u00e9sped en Austin<\/label>\n\t\t\t<\/li>\n\t\t\t<li class=\"gchoice gchoice_35_1_2\">\n\t\t\t\t<input name=\"input_1\" type=\"radio\" value=\"Installation referrals in Austin\" id=\"choice_35_1_2\">\n\t\t\t\t<label for=\"choice_35_1_2\" id=\"label_35_1_2\" class=\"gform-field-label gform-field-label--type-inline\">Referencias para la instalaci\u00f3n en Austin<\/label>\n\t\t\t<\/li><\/ul><\/div><\/li><li id=\"field_35_58\" class=\"gfield gfield--type-html gfield--input-type-html divider-top gfield_html gfield_html_formatted gfield_no_follows_desc field_sublabel_below gfield--no-description field_description_below field_validation_below gfield_visibility_visible\"><h4>Importante saber<\/h4>\n<p>Para recogerlo, p\u00f3ngase en contacto con uno de nuestros centros en los n\u00fameros que figuran a continuaci\u00f3n:<br>\nAustin Norte: <a href=\"tel:5124678902\">512-467-8902<\/a> \/ <a class=\"scroll-to-price north\" href=\"#pricing-table\">Tabla de precios<\/a><a class=\"fnc-new-tab north\" target=\"_blank\" href=\"\/es\/lugar-de-recogida-en-el-norte-de-austin\/#scroll\">Tabla de precios<\/a><br>\nAustin Sur: <a href=\"tel:5124678902\">512-467-8902<\/a> \/ <a class=\"scroll-to-price south\" href=\"#pricing-table\">Tabla de precios<\/a><a class=\"fnc-new-tab south\" target=\"_blank\" href=\"\/es\/lugar-de-recogida-en-el-sur-de-austin\/#scroll\">Tabla de precios<\/a><\/p><\/li><li id=\"field_35_57\" class=\"gfield gfield--type-radio gfield--type-choice gfield--input-type-radio gfield_contains_required field_sublabel_below gfield--no-description field_description_below field_validation_below gfield_visibility_visible\"><label class=\"gfield_label gform-field-label\">M\u00e9todo de pedido<span class=\"gfield_required\"><span class=\"gfield_required gfield_required_asterisk\">*<\/span><\/span><\/label><div class=\"ginput_container ginput_container_radio\"><ul class=\"gfield_radio\" id=\"input_35_57\">\n\t\t\t<li class=\"gchoice gchoice_35_57_0\">\n\t\t\t\t<input name=\"input_57\" type=\"radio\" value=\"Order by pallet\" id=\"choice_35_57_0\">\n\t\t\t\t<label for=\"choice_35_57_0\" id=\"label_35_57_0\" class=\"gform-field-label gform-field-label--type-inline\">Pedidos por palet<\/label>\n\t\t\t<\/li>\n\t\t\t<li class=\"gchoice gchoice_35_57_1\">\n\t\t\t\t<input name=\"input_57\" type=\"radio\" value=\"Order by half pallet\" id=\"choice_35_57_1\">\n\t\t\t\t<label for=\"choice_35_57_1\" id=\"label_35_57_1\" class=\"gform-field-label gform-field-label--type-inline\">Pedido por medio palet<\/label>\n\t\t\t<\/li>\n\t\t\t<li class=\"gchoice gchoice_35_57_2\">\n\t\t\t\t<input name=\"input_57\" type=\"radio\" value=\"Order by piece\" id=\"choice_35_57_2\">\n\t\t\t\t<label for=\"choice_35_57_2\" id=\"label_35_57_2\" class=\"gform-field-label gform-field-label--type-inline\">Pedido por piezas<\/label>\n\t\t\t<\/li><\/ul><\/div><\/li><li id=\"field_35_66\" class=\"gfield gfield--type-html gfield--input-type-html col-12 col-lg-6 fix-bs gfield_html gfield_html_formatted gfield_no_follows_desc field_sublabel_below gfield--no-description field_description_below field_validation_below gfield_visibility_visible\"><div class=\"ginput_container ginput_container_number\">\n<label class=\"gfield_label\" for=\"\">\u00a0<\/label>\n<div class=\"inner\">\n<span id=\"calculate-coverage\"><\/span><span><a href=\"#grasstimator-modal\">Ver precios y disponibilidad<\/a><\/span><\/div>\n<div class=\"gfield_description\">Cada palet cubre 450 pies cuadrados. Para determinar la cantidad necesaria, divida la superficie total por 450. De este modo obtendr\u00e1 el n\u00famero de palets necesarios para cubrir su proyecto. Esto dar\u00e1 como resultado el n\u00famero de palets necesarios para cubrir su proyecto. <\/div> <\/div><\/li><li id=\"field_35_65\" class=\"gfield gfield--type-html gfield--input-type-html gfield_html gfield_html_formatted gfield_no_follows_desc field_sublabel_below gfield--no-description field_description_below field_validation_below gfield_visibility_visible\"><p>Para pedir medios palets o piezas sueltas, p\u00f3ngase en contacto con uno de nuestros centros de recogida en los n\u00fameros que se indican a continuaci\u00f3n:<br>\nAustin Norte: <a href=\"tel:5124678902\">512-467-8902<\/a> \/ <a class=\"scroll-to-price north\" href=\"#pricing-table\">Tabla de precios<\/a><a class=\"fnc-new-tab north\" target=\"_blank\" href=\"\/es\/lugar-de-recogida-en-el-norte-de-austin\/#scroll\">Tabla de precios<\/a><br>\nAustin Sur: <a href=\"tel:5124678902\">512-467-8902<\/a> \/ <a class=\"scroll-to-price south\" href=\"#pricing-table\">Tabla de precios<\/a><a class=\"fnc-new-tab south\" target=\"_blank\" href=\"\/es\/lugar-de-recogida-en-el-sur-de-austin\/#scroll\">Tabla de precios<\/a><\/p><\/li><li id=\"field_35_62\" class=\"gfield gfield--type-html gfield--input-type-html divider-top gfield_html gfield_html_formatted gfield_no_follows_desc field_sublabel_below gfield--no-description field_description_below field_validation_below gfield_visibility_visible\"><p>Hemos recopilado una lista de profesionales independientes del c\u00e9sped y el paisajismo para su comodidad: <br>\n<a href=\"\/es\/encontrar-profesionales-del-cesped-y-el-paisajismo\/\">Encuentre profesionales del c\u00e9sped y el paisajismo.<\/a>\n<br>Aunque lo ofrecemos como recurso, estos profesionales no est\u00e1n vinculados a nuestra empresa y no garantizamos sus servicios.<\/p>\n<\/li><\/ul><\/div>\n        <div class=\"gform-footer gform_footer top_label\"> <input type=\"submit\" id=\"gform_submit_button_35\" class=\"gform_button button\" onclick=\"gform.submission.handleButtonClick(this);\" data-submission-type=\"submit\" value=\"Enviar\"> <input type=\"hidden\" name=\"gform_ajax\" value=\"form_id=35&amp;title=&amp;description=&amp;tabindex=0&amp;theme=legacy&amp;styles=[]&amp;hash=db4f5abee11e7edc51439875308cf628\">\n            <input type=\"hidden\" class=\"gform_hidden\" name=\"gform_submission_method\" data-js=\"gform_submission_method_35\" value=\"iframe\">\n            <input type=\"hidden\" class=\"gform_hidden\" name=\"gform_theme\" data-js=\"gform_theme_35\" id=\"gform_theme_35\" value=\"legacy\">\n            <input type=\"hidden\" class=\"gform_hidden\" name=\"gform_style_settings\" data-js=\"gform_style_settings_35\" id=\"gform_style_settings_35\" value=\"[]\">\n            <input type=\"hidden\" class=\"gform_hidden\" name=\"is_submit_35\" value=\"1\">\n            <input type=\"hidden\" class=\"gform_hidden\" name=\"gform_submit\" value=\"35\">\n            \n            <input type=\"hidden\" class=\"gform_hidden\" name=\"gform_unique_id\" value=\"\">\n            <input type=\"hidden\" class=\"gform_hidden\" name=\"state_35\" value=\"WyJbXSIsImI2MDBkOGJiYTcwYjZmYmM3NzE4NjRmOTY5MmFkYzNiIl0=\">\n            <input type=\"hidden\" autocomplete=\"off\" class=\"gform_hidden\" name=\"gform_target_page_number_35\" id=\"gform_target_page_number_35\" value=\"0\">\n            <input type=\"hidden\" autocomplete=\"off\" class=\"gform_hidden\" name=\"gform_source_page_number_35\" id=\"gform_source_page_number_35\" value=\"1\">\n            <input type=\"hidden\" name=\"gform_field_values\" value=\"\">\n            \n        <\/div>\n                        <input type=\"hidden\" name=\"trp-form-language\" value=\"es\"\/><\/form>\n                        <\/div>\n\t\t                <iframe style=\"display:none;width:0px;height:0px;\" src=\"about:blank\" name=\"gform_ajax_frame_35\" id=\"gform_ajax_frame_35\" title=\"This iframe contains the logic required to handle Ajax powered Gravity Forms.\"><\/iframe>\n\t\t                <script type=\"text\/javascript\">\n\/* <![CDATA[ *\/\n gform.initializeOnLoaded( function() {gformInitSpinner( 35, 'https:\/\/devtgo.com\/wp-content\/plugins\/gravityforms\/images\/spinner.svg', true );jQuery('#gform_ajax_frame_35').on('load',function(){var contents = jQuery(this).contents().find('*').html();var is_postback = contents.indexOf('GF_AJAX_POSTBACK') >= 0;if(!is_postback){return;}var form_content = jQuery(this).contents().find('#gform_wrapper_35');var is_confirmation = jQuery(this).contents().find('#gform_confirmation_wrapper_35').length > 0;var is_redirect = contents.indexOf('gformRedirect(){') >= 0;var is_form = form_content.length > 0 && ! is_redirect && ! is_confirmation;var mt = parseInt(jQuery('html').css('margin-top'), 10) + parseInt(jQuery('body').css('margin-top'), 10) + 100;if(is_form){form_content.find('form').css('opacity', 0);jQuery('#gform_wrapper_35').html(form_content.html());if(form_content.hasClass('gform_validation_error')){jQuery('#gform_wrapper_35').addClass('gform_validation_error');} else {jQuery('#gform_wrapper_35').removeClass('gform_validation_error');}setTimeout( function() { \/* delay the scroll by 50 milliseconds to fix a bug in chrome *\/ jQuery(document).scrollTop(jQuery('#gform_wrapper_35').offset().top - mt); }, 50 );if(window['gformInitDatepicker']) {gformInitDatepicker();}if(window['gformInitPriceFields']) {gformInitPriceFields();}var current_page = jQuery('#gform_source_page_number_35').val();gformInitSpinner( 35, 'https:\/\/devtgo.com\/wp-content\/plugins\/gravityforms\/images\/spinner.svg', true );jQuery(document).trigger('gform_page_loaded', [35, current_page]);window['gf_submitting_35'] = false;}else if(!is_redirect){var confirmation_content = jQuery(this).contents().find('.GF_AJAX_POSTBACK').html();if(!confirmation_content){confirmation_content = contents;}jQuery('#gform_wrapper_35').replaceWith(confirmation_content);jQuery(document).scrollTop(jQuery('#gf_35').offset().top - mt);jQuery(document).trigger('gform_confirmation_loaded', [35]);window['gf_submitting_35'] = false;wp.a11y.speak(jQuery('#gform_confirmation_message_35').text());}else{jQuery('#gform_35').append(contents);if(window['gformRedirect']) {gformRedirect();}}jQuery(document).trigger(\"gform_pre_post_render\", [{ formId: \"35\", currentPage: \"current_page\", abort: function() { this.preventDefault(); } }]);        if (event && event.defaultPrevented) {                return;        }        const gformWrapperDiv = document.getElementById( \"gform_wrapper_35\" );        if ( gformWrapperDiv ) {            const visibilitySpan = document.createElement( \"span\" );            visibilitySpan.id = \"gform_visibility_test_35\";            gformWrapperDiv.insertAdjacentElement( \"afterend\", visibilitySpan );        }        const visibilityTestDiv = document.getElementById( \"gform_visibility_test_35\" );        let postRenderFired = false;        function triggerPostRender() {            if ( postRenderFired ) {                return;            }            postRenderFired = true;            gform.core.triggerPostRenderEvents( 35, current_page );            if ( visibilityTestDiv ) {                visibilityTestDiv.parentNode.removeChild( visibilityTestDiv );            }        }        function debounce( func, wait, immediate ) {            var timeout;            return function() {                var context = this, args = arguments;                var later = function() {                    timeout = null;                    if ( !immediate ) func.apply( context, args );                };                var callNow = immediate && !timeout;                clearTimeout( timeout );                timeout = setTimeout( later, wait );                if ( callNow ) func.apply( context, args );            };        }        const debouncedTriggerPostRender = debounce( function() {            triggerPostRender();        }, 200 );        if ( visibilityTestDiv && visibilityTestDiv.offsetParent === null ) {            const observer = new MutationObserver( ( mutations ) => {                mutations.forEach( ( mutation ) => {                    if ( mutation.type === 'attributes' && visibilityTestDiv.offsetParent !== null ) {                        debouncedTriggerPostRender();                        observer.disconnect();                    }                });            });            observer.observe( document.body, {                attributes: true,                childList: false,                subtree: true,                attributeFilter: [ 'style', 'class' ],            });        } else {            triggerPostRender();        }    } );} ); \n\/* ]]> *\/\n<\/script>\n\n                <\/div>\n            <\/div>\n        <\/div>","protected":false},"excerpt":{"rendered":"","protected":false},"author":659,"featured_media":0,"parent":0,"menu_order":0,"comment_status":"open","ping_status":"closed","template":"","meta":{"_acf_changed":false,"inline_featured_image":false,"footnotes":""},"class_list":["post-30","page","type-page","status-publish","hentry"],"acf":[],"yoast_head":"<!-- This site is optimized with the Yoast SEO plugin v26.0 - https:\/\/yoast.com\/wordpress\/plugins\/seo\/ -->\n<title>The Grass Outlet | Contact Us<\/title>\n<meta name=\"description\" content=\"Contact The Grass Outlet is the premier provider of sod grass in the state of Texas. Property owners in Texas can rely on us for grass when it&#039;s time to improve the landscaping of yards or lawns.\" \/>\n<meta name=\"robots\" content=\"noindex, follow, max-snippet:-1, max-image-preview:large, max-video-preview:-1\" \/>\n<meta property=\"og:locale\" content=\"es_MX\" \/>\n<meta property=\"og:type\" content=\"article\" \/>\n<meta property=\"og:title\" content=\"The Grass Outlet | Contact Us\" \/>\n<meta property=\"og:description\" content=\"Contact The Grass Outlet is the premier provider of sod grass in the state of Texas. Property owners in Texas can rely on us for grass when it&#039;s time to improve the landscaping of yards or lawns.\" \/>\n<meta property=\"og:url\" content=\"https:\/\/devtgo.com\/es\/pongase-en-contacto-con\/\" \/>\n<meta property=\"og:site_name\" content=\"The Grass Outlet\" \/>\n<meta property=\"article:publisher\" content=\"https:\/\/www.facebook.com\/pages\/The-Grass-Outlet\/269332396527430\" \/>\n<meta property=\"article:modified_time\" content=\"2022-06-24T08:47:44+00:00\" \/>\n<script type=\"application\/ld+json\" class=\"yoast-schema-graph\">{\"@context\":\"https:\/\/schema.org\",\"@graph\":[{\"@type\":\"WebPage\",\"@id\":\"https:\/\/devtgo.com\/contact\/\",\"url\":\"https:\/\/devtgo.com\/contact\/\",\"name\":\"The Grass Outlet | Contact Us\",\"isPartOf\":{\"@id\":\"https:\/\/devtgo.com\/#website\"},\"datePublished\":\"2012-11-19T20:52:33+00:00\",\"dateModified\":\"2022-06-24T08:47:44+00:00\",\"description\":\"Contact The Grass Outlet is the premier provider of sod grass in the state of Texas. Property owners in Texas can rely on us for grass when it's time to improve the landscaping of yards or lawns.\",\"breadcrumb\":{\"@id\":\"https:\/\/devtgo.com\/contact\/#breadcrumb\"},\"inLanguage\":\"es\",\"potentialAction\":[{\"@type\":\"ReadAction\",\"target\":[\"https:\/\/devtgo.com\/contact\/\"]}]},{\"@type\":\"BreadcrumbList\",\"@id\":\"https:\/\/devtgo.com\/contact\/#breadcrumb\",\"itemListElement\":[{\"@type\":\"ListItem\",\"position\":1,\"name\":\"Home\",\"item\":\"https:\/\/devtgo.com\/\"},{\"@type\":\"ListItem\",\"position\":2,\"name\":\"Contact\"}]},{\"@type\":\"WebSite\",\"@id\":\"https:\/\/devtgo.com\/#website\",\"url\":\"https:\/\/devtgo.com\/\",\"name\":\"The Grass Outlet\",\"description\":\"&quot;Helping Texas Go Green, One Yard at a Time&quot;\",\"publisher\":{\"@id\":\"https:\/\/devtgo.com\/#organization\"},\"potentialAction\":[{\"@type\":\"SearchAction\",\"target\":{\"@type\":\"EntryPoint\",\"urlTemplate\":\"https:\/\/devtgo.com\/?s={search_term_string}\"},\"query-input\":{\"@type\":\"PropertyValueSpecification\",\"valueRequired\":true,\"valueName\":\"search_term_string\"}}],\"inLanguage\":\"es\"},{\"@type\":\"Organization\",\"@id\":\"https:\/\/devtgo.com\/#organization\",\"name\":\"The Grass Outlet\",\"url\":\"https:\/\/devtgo.com\/\",\"logo\":{\"@type\":\"ImageObject\",\"inLanguage\":\"es\",\"@id\":\"https:\/\/devtgo.com\/#\/schema\/logo\/image\/\",\"url\":\"https:\/\/devtgo.com\/wp-content\/uploads\/TxNative-1-scaled.jpg\",\"contentUrl\":\"https:\/\/devtgo.com\/wp-content\/uploads\/TxNative-1-scaled.jpg\",\"width\":1024,\"height\":720,\"caption\":\"The Grass Outlet\"},\"image\":{\"@id\":\"https:\/\/devtgo.com\/#\/schema\/logo\/image\/\"},\"sameAs\":[\"https:\/\/www.facebook.com\/pages\/The-Grass-Outlet\/269332396527430\",\"https:\/\/x.com\/TheGrassOutlet\"]}]}<\/script>\n<!-- \/ Yoast SEO plugin. -->","yoast_head_json":{"title":"The Grass Outlet | Contacto","description":"Contacto The Grass Outlet es el principal proveedor de c\u00e9sped de tepes en el estado de Tejas. Los propietarios en Tejas pueden confiar en nosotros para el c\u00e9sped cuando es el momento de mejorar el paisaje de patios o jardines.","robots":{"index":"noindex","follow":"follow","max-snippet":"max-snippet:-1","max-image-preview":"max-image-preview:large","max-video-preview":"max-video-preview:-1"},"og_locale":"es_MX","og_type":"article","og_title":"The Grass Outlet | Contact Us","og_description":"Contact The Grass Outlet is the premier provider of sod grass in the state of Texas. Property owners in Texas can rely on us for grass when it's time to improve the landscaping of yards or lawns.","og_url":"https:\/\/devtgo.com\/es\/pongase-en-contacto-con\/","og_site_name":"The Grass Outlet","article_publisher":"https:\/\/www.facebook.com\/pages\/The-Grass-Outlet\/269332396527430","article_modified_time":"2022-06-24T08:47:44+00:00","schema":{"@context":"https:\/\/schema.org","@graph":[{"@type":"WebPage","@id":"https:\/\/devtgo.com\/contact\/","url":"https:\/\/devtgo.com\/contact\/","name":"The Grass Outlet | Contacto","isPartOf":{"@id":"https:\/\/devtgo.com\/#website"},"datePublished":"2012-11-19T20:52:33+00:00","dateModified":"2022-06-24T08:47:44+00:00","description":"Contacto The Grass Outlet es el principal proveedor de c\u00e9sped de tepes en el estado de Tejas. Los propietarios en Tejas pueden confiar en nosotros para el c\u00e9sped cuando es el momento de mejorar el paisaje de patios o jardines.","breadcrumb":{"@id":"https:\/\/devtgo.com\/contact\/#breadcrumb"},"inLanguage":"es","potentialAction":[{"@type":"ReadAction","target":["https:\/\/devtgo.com\/contact\/"]}]},{"@type":"BreadcrumbList","@id":"https:\/\/devtgo.com\/contact\/#breadcrumb","itemListElement":[{"@type":"ListItem","position":1,"name":"Home","item":"https:\/\/devtgo.com\/"},{"@type":"ListItem","position":2,"name":"Contact"}]},{"@type":"WebSite","@id":"https:\/\/devtgo.com\/#website","url":"https:\/\/devtgo.com\/","name":"The Grass Outlet","description":"\"Ayudando a Tejas a ser m\u00e1s verde, un jard\u00edn a la vez\"","publisher":{"@id":"https:\/\/devtgo.com\/#organization"},"potentialAction":[{"@type":"SearchAction","target":{"@type":"EntryPoint","urlTemplate":"https:\/\/devtgo.com\/?s={search_term_string}"},"query-input":{"@type":"PropertyValueSpecification","valueRequired":true,"valueName":"search_term_string"}}],"inLanguage":"es"},{"@type":"Organization","@id":"https:\/\/devtgo.com\/#organization","name":"The Grass Outlet","url":"https:\/\/devtgo.com\/","logo":{"@type":"ImageObject","inLanguage":"es","@id":"https:\/\/devtgo.com\/#\/schema\/logo\/image\/","url":"https:\/\/devtgo.com\/wp-content\/uploads\/TxNative-1-scaled.jpg","contentUrl":"https:\/\/devtgo.com\/wp-content\/uploads\/TxNative-1-scaled.jpg","width":1024,"height":720,"caption":"The Grass Outlet"},"image":{"@id":"https:\/\/devtgo.com\/#\/schema\/logo\/image\/"},"sameAs":["https:\/\/www.facebook.com\/pages\/The-Grass-Outlet\/269332396527430","https:\/\/x.com\/TheGrassOutlet"]}]}},"_links":{"self":[{"href":"https:\/\/devtgo.com\/es\/wp-json\/wp\/v2\/pages\/30","targetHints":{"allow":["GET"]}}],"collection":[{"href":"https:\/\/devtgo.com\/es\/wp-json\/wp\/v2\/pages"}],"about":[{"href":"https:\/\/devtgo.com\/es\/wp-json\/wp\/v2\/types\/page"}],"author":[{"embeddable":true,"href":"https:\/\/devtgo.com\/es\/wp-json\/wp\/v2\/users\/659"}],"replies":[{"embeddable":true,"href":"https:\/\/devtgo.com\/es\/wp-json\/wp\/v2\/comments?post=30"}],"version-history":[{"count":46,"href":"https:\/\/devtgo.com\/es\/wp-json\/wp\/v2\/pages\/30\/revisions"}],"predecessor-version":[{"id":223869,"href":"https:\/\/devtgo.com\/es\/wp-json\/wp\/v2\/pages\/30\/revisions\/223869"}],"wp:attachment":[{"href":"https:\/\/devtgo.com\/es\/wp-json\/wp\/v2\/media?parent=30"}],"curies":[{"name":"wp","href":"https:\/\/api.w.org\/{rel}","templated":true}]}}