{"id":32,"date":"2012-11-19T20:54:16","date_gmt":"2012-11-19T20:54:16","guid":{"rendered":"https:\/\/devtgo.com\/?page_id=32"},"modified":"2025-10-23T03:49:35","modified_gmt":"2025-10-23T08:49:35","slug":"instalacion-de-cesped","status":"publish","type":"page","link":"https:\/\/devtgo.com\/es\/cuidado-del-cesped\/instalacion-de-cesped\/","title":{"rendered":"Instalaci\u00f3n del c\u00e9sped"},"content":{"rendered":"<div class=\"container body-copy bg-white pt-0 pb-0\">\n            <div class=\"row\">\n                <div class=\"col-12\">\n                    <h2>Prepare el suelo<\/h2>\n<p>Si han pasado un par de d\u00edas o m\u00e1s desde que cultiv\u00f3 y a\u00f1adi\u00f3 la tierra vegetal, aseg\u00farese de volver a trabajar la superficie y deshacer los terrones antes de empezar la instalaci\u00f3n. Puede humedecer ligeramente la zona para refrescar el suelo antes de colocar el c\u00e9sped, lo que puede suponer una diferencia significativa durante los meses de verano. Sin embargo, evite mojar demasiado el suelo y crear una superficie embarrada que impida un \u00e1rea de trabajo manejable.<\/p>\n<h2>Instale el mismo d\u00eda<\/h2>\n<p>Una vez que el c\u00e9sped fresco se entrega en el lugar indicado, es <strong>esencial tenerlo completamente instalado y regado el mismo d\u00eda<\/strong>. Dejar el c\u00e9sped apilado en palets o bajo el calor sobre el cemento es una forma r\u00e1pida de estresar nuestro producto vivo. Es especialmente <strong>cr\u00edtico descargar el c\u00e9sped y regarlo dentro de las 12 horas<\/strong>\u00a0siguientes a la recepci\u00f3n durante los meses de verano.<\/p>\n<h2>Decoloraci\u00f3n normal<\/h2>\n<p>No es raro que la hierba comience a <strong>amarillearse poco despu\u00e9s de la cosecha<\/strong>, por lo que es muy importante saber <a href=\"https:\/\/devtgo.com\/es\/mejor-momento-para-plantar-cesped-bermuda\/\">cu\u00e1ndo plantar c\u00e9sped Bermuda<\/a> y otros c\u00e9spedes de temporada c\u00e1lida. Las Bermuda son especialmente susceptibles a la decoloraci\u00f3n tras la cosecha, <strong>especialmente cuando la temperatura ambiente es de alrededor de 85\u05af F o superior.<\/strong>. La hierba comenzar\u00e1 a <strong>reverdecen durante las primeras semanas de riego adecuado<\/strong>. Tenga en cuenta que el tiempo de recuperaci\u00f3n del c\u00e9sped depender\u00e1 de la temperatura ambiente, el clima, el riego y otros factores ambientales y pr\u00e1cticas culturales.<\/p>\n<h2>Plantar el c\u00e9sped<\/h2>\n<p>Comience la instalaci\u00f3n por <strong>alinee su primera hilera de c\u00e9sped a lo largo de una l\u00ednea recta<\/strong>como una acera o una valla. Si no tienes ninguna l\u00ednea recta en tu jard\u00edn, utiliza una cuerda tendida entre dos estacas como referencia. Las filas siguientes deben <strong>colocarse en forma de \"ladrillo\".<\/strong> y no como un tablero de damas. El patr\u00f3n de ladrillo minimizar\u00e1 los bordes alineados y ayudar\u00e1 a crear un aspecto m\u00e1s acabado. Utilice una herramienta afilada, como un cuchillo de jardiner\u00eda, para cortar los trozos de c\u00e9sped seg\u00fan sea necesario para rellenar las zonas irregulares o los huecos. Las hileras de c\u00e9sped deben encajar perfectamente unas con otras sin solaparse ni dejar espacio entre las piezas.<\/p>\n<h2>Riegue inmediatamente<\/h2>\n<p>Es <strong>vital para mantener la hierba h\u00fameda mientras la colocas<\/strong>. Usted debe <strong>comience a regar el c\u00e9sped plantado una vez que haya instalado unos 200 pies cuadrados<\/strong>, para ello, active el riego en esa zona o roc\u00edela con una manguera de jard\u00edn, sobre todo cuando haga calor. <strong>Esto evitar\u00e1 que el c\u00e9sped nuevo se seque en exceso.<\/strong>. Esto es particularmente <strong>crucial durante las altas temperaturas del verano<\/strong> que marchitar\u00e1n el c\u00e9sped fresco. S\u00f3lo aseg\u00farese de no inundar las \u00e1reas en las que a\u00fan no ha instalado, ya que hacerlo puede crear un espacio de trabajo problem\u00e1tico.<\/p>\n<p>Una vez finalizada la instalaci\u00f3n, riegue bien. El c\u00e9sped reci\u00e9n colocado\u00a0<strong>el c\u00e9sped necesita agua inmediata y diariamente<\/strong>. Es casi seguro que morir\u00e1 sin ella. Para m\u00e1s informaci\u00f3n sobre <a href=\"https:\/\/devtgo.com\/es\/regar-el-cesped\/\">regar el c\u00e9sped<\/a>, consulte nuestra p\u00e1gina dedicada al riego.<\/p>\n<figure class=\"alignright wp-image-568513 size-medium\"><a href=\"https:\/\/devtgo.com\/wp-content\/uploads\/Sod-roller.png\"><img loading=\"lazy\" decoding=\"async\" class=\"\" src=\"https:\/\/devtgo.com\/wp-content\/uploads\/Sod-roller-270x300.png\" alt=\"\" width=\"270\" height=\"300\" srcset=\"https:\/\/devtgo.com\/wp-content\/uploads\/Sod-roller-270x300.png 270w, https:\/\/devtgo.com\/wp-content\/uploads\/Sod-roller-922x1024.png 922w, https:\/\/devtgo.com\/wp-content\/uploads\/Sod-roller-768x853.png 768w, https:\/\/devtgo.com\/wp-content\/uploads\/Sod-roller-760x844.png 760w, https:\/\/devtgo.com\/wp-content\/uploads\/Sod-roller.png 1080w\" sizes=\"auto, (max-width: 270px) 100vw, 270px\"><\/a><\/figure>\n<h2>Rodar el c\u00e9sped<\/h2>\n<p>Por \u00faltimo, tras el <a href=\"https:\/\/devtgo.com\/es\/frecuencia-de-riego-del-cesped-nuevo\/\">regar el c\u00e9sped nuevo<\/a> y una vez que el suelo est\u00e9 firme pero blando, rellene un <strong>rodillo de c\u00e9sped con agua y repasar el c\u00e9sped varias veces<\/strong>. Muchas ferreter\u00edas, como Home Depot, alquilan rodillos para tepes por d\u00edas a un coste m\u00ednimo, y son f\u00e1ciles de transportar una vez drenada el agua. Pasar el rodillo por el c\u00e9sped ayuda a engranar las juntas creadas por los bloques de c\u00e9sped, favorece el asentamiento de las ra\u00edces al presionar el c\u00e9sped contra el suelo, elimina las bolsas de aire y nivela el terreno.<\/p>\n<h2>Consejos y advertencias<\/h2>\n<ul>\n<li>Reserve los bloques rotos, deformes y peque\u00f1os y util\u00edcelos al final de la instalaci\u00f3n para rellenar huecos y rodear zonas con formas extra\u00f1as.<\/li>\n<li>Instale bloques superiores estresados en zonas menos visibles o menos importantes, y proporci\u00f3neles agua suplementaria y m\u00e1s tiempo para que reverdezcan.<\/li>\n<li>Tenga a mano tierra vegetal adicional para rellenar las zonas que lo necesiten.<\/li>\n<li>Pase un rodillo para c\u00e9sped una vez terminada la instalaci\u00f3n.<\/li>\n<li><strong>No aplicar abono<\/strong> al suelo ni al c\u00e9sped nuevo durante al menos unas semanas.<\/li>\n<\/ul>\n<h3>Qu\u00e9 necesitar\u00e1<\/h3>\n<ul>\n<li>Extra de <a href=\"https:\/\/devtgo.com\/es\/cuidado-del-cesped\/antes-de-plantar\/tierra-vegetal-y-nivelacion\/\">tierra vegetal para c\u00e9sped<\/a><\/li>\n<li>Herramienta afilada, como un machete o un cuchillo de jard\u00edn<\/li>\n<li>Carretilla<\/li>\n<li>Rodillo de c\u00e9sped<\/li>\n<li>Manguera de agua<\/li>\n<li>Guantes de jardiner\u00eda *Opcionales<\/li>\n<li>Otros PPE *Opcionales*<\/li>\n<li>Dos estacas de madera y cuerda *Opcional*.<\/li>\n<\/ul>\n                <\/div>\n            <\/div>\n        <\/div>","protected":false},"excerpt":{"rendered":"","protected":false},"author":659,"featured_media":568512,"parent":352799,"menu_order":0,"comment_status":"open","ping_status":"closed","template":"","meta":{"_acf_changed":false,"inline_featured_image":false,"footnotes":""},"class_list":["post-32","page","type-page","status-publish","has-post-thumbnail","hentry"],"acf":[],"yoast_head":"<!-- This site is optimized with the Yoast SEO plugin v26.0 - https:\/\/yoast.com\/wordpress\/plugins\/seo\/ -->\n<title>Grass Sod Installation - The Grass Outlet<\/title>\n<meta name=\"description\" content=\"A step-by-step guide to sod installation. Learn preparation, laying techniques, and aftercare for a beautiful lawn. Learn more!\" \/>\n<meta name=\"robots\" content=\"noindex, follow, max-snippet:-1, max-image-preview:large, max-video-preview:-1\" \/>\n<meta property=\"og:locale\" content=\"es_MX\" \/>\n<meta property=\"og:type\" content=\"article\" \/>\n<meta property=\"og:title\" content=\"Grass Sod Installation - The Grass Outlet\" \/>\n<meta property=\"og:description\" content=\"A step-by-step guide to sod installation. Learn preparation, laying techniques, and aftercare for a beautiful lawn. Learn more!\" \/>\n<meta property=\"og:url\" content=\"https:\/\/devtgo.com\/es\/cuidado-del-cesped\/instalacion-de-cesped\/\" \/>\n<meta property=\"og:site_name\" content=\"The Grass Outlet\" \/>\n<meta property=\"article:publisher\" content=\"https:\/\/www.facebook.com\/pages\/The-Grass-Outlet\/269332396527430\" \/>\n<meta property=\"article:modified_time\" content=\"2025-10-23T08:49:35+00:00\" \/>\n<meta property=\"og:image\" content=\"https:\/\/devtgo.com\/wp-content\/uploads\/Sod-installation-1024x468.png\" \/>\n\t<meta property=\"og:image:width\" content=\"1024\" \/>\n\t<meta property=\"og:image:height\" content=\"468\" \/>\n\t<meta property=\"og:image:type\" content=\"image\/png\" \/>\n<meta name=\"twitter:label1\" content=\"Tiempo de lectura\" \/>\n\t<meta name=\"twitter:data1\" content=\"4 minutos\" \/>\n<script type=\"application\/ld+json\" class=\"yoast-schema-graph\">{\"@context\":\"https:\/\/schema.org\",\"@graph\":[{\"@type\":\"WebPage\",\"@id\":\"https:\/\/devtgo.com\/grass-care\/sod-installation\/\",\"url\":\"https:\/\/devtgo.com\/grass-care\/sod-installation\/\",\"name\":\"Grass Sod Installation - The Grass Outlet\",\"isPartOf\":{\"@id\":\"https:\/\/devtgo.com\/#website\"},\"primaryImageOfPage\":{\"@id\":\"https:\/\/devtgo.com\/grass-care\/sod-installation\/#primaryimage\"},\"image\":{\"@id\":\"https:\/\/devtgo.com\/grass-care\/sod-installation\/#primaryimage\"},\"thumbnailUrl\":\"https:\/\/devtgo.com\/wp-content\/uploads\/Sod-installation.png\",\"datePublished\":\"2012-11-19T20:54:16+00:00\",\"dateModified\":\"2025-10-23T08:49:35+00:00\",\"description\":\"A step-by-step guide to sod installation. Learn preparation, laying techniques, and aftercare for a beautiful lawn. Learn more!\",\"breadcrumb\":{\"@id\":\"https:\/\/devtgo.com\/grass-care\/sod-installation\/#breadcrumb\"},\"inLanguage\":\"es\",\"potentialAction\":[{\"@type\":\"ReadAction\",\"target\":[\"https:\/\/devtgo.com\/grass-care\/sod-installation\/\"]}]},{\"@type\":\"ImageObject\",\"inLanguage\":\"es\",\"@id\":\"https:\/\/devtgo.com\/grass-care\/sod-installation\/#primaryimage\",\"url\":\"https:\/\/devtgo.com\/wp-content\/uploads\/Sod-installation.png\",\"contentUrl\":\"https:\/\/devtgo.com\/wp-content\/uploads\/Sod-installation.png\",\"width\":1750,\"height\":800},{\"@type\":\"BreadcrumbList\",\"@id\":\"https:\/\/devtgo.com\/grass-care\/sod-installation\/#breadcrumb\",\"itemListElement\":[{\"@type\":\"ListItem\",\"position\":1,\"name\":\"Home\",\"item\":\"https:\/\/devtgo.com\/\"},{\"@type\":\"ListItem\",\"position\":2,\"name\":\"Grass Care 101: Mastering Lawn Care\",\"item\":\"https:\/\/devtgo.com\/grass-care\/\"},{\"@type\":\"ListItem\",\"position\":3,\"name\":\"Grass Sod Installation\"}]},{\"@type\":\"WebSite\",\"@id\":\"https:\/\/devtgo.com\/#website\",\"url\":\"https:\/\/devtgo.com\/\",\"name\":\"The Grass Outlet\",\"description\":\"&quot;Helping Texas Go Green, One Yard at a Time&quot;\",\"publisher\":{\"@id\":\"https:\/\/devtgo.com\/#organization\"},\"potentialAction\":[{\"@type\":\"SearchAction\",\"target\":{\"@type\":\"EntryPoint\",\"urlTemplate\":\"https:\/\/devtgo.com\/?s={search_term_string}\"},\"query-input\":{\"@type\":\"PropertyValueSpecification\",\"valueRequired\":true,\"valueName\":\"search_term_string\"}}],\"inLanguage\":\"es\"},{\"@type\":\"Organization\",\"@id\":\"https:\/\/devtgo.com\/#organization\",\"name\":\"The Grass Outlet\",\"url\":\"https:\/\/devtgo.com\/\",\"logo\":{\"@type\":\"ImageObject\",\"inLanguage\":\"es\",\"@id\":\"https:\/\/devtgo.com\/#\/schema\/logo\/image\/\",\"url\":\"https:\/\/devtgo.com\/wp-content\/uploads\/TxNative-1-scaled.jpg\",\"contentUrl\":\"https:\/\/devtgo.com\/wp-content\/uploads\/TxNative-1-scaled.jpg\",\"width\":1024,\"height\":720,\"caption\":\"The Grass Outlet\"},\"image\":{\"@id\":\"https:\/\/devtgo.com\/#\/schema\/logo\/image\/\"},\"sameAs\":[\"https:\/\/www.facebook.com\/pages\/The-Grass-Outlet\/269332396527430\",\"https:\/\/x.com\/TheGrassOutlet\"]}]}<\/script>\n<!-- \/ Yoast SEO plugin. -->","yoast_head_json":{"title":"Instalaci\u00f3n de c\u00e9sped - The Grass Outlet","description":"Gu\u00eda paso a paso para la instalaci\u00f3n de c\u00e9sped. Aprenda la preparaci\u00f3n, las t\u00e9cnicas de colocaci\u00f3n y los cuidados posteriores para conseguir un c\u00e9sped precioso. M\u00e1s informaci\u00f3n","robots":{"index":"noindex","follow":"follow","max-snippet":"max-snippet:-1","max-image-preview":"max-image-preview:large","max-video-preview":"max-video-preview:-1"},"og_locale":"es_MX","og_type":"article","og_title":"Grass Sod Installation - The Grass Outlet","og_description":"A step-by-step guide to sod installation. Learn preparation, laying techniques, and aftercare for a beautiful lawn. Learn more!","og_url":"https:\/\/devtgo.com\/es\/cuidado-del-cesped\/instalacion-de-cesped\/","og_site_name":"The Grass Outlet","article_publisher":"https:\/\/www.facebook.com\/pages\/The-Grass-Outlet\/269332396527430","article_modified_time":"2025-10-23T08:49:35+00:00","og_image":[{"width":1024,"height":468,"url":"https:\/\/devtgo.com\/wp-content\/uploads\/Sod-installation-1024x468.png","type":"image\/png"}],"twitter_misc":{"Tiempo de lectura":"4 minutos"},"schema":{"@context":"https:\/\/schema.org","@graph":[{"@type":"WebPage","@id":"https:\/\/devtgo.com\/grass-care\/sod-installation\/","url":"https:\/\/devtgo.com\/grass-care\/sod-installation\/","name":"Instalaci\u00f3n de c\u00e9sped - The Grass Outlet","isPartOf":{"@id":"https:\/\/devtgo.com\/#website"},"primaryImageOfPage":{"@id":"https:\/\/devtgo.com\/grass-care\/sod-installation\/#primaryimage"},"image":{"@id":"https:\/\/devtgo.com\/grass-care\/sod-installation\/#primaryimage"},"thumbnailUrl":"https:\/\/devtgo.com\/wp-content\/uploads\/Sod-installation.png","datePublished":"2012-11-19T20:54:16+00:00","dateModified":"2025-10-23T08:49:35+00:00","description":"Gu\u00eda paso a paso para la instalaci\u00f3n de c\u00e9sped. Aprenda la preparaci\u00f3n, las t\u00e9cnicas de colocaci\u00f3n y los cuidados posteriores para conseguir un c\u00e9sped precioso. M\u00e1s informaci\u00f3n","breadcrumb":{"@id":"https:\/\/devtgo.com\/grass-care\/sod-installation\/#breadcrumb"},"inLanguage":"es","potentialAction":[{"@type":"ReadAction","target":["https:\/\/devtgo.com\/grass-care\/sod-installation\/"]}]},{"@type":"ImageObject","inLanguage":"es","@id":"https:\/\/devtgo.com\/grass-care\/sod-installation\/#primaryimage","url":"https:\/\/devtgo.com\/wp-content\/uploads\/Sod-installation.png","contentUrl":"https:\/\/devtgo.com\/wp-content\/uploads\/Sod-installation.png","width":1750,"height":800},{"@type":"BreadcrumbList","@id":"https:\/\/devtgo.com\/grass-care\/sod-installation\/#breadcrumb","itemListElement":[{"@type":"ListItem","position":1,"name":"Home","item":"https:\/\/devtgo.com\/"},{"@type":"ListItem","position":2,"name":"Grass Care 101: Mastering Lawn Care","item":"https:\/\/devtgo.com\/grass-care\/"},{"@type":"ListItem","position":3,"name":"Grass Sod Installation"}]},{"@type":"WebSite","@id":"https:\/\/devtgo.com\/#website","url":"https:\/\/devtgo.com\/","name":"The Grass Outlet","description":"\"Ayudando a Tejas a ser m\u00e1s verde, un jard\u00edn a la vez\"","publisher":{"@id":"https:\/\/devtgo.com\/#organization"},"potentialAction":[{"@type":"SearchAction","target":{"@type":"EntryPoint","urlTemplate":"https:\/\/devtgo.com\/?s={search_term_string}"},"query-input":{"@type":"PropertyValueSpecification","valueRequired":true,"valueName":"search_term_string"}}],"inLanguage":"es"},{"@type":"Organization","@id":"https:\/\/devtgo.com\/#organization","name":"The Grass Outlet","url":"https:\/\/devtgo.com\/","logo":{"@type":"ImageObject","inLanguage":"es","@id":"https:\/\/devtgo.com\/#\/schema\/logo\/image\/","url":"https:\/\/devtgo.com\/wp-content\/uploads\/TxNative-1-scaled.jpg","contentUrl":"https:\/\/devtgo.com\/wp-content\/uploads\/TxNative-1-scaled.jpg","width":1024,"height":720,"caption":"The Grass Outlet"},"image":{"@id":"https:\/\/devtgo.com\/#\/schema\/logo\/image\/"},"sameAs":["https:\/\/www.facebook.com\/pages\/The-Grass-Outlet\/269332396527430","https:\/\/x.com\/TheGrassOutlet"]}]}},"_links":{"self":[{"href":"https:\/\/devtgo.com\/es\/wp-json\/wp\/v2\/pages\/32","targetHints":{"allow":["GET"]}}],"collection":[{"href":"https:\/\/devtgo.com\/es\/wp-json\/wp\/v2\/pages"}],"about":[{"href":"https:\/\/devtgo.com\/es\/wp-json\/wp\/v2\/types\/page"}],"author":[{"embeddable":true,"href":"https:\/\/devtgo.com\/es\/wp-json\/wp\/v2\/users\/659"}],"replies":[{"embeddable":true,"href":"https:\/\/devtgo.com\/es\/wp-json\/wp\/v2\/comments?post=32"}],"version-history":[{"count":84,"href":"https:\/\/devtgo.com\/es\/wp-json\/wp\/v2\/pages\/32\/revisions"}],"predecessor-version":[{"id":568620,"href":"https:\/\/devtgo.com\/es\/wp-json\/wp\/v2\/pages\/32\/revisions\/568620"}],"up":[{"embeddable":true,"href":"https:\/\/devtgo.com\/es\/wp-json\/wp\/v2\/pages\/352799"}],"wp:featuredmedia":[{"embeddable":true,"href":"https:\/\/devtgo.com\/es\/wp-json\/wp\/v2\/media\/568512"}],"wp:attachment":[{"href":"https:\/\/devtgo.com\/es\/wp-json\/wp\/v2\/media?parent=32"}],"curies":[{"name":"wp","href":"https:\/\/api.w.org\/{rel}","templated":true}]}}