{"id":415159,"date":"2025-02-25T03:59:21","date_gmt":"2025-02-25T09:59:21","guid":{"rendered":"https:\/\/devtgo.com\/?page_id=415159"},"modified":"2025-03-18T06:37:55","modified_gmt":"2025-03-18T11:37:55","slug":"encontrar-profesionales-del-cesped-y-el-paisajismo","status":"publish","type":"page","link":"https:\/\/devtgo.com\/es\/encontrar-profesionales-del-cesped-y-el-paisajismo\/","title":{"rendered":"Buscar profesionales del c\u00e9sped y el paisajismo"},"content":{"rendered":"<!DOCTYPE html PUBLIC \"-\/\/W3C\/\/DTD HTML 4.0 Transitional\/\/EN\" \"http:\/\/www.w3.org\/TR\/REC-html40\/loose.dtd\">\n<?xml encoding=\"utf-8\" ?>","protected":false},"excerpt":{"rendered":"","protected":false},"author":6338,"featured_media":0,"parent":0,"menu_order":0,"comment_status":"closed","ping_status":"closed","template":"page-glp.php","meta":{"_acf_changed":false,"inline_featured_image":false,"footnotes":""},"class_list":["post-415159","page","type-page","status-publish","hentry"],"acf":[],"yoast_head":"<!-- This site is optimized with the Yoast SEO plugin v26.0 - https:\/\/yoast.com\/wordpress\/plugins\/seo\/ -->\n<title>Find Grass and Landscape Professionals - The Grass Outlet<\/title>\n<meta name=\"description\" content=\"Find Grass and Landscape Professionals The Grass Outlet is the premier provider of sod grass in the state of Texas. Property owners in Texas can rely on us for grass when it&#039;s time to improve the landscaping of yards or lawns.\" \/>\n<meta name=\"robots\" content=\"noindex, follow, max-snippet:-1, max-image-preview:large, max-video-preview:-1\" \/>\n<meta property=\"og:locale\" content=\"es_MX\" \/>\n<meta property=\"og:type\" content=\"article\" \/>\n<meta property=\"og:title\" content=\"Find Grass and Landscape Professionals - The Grass Outlet\" \/>\n<meta property=\"og:description\" content=\"Find Grass and Landscape Professionals The Grass Outlet is the premier provider of sod grass in the state of Texas. Property owners in Texas can rely on us for grass when it&#039;s time to improve the landscaping of yards or lawns.\" \/>\n<meta property=\"og:url\" content=\"https:\/\/devtgo.com\/es\/encontrar-profesionales-del-cesped-y-el-paisajismo\/\" \/>\n<meta property=\"og:site_name\" content=\"The Grass Outlet\" \/>\n<meta property=\"article:publisher\" content=\"https:\/\/www.facebook.com\/pages\/The-Grass-Outlet\/269332396527430\" \/>\n<meta property=\"article:modified_time\" content=\"2025-03-18T11:37:55+00:00\" \/>\n<script type=\"application\/ld+json\" class=\"yoast-schema-graph\">{\"@context\":\"https:\/\/schema.org\",\"@graph\":[{\"@type\":\"WebPage\",\"@id\":\"https:\/\/devtgo.com\/find-grass-and-landscape-professionals\/\",\"url\":\"https:\/\/devtgo.com\/find-grass-and-landscape-professionals\/\",\"name\":\"Find Grass and Landscape Professionals - The Grass Outlet\",\"isPartOf\":{\"@id\":\"https:\/\/devtgo.com\/#website\"},\"datePublished\":\"2025-02-25T09:59:21+00:00\",\"dateModified\":\"2025-03-18T11:37:55+00:00\",\"description\":\"Find Grass and Landscape Professionals The Grass Outlet is the premier provider of sod grass in the state of Texas. Property owners in Texas can rely on us for grass when it's time to improve the landscaping of yards or lawns.\",\"breadcrumb\":{\"@id\":\"https:\/\/devtgo.com\/find-grass-and-landscape-professionals\/#breadcrumb\"},\"inLanguage\":\"es\",\"potentialAction\":[{\"@type\":\"ReadAction\",\"target\":[\"https:\/\/devtgo.com\/find-grass-and-landscape-professionals\/\"]}]},{\"@type\":\"BreadcrumbList\",\"@id\":\"https:\/\/devtgo.com\/find-grass-and-landscape-professionals\/#breadcrumb\",\"itemListElement\":[{\"@type\":\"ListItem\",\"position\":1,\"name\":\"Home\",\"item\":\"https:\/\/devtgo.com\/\"},{\"@type\":\"ListItem\",\"position\":2,\"name\":\"Find Grass and Landscape Professionals\"}]},{\"@type\":\"WebSite\",\"@id\":\"https:\/\/devtgo.com\/#website\",\"url\":\"https:\/\/devtgo.com\/\",\"name\":\"The Grass Outlet\",\"description\":\"&quot;Helping Texas Go Green, One Yard at a Time&quot;\",\"publisher\":{\"@id\":\"https:\/\/devtgo.com\/#organization\"},\"potentialAction\":[{\"@type\":\"SearchAction\",\"target\":{\"@type\":\"EntryPoint\",\"urlTemplate\":\"https:\/\/devtgo.com\/?s={search_term_string}\"},\"query-input\":{\"@type\":\"PropertyValueSpecification\",\"valueRequired\":true,\"valueName\":\"search_term_string\"}}],\"inLanguage\":\"es\"},{\"@type\":\"Organization\",\"@id\":\"https:\/\/devtgo.com\/#organization\",\"name\":\"The Grass Outlet\",\"url\":\"https:\/\/devtgo.com\/\",\"logo\":{\"@type\":\"ImageObject\",\"inLanguage\":\"es\",\"@id\":\"https:\/\/devtgo.com\/#\/schema\/logo\/image\/\",\"url\":\"https:\/\/devtgo.com\/wp-content\/uploads\/TxNative-1-scaled.jpg\",\"contentUrl\":\"https:\/\/devtgo.com\/wp-content\/uploads\/TxNative-1-scaled.jpg\",\"width\":1024,\"height\":720,\"caption\":\"The Grass Outlet\"},\"image\":{\"@id\":\"https:\/\/devtgo.com\/#\/schema\/logo\/image\/\"},\"sameAs\":[\"https:\/\/www.facebook.com\/pages\/The-Grass-Outlet\/269332396527430\",\"https:\/\/x.com\/TheGrassOutlet\"]}]}<\/script>\n<!-- \/ Yoast SEO plugin. -->","yoast_head_json":{"title":"Encuentre profesionales del c\u00e9sped y el paisajismo - The Grass Outlet","description":"Encuentre profesionales de c\u00e9sped y paisajismo The Grass Outlet es el principal proveedor de c\u00e9sped de tepes en el estado de Tejas. Los propietarios en Tejas pueden confiar en nosotros para el c\u00e9sped cuando es el momento de mejorar el paisaje de patios o jardines.","robots":{"index":"noindex","follow":"follow","max-snippet":"max-snippet:-1","max-image-preview":"max-image-preview:large","max-video-preview":"max-video-preview:-1"},"og_locale":"es_MX","og_type":"article","og_title":"Find Grass and Landscape Professionals - The Grass Outlet","og_description":"Find Grass and Landscape Professionals The Grass Outlet is the premier provider of sod grass in the state of Texas. Property owners in Texas can rely on us for grass when it's time to improve the landscaping of yards or lawns.","og_url":"https:\/\/devtgo.com\/es\/encontrar-profesionales-del-cesped-y-el-paisajismo\/","og_site_name":"The Grass Outlet","article_publisher":"https:\/\/www.facebook.com\/pages\/The-Grass-Outlet\/269332396527430","article_modified_time":"2025-03-18T11:37:55+00:00","schema":{"@context":"https:\/\/schema.org","@graph":[{"@type":"WebPage","@id":"https:\/\/devtgo.com\/find-grass-and-landscape-professionals\/","url":"https:\/\/devtgo.com\/find-grass-and-landscape-professionals\/","name":"Encuentre profesionales del c\u00e9sped y el paisajismo - The Grass Outlet","isPartOf":{"@id":"https:\/\/devtgo.com\/#website"},"datePublished":"2025-02-25T09:59:21+00:00","dateModified":"2025-03-18T11:37:55+00:00","description":"Encuentre profesionales de c\u00e9sped y paisajismo The Grass Outlet es el principal proveedor de c\u00e9sped de tepes en el estado de Tejas. Los propietarios en Tejas pueden confiar en nosotros para el c\u00e9sped cuando es el momento de mejorar el paisaje de patios o jardines.","breadcrumb":{"@id":"https:\/\/devtgo.com\/find-grass-and-landscape-professionals\/#breadcrumb"},"inLanguage":"es","potentialAction":[{"@type":"ReadAction","target":["https:\/\/devtgo.com\/find-grass-and-landscape-professionals\/"]}]},{"@type":"BreadcrumbList","@id":"https:\/\/devtgo.com\/find-grass-and-landscape-professionals\/#breadcrumb","itemListElement":[{"@type":"ListItem","position":1,"name":"Home","item":"https:\/\/devtgo.com\/"},{"@type":"ListItem","position":2,"name":"Find Grass and Landscape Professionals"}]},{"@type":"WebSite","@id":"https:\/\/devtgo.com\/#website","url":"https:\/\/devtgo.com\/","name":"The Grass Outlet","description":"\"Ayudando a Tejas a ser m\u00e1s verde, un jard\u00edn a la vez\"","publisher":{"@id":"https:\/\/devtgo.com\/#organization"},"potentialAction":[{"@type":"SearchAction","target":{"@type":"EntryPoint","urlTemplate":"https:\/\/devtgo.com\/?s={search_term_string}"},"query-input":{"@type":"PropertyValueSpecification","valueRequired":true,"valueName":"search_term_string"}}],"inLanguage":"es"},{"@type":"Organization","@id":"https:\/\/devtgo.com\/#organization","name":"The Grass Outlet","url":"https:\/\/devtgo.com\/","logo":{"@type":"ImageObject","inLanguage":"es","@id":"https:\/\/devtgo.com\/#\/schema\/logo\/image\/","url":"https:\/\/devtgo.com\/wp-content\/uploads\/TxNative-1-scaled.jpg","contentUrl":"https:\/\/devtgo.com\/wp-content\/uploads\/TxNative-1-scaled.jpg","width":1024,"height":720,"caption":"The Grass Outlet"},"image":{"@id":"https:\/\/devtgo.com\/#\/schema\/logo\/image\/"},"sameAs":["https:\/\/www.facebook.com\/pages\/The-Grass-Outlet\/269332396527430","https:\/\/x.com\/TheGrassOutlet"]}]}},"_links":{"self":[{"href":"https:\/\/devtgo.com\/es\/wp-json\/wp\/v2\/pages\/415159","targetHints":{"allow":["GET"]}}],"collection":[{"href":"https:\/\/devtgo.com\/es\/wp-json\/wp\/v2\/pages"}],"about":[{"href":"https:\/\/devtgo.com\/es\/wp-json\/wp\/v2\/types\/page"}],"author":[{"embeddable":true,"href":"https:\/\/devtgo.com\/es\/wp-json\/wp\/v2\/users\/6338"}],"replies":[{"embeddable":true,"href":"https:\/\/devtgo.com\/es\/wp-json\/wp\/v2\/comments?post=415159"}],"version-history":[{"count":6,"href":"https:\/\/devtgo.com\/es\/wp-json\/wp\/v2\/pages\/415159\/revisions"}],"predecessor-version":[{"id":423991,"href":"https:\/\/devtgo.com\/es\/wp-json\/wp\/v2\/pages\/415159\/revisions\/423991"}],"wp:attachment":[{"href":"https:\/\/devtgo.com\/es\/wp-json\/wp\/v2\/media?parent=415159"}],"curies":[{"name":"wp","href":"https:\/\/api.w.org\/{rel}","templated":true}]}}