{"id":44,"date":"2012-11-19T20:55:34","date_gmt":"2012-11-19T20:55:34","guid":{"rendered":"https:\/\/devtgo.com\/?page_id=44"},"modified":"2025-10-23T14:07:35","modified_gmt":"2025-10-23T19:07:35","slug":"abono","status":"publish","type":"page","link":"https:\/\/devtgo.com\/es\/cuidado-del-cesped\/abono\/","title":{"rendered":"Fertilizaci\u00f3n y Control de maleza"},"content":{"rendered":"<div class=\"container body-copy bg-white pt-0 pb-0\">\n            <div class=\"row\">\n                <div class=\"col-12\">\n                    <h3>Ya hemos abonado el c\u00e9sped por usted<\/h3>\n<p>Durante la fase de establecimiento, no se recomiendan aplicaciones de fertilizantes, salvo un abono de arranque bajo en nitr\u00f3geno para ayudar al establecimiento de las ra\u00edces y potenciar el crecimiento. <a href=\"https:\/\/www.microlifefertilizer.com\/product\/brown-patch-5-1-3\/\" target=\"_blank\" rel=\"noopener\">MicroLife Parche marr\u00f3n 5-1-3<\/a> es una opci\u00f3n excelente porque el nitr\u00f3geno es 100% de liberaci\u00f3n lenta, por lo que no quemar\u00e1 la hierba nueva ni las ra\u00edces. Adem\u00e1s, contiene una cantidad ideal de potasio y f\u00f3sforo, lo que contribuir\u00e1 a un desarrollo r\u00e1pido y sano de las ra\u00edces y a la salud general de la planta. Adem\u00e1s, contiene innumerables cantidades de otros nutrientes y microbios que fortalecen el suelo y las ra\u00edces, entre ellos <a href=\"https:\/\/www.motherearthnews.com\/sustainable-living\/nature-and-environment\/symbiotic-relationship-zm0z14aszkin\/\" target=\"_blank\" rel=\"noopener\">hongos micorr\u00edcicos<\/a>. Puede introducir su c\u00f3digo postal en su sitio web para localizar la tienda m\u00e1s cercana.<\/p>\n<h3>Aplicamos regularmente herbicidas preemergentes<\/h3>\n<figure class=\"alignright wp-image-568787 size-medium\"><a href=\"https:\/\/devtgo.com\/wp-content\/uploads\/Fertilization-and-pre-emergent-tips.png\"><img loading=\"lazy\" decoding=\"async\" class=\"\" src=\"https:\/\/devtgo.com\/wp-content\/uploads\/Fertilization-and-pre-emergent-tips-270x300.png\" alt=\"\" width=\"270\" height=\"300\" srcset=\"https:\/\/devtgo.com\/wp-content\/uploads\/Fertilization-and-pre-emergent-tips-270x300.png 270w, https:\/\/devtgo.com\/wp-content\/uploads\/Fertilization-and-pre-emergent-tips-922x1024.png 922w, https:\/\/devtgo.com\/wp-content\/uploads\/Fertilization-and-pre-emergent-tips-768x853.png 768w, https:\/\/devtgo.com\/wp-content\/uploads\/Fertilization-and-pre-emergent-tips-760x844.png 760w, https:\/\/devtgo.com\/wp-content\/uploads\/Fertilization-and-pre-emergent-tips.png 1080w\" sizes=\"auto, (max-width: 270px) 100vw, 270px\"><\/a><\/figure>\n<p>Los campos de c\u00e9sped siguen un programa regular de herbicidas pre-emergentes. Sin embargo, en ocasiones es inevitable que aparezcan algunas malas hierbas al cultivar un producto vivo al aire libre cuando los fen\u00f3menos meteorol\u00f3gicos importantes interrumpen nuestro programa de mantenimiento. En estos casos, reanudamos el mantenimiento lo antes posible e inspeccionamos los campos para detectar la aparici\u00f3n de malas hierbas y las rociamos con herbicidas potentes post-emergentes.<\/p>\n<h3>Aplicaciones estacionales de fertilizantes y herbicidas preemergentes<\/h3>\n<p>Tras el establecimiento, se recomienda el control estacional de las malas hierbas y la aplicaci\u00f3n de fertilizantes por variedades para mantener el c\u00e9sped en un estado \u00f3ptimo. Los fertilizantes estacionales y los herbicidas pre-emergentes son esenciales para mantener un c\u00e9sped verde, sano y exuberante. Seguir un programa de mantenimiento bien planificado es la mejor manera de asegurarse de que su c\u00e9sped se mantiene sano y lo suficientemente denso como para combatir plagas como malas hierbas, insectos, enfermedades y mucho m\u00e1s.<\/p>\n<h3>Aumente la eficacia de los fertilizantes y reduzca los residuos<\/h3>\n<p>Algunas personas optan por realizar <a href=\"https:\/\/devtgo.com\/es\/cuidado-del-cesped\/antes-de-plantar\/analisis-de-suelos\/\">an\u00e1lisis del suelo<\/a> antes de abonar. El an\u00e1lisis del suelo les permite elegir el mejor abono posible y ayuda a minimizar el exceso y el desperdicio. Si decide no analizar el suelo, aplique un fertilizante con una proporci\u00f3n de 3-1-2 \u00f3 2-1-1 a una dosis equivalente a 1 libra de nitr\u00f3geno por cada 1.000 pies cuadrados. Tenga en cuenta que las necesidades de fertilizaci\u00f3n var\u00edan seg\u00fan la variedad y muchos factores ambientales. Es esencial que investigue antes de elegir qu\u00e9 producto aplicar a su jard\u00edn. Puede obtener m\u00e1s informaci\u00f3n sobre la fertilizaci\u00f3n aqu\u00ed.<\/p>\n<figure class=\"alignnone size-medium wp-image-568911\"><a href=\"https:\/\/devtgo.com\/wp-content\/uploads\/Soil-testing-1.png\"><img loading=\"lazy\" decoding=\"async\" class=\"\" src=\"https:\/\/devtgo.com\/wp-content\/uploads\/Soil-testing-1-300x137.png\" alt=\"\" width=\"300\" height=\"137\" srcset=\"https:\/\/devtgo.com\/wp-content\/uploads\/Soil-testing-1-300x137.png 300w, https:\/\/devtgo.com\/wp-content\/uploads\/Soil-testing-1-1024x468.png 1024w, https:\/\/devtgo.com\/wp-content\/uploads\/Soil-testing-1-768x351.png 768w, https:\/\/devtgo.com\/wp-content\/uploads\/Soil-testing-1-1536x702.png 1536w, https:\/\/devtgo.com\/wp-content\/uploads\/Soil-testing-1-760x347.png 760w, https:\/\/devtgo.com\/wp-content\/uploads\/Soil-testing-1.png 1750w\" sizes=\"auto, (max-width: 300px) 100vw, 300px\"><\/a><\/figure>\n<h3>Una preparaci\u00f3n adecuada del terreno es clave para controlar las malas hierbas<\/h3>\n<p>A veces puede resultar dif\u00edcil controlar las malas hierbas, sobre todo durante el primer a\u00f1o del c\u00e9sped o si \u00e9ste no est\u00e1 sano. Incluso si no hab\u00eda malas hierbas en la zona antes de la instalaci\u00f3n, los patios que reciben tierra vegetal nueva, se cultivan y reciben riego abundante para el establecimiento del c\u00e9sped nuevo tambi\u00e9n crean las condiciones perfectas para la germinaci\u00f3n de semillas y el posterior crecimiento de malas hierbas. Aunque no hay forma de evitar la aparici\u00f3n de malas hierbas en el futuro, una preparaci\u00f3n adecuada del terreno ayudar\u00e1 a reducir en gran medida su presencia. M\u00e1s informaci\u00f3n <a href=\"https:\/\/devtgo.com\/es\/cuidado-del-cesped\/antes-de-plantar\/control-de-las-malas-hierbas\/\">control de las malas hierbas<\/a> preinstalar.<\/p>\n<h3>Aparici\u00f3n de malas hierbas tras la instalaci\u00f3n<\/h3>\n<p>Desgraciadamente, las malas hierbas no son infrecuentes poco despu\u00e9s de la instalaci\u00f3n de c\u00e9sped nuevo, incluso si no hab\u00eda malas hierbas creciendo en la zona antes de la instalaci\u00f3n. Los terrenos que reciben tierra vegetal nueva, se cultivan y se riegan abundantemente para el establecimiento del c\u00e9sped nuevo tambi\u00e9n crean las condiciones perfectas para la germinaci\u00f3n de las semillas y el posterior crecimiento de las malas hierbas. Las semillas de malas hierbas se propagan de varias maneras que a menudo son inevitables, como la tierra vegetal contaminada, las semillas latentes, los excrementos de p\u00e1jaros y animales, el viento, la lluvia y la escorrent\u00eda de agua, las propiedades vecinas, y m\u00e1s.<\/p>\n<h3>Preocupaci\u00f3n por las malas hierbas en New Grass<\/h3>\n<p>Por desgracia, saber de d\u00f3nde proceden las malas hierbas puede resultar cada vez m\u00e1s dif\u00edcil cuanto m\u00e1s tiempo pasa desde el d\u00eda de la entrega. Es fundamental <a href=\"https:\/\/devtgo.com\/es\/preocupaciones\/\">notif\u00edquenoslo sin demora<\/a> cuando se observen malas hierbas en los bloques de c\u00e9sped durante la instalaci\u00f3n o en cuanto emerjan en los nuevos bloques de c\u00e9sped, para que podamos identificar su origen. Las malas hierbas que aparecen con la hierba fresca ser\u00e1n observables en uno o dos d\u00edas porque estar\u00edan muy cerca de la superficie, brotar\u00edan r\u00e1pidamente con el riego frecuente y la luz solar, y no estar\u00edan adheridas a la tierra de abajo. Las malas hierbas que brotan a trav\u00e9s de las costuras de los bloques de c\u00e9sped est\u00e1n emergiendo de la tierra vegetal existente o nueva.<\/p>\n<h3>Unas pr\u00e1cticas culturales adecuadas reducen la prevalencia de las malas hierbas<\/h3>\n<p>La mejor manera de controlar las malas hierbas es mantener unas buenas pr\u00e1cticas culturales, como segar con frecuencia, abonar en funci\u00f3n de los resultados de los an\u00e1lisis del suelo, aplicar correctamente herbicidas pre-emergentes, regar adecuadamente, etc. Seguir un programa de mantenimiento bien planificado basado en el tipo de cultivo, las condiciones del jard\u00edn, el tipo de suelo, las expectativas del c\u00e9sped y el clima de la estaci\u00f3n fomentar\u00e1 un rendimiento \u00f3ptimo. Adem\u00e1s, pulverizar las malas hierbas en cuanto aparezcan evitar\u00e1 que se contaminen con m\u00e1s semillas.<\/p>\n<h3>El momento es crucial para las aplicaciones preemergentes<\/h3>\n<p>Un programa de mantenimiento de c\u00e9spedes de temporada c\u00e1lida debe incluir siempre el uso de herbicidas pre-emergentes. Para garantizar su eficacia, debe tener cuidado de <a href=\"https:\/\/devtgo.com\/es\/cuando-aplicar-pre-emergente-en-el-norte-de-texas\/\">aplicar herbicidas pre-emergentes<\/a> en el momento adecuado. La aplicaci\u00f3n de estos herbicidas fuera del momento ideal <a href=\"https:\/\/www.greencastonline.com\/tools\/soil-temperature\" target=\"_blank\" rel=\"noopener\">temperaturas del suelo<\/a> puede inutilizar el herbicida.<\/p>\n<h3>Los herbicidas preemergentes pueden ralentizar el crecimiento<\/h3>\n<p>Tenga en cuenta que nunca deben aplicarse herbicidas pre-emergentes al c\u00e9sped reci\u00e9n plantado. Si ha tratado el suelo con pre-emergentes, deber\u00e1 esperar 90 d\u00edas antes de plantar el c\u00e9sped, a menos que se indique lo contrario en la etiqueta. Del mismo modo, los pre-emergentes no deben aplicarse durante los 90 d\u00edas posteriores a la plantaci\u00f3n.<\/p>\n<figure class=\"alignright wp-image-568905 size-medium\"><a href=\"https:\/\/devtgo.com\/wp-content\/uploads\/avoid-pre-emergent-herbicides-on-new-sod.png\"><img loading=\"lazy\" decoding=\"async\" class=\"\" src=\"https:\/\/devtgo.com\/wp-content\/uploads\/avoid-pre-emergent-herbicides-on-new-sod-270x300.png\" alt=\"\" width=\"270\" height=\"300\" srcset=\"https:\/\/devtgo.com\/wp-content\/uploads\/avoid-pre-emergent-herbicides-on-new-sod-270x300.png 270w, https:\/\/devtgo.com\/wp-content\/uploads\/avoid-pre-emergent-herbicides-on-new-sod-922x1024.png 922w, https:\/\/devtgo.com\/wp-content\/uploads\/avoid-pre-emergent-herbicides-on-new-sod-768x853.png 768w, https:\/\/devtgo.com\/wp-content\/uploads\/avoid-pre-emergent-herbicides-on-new-sod-760x844.png 760w, https:\/\/devtgo.com\/wp-content\/uploads\/avoid-pre-emergent-herbicides-on-new-sod.png 1080w\" sizes=\"auto, (max-width: 270px) 100vw, 270px\"><\/a><\/figure>\n<h3>Las malas hierbas de rizoma tuberoso NUNCA deben arrancarse a mano<\/h3>\n<p><strong>Algunas malas hierbas, como las cochinillas y los dientes de le\u00f3n, no deben arrancarse a mano a menos que se tenga mucho cuidado de eliminar completamente del suelo todas las partes de la planta.<\/strong> Si se dejan tub\u00e9rculos, rizomas, etc., pueden aparecer nuevas malas hierbas. Lo mejor es controlar estas malas hierbas roci\u00e1ndolas con herbicidas post-emergentes poco despu\u00e9s de que broten y antes de que se conviertan en semillas. Por ejemplo, la pulverizaci\u00f3n localizada <a href=\"https:\/\/agrilifeextension.tamu.edu\/asset-external\/nutsedge-and-kylina-species-control-for-homeowners\/\" target=\"_blank\" rel=\"noopener\">coquillo<\/a> con <a href=\"https:\/\/www.amazon.com\/Sedgehammer-Plus-Herbicide-Grams-Packs\/dp\/B007PHNUOE?th=1\" target=\"_blank\" rel=\"noopener\">SedgeHammer+<\/a> es muy eficaz. Dicho esto, debe aplicar el herbicida al voleo si el problema de las malas hierbas est\u00e1 muy extendido, la zona de cobertura es grande, etc.<\/p>\n<p>Recursos adicionales:<\/p>\n<ul>\n<li><a href=\"https:\/\/www.austintexas.gov\/sites\/default\/files\/files\/Watershed\/growgreen\/3_7_12_2011_lawn_fertilization_in_tx_E-437_handout_3_Chalmers.pdf\" target=\"_blank\" rel=\"noopener\">Fertilizaci\u00f3n de los c\u00e9spedes de temporada c\u00e1lida de Tejas<\/a><\/li>\n<li><a href=\"https:\/\/hgic.clemson.edu\/factsheet\/zoysiagrass-maintenance-calendar\/\" target=\"_blank\" rel=\"noopener\">Programa de mantenimiento anual de Zoysiagrass<\/a><\/li>\n<li><a href=\"https:\/\/www.yumpu.com\/en\/document\/read\/11261062\/a-field-guide-to-broadleaf-weeds-bayer-cropscience\" target=\"_blank\" rel=\"noopener\">Producto herbicida Bayer y Gu\u00eda ilustrada de malas hierbas<\/a><\/li>\n<li><a href=\"https:\/\/aggieturf.tamu.edu\/turfgrass-weeds\/\" target=\"_blank\" rel=\"noopener\">Gu\u00eda de im\u00e1genes de las malas hierbas del c\u00e9sped de Tejas de Aggie Turf<\/a><\/li>\n<li><a href=\"https:\/\/www.youtube.com\/playlist?list=PLQURG_bPpA0DV4IneAikcT4f2-CEbUjc5\" target=\"_blank\" rel=\"noopener\">Canal YouTube Lawn Care Life<\/a><\/li>\n<\/ul>\n                <\/div>\n            <\/div>\n        <\/div>","protected":false},"excerpt":{"rendered":"","protected":false},"author":659,"featured_media":568783,"parent":352799,"menu_order":0,"comment_status":"open","ping_status":"closed","template":"","meta":{"_acf_changed":false,"inline_featured_image":false,"footnotes":""},"class_list":["post-44","page","type-page","status-publish","has-post-thumbnail","hentry"],"acf":[],"yoast_head":"<!-- This site is optimized with the Yoast SEO plugin v26.0 - https:\/\/yoast.com\/wordpress\/plugins\/seo\/ -->\n<title>The Grass Outlet | Fertilization<\/title>\n<meta name=\"description\" content=\"Find out about the basics of lawn fertilizing, including when and how to apply fertilizer for optimal grass health, and much more in our guide.\" \/>\n<meta name=\"robots\" content=\"noindex, follow, max-snippet:-1, max-image-preview:large, max-video-preview:-1\" \/>\n<meta property=\"og:locale\" content=\"es_MX\" \/>\n<meta property=\"og:type\" content=\"article\" \/>\n<meta property=\"og:title\" content=\"The Grass Outlet | Fertilization\" \/>\n<meta property=\"og:description\" content=\"Find out about the basics of lawn fertilizing, including when and how to apply fertilizer for optimal grass health, and much more in our guide.\" \/>\n<meta property=\"og:url\" content=\"https:\/\/devtgo.com\/es\/cuidado-del-cesped\/abono\/\" \/>\n<meta property=\"og:site_name\" content=\"The Grass Outlet\" \/>\n<meta property=\"article:publisher\" content=\"https:\/\/www.facebook.com\/pages\/The-Grass-Outlet\/269332396527430\" \/>\n<meta property=\"article:modified_time\" content=\"2025-10-23T19:07:35+00:00\" \/>\n<meta property=\"og:image\" content=\"https:\/\/devtgo.com\/wp-content\/uploads\/Fertilizing-grass-with-machine.png\" \/>\n\t<meta property=\"og:image:width\" content=\"1750\" \/>\n\t<meta property=\"og:image:height\" content=\"800\" \/>\n\t<meta property=\"og:image:type\" content=\"image\/png\" \/>\n<meta name=\"twitter:label1\" content=\"Tiempo de lectura\" \/>\n\t<meta name=\"twitter:data1\" content=\"3 minutos\" \/>\n<script type=\"application\/ld+json\" class=\"yoast-schema-graph\">{\"@context\":\"https:\/\/schema.org\",\"@graph\":[{\"@type\":\"WebPage\",\"@id\":\"https:\/\/devtgo.com\/grass-care\/fertilizing\/\",\"url\":\"https:\/\/devtgo.com\/grass-care\/fertilizing\/\",\"name\":\"The Grass Outlet | Fertilization\",\"isPartOf\":{\"@id\":\"https:\/\/devtgo.com\/#website\"},\"primaryImageOfPage\":{\"@id\":\"https:\/\/devtgo.com\/grass-care\/fertilizing\/#primaryimage\"},\"image\":{\"@id\":\"https:\/\/devtgo.com\/grass-care\/fertilizing\/#primaryimage\"},\"thumbnailUrl\":\"https:\/\/devtgo.com\/wp-content\/uploads\/Fertilizing-grass-with-machine.png\",\"datePublished\":\"2012-11-19T20:55:34+00:00\",\"dateModified\":\"2025-10-23T19:07:35+00:00\",\"description\":\"Find out about the basics of lawn fertilizing, including when and how to apply fertilizer for optimal grass health, and much more in our guide.\",\"breadcrumb\":{\"@id\":\"https:\/\/devtgo.com\/grass-care\/fertilizing\/#breadcrumb\"},\"inLanguage\":\"es\",\"potentialAction\":[{\"@type\":\"ReadAction\",\"target\":[\"https:\/\/devtgo.com\/grass-care\/fertilizing\/\"]}]},{\"@type\":\"ImageObject\",\"inLanguage\":\"es\",\"@id\":\"https:\/\/devtgo.com\/grass-care\/fertilizing\/#primaryimage\",\"url\":\"https:\/\/devtgo.com\/wp-content\/uploads\/Fertilizing-grass-with-machine.png\",\"contentUrl\":\"https:\/\/devtgo.com\/wp-content\/uploads\/Fertilizing-grass-with-machine.png\",\"width\":1750,\"height\":800},{\"@type\":\"BreadcrumbList\",\"@id\":\"https:\/\/devtgo.com\/grass-care\/fertilizing\/#breadcrumb\",\"itemListElement\":[{\"@type\":\"ListItem\",\"position\":1,\"name\":\"Home\",\"item\":\"https:\/\/devtgo.com\/\"},{\"@type\":\"ListItem\",\"position\":2,\"name\":\"Grass Care 101: Mastering Lawn Care\",\"item\":\"https:\/\/devtgo.com\/grass-care\/\"},{\"@type\":\"ListItem\",\"position\":3,\"name\":\"Fertilizing &#038; Managing Weeds\"}]},{\"@type\":\"WebSite\",\"@id\":\"https:\/\/devtgo.com\/#website\",\"url\":\"https:\/\/devtgo.com\/\",\"name\":\"The Grass Outlet\",\"description\":\"&quot;Helping Texas Go Green, One Yard at a Time&quot;\",\"publisher\":{\"@id\":\"https:\/\/devtgo.com\/#organization\"},\"potentialAction\":[{\"@type\":\"SearchAction\",\"target\":{\"@type\":\"EntryPoint\",\"urlTemplate\":\"https:\/\/devtgo.com\/?s={search_term_string}\"},\"query-input\":{\"@type\":\"PropertyValueSpecification\",\"valueRequired\":true,\"valueName\":\"search_term_string\"}}],\"inLanguage\":\"es\"},{\"@type\":\"Organization\",\"@id\":\"https:\/\/devtgo.com\/#organization\",\"name\":\"The Grass Outlet\",\"url\":\"https:\/\/devtgo.com\/\",\"logo\":{\"@type\":\"ImageObject\",\"inLanguage\":\"es\",\"@id\":\"https:\/\/devtgo.com\/#\/schema\/logo\/image\/\",\"url\":\"https:\/\/devtgo.com\/wp-content\/uploads\/TxNative-1-scaled.jpg\",\"contentUrl\":\"https:\/\/devtgo.com\/wp-content\/uploads\/TxNative-1-scaled.jpg\",\"width\":1024,\"height\":720,\"caption\":\"The Grass Outlet\"},\"image\":{\"@id\":\"https:\/\/devtgo.com\/#\/schema\/logo\/image\/\"},\"sameAs\":[\"https:\/\/www.facebook.com\/pages\/The-Grass-Outlet\/269332396527430\",\"https:\/\/x.com\/TheGrassOutlet\"]}]}<\/script>\n<!-- \/ Yoast SEO plugin. -->","yoast_head_json":{"title":"The Grass Outlet | Fertilizaci\u00f3n","description":"Inf\u00f3rmese sobre los aspectos b\u00e1sicos de la fertilizaci\u00f3n del c\u00e9sped, incluyendo cu\u00e1ndo y c\u00f3mo aplicar el abono para una salud \u00f3ptima del c\u00e9sped, y mucho m\u00e1s en nuestra gu\u00eda.","robots":{"index":"noindex","follow":"follow","max-snippet":"max-snippet:-1","max-image-preview":"max-image-preview:large","max-video-preview":"max-video-preview:-1"},"og_locale":"es_MX","og_type":"article","og_title":"The Grass Outlet | Fertilization","og_description":"Find out about the basics of lawn fertilizing, including when and how to apply fertilizer for optimal grass health, and much more in our guide.","og_url":"https:\/\/devtgo.com\/es\/cuidado-del-cesped\/abono\/","og_site_name":"The Grass Outlet","article_publisher":"https:\/\/www.facebook.com\/pages\/The-Grass-Outlet\/269332396527430","article_modified_time":"2025-10-23T19:07:35+00:00","og_image":[{"width":1750,"height":800,"url":"https:\/\/devtgo.com\/wp-content\/uploads\/Fertilizing-grass-with-machine.png","type":"image\/png"}],"twitter_misc":{"Tiempo de lectura":"3 minutos"},"schema":{"@context":"https:\/\/schema.org","@graph":[{"@type":"WebPage","@id":"https:\/\/devtgo.com\/grass-care\/fertilizing\/","url":"https:\/\/devtgo.com\/grass-care\/fertilizing\/","name":"The Grass Outlet | Fertilizaci\u00f3n","isPartOf":{"@id":"https:\/\/devtgo.com\/#website"},"primaryImageOfPage":{"@id":"https:\/\/devtgo.com\/grass-care\/fertilizing\/#primaryimage"},"image":{"@id":"https:\/\/devtgo.com\/grass-care\/fertilizing\/#primaryimage"},"thumbnailUrl":"https:\/\/devtgo.com\/wp-content\/uploads\/Fertilizing-grass-with-machine.png","datePublished":"2012-11-19T20:55:34+00:00","dateModified":"2025-10-23T19:07:35+00:00","description":"Inf\u00f3rmese sobre los aspectos b\u00e1sicos de la fertilizaci\u00f3n del c\u00e9sped, incluyendo cu\u00e1ndo y c\u00f3mo aplicar el abono para una salud \u00f3ptima del c\u00e9sped, y mucho m\u00e1s en nuestra gu\u00eda.","breadcrumb":{"@id":"https:\/\/devtgo.com\/grass-care\/fertilizing\/#breadcrumb"},"inLanguage":"es","potentialAction":[{"@type":"ReadAction","target":["https:\/\/devtgo.com\/grass-care\/fertilizing\/"]}]},{"@type":"ImageObject","inLanguage":"es","@id":"https:\/\/devtgo.com\/grass-care\/fertilizing\/#primaryimage","url":"https:\/\/devtgo.com\/wp-content\/uploads\/Fertilizing-grass-with-machine.png","contentUrl":"https:\/\/devtgo.com\/wp-content\/uploads\/Fertilizing-grass-with-machine.png","width":1750,"height":800},{"@type":"BreadcrumbList","@id":"https:\/\/devtgo.com\/grass-care\/fertilizing\/#breadcrumb","itemListElement":[{"@type":"ListItem","position":1,"name":"Home","item":"https:\/\/devtgo.com\/"},{"@type":"ListItem","position":2,"name":"Grass Care 101: Mastering Lawn Care","item":"https:\/\/devtgo.com\/grass-care\/"},{"@type":"ListItem","position":3,"name":"Fertilizing &#038; Managing Weeds"}]},{"@type":"WebSite","@id":"https:\/\/devtgo.com\/#website","url":"https:\/\/devtgo.com\/","name":"The Grass Outlet","description":"\"Ayudando a Tejas a ser m\u00e1s verde, un jard\u00edn a la vez\"","publisher":{"@id":"https:\/\/devtgo.com\/#organization"},"potentialAction":[{"@type":"SearchAction","target":{"@type":"EntryPoint","urlTemplate":"https:\/\/devtgo.com\/?s={search_term_string}"},"query-input":{"@type":"PropertyValueSpecification","valueRequired":true,"valueName":"search_term_string"}}],"inLanguage":"es"},{"@type":"Organization","@id":"https:\/\/devtgo.com\/#organization","name":"The Grass Outlet","url":"https:\/\/devtgo.com\/","logo":{"@type":"ImageObject","inLanguage":"es","@id":"https:\/\/devtgo.com\/#\/schema\/logo\/image\/","url":"https:\/\/devtgo.com\/wp-content\/uploads\/TxNative-1-scaled.jpg","contentUrl":"https:\/\/devtgo.com\/wp-content\/uploads\/TxNative-1-scaled.jpg","width":1024,"height":720,"caption":"The Grass Outlet"},"image":{"@id":"https:\/\/devtgo.com\/#\/schema\/logo\/image\/"},"sameAs":["https:\/\/www.facebook.com\/pages\/The-Grass-Outlet\/269332396527430","https:\/\/x.com\/TheGrassOutlet"]}]}},"_links":{"self":[{"href":"https:\/\/devtgo.com\/es\/wp-json\/wp\/v2\/pages\/44","targetHints":{"allow":["GET"]}}],"collection":[{"href":"https:\/\/devtgo.com\/es\/wp-json\/wp\/v2\/pages"}],"about":[{"href":"https:\/\/devtgo.com\/es\/wp-json\/wp\/v2\/types\/page"}],"author":[{"embeddable":true,"href":"https:\/\/devtgo.com\/es\/wp-json\/wp\/v2\/users\/659"}],"replies":[{"embeddable":true,"href":"https:\/\/devtgo.com\/es\/wp-json\/wp\/v2\/comments?post=44"}],"version-history":[{"count":60,"href":"https:\/\/devtgo.com\/es\/wp-json\/wp\/v2\/pages\/44\/revisions"}],"predecessor-version":[{"id":568912,"href":"https:\/\/devtgo.com\/es\/wp-json\/wp\/v2\/pages\/44\/revisions\/568912"}],"up":[{"embeddable":true,"href":"https:\/\/devtgo.com\/es\/wp-json\/wp\/v2\/pages\/352799"}],"wp:featuredmedia":[{"embeddable":true,"href":"https:\/\/devtgo.com\/es\/wp-json\/wp\/v2\/media\/568783"}],"wp:attachment":[{"href":"https:\/\/devtgo.com\/es\/wp-json\/wp\/v2\/media?parent=44"}],"curies":[{"name":"wp","href":"https:\/\/api.w.org\/{rel}","templated":true}]}}