{"id":46,"date":"2012-11-19T20:55:47","date_gmt":"2012-11-19T20:55:47","guid":{"rendered":"https:\/\/devtgo.com\/?page_id=46"},"modified":"2025-10-23T14:46:50","modified_gmt":"2025-10-23T19:46:50","slug":"preocupaciones-comunes-sobre-el-cesped","status":"publish","type":"page","link":"https:\/\/devtgo.com\/es\/cuidado-del-cesped\/preocupaciones-comunes-sobre-el-cesped\/","title":{"rendered":"Preocupaciones comunes sobre el c\u00e9sped: D\u00eda de entrega"},"content":{"rendered":"<div class=\"container body-copy bg-white pt-0 pb-0\">\n            <div class=\"row\">\n                <div class=\"col-12\">\n                    <h2>La hierba se vuelve amarilla<\/h2>\n<h3>La decoloraci\u00f3n se resuelve plantando y regando pronto<\/h3>\n<p>La hierba es un producto vivo, y <strong>la decoloraci\u00f3n despu\u00e9s de la cosecha es un signo habitual de choque del trasplante<\/strong>. Cuando se siega la hierba, se corta su sistema radicular y ya no puede acceder al agua, los nutrientes y el o2 de la tierra. El color amarillento de la hierba, especialmente durante los meses m\u00e1s calurosos, no es infrecuente y no indica que no est\u00e9 sana. Debe planificar adecuadamente la plantaci\u00f3n y el riego de todo el c\u00e9sped el d\u00eda de la entrega.<\/p>\n<figure id=\"attachment_102725\" class=\"thumbnail wp-caption alignright\" style=\"width: 300px\"><a href=\"https:\/\/devtgo.com\/wp-content\/uploads\/Yellow-Tif-in-Summer.jpg\"><img loading=\"lazy\" decoding=\"async\" class=\"wp-image-102725 size-medium\" src=\"https:\/\/devtgo.com\/wp-content\/uploads\/Yellow-Tif-in-Summer-300x300.jpg\" alt=\"\" width=\"300\" height=\"300\" srcset=\"https:\/\/devtgo.com\/wp-content\/uploads\/Yellow-Tif-in-Summer-300x300.jpg 300w, https:\/\/devtgo.com\/wp-content\/uploads\/Yellow-Tif-in-Summer-100x100.jpg 100w, https:\/\/devtgo.com\/wp-content\/uploads\/Yellow-Tif-in-Summer-150x150.jpg 150w, https:\/\/devtgo.com\/wp-content\/uploads\/Yellow-Tif-in-Summer.jpg 329w\" sizes=\"auto, (max-width: 300px) 100vw, 300px\"><\/a><figcaption class=\"caption wp-caption-text\">Decoloraci\u00f3n post-cosecha<\/figcaption><\/figure>\n<h3>La temperatura ambiente afecta a la coloraci\u00f3n<\/h3>\n<p><strong>La decoloraci\u00f3n del c\u00e9sped var\u00eda en funci\u00f3n de la temperatura ambiente, la \u00e9poca del a\u00f1o, la variedad del c\u00e9sped, etc.<\/strong> El amarilleamiento es m\u00e1s frecuente y grave cuando la temperatura ambiente es de 85\u00b0F o m\u00e1s, e inevitable cuando la temperatura es de 90\u00b0F o m\u00e1s. Sin embargo, si se instala y riega el c\u00e9sped con prontitud el d\u00eda de la entrega y se siguen las instrucciones apropiadas, el amarilleamiento se puede evitar. <a href=\"https:\/\/devtgo.com\/es\/cuidado-del-cesped\/riego\/\">calendario de riego<\/a> en funci\u00f3n del clima, el m\u00e9todo de riego, el tipo de aspersor y las 5 S (especie, estaci\u00f3n, suelo, luz solar\/sombra), <strong>su c\u00e9sped deber\u00eda empezar a recuperarse en la primera o segunda semana tras la plantaci\u00f3n.<\/strong><\/p>\n<h3>Recuperaci\u00f3n total y establecimiento saludable<\/h3>\n<p>Siempre que riegue correctamente con agua suficiente para saturar profundamente el suelo 15 cm al d\u00eda, deber\u00eda notar <strong>aparici\u00f3n de nuevas hojas verdes en el c\u00e9sped en un plazo de 3 a 7 d\u00edas<\/strong>. Dependiendo del clima, de las condiciones del jard\u00edn y de las 5 S, su nuevo c\u00e9sped deber\u00eda echar ra\u00edces profundas y empezar a crecer en un plazo de 3 a 6 semanas si se riega y cuida adecuadamente. Tenga en cuenta que el c\u00e9sped tambi\u00e9n amarillear\u00e1 durante el oto\u00f1o a medida que entra en el letargo invernal.<\/p>\n<h3>Las condiciones del jard\u00edn y el clima afectan a la tasa de reverdecimiento<\/h3>\n<p>Tenga en cuenta que <strong>algunas zonas pueden tardar un poco m\u00e1s en reverdecer por completo<\/strong>. La velocidad de reverdecimiento depender\u00e1 de varios factores, como las diferentes condiciones del jard\u00edn y del suelo y las condiciones meteorol\u00f3gicas. Por ejemplo, el c\u00e9sped instalado a pleno sol, cerca de baldosas y hormig\u00f3n, en la parte superior de pendientes, en suelos compactados o densos, etc., puede tardar m\u00e1s que el c\u00e9sped plantado a media luz. Aseg\u00farese de vigilar las zonas que tardan m\u00e1s en reverdecer, ya que la lentitud de recuperaci\u00f3n podr\u00eda indicar un problema, como el mal funcionamiento de los aspersores, la escorrent\u00eda de agua, la mala infiltraci\u00f3n del suelo, problemas de drenaje, etc.<\/p>\n<p>Consulte nuestra <a href=\"https:\/\/devtgo.com\/es\/cuidado-del-cesped\/riego\/\">Art\u00edculo sobre riego<\/a>y util\u00edcelo como referencia para planificar el programa de riego y la duraci\u00f3n adecuados en funci\u00f3n de las diferentes condiciones del jard\u00edn y del suelo, los m\u00e9todos de riego, los aspersores, etc. Tenga en cuenta que lograr una saturaci\u00f3n profunda del suelo a diario es fundamental durante el establecimiento de las ra\u00edces.<\/p>\n<figure class=\"alignnone size-medium wp-image-104507\"><a href=\"https:\/\/devtgo.com\/wp-content\/uploads\/Dry-sod-blade-curling.png\"><img loading=\"lazy\" decoding=\"async\" class=\"\" src=\"https:\/\/devtgo.com\/wp-content\/uploads\/Dry-sod-blade-curling-300x137.png\" alt=\"\" width=\"300\" height=\"137\" srcset=\"https:\/\/devtgo.com\/wp-content\/uploads\/Dry-sod-blade-curling-300x137.png 300w, https:\/\/devtgo.com\/wp-content\/uploads\/Dry-sod-blade-curling-1024x468.png 1024w, https:\/\/devtgo.com\/wp-content\/uploads\/Dry-sod-blade-curling-768x351.png 768w, https:\/\/devtgo.com\/wp-content\/uploads\/Dry-sod-blade-curling-1536x702.png 1536w, https:\/\/devtgo.com\/wp-content\/uploads\/Dry-sod-blade-curling-760x347.png 760w, https:\/\/devtgo.com\/wp-content\/uploads\/Dry-sod-blade-curling.png 1750w\" sizes=\"auto, (max-width: 300px) 100vw, 300px\"><\/a><\/figure>\n<h3>El enrollamiento de las cuchillas suele dar lugar a errores de identificaci\u00f3n<\/h3>\n<p>Cuando la hierba empieza a secarse despu\u00e9s de la cosecha, la p\u00e9rdida de humedad hace que las hojas se enrosquen, encojan o doblen. Esto hace que las hojas parezcan m\u00e1s finas de lo normal. Es probable que tambi\u00e9n note cierta decoloraci\u00f3n y falta de brillo. Cuando un cliente se pone en contacto con nosotros preocupado por si le hemos entregado la variedad incorrecta o por si parte de su c\u00e9sped est\u00e1 contaminado con malas hierbas u otra variedad de c\u00e9sped, casi siempre se debe al rizado de las hojas.<\/p>\n<h3>Muy com\u00fan con temperaturas ambiente de 80\u00b0F+.<\/h3>\n<p>Esta es una de las causas m\u00e1s comunes de preocupaci\u00f3n en el d\u00eda de la entrega, especialmente cuando las temperaturas ambientales son de 80 \u00b0F+. Tambi\u00e9n es una caracter\u00edstica t\u00edpica del choque del trasplante que se resuelve r\u00e1pidamente una vez que el c\u00e9sped se instala y se riega profundamente el d\u00eda de la entrega, a menudo en uno o dos d\u00edas con temperaturas m\u00e1s suaves.<\/p>\n<h3>Lo m\u00e1s com\u00fan con las variedades de Zoysia<\/h3>\n<p>Blade-Curling es m\u00e1s notable en cultivares de Zoysia, especialmente <a href=\"https:\/\/devtgo.com\/es\/tienda\/palisade-zoysia\/\">Palisades Zoysia<\/a>. El grado de curvatura de la pala puede variar en funci\u00f3n de diversos factores, como la temperatura ambiente, la velocidad del viento, el programa de mantenimiento de la explotaci\u00f3n y el momento de la cosecha. Por ejemplo, la primera paleta cosechada se estresar\u00e1 m\u00e1s que la \u00faltima porque permanecer\u00e1 en la paleta un poco m\u00e1s de tiempo. Adem\u00e1s, las piezas de la capa superior se secar\u00e1n m\u00e1s. No es raro que estos bloques tarden m\u00e1s en recuperarse de la deformaci\u00f3n y decoloraci\u00f3n de las hojas. Dicho esto, las piezas de la capa superior son piezas adicionales que a\u00f1adimos por este motivo.<\/p>\n<figure class=\"alignright wp-image-568943 size-medium\"><a href=\"https:\/\/devtgo.com\/wp-content\/uploads\/The-Grass-Outlet-deliver-grass-within-24-hours-of-harvest.png\"><img loading=\"lazy\" decoding=\"async\" class=\"\" src=\"https:\/\/devtgo.com\/wp-content\/uploads\/The-Grass-Outlet-deliver-grass-within-24-hours-of-harvest-270x300.png\" alt=\"\" width=\"270\" height=\"300\" srcset=\"https:\/\/devtgo.com\/wp-content\/uploads\/The-Grass-Outlet-deliver-grass-within-24-hours-of-harvest-270x300.png 270w, https:\/\/devtgo.com\/wp-content\/uploads\/The-Grass-Outlet-deliver-grass-within-24-hours-of-harvest-922x1024.png 922w, https:\/\/devtgo.com\/wp-content\/uploads\/The-Grass-Outlet-deliver-grass-within-24-hours-of-harvest-768x853.png 768w, https:\/\/devtgo.com\/wp-content\/uploads\/The-Grass-Outlet-deliver-grass-within-24-hours-of-harvest-760x844.png 760w, https:\/\/devtgo.com\/wp-content\/uploads\/The-Grass-Outlet-deliver-grass-within-24-hours-of-harvest.png 1080w\" sizes=\"auto, (max-width: 270px) 100vw, 270px\"><\/a><\/figure>\n<h3>Siempre entregamos la hierba 24 horas despu\u00e9s de cosecharla<\/h3>\n<p>Pero no hay que preocuparse, ya que s\u00f3lo cosechamos el c\u00e9sped fresco por pedido el d\u00eda antes de la entrega, y nunca permitimos que repose lo suficiente como para afectar a su salud a largo plazo. Siempre y cuando el c\u00e9sped se instale y riegue r\u00e1pidamente el d\u00eda de la entrega y se riegue a diario mientras se establece, las hojas crecer\u00e1n a su anchura normal con el aumento de la humedad y la reducci\u00f3n del estr\u00e9s. El reverdecimiento completo y el establecimiento de las ra\u00edces deber\u00edan producirse en las primeras 3-6 semanas, dependiendo del tiempo, la estaci\u00f3n, el estado del suelo y el programa de riego.<\/p>\n<h2>Bloques rasgados y deformados<\/h2>\n<h3>La bermuda es una variedad de instalaci\u00f3n a dos manos<\/h3>\n<p>Aunque s\u00f3lo nos esforzamos por cosechar bloques de hierba de corte grueso que tengan siempre el mismo tama\u00f1o y forma, algunos factores ambientales pueden provocar ocasionalmente que algunos bloques no sean perfectos. Algunas variedades, como la Bermuda, no se bloquean bien por naturaleza. Estas variedades se denominan variedades de \"instalaci\u00f3n a dos manos\".<\/p>\n<figure class=\"alignright wp-image-568927 size-medium\"><a href=\"https:\/\/devtgo.com\/wp-content\/uploads\/Missing-soil-due-to-dulled-harvester-blades.png\"><img loading=\"lazy\" decoding=\"async\" class=\"\" src=\"https:\/\/devtgo.com\/wp-content\/uploads\/Missing-soil-due-to-dulled-harvester-blades-270x300.png\" alt=\"\" width=\"270\" height=\"300\" srcset=\"https:\/\/devtgo.com\/wp-content\/uploads\/Missing-soil-due-to-dulled-harvester-blades-270x300.png 270w, https:\/\/devtgo.com\/wp-content\/uploads\/Missing-soil-due-to-dulled-harvester-blades-922x1024.png 922w, https:\/\/devtgo.com\/wp-content\/uploads\/Missing-soil-due-to-dulled-harvester-blades-768x853.png 768w, https:\/\/devtgo.com\/wp-content\/uploads\/Missing-soil-due-to-dulled-harvester-blades-760x844.png 760w, https:\/\/devtgo.com\/wp-content\/uploads\/Missing-soil-due-to-dulled-harvester-blades.png 1080w\" sizes=\"auto, (max-width: 270px) 100vw, 270px\"><\/a><\/figure>\n<h3>El gran volumen puede embotar las cuchillas de la cosechadora<\/h3>\n<p>Cuando el volumen de cosecha es excepcionalmente alto, las cuchillas de nuestros equipos de recolecci\u00f3n pueden desafilarse m\u00e1s r\u00e1pido de lo habitual antes de que finalice cada jornada de cosecha. Por desgracia, unas cuchillas m\u00e1s romas pueden causar cortes irregulares, desgarros y p\u00e9rdida de tierra. Adem\u00e1s, cuando se pierde tierra, las ra\u00edces y los rizomas pueden hacerse m\u00e1s visibles.<\/p>\n<h3>La falta de suelo no afecta al establecimiento de las ra\u00edces<\/h3>\n<p>La mayor\u00eda de las variedades de c\u00e9sped h\u00edbrido cultivadas en Tejas son rizomatosas y estolon\u00edferas, lo que significa que se reproducen utilizando estas partes de la planta. Cuando <a href=\"https:\/\/www.youtube.com\/watch?v=D50JzWGGBJI\" target=\"_blank\" rel=\"noopener\">espolvoreando<\/a>\u00a0o\u00a0<a href=\"https:\/\/www.youtube.com\/watch?v=_tv2xlTua1k\" target=\"_blank\" rel=\"noopener\">plantar<\/a> En los campos de c\u00e9sped, los agricultores utilizan maquinaria especial para cortar las secciones de hierba en trozos m\u00e1s peque\u00f1os o eliminar los estolones del c\u00e9sped. Estas partes de la planta se vierten en zonas bien cultivadas. <a href=\"https:\/\/devtgo.com\/es\/cuidado-del-cesped\/antes-de-plantar\/tierra-vegetal-y-nivelacion\/\">tierra vegetal para c\u00e9sped<\/a>. La plantaci\u00f3n de c\u00e9sped utilizando partes expuestas de la planta tiene mucho \u00e9xito en las explotaciones de c\u00e9sped, incluso cuando no hay tierra adherida a las ra\u00edces, rizomas y estolones, y siempre que la capa superior del suelo est\u00e9 bien cultivada.<\/p>\n<h3>No desperdicie hierba viable<\/h3>\n<p>No obstante, entendemos que instalar bloques de esta naturaleza a mano no es lo ideal, <strong>los bloques deformes, la falta de tierra y las ra\u00edces expuestas no afectar\u00e1n a la salud del c\u00e9sped<\/strong>. A menudo se desecha impetuosamente c\u00e9sped sano y utilizable durante la instalaci\u00f3n porque los bloques no son cortes perfectos. En \u00faltima instancia, el tama\u00f1o y la forma de los trozos de c\u00e9sped son irrelevantes para la est\u00e9tica, ya que el c\u00e9sped crecer\u00e1 en las costuras si se cuida adecuadamente, independientemente del tama\u00f1o y la forma. Tenga en cuenta que siempre es <strong>buena pr\u00e1ctica disponer de tierra vegetal adicional el d\u00eda de la entrega<\/strong> para reforzar el suelo seg\u00fan sea necesario, mantener un \u00e1rea de instalaci\u00f3n nivelada y fomentar el establecimiento de ra\u00edces sanas.<\/p>\n<h3>F\u00f3rmula m\u00e1gica<\/h3>\n<p>Aunque no existe la magia, puede estar seguro de que todos los problemas mencionados anteriormente se resolver\u00e1n una vez que el c\u00e9sped se haya instalado y regado correctamente. Tenga en cuenta que debe seguir un programa de riego adecuado al clima y a las condiciones de su jard\u00edn durante todo el periodo de instalaci\u00f3n. Con un <a href=\"https:\/\/devtgo.com\/es\/cuidado-del-cesped\/\">regar el c\u00e9sped<\/a> y buenas pr\u00e1cticas culturales, la hierba reverdecer\u00e1 \"m\u00e1gicamente\" y se establecer\u00e1 de forma saludable\u00a0<strong>en las primeras 3-6 semanas<\/strong>dependiendo del clima. Tenga en cuenta que la tasa de reverdecer y crecimiento depender\u00e1 de diversas pr\u00e1cticas culturales y factores ambientales, tales como:<\/p>\n<ul>\n<li>Tiempo<\/li>\n<li>Preparaci\u00f3n del terreno<\/li>\n<li>Temporada<\/li>\n<li>Tipo y estado del suelo<\/li>\n<li>Calendario de mantenimiento<\/li>\n<li>Tr\u00e1fico<\/li>\n<li>Condiciones del patio<\/li>\n<li>Calendario y m\u00e9todo de riego<\/li>\n<li>Cultivo de c\u00e9sped<\/li>\n<li>Condiciones de luz solar<\/li>\n<li>Pr\u00e1cticas culturales<\/li>\n<\/ul>\n<h4>Consejo profesional:<\/h4>\n<p>Lo mejor es <strong>apartar los trozos m\u00e1s peque\u00f1os y deformes<\/strong>\u00a0y <strong>util\u00edcelos para rellenar los huecos de su jard\u00edn y las zonas con formas extra\u00f1as<\/strong>. Esto le ahorrar\u00e1 tiempo a largo plazo, ya que no tendr\u00e1 que cortar tantos bloques para que quepan en estos espacios. Cortar en la densa tierra arcillosa, las ra\u00edces y la vegetaci\u00f3n puede ser agotador y llevar mucho tiempo. Por eso, tener algunos bloques m\u00e1s peque\u00f1os y deformes puede ser una ventaja, \u00a1si no es excesiva! Si cree que ha recibido demasiada hierba en estas condiciones, no dude en ponerse en contacto con nosotros el mismo d\u00eda de la entrega rellenando nuestro formulario de env\u00edo de inquietudes en l\u00ednea.<\/p>\n<h2>Consejos para el d\u00eda de la entrega:<\/h2>\n<ul>\n<li>Visite <strong>tierra vegetal extra<\/strong> a mano para construir las zonas que sean necesarias.<\/li>\n<li><strong>NO utilice compost ni Dillo Dirt.<\/strong> En su lugar, opte por un <strong>mezcla de tierra y compost<\/strong>.<\/li>\n<li><strong>Afloje la tierra vegetal con un rastrillo de jardiner\u00eda<\/strong> antes de comenzar la instalaci\u00f3n.<\/li>\n<li><strong>Documentar cualquier preocupaci\u00f3n<\/strong> que tienes con fotos mientras completas la instalaci\u00f3n.<\/li>\n<li><strong>La capa superior de cada paleta es hierba extra que a menudo se seca y decolora m\u00e1s<\/strong>. Observe el c\u00e9sped unas capas m\u00e1s abajo para hacerse una mejor idea de su estado.<\/li>\n<li><strong>No tratar la capa superior del suelo ni el c\u00e9sped nuevo<\/strong> con abonos ricos en nitr\u00f3geno o de liberaci\u00f3n r\u00e1pida.<\/li>\n<li><strong>Despeje la entrada<\/strong> para que el conductor pueda soltar los palets con la carretilla elevadora.<\/li>\n<li>Revise <strong>revisar todo<\/strong> nuestras <a href=\"https:\/\/devtgo.com\/es\/cuidado-del-cesped\/\">Art\u00edculos sobre el cuidado del c\u00e9sped<\/a> antes de la entrega.<\/li>\n<\/ul>\n<h3>Qu\u00e9 necesitar\u00e1s:<\/h3>\n<ul>\n<li>Rastrillo de jardiner\u00eda<\/li>\n<li>Herramienta afilada - Como un machete, un cuchillo para c\u00e9sped, una bordeadora de jard\u00edn, etc.<\/li>\n<li><a href=\"https:\/\/rentals.lowes.com\/item\/Convertible%20Poly%20Lawn%20Roller\/24323\" target=\"_blank\" rel=\"noopener\">Rodillo de c\u00e9sped<\/a><\/li>\n<li>Sistema de riego o manguera de jard\u00edn con aspersor de manguera<\/li>\n<li>Tierra vegetal extrafondosa<\/li>\n<li>Carretilla (para transportar hierba)<\/li>\n<li>EPI - Como guantes de jardiner\u00eda, ropa de manga larga, calcetines largos, botas, etc.<\/li>\n<\/ul>\n<p>Aunque no es frecuente, ocasionalmente puede haber algunas hormigas u otros insectos en la hierba, que se cultiva al aire libre en una zona rural costera. Normalmente, las hormigas s\u00f3lo se meten en las pocas capas superiores de la(s) tarima(s). Esto es m\u00e1s frecuente cuando llueve mucho, ya que las hormigas buscan terrenos m\u00e1s altos. Por favor, documente el problema con un v\u00eddeo si el c\u00e9sped est\u00e1 muy infestado en todo el palet el d\u00eda de la entrega. La mayor\u00eda de los insecticidas pueden aplicarse de forma segura en el c\u00e9sped durante la instalaci\u00f3n o inmediatamente despu\u00e9s de terminarla. Tambi\u00e9n existen opciones naturales eficaces, como los nematodos beneficiosos. Si tiene alg\u00fan problema el d\u00eda de la entrega, rellene nuestro formulario <a href=\"https:\/\/devtgo.com\/es\/preocupaciones\/\">formulario de env\u00edo de inquietudes<\/a>.<\/p>\n                <\/div>\n            <\/div>\n        <\/div>","protected":false},"excerpt":{"rendered":"","protected":false},"author":659,"featured_media":0,"parent":352799,"menu_order":0,"comment_status":"open","ping_status":"closed","template":"","meta":{"_acf_changed":false,"inline_featured_image":false,"footnotes":""},"class_list":["post-46","page","type-page","status-publish","hentry"],"acf":[],"yoast_head":"<!-- This site is optimized with the Yoast SEO plugin v26.0 - https:\/\/yoast.com\/wordpress\/plugins\/seo\/ -->\n<title>Common Lawn Problems - The Grass Outlet<\/title>\n<meta name=\"description\" content=\"Learn how to address yellowed sod through planting and watering. Discover tips for overcoming transplant shock.\" \/>\n<meta name=\"robots\" content=\"noindex, follow, max-snippet:-1, max-image-preview:large, max-video-preview:-1\" \/>\n<meta property=\"og:locale\" content=\"es_MX\" \/>\n<meta property=\"og:type\" content=\"article\" \/>\n<meta property=\"og:title\" content=\"Common Lawn Problems - The Grass Outlet\" \/>\n<meta property=\"og:description\" content=\"Learn how to address yellowed sod through planting and watering. Discover tips for overcoming transplant shock.\" \/>\n<meta property=\"og:url\" content=\"https:\/\/devtgo.com\/es\/cuidado-del-cesped\/preocupaciones-comunes-sobre-el-cesped\/\" \/>\n<meta property=\"og:site_name\" content=\"The Grass Outlet\" \/>\n<meta property=\"article:publisher\" content=\"https:\/\/www.facebook.com\/pages\/The-Grass-Outlet\/269332396527430\" \/>\n<meta property=\"article:modified_time\" content=\"2025-10-23T19:46:50+00:00\" \/>\n<meta name=\"twitter:label1\" content=\"Tiempo de lectura\" \/>\n\t<meta name=\"twitter:data1\" content=\"8 minutos\" \/>\n<script type=\"application\/ld+json\" class=\"yoast-schema-graph\">{\"@context\":\"https:\/\/schema.org\",\"@graph\":[{\"@type\":\"WebPage\",\"@id\":\"https:\/\/devtgo.com\/grass-care\/common-grass-concerns\/\",\"url\":\"https:\/\/devtgo.com\/grass-care\/common-grass-concerns\/\",\"name\":\"Common Lawn Problems - The Grass Outlet\",\"isPartOf\":{\"@id\":\"https:\/\/devtgo.com\/#website\"},\"datePublished\":\"2012-11-19T20:55:47+00:00\",\"dateModified\":\"2025-10-23T19:46:50+00:00\",\"description\":\"Learn how to address yellowed sod through planting and watering. Discover tips for overcoming transplant shock.\",\"breadcrumb\":{\"@id\":\"https:\/\/devtgo.com\/grass-care\/common-grass-concerns\/#breadcrumb\"},\"inLanguage\":\"es\",\"potentialAction\":[{\"@type\":\"ReadAction\",\"target\":[\"https:\/\/devtgo.com\/grass-care\/common-grass-concerns\/\"]}]},{\"@type\":\"BreadcrumbList\",\"@id\":\"https:\/\/devtgo.com\/grass-care\/common-grass-concerns\/#breadcrumb\",\"itemListElement\":[{\"@type\":\"ListItem\",\"position\":1,\"name\":\"Home\",\"item\":\"https:\/\/devtgo.com\/\"},{\"@type\":\"ListItem\",\"position\":2,\"name\":\"Grass Care 101: Mastering Lawn Care\",\"item\":\"https:\/\/devtgo.com\/grass-care\/\"},{\"@type\":\"ListItem\",\"position\":3,\"name\":\"Common Delivery-Day Grass Concerns\"}]},{\"@type\":\"WebSite\",\"@id\":\"https:\/\/devtgo.com\/#website\",\"url\":\"https:\/\/devtgo.com\/\",\"name\":\"The Grass Outlet\",\"description\":\"&quot;Helping Texas Go Green, One Yard at a Time&quot;\",\"publisher\":{\"@id\":\"https:\/\/devtgo.com\/#organization\"},\"potentialAction\":[{\"@type\":\"SearchAction\",\"target\":{\"@type\":\"EntryPoint\",\"urlTemplate\":\"https:\/\/devtgo.com\/?s={search_term_string}\"},\"query-input\":{\"@type\":\"PropertyValueSpecification\",\"valueRequired\":true,\"valueName\":\"search_term_string\"}}],\"inLanguage\":\"es\"},{\"@type\":\"Organization\",\"@id\":\"https:\/\/devtgo.com\/#organization\",\"name\":\"The Grass Outlet\",\"url\":\"https:\/\/devtgo.com\/\",\"logo\":{\"@type\":\"ImageObject\",\"inLanguage\":\"es\",\"@id\":\"https:\/\/devtgo.com\/#\/schema\/logo\/image\/\",\"url\":\"https:\/\/devtgo.com\/wp-content\/uploads\/TxNative-1-scaled.jpg\",\"contentUrl\":\"https:\/\/devtgo.com\/wp-content\/uploads\/TxNative-1-scaled.jpg\",\"width\":1024,\"height\":720,\"caption\":\"The Grass Outlet\"},\"image\":{\"@id\":\"https:\/\/devtgo.com\/#\/schema\/logo\/image\/\"},\"sameAs\":[\"https:\/\/www.facebook.com\/pages\/The-Grass-Outlet\/269332396527430\",\"https:\/\/x.com\/TheGrassOutlet\"]}]}<\/script>\n<!-- \/ Yoast SEO plugin. -->","yoast_head_json":{"title":"Problemas comunes del c\u00e9sped - The Grass Outlet","description":"Aprenda a tratar el c\u00e9sped amarillento mediante la plantaci\u00f3n y el riego. Descubra consejos para superar el shock del trasplante.","robots":{"index":"noindex","follow":"follow","max-snippet":"max-snippet:-1","max-image-preview":"max-image-preview:large","max-video-preview":"max-video-preview:-1"},"og_locale":"es_MX","og_type":"article","og_title":"Common Lawn Problems - The Grass Outlet","og_description":"Learn how to address yellowed sod through planting and watering. Discover tips for overcoming transplant shock.","og_url":"https:\/\/devtgo.com\/es\/cuidado-del-cesped\/preocupaciones-comunes-sobre-el-cesped\/","og_site_name":"The Grass Outlet","article_publisher":"https:\/\/www.facebook.com\/pages\/The-Grass-Outlet\/269332396527430","article_modified_time":"2025-10-23T19:46:50+00:00","twitter_misc":{"Tiempo de lectura":"8 minutos"},"schema":{"@context":"https:\/\/schema.org","@graph":[{"@type":"WebPage","@id":"https:\/\/devtgo.com\/grass-care\/common-grass-concerns\/","url":"https:\/\/devtgo.com\/grass-care\/common-grass-concerns\/","name":"Problemas comunes del c\u00e9sped - The Grass Outlet","isPartOf":{"@id":"https:\/\/devtgo.com\/#website"},"datePublished":"2012-11-19T20:55:47+00:00","dateModified":"2025-10-23T19:46:50+00:00","description":"Aprenda a tratar el c\u00e9sped amarillento mediante la plantaci\u00f3n y el riego. Descubra consejos para superar el shock del trasplante.","breadcrumb":{"@id":"https:\/\/devtgo.com\/grass-care\/common-grass-concerns\/#breadcrumb"},"inLanguage":"es","potentialAction":[{"@type":"ReadAction","target":["https:\/\/devtgo.com\/grass-care\/common-grass-concerns\/"]}]},{"@type":"BreadcrumbList","@id":"https:\/\/devtgo.com\/grass-care\/common-grass-concerns\/#breadcrumb","itemListElement":[{"@type":"ListItem","position":1,"name":"Home","item":"https:\/\/devtgo.com\/"},{"@type":"ListItem","position":2,"name":"Grass Care 101: Mastering Lawn Care","item":"https:\/\/devtgo.com\/grass-care\/"},{"@type":"ListItem","position":3,"name":"Common Delivery-Day Grass Concerns"}]},{"@type":"WebSite","@id":"https:\/\/devtgo.com\/#website","url":"https:\/\/devtgo.com\/","name":"The Grass Outlet","description":"\"Ayudando a Tejas a ser m\u00e1s verde, un jard\u00edn a la vez\"","publisher":{"@id":"https:\/\/devtgo.com\/#organization"},"potentialAction":[{"@type":"SearchAction","target":{"@type":"EntryPoint","urlTemplate":"https:\/\/devtgo.com\/?s={search_term_string}"},"query-input":{"@type":"PropertyValueSpecification","valueRequired":true,"valueName":"search_term_string"}}],"inLanguage":"es"},{"@type":"Organization","@id":"https:\/\/devtgo.com\/#organization","name":"The Grass Outlet","url":"https:\/\/devtgo.com\/","logo":{"@type":"ImageObject","inLanguage":"es","@id":"https:\/\/devtgo.com\/#\/schema\/logo\/image\/","url":"https:\/\/devtgo.com\/wp-content\/uploads\/TxNative-1-scaled.jpg","contentUrl":"https:\/\/devtgo.com\/wp-content\/uploads\/TxNative-1-scaled.jpg","width":1024,"height":720,"caption":"The Grass Outlet"},"image":{"@id":"https:\/\/devtgo.com\/#\/schema\/logo\/image\/"},"sameAs":["https:\/\/www.facebook.com\/pages\/The-Grass-Outlet\/269332396527430","https:\/\/x.com\/TheGrassOutlet"]}]}},"_links":{"self":[{"href":"https:\/\/devtgo.com\/es\/wp-json\/wp\/v2\/pages\/46","targetHints":{"allow":["GET"]}}],"collection":[{"href":"https:\/\/devtgo.com\/es\/wp-json\/wp\/v2\/pages"}],"about":[{"href":"https:\/\/devtgo.com\/es\/wp-json\/wp\/v2\/types\/page"}],"author":[{"embeddable":true,"href":"https:\/\/devtgo.com\/es\/wp-json\/wp\/v2\/users\/659"}],"replies":[{"embeddable":true,"href":"https:\/\/devtgo.com\/es\/wp-json\/wp\/v2\/comments?post=46"}],"version-history":[{"count":82,"href":"https:\/\/devtgo.com\/es\/wp-json\/wp\/v2\/pages\/46\/revisions"}],"predecessor-version":[{"id":568945,"href":"https:\/\/devtgo.com\/es\/wp-json\/wp\/v2\/pages\/46\/revisions\/568945"}],"up":[{"embeddable":true,"href":"https:\/\/devtgo.com\/es\/wp-json\/wp\/v2\/pages\/352799"}],"wp:attachment":[{"href":"https:\/\/devtgo.com\/es\/wp-json\/wp\/v2\/media?parent=46"}],"curies":[{"name":"wp","href":"https:\/\/api.w.org\/{rel}","templated":true}]}}