{"id":564336,"date":"2025-10-09T03:53:58","date_gmt":"2025-10-09T08:53:58","guid":{"rendered":"https:\/\/devtgo.com\/?page_id=564336"},"modified":"2025-11-13T13:28:27","modified_gmt":"2025-11-13T19:28:27","slug":"lugar-de-recogida-en-san-antonio-2","status":"publish","type":"page","link":"https:\/\/devtgo.com\/es\/lugar-de-recogida-en-san-antonio-2\/","title":{"rendered":"Recogida Ubicaci\u00f3n en San Antonio - Grass &amp; Soil"},"content":{"rendered":"<div class=\"container body-copy\">\n            <div class=\"row\">\n                <div class=\"col-12\">\n                    <p class=\"highlighted-intro-box\">Situado dentro de Buckhorn Soil &amp; Stone - busque el cartel de recogida de The Grass Outlet cerca de la entrada. Ahora ofrecemos un c\u00f3modo servicio de recogida en un solo lugar: obtenga c\u00e9sped fresco y productos profesionales para el suelo en el mismo lugar. Ver opciones de suelo a continuaci\u00f3n.<\/p>\n<p>Direcci\u00f3n: <a href=\"https:\/\/maps.app.goo.gl\/zUjyErKkxzFZAEAx6\" target=\"_blank\" rel=\"noopener\">10685 W Loop 1604 N, San Antonio, TX 78254<\/a>Tel\u00e9fono: <a href=\"tel:210-331-6560\">210-331-6560<\/a><\/p>\n<figure class=\"alignnone size-full wp-image-555466\"><img loading=\"lazy\" decoding=\"async\" class=\"\" src=\"\/wp-content\/uploads\/buckhorn.jpg\" alt=\"\" width=\"2016\" height=\"1512\"><\/figure>\n<p>Visite nuestra tienda de San Antonio, donde encontrar\u00e1 variedades selectas de c\u00e9sped San Agust\u00edn, Bermuda y Zoysia disponibles por palet o medio palet por pedido. <a href=\"\/es\/pongase-en-contacto-con\/\">P\u00f3ngase en contacto con nosotros<\/a> hacer un pedido por adelantado para recoger hierba.<\/p>\n<div class=\"row\">\n<div class=\"col-12 col-lg-4\">\n<h4>Horario de atenci\u00f3n telef\u00f3nica<\/h4>\n<p>Lunes a viernes: <strong>7:30-17:00<\/strong><br>\nS\u00e1bado: <strong>8:00 a.m. a 12:00 m.<\/strong><br>\nDomingo: <strong>Cerrado<\/strong><\/p>\n<\/div>\n<div class=\"col-12 col-lg-4\">\n<h4>Horario de recogida<\/h4>\n<p>Lunes a viernes: <strong>7:30 a.m. a 3:30 p.m.<\/strong><br>\nS\u00e1bado: <strong>8:00 a.m. a 12:00 m.<\/strong><br>\nDomingo: <strong>Cerrado<\/strong><\/p>\n<\/div>\n<div class=\"col-12 col-lg-4\">\n<h4>Variedades disponibles<\/h4>\n<p><a href=\"\/es\/tienda\/product-category\/san-agustin\/\" target=\"_self\">San Agust\u00edn<\/a><br>\n<a href=\"\/es\/tienda\/product-category\/bermudas\/\" target=\"_self\">Bermuda<\/a><br>\n<a href=\"\/es\/tienda\/product-category\/zoysia\/\" target=\"_self\">Zoysia<\/a><\/p>\n<\/div>\n<\/div>\n<figure class=\"map san-antonio\"><img loading=\"lazy\" decoding=\"async\" class=\"alignnone size-full wp-image-564347\" src=\"https:\/\/devtgo.com\/wp-content\/uploads\/San-Antonio-map.png\" alt=\"\" width=\"1045\" height=\"680\"><a href=\"https:\/\/maps.app.goo.gl\/zUjyErKkxzFZAEAx6\" target=\"_blank\" rel=\"noopener\">San Antonio<\/a><\/figure>\n                <\/div>\n            <\/div>\n        <\/div>\n    \n\n\t\t\t<div class=\"container-fluid banner-section\">\n\t\t\t<div class=\"container fix-width-container\">\n\t\t\t\t<div class=\"row\">\n\t\t\t\t\t<div class=\"col-12 col-lg-5 left-content\">\n\t\t\t\t\t\t<div class=\"bg bg-brown\"><\/div>\n\t\t\t\t\t\t<div class=\"text\">\n\t\t\t\t\t\t    \t\t\t\t\t\t        <h2>Cotizaci\u00f3n r\u00e1pida<\/h2>\n\t\t\t\t\t\t    \t\t\t\t\t\t    \t\t\t\t\t\t        <p><strong>\u00bfTiene curiosidad por saber el precio de su proyecto?<\/strong><\/p>\n\t\t\t\t\t\t    \t\t\t\t\t\t<\/div>\n\t\t\t\t\t<\/div>\n\t\t\t\t\t<div class=\"col-12 col-lg-7 right-content bg-pattern orange\">\n\t\t\t\t\t    \t\t\t\t\t        <p><strong>\u00bfSabe cu\u00e1ntos tepes (metros cuadrados o palets) necesita?<\/strong><\/p>\n\t\t\t\t\t    \t\t\t\t    \n\t\t\t\t\t    \t\t\t\t\t\t\t<div class=\"btn-group\">\n\t\t\t\t\t\t\t\t\t\t\t\t\t\t\t\t\t\t\t\t\t\t\t\t\t\t    <a href=\"#get-the-estimate-modal\" class=\"btn btn-border white\"><i class=\"icomoon icon-cart\"><\/i><span><span>S\u00ed, lo s\u00e9.<\/span><\/span><\/a>\n\t\t\t\t\t\t\t\t\t\t\t\t\t\t\t\t\t\t\t\t\t\t\t\t\t\t\t\t\t\t\t\t\t\t\t    <a href=\"#grasstimator-modal\" class=\"btn btn-border white\"><i class=\"icomoon icon-land\"><\/i><span><span>No, ay\u00fadame<\/span><\/span><\/a>\n\t\t\t\t\t\t\t\t\t\t\t\t\t\t\t\t\t\t\t\t\t\t\t\t<\/div>\n\t\t\t\t\t\t\t\t\t\t\t<\/div>\n\t\t\t\t<\/div>\n\t\t\t<\/div>\n\t\t<\/div>\n\t\n\n<div id=\"show-custom-contact\"><\/div>\n\t<div class=\"container ay-container\">\n\t\t<div class=\"row\">\n\t\t\t<div class=\"col-12 col-lg-8 offset-lg-2\">\n\t\t\t\t<div class=\"row-content\">\n\t                \t                \t                    <p>Vea y compare las parcelas de muestra de las 8 variedades que cultivamos y cosechamos en nuestras granjas durante todo el a\u00f1o. Si\u00e9ntase libre de pisar y palpar las parcelas de muestra o ver los env\u00edos de c\u00e9sped que recibimos diariamente. Tambi\u00e9n puede hablar de sus necesidades de c\u00e9sped con nuestro personal y hacer un pedido para futuras entregas a domicilio.<\/p>\n\t                \t\t\t\t\t\t\t\t\t\t\t<div class=\"variety-table-wrapper\" id=\"pricing-table\">\n\t\t\t\t\t\t\t<div class=\"inner\">\n\t\t\t\t\t\t\t\t<table class=\"variety-table first\" border=\"0\">\n\t\t\t\t\t\t\t\t    <thead><tr><th>Variedad<\/th><th>Precio de pedido anticipado de palet completo<\/th><th>1\/2 paleta<\/th><th>Disponibilidad<\/th><\/tr><\/thead>\t\t\t\t\t\t\t\t    <tbody>\n\t\t\t\t\t\t\t\t    \t<tr><td>Raleigh San Agust\u00edn<\/td><td>$199<\/td><td>$160<\/td><td>S\u00f3lo pre-pedido<\/td><\/tr><tr><td>San Agust\u00edn Nativo De Tejas<\/td><td>$230<\/td><td>$190<\/td><td>S\u00f3lo pre-pedido<\/td><\/tr><tr><td>Palmetto San Agust\u00edn<\/td><td>$240<\/td><td>$200<\/td><td>S\u00f3lo pre-pedido<\/td><\/tr><tr><td>Celebration Bermuda<\/td><td>$240<\/td><td>$200<\/td><td>S\u00f3lo pre-pedido<\/td><\/tr><tr><td>Tifway 419 Bermuda<\/td><td>$220<\/td><td>$160<\/td><td>S\u00f3lo pre-pedido<\/td><\/tr><tr><td>Palisades Zoysia<\/td><td>$315<\/td><td>$223<\/td><td>S\u00f3lo pre-pedido<\/td><\/tr><tr><td>Zeon Zoysia<\/td><td>$325<\/td><td>$225<\/td><td>S\u00f3lo pre-pedido<\/td><\/tr>\t\t\t\t\t\t\t\t    <\/tbody>\n\t\t\t\t\t\t\t\t<\/table>\n\t\t\t\t\t\t\t<\/div>\n\t\t\t\t\t\t\t<table class=\"variety-table second\" border=\"0\">\n\t\t\t\t\t\t\t\t<tfoot>\n\t\t\t\t\t\t\t\t\t<tr>\n\t\t\t\t\t\t\t\t\t\t<td colspan=\"2\"><small><\/small><\/td>\n\t\t\t\t\t\t\t\t\t\t<td colspan=\"2\" class=\"text-right\"><small><\/small><\/td>\n\t\t\t\t\t\t\t\t\t<\/tr>\n\t\t\t\t\t\t\t\t\t<tr>\n\t\t\t\t\t\t\t\t\t\t<td colspan=\"2\" class=\"text-right\"><a href=\"\/es\/tienda\/\" class=\"btn btn-secondary\"><i class=\"icomoon icon-cart\"><\/i><span><span>Pedir palets<\/span><\/span><\/a>\u00a0\u00a0<\/td>\n\t\t\t\t\t\t\t\t\t\t<td colspan=\"2\">\u00a0\u00a0<a href=\"\/es\/#grasstimator-modal\" class=\"btn btn-primary\"><i class=\"icomoon icon-land\"><\/i><span><span>Grasstimator<\/span><\/span><\/a><\/td>\n\t\t\t\t\t\t\t\t\t<\/tr>\n\t\t\t\t\t\t\t\t<\/tfoot>\n\t\t\t\t\t\t\t<\/table>\n\t\t\t\t\t\t<\/div>\n\t\t\t\t\t  \n\t                \t                    <p><strong>Informaci\u00f3n sobre pedidos:<\/strong> Las variedades por palet completo que no se mantienen en stock pueden pedirse con antelaci\u00f3n <a style=\"color: #ed652f;\" href=\"\/es\/tienda\/\">en l\u00ednea<\/a> con la opci\u00f3n \"Recoger\" seleccionada en caja o por tel\u00e9fono - <a href=\"tel:210-331-6560\" target=\"_blank\" rel=\"noopener\">210-331-6560<\/a> e introduce #2 para hablar con alguien sobre la recogida de hierba.<\/p>\n<h2>Recoja tierra de primera calidad y c\u00e9sped fresco en una sola parada<\/h2>\n<p>Ahorre tiempo y garantice el \u00e9xito de su instalaci\u00f3n de c\u00e9sped: ahora puede recoger tanto c\u00e9sped fresco como tierra de calidad profesional en nuestras instalaciones de San Antonio. Nos hemos asociado con Buckhorn Soil &amp; Stone para ofrecer dos mezclas de tierra en las que conf\u00edan los profesionales del paisajismo para un establecimiento \u00f3ptimo del c\u00e9sped en el centro de Tejas.<\/p>\n<h5 style=\"padding-top: 0;\">Tierra vegetal enriquecida<\/h5>\n<p>Enriched Topsoil es una base de tierra cuidadosamente tamizada y tratada, enmendada con compost tamizado de 3\/8\u2033 para mejorar la fertilidad y la estructura. Esta mezcla rica en nutrientes proporciona una excelente aireaci\u00f3n y retenci\u00f3n de la humedad, por lo que es la base perfecta para el nuevo c\u00e9sped, as\u00ed como para la plantaci\u00f3n de \u00e1rboles, arbustos y camas de jard\u00edn. Su composici\u00f3n equilibrada favorece el desarrollo de ra\u00edces fuertes y la salud de las plantas a largo plazo en una gran variedad de aplicaciones paisaj\u00edsticas.<\/p>\n<h5 style=\"padding-top: 0;\">Mezcla personalizada (mezcla del contratista)<\/h5>\n<p>Custom Mix es una mezcla de primera calidad de tierra vegetal tamizada, compost tamizado de 3\/8\u2033 y arena naranja con alto contenido en hierro. Esta vers\u00e1til mezcla de tierra, tambi\u00e9n conocida como \"mezcla para contratistas\" o \"aderezo para c\u00e9sped\", est\u00e1 dise\u00f1ada para m\u00faltiples aplicaciones paisaj\u00edsticas. Es ideal para rellenar \u00e1reas bajas o desnudas, mejorar la densidad y el color del c\u00e9sped y promover el crecimiento sano de las ra\u00edces. Custom Mix tambi\u00e9n es ideal para proyectos de plantaci\u00f3n en general, como parterres y zonas ajardinadas, ya que ofrece una combinaci\u00f3n equilibrada de drenaje, estructura y nutrientes.<\/p>\n<h5 style=\"padding-top: 0;\">C\u00f3moda recogida en un solo punto<\/h5>\n<p>Ambas mezclas de tierra est\u00e1n disponibles a $42 por yarda c\u00fabica (precios sujetos a cambios). Coordine su pedido de tierra cuando programe la recogida del c\u00e9sped para tenerlo todo listo el d\u00eda de la instalaci\u00f3n. <strong>Llame directamente a Buckhorn Soil &amp; Stone al <a data-calltrk-noswap href=\"tel:210-695-1911\">210-695-1911<\/a> para realizar su pedido, confirmar el precio actual y acordar la hora de recogida.<\/strong><\/p>\n\t                \t\t\t\t<\/div>\n\t\t\t\t<div class=\"row contact-row custom-contact-row\">\n\t\t\t\t\t<div class=\"row inner-row\">\n\n\t                    \t\t\t\t\t\t\t<div class=\"col-12 price-table-contact-title\">\n\t\t                        <h2><span class=\"title-bg\">Recoger la hierba por la paleta<br>\no medio palet en <span style=\"color: #808b3c;\">San Antonio<\/span><\/span><\/h2>\n\t\t\t\t\t\t\t<\/div>\n\t                    \t\t\t\t\t\t\n\t\t\t\t\t\t\t\t\t\t\t\t\t<div class=\"col-12 col-md-4\">\n\t\t\t\t\t\t\t\t<h4>Direcci\u00f3n<\/h4>\n\t\t\t\t\t\t\t\t<p><a href=\"https:\/\/maps.app.goo.gl\/zUjyErKkxzFZAEAx6\" target=\"_blank\" rel=\"noopener\" style=\"color:rgb(97, 86, 80);  font-weight: 400;\"><strong>The Grass Outlet<\/strong><br><span>10685 W Loop 1604 N, San Antonio, TX 78254<\/span><\/a><\/p>\n\t\t\t\t\t\t\t<\/div>\n\t\t\t\t\t\t\n\t\t\t\t\t\t\t\t\t\t\t\t\t<div class=\"col-12 col-md-4\">\n\t\t\t\t\t\t\t\t<h4>Tel\u00e9fono<\/h4>\n\t\t\t\t\t\t\t\t<p><a href=\"tel:210-331-6560\" target=\"_blank\" rel=\"noopener\">210-331-6560<\/a> e introduce #2 para hablar con alguien sobre la recogida de hierba.<\/p>\n\t\t\t\t\t\t\t<\/div>\n                    \t\n\t\t\t\t\t\t\t\t\t\t\t\t\t<div class=\"col-12 col-md-4\">\n\t\t\t\t\t\t\t\t<a class=\"btn btn-secondary\" href=\"\/es\/pongase-en-contacto-con\/\" target=\"_self\"><span>Contacte con nosotros<\/span><\/a>\n\t\t\t\t\t\t\t<\/div>\n\t\t\t\t\t\t\n\t\t\t\t\t<\/div>\n\t\t\t\t<\/div>\n\t\t\t<\/div>\n\t\t<\/div>\n\t<\/div>\n\n\n    <div class=\"container featured-grid\">\n\t\t        \t<div class=\"row\">\n\t            <div class=\"col-12 col-md-6\">\n\t\t            <figure>\n\t\t                <img decoding=\"async\" width=\"940\" height=\"554\" src=\"https:\/\/devtgo.com\/wp-content\/uploads\/half-pallet-e1623336311575.jpg\" class=\"\" alt=\"\" loading=\"lazy\" srcset=\"https:\/\/devtgo.com\/wp-content\/uploads\/half-pallet-e1623336311575.jpg 1000w, https:\/\/devtgo.com\/wp-content\/uploads\/half-pallet-e1623336311575-300x177.jpg 300w, https:\/\/devtgo.com\/wp-content\/uploads\/half-pallet-e1623336311575-768x452.jpg 768w, https:\/\/devtgo.com\/wp-content\/uploads\/half-pallet-e1623336311575-760x448.jpg 760w\" sizes=\"auto, (max-width: 940px) 100vw, 940px\">\t\t            <\/figure>\n\t            <\/div>\n\t            <div class=\"col-12 col-md-6\">\n\t                \t                    <h4>Media paleta<\/h4>\n<p>Para recoger un medio palet se necesitar\u00e1 un cami\u00f3n o un remolque, ya que los medios palets pesan aproximadamente 1500 libras.<\/p>\n\t                \t            <\/div>\n        \t<\/div>\n\t            \t<div class=\"row\">\n\t            <div class=\"col-12 col-md-6\">\n\t\t            <figure>\n\t\t                <img decoding=\"async\" width=\"940\" height=\"552\" src=\"https:\/\/devtgo.com\/wp-content\/uploads\/full-pallet-e1623336345220.jpg\" class=\"\" alt=\"\" loading=\"lazy\" srcset=\"https:\/\/devtgo.com\/wp-content\/uploads\/full-pallet-e1623336345220.jpg 1000w, https:\/\/devtgo.com\/wp-content\/uploads\/full-pallet-e1623336345220-300x176.jpg 300w, https:\/\/devtgo.com\/wp-content\/uploads\/full-pallet-e1623336345220-768x451.jpg 768w, https:\/\/devtgo.com\/wp-content\/uploads\/full-pallet-e1623336345220-760x446.jpg 760w\" sizes=\"auto, (max-width: 940px) 100vw, 940px\">\t\t            <\/figure>\n\t            <\/div>\n\t            <div class=\"col-12 col-md-6\">\n\t                \t                    <h4>Palet completo<\/h4>\n<p>Aunque se sugiere un remolque, algunos camiones de gran tonelaje pueden transportar un palet completo, que pesar\u00e1 aproximadamente 3000 libras.<\/p>\n\t                \t            <\/div>\n        \t<\/div>\n\t        <\/div>\n\n\n\t        <div class=\"container-full images-wrapper page-fix body-copy\">\n            <div class=\"container\">\n                <div class=\"row justify-content-center\">\n                    <div class=\"col-12\">\n\t\t\t\t    \t<div class=\"owl-carousel owl-theme images-slider\">\n\t\t\t\t\t\t\t\t\t\t\t        \t\t<div class=\"item\">\n\t\t\t\t                    <img decoding=\"async\" width=\"940\" height=\"705\" src=\"https:\/\/devtgo.com\/wp-content\/uploads\/buckhorn-1024x768.jpg\" class=\"attachment-large size-large\" alt=\"\" loading=\"lazy\" srcset=\"https:\/\/devtgo.com\/wp-content\/uploads\/buckhorn-1024x768.jpg 1024w, https:\/\/devtgo.com\/wp-content\/uploads\/buckhorn-300x225.jpg 300w, https:\/\/devtgo.com\/wp-content\/uploads\/buckhorn-768x576.jpg 768w, https:\/\/devtgo.com\/wp-content\/uploads\/buckhorn-1536x1152.jpg 1536w, https:\/\/devtgo.com\/wp-content\/uploads\/buckhorn-760x570.jpg 760w, https:\/\/devtgo.com\/wp-content\/uploads\/buckhorn.jpg 2016w\" sizes=\"auto, (max-width: 940px) 100vw, 940px\">\t\t\t\t        \t\t<\/div>\n\t\t\t\t        \t\t\t\t\t        \t\t<div class=\"item\">\n\t\t\t\t                    <img decoding=\"async\" width=\"940\" height=\"705\" src=\"https:\/\/devtgo.com\/wp-content\/uploads\/buckhorn-2-1024x768.jpg\" class=\"attachment-large size-large\" alt=\"\" loading=\"lazy\" srcset=\"https:\/\/devtgo.com\/wp-content\/uploads\/buckhorn-2-1024x768.jpg 1024w, https:\/\/devtgo.com\/wp-content\/uploads\/buckhorn-2-300x225.jpg 300w, https:\/\/devtgo.com\/wp-content\/uploads\/buckhorn-2-768x576.jpg 768w, https:\/\/devtgo.com\/wp-content\/uploads\/buckhorn-2-1536x1152.jpg 1536w, https:\/\/devtgo.com\/wp-content\/uploads\/buckhorn-2-760x570.jpg 760w, https:\/\/devtgo.com\/wp-content\/uploads\/buckhorn-2.jpg 2016w\" sizes=\"auto, (max-width: 940px) 100vw, 940px\">\t\t\t\t        \t\t<\/div>\n\t\t\t\t        \t\t\t\t\t    \t<\/div>\n\t\t\t\t    <\/div>    \n\t\t\t\t<\/div>\n\t\t\t<\/div>\n\t\t<\/div>\n\t\n\n                <div class=\"container body-copy\">\n            <div class=\"row\">\n                <div class=\"col-12\">\n                    <h2>Buscar profesionales del c\u00e9sped y el paisajismo<\/h2>\n<p>\u00bfNecesita ayuda con la instalaci\u00f3n de c\u00e9sped o el paisajismo? Utilice nuestro directorio para conectar con profesionales de confianza especializados en:<\/p>\n<ul>\n<li>Instalaci\u00f3n de c\u00e9sped y preparaci\u00f3n del suelo<\/li>\n<li>Reparaci\u00f3n del riego<\/li>\n<li>Dise\u00f1o paisaj\u00edstico<\/li>\n<li>Poda de \u00e1rboles<\/li>\n<li>Tratamientos del c\u00e9sped<\/li>\n<li>Suministro de tierra vegetal<\/li>\n<\/ul>\n<p><a href=\"\/es\/encontrar-profesionales-del-cesped-y-el-paisajismo\/\">Profesionales del c\u00e9sped y el paisajismo en San Antonio<\/a><\/p>\n<p>El c\u00e9sped debe instalarse el mismo d\u00eda. Los profesionales reservan r\u00e1pido, as\u00ed que programe con antelaci\u00f3n. Son empresas independientes, p\u00f3ngase en contacto con ellas directamente para conocer su disponibilidad.<\/p>\n                <\/div>\n            <\/div>\n        <\/div>","protected":false},"excerpt":{"rendered":"","protected":false},"author":658,"featured_media":0,"parent":0,"menu_order":0,"comment_status":"closed","ping_status":"closed","template":"page-austin-yard-template.php","meta":{"_acf_changed":false,"inline_featured_image":false,"footnotes":""},"class_list":["post-564336","page","type-page","status-publish","hentry"],"acf":[],"yoast_head":"<!-- This site is optimized with the Yoast SEO plugin v26.0 - https:\/\/yoast.com\/wordpress\/plugins\/seo\/ -->\n<title>Grass Sod and Professional Topsoil<\/title>\n<meta name=\"description\" content=\"The Grass Outlet is the leading provider of fresh sod grass in San Antonio. You can rely on us when it&#039;s time to improve the landscaping of yards or lawns.\" \/>\n<meta name=\"robots\" content=\"noindex, follow, max-snippet:-1, max-image-preview:large, max-video-preview:-1\" \/>\n<meta property=\"og:locale\" content=\"es_MX\" \/>\n<meta property=\"og:type\" content=\"article\" \/>\n<meta property=\"og:title\" content=\"Grass Sod and Professional Topsoil\" \/>\n<meta property=\"og:description\" content=\"The Grass Outlet is the leading provider of fresh sod grass in San Antonio. You can rely on us when it&#039;s time to improve the landscaping of yards or lawns.\" \/>\n<meta property=\"og:url\" content=\"https:\/\/devtgo.com\/es\/lugar-de-recogida-en-san-antonio-2\/\" \/>\n<meta property=\"og:site_name\" content=\"The Grass Outlet\" \/>\n<meta property=\"article:publisher\" content=\"https:\/\/www.facebook.com\/pages\/The-Grass-Outlet\/269332396527430\" \/>\n<meta property=\"article:modified_time\" content=\"2025-11-13T19:28:27+00:00\" \/>\n<script type=\"application\/ld+json\" class=\"yoast-schema-graph\">{\"@context\":\"https:\/\/schema.org\",\"@graph\":[{\"@type\":\"WebPage\",\"@id\":\"https:\/\/devtgo.com\/pick-up-location-in-san-antonio\/\",\"url\":\"https:\/\/devtgo.com\/pick-up-location-in-san-antonio\/\",\"name\":\"Grass Sod and Professional Topsoil\",\"isPartOf\":{\"@id\":\"https:\/\/devtgo.com\/#website\"},\"datePublished\":\"2025-10-09T08:53:58+00:00\",\"dateModified\":\"2025-11-13T19:28:27+00:00\",\"description\":\"The Grass Outlet is the leading provider of fresh sod grass in San Antonio. You can rely on us when it's time to improve the landscaping of yards or lawns.\",\"breadcrumb\":{\"@id\":\"https:\/\/devtgo.com\/pick-up-location-in-san-antonio\/#breadcrumb\"},\"inLanguage\":\"es\",\"potentialAction\":[{\"@type\":\"ReadAction\",\"target\":[\"https:\/\/devtgo.com\/pick-up-location-in-san-antonio\/\"]}]},{\"@type\":\"BreadcrumbList\",\"@id\":\"https:\/\/devtgo.com\/pick-up-location-in-san-antonio\/#breadcrumb\",\"itemListElement\":[{\"@type\":\"ListItem\",\"position\":1,\"name\":\"Home\",\"item\":\"https:\/\/devtgo.com\/\"},{\"@type\":\"ListItem\",\"position\":2,\"name\":\"Grass & Soil Pickup Location in San Antonio\"}]},{\"@type\":\"WebSite\",\"@id\":\"https:\/\/devtgo.com\/#website\",\"url\":\"https:\/\/devtgo.com\/\",\"name\":\"The Grass Outlet\",\"description\":\"&quot;Helping Texas Go Green, One Yard at a Time&quot;\",\"publisher\":{\"@id\":\"https:\/\/devtgo.com\/#organization\"},\"potentialAction\":[{\"@type\":\"SearchAction\",\"target\":{\"@type\":\"EntryPoint\",\"urlTemplate\":\"https:\/\/devtgo.com\/?s={search_term_string}\"},\"query-input\":{\"@type\":\"PropertyValueSpecification\",\"valueRequired\":true,\"valueName\":\"search_term_string\"}}],\"inLanguage\":\"es\"},{\"@type\":\"Organization\",\"@id\":\"https:\/\/devtgo.com\/#organization\",\"name\":\"The Grass Outlet\",\"url\":\"https:\/\/devtgo.com\/\",\"logo\":{\"@type\":\"ImageObject\",\"inLanguage\":\"es\",\"@id\":\"https:\/\/devtgo.com\/#\/schema\/logo\/image\/\",\"url\":\"https:\/\/devtgo.com\/wp-content\/uploads\/TxNative-1-scaled.jpg\",\"contentUrl\":\"https:\/\/devtgo.com\/wp-content\/uploads\/TxNative-1-scaled.jpg\",\"width\":1024,\"height\":720,\"caption\":\"The Grass Outlet\"},\"image\":{\"@id\":\"https:\/\/devtgo.com\/#\/schema\/logo\/image\/\"},\"sameAs\":[\"https:\/\/www.facebook.com\/pages\/The-Grass-Outlet\/269332396527430\",\"https:\/\/x.com\/TheGrassOutlet\"]}]}<\/script>\n<!-- \/ Yoast SEO plugin. -->","yoast_head_json":{"title":"C\u00e9sped y tierra vegetal profesional","description":"The Grass Outlet es el proveedor l\u00edder de c\u00e9sped fresco en San Antonio. Usted puede confiar en nosotros cuando es el momento de mejorar el paisaje de patios o jardines.","robots":{"index":"noindex","follow":"follow","max-snippet":"max-snippet:-1","max-image-preview":"max-image-preview:large","max-video-preview":"max-video-preview:-1"},"og_locale":"es_MX","og_type":"article","og_title":"Grass Sod and Professional Topsoil","og_description":"The Grass Outlet is the leading provider of fresh sod grass in San Antonio. You can rely on us when it's time to improve the landscaping of yards or lawns.","og_url":"https:\/\/devtgo.com\/es\/lugar-de-recogida-en-san-antonio-2\/","og_site_name":"The Grass Outlet","article_publisher":"https:\/\/www.facebook.com\/pages\/The-Grass-Outlet\/269332396527430","article_modified_time":"2025-11-13T19:28:27+00:00","schema":{"@context":"https:\/\/schema.org","@graph":[{"@type":"WebPage","@id":"https:\/\/devtgo.com\/pick-up-location-in-san-antonio\/","url":"https:\/\/devtgo.com\/pick-up-location-in-san-antonio\/","name":"C\u00e9sped y tierra vegetal profesional","isPartOf":{"@id":"https:\/\/devtgo.com\/#website"},"datePublished":"2025-10-09T08:53:58+00:00","dateModified":"2025-11-13T19:28:27+00:00","description":"The Grass Outlet es el proveedor l\u00edder de c\u00e9sped fresco en San Antonio. Usted puede confiar en nosotros cuando es el momento de mejorar el paisaje de patios o jardines.","breadcrumb":{"@id":"https:\/\/devtgo.com\/pick-up-location-in-san-antonio\/#breadcrumb"},"inLanguage":"es","potentialAction":[{"@type":"ReadAction","target":["https:\/\/devtgo.com\/pick-up-location-in-san-antonio\/"]}]},{"@type":"BreadcrumbList","@id":"https:\/\/devtgo.com\/pick-up-location-in-san-antonio\/#breadcrumb","itemListElement":[{"@type":"ListItem","position":1,"name":"Home","item":"https:\/\/devtgo.com\/"},{"@type":"ListItem","position":2,"name":"Grass & Soil Pickup Location in San Antonio"}]},{"@type":"WebSite","@id":"https:\/\/devtgo.com\/#website","url":"https:\/\/devtgo.com\/","name":"The Grass Outlet","description":"\"Ayudando a Tejas a ser m\u00e1s verde, un jard\u00edn a la vez\"","publisher":{"@id":"https:\/\/devtgo.com\/#organization"},"potentialAction":[{"@type":"SearchAction","target":{"@type":"EntryPoint","urlTemplate":"https:\/\/devtgo.com\/?s={search_term_string}"},"query-input":{"@type":"PropertyValueSpecification","valueRequired":true,"valueName":"search_term_string"}}],"inLanguage":"es"},{"@type":"Organization","@id":"https:\/\/devtgo.com\/#organization","name":"The Grass Outlet","url":"https:\/\/devtgo.com\/","logo":{"@type":"ImageObject","inLanguage":"es","@id":"https:\/\/devtgo.com\/#\/schema\/logo\/image\/","url":"https:\/\/devtgo.com\/wp-content\/uploads\/TxNative-1-scaled.jpg","contentUrl":"https:\/\/devtgo.com\/wp-content\/uploads\/TxNative-1-scaled.jpg","width":1024,"height":720,"caption":"The Grass Outlet"},"image":{"@id":"https:\/\/devtgo.com\/#\/schema\/logo\/image\/"},"sameAs":["https:\/\/www.facebook.com\/pages\/The-Grass-Outlet\/269332396527430","https:\/\/x.com\/TheGrassOutlet"]}]}},"_links":{"self":[{"href":"https:\/\/devtgo.com\/es\/wp-json\/wp\/v2\/pages\/564336","targetHints":{"allow":["GET"]}}],"collection":[{"href":"https:\/\/devtgo.com\/es\/wp-json\/wp\/v2\/pages"}],"about":[{"href":"https:\/\/devtgo.com\/es\/wp-json\/wp\/v2\/types\/page"}],"author":[{"embeddable":true,"href":"https:\/\/devtgo.com\/es\/wp-json\/wp\/v2\/users\/658"}],"replies":[{"embeddable":true,"href":"https:\/\/devtgo.com\/es\/wp-json\/wp\/v2\/comments?post=564336"}],"version-history":[{"count":26,"href":"https:\/\/devtgo.com\/es\/wp-json\/wp\/v2\/pages\/564336\/revisions"}],"predecessor-version":[{"id":575389,"href":"https:\/\/devtgo.com\/es\/wp-json\/wp\/v2\/pages\/564336\/revisions\/575389"}],"wp:attachment":[{"href":"https:\/\/devtgo.com\/es\/wp-json\/wp\/v2\/media?parent=564336"}],"curies":[{"name":"wp","href":"https:\/\/api.w.org\/{rel}","templated":true}]}}