{"id":57190,"date":"2020-03-17T20:15:05","date_gmt":"2020-03-18T01:15:05","guid":{"rendered":"https:\/\/devtgo.com\/?page_id=57190"},"modified":"2025-02-27T04:30:55","modified_gmt":"2025-02-27T10:30:55","slug":"combatir-las-plagas-del-cesped","status":"publish","type":"page","link":"https:\/\/devtgo.com\/es\/combatir-las-plagas-del-cesped\/","title":{"rendered":"Plagas del c\u00e9sped"},"content":{"rendered":"<figure class=\"alignnone size-full wp-image-57191\"><a href=\"https:\/\/devtgo.com\/wp-content\/uploads\/tackling-lawn-pests.jpg\"><img loading=\"lazy\" decoding=\"async\" class=\"\" src=\"https:\/\/devtgo.com\/wp-content\/uploads\/tackling-lawn-pests.jpg\" alt=\"\" width=\"850\" height=\"233\" srcset=\"https:\/\/devtgo.com\/wp-content\/uploads\/tackling-lawn-pests.jpg 850w, https:\/\/devtgo.com\/wp-content\/uploads\/tackling-lawn-pests-300x82.jpg 300w, https:\/\/devtgo.com\/wp-content\/uploads\/tackling-lawn-pests-768x211.jpg 768w, https:\/\/devtgo.com\/wp-content\/uploads\/tackling-lawn-pests-760x208.jpg 760w\" sizes=\"auto, (max-width: 850px) 100vw, 850px\"><\/a><\/figure>\n<p>Nuestros servicios no terminan despu\u00e9s de la compra. En The Grass Outlet, siempre estamos reuniendo recursos \u00fatiles para el mantenimiento del c\u00e9sped y eso incluye <a href=\"\/es\/control-de-las-plagas-del-cesped\/\">control de las plagas del c\u00e9sped<\/a>. En Tejas, hay multitud de <a href=\"\/es\/plagas-comunes-del-cesped-en-texas\/\">plagas comunes del c\u00e9sped<\/a>pero cada una de ellas es \u00fanica y tiene m\u00e9todos diferentes para controlar las infestaciones. Vaya a los enlaces siguientes para obtener m\u00e1s informaci\u00f3n sobre plagas concretas y c\u00f3mo controlarlas.<\/p>\n<h3>Control de infestaciones<\/h3>\n<p>Tenemos consejos para ayudarle a deshacerse de esas molestas plagas:<\/p>\n<ul>\n<li><a href=\"\/es\/controlar-una-plaga-de-pulgones\/\">Pulgones<\/a><\/li>\n<li><a href=\"\/es\/control-de-las-infestaciones-de-chinches\/\">Chinches<\/a><\/li>\n<li><a href=\"\/es\/control-de-las-plagas-de-hormigas-rojas\/\">Hormigas de fuego<\/a><\/li>\n<li><a href=\"\/es\/control-de-las-plagas-de-grillos-topo\/\">Grillos topo<\/a><\/li>\n<li><a href=\"\/es\/control-de-las-infestaciones-de-topos\/\">Topos<\/a><\/li>\n<li><a href=\"\/es\/control-de-las-infestaciones-de-conejos\/\">Conejos<\/a><\/li>\n<li><a href=\"\/es\/control-de-babosas-y-caracoles\/\">Babosas y caracoles<\/a><\/li>\n<li>\u00c1caros ara\u00f1a<\/li>\n<li><a href=\"\/es\/control-de-armadillos\/\">Armadillos<\/a><\/li>\n<li><a href=\"\/es\/control-de-orugas\/\">Orugas<\/a><\/li>\n<li><a href=\"https:\/\/devtgo.com\/es\/gusano-amarillo-de-la-hierba\/\">Gusanos<\/a><\/li>\n<li><a href=\"\/es\/infestaciones-por-pulgas\/\">Pulgas de la hierba<\/a><\/li>\n<li><a href=\"https:\/\/devtgo.com\/es\/manejo-de-los-gusanos-del-cesped-texas\/\">Gusanos del c\u00e9sped<\/a><\/li>\n<\/ul>\n<p>Pero no todas las plagas son malas noticias. Nuestras investigaciones sugieren que algunos insectos pueden ayudar a tu c\u00e9sped a prosperar.<\/p>\n<h3>Eliminaci\u00f3n de plagas ecol\u00f3gicas<\/h3>\n<p>Los da\u00f1os en el c\u00e9sped van m\u00e1s all\u00e1 de las plagas de animales que lo invaden.<\/p>\n<p><strong>\u00bfC\u00f3mo identificar las enfermedades del c\u00e9sped?<\/strong><\/p>\n<ul>\n<li>Parcheado marr\u00f3n, parcheado frusarium y m\u00e1s<\/li>\n<li>Manchas en las hojas, \u00f3xido y m\u00e1s<\/li>\n<li><a href=\"\/es\/identificacion-de-las-enfermedades-del-cesped-parte-1\/\">Enfermedades de la hierba<\/a> lo m\u00e1s probable es que ocurra en verano<\/li>\n<\/ul>\n<p><strong>Hierba cangrejo<\/strong>La mala hierba, otra molestia, es otra mala hierba molesta que puede adue\u00f1arse de las zonas ralas o desnudas de su c\u00e9sped. Si no se cuida adecuadamente, puede alterar el aspecto general de tu c\u00e9sped. Si tu c\u00e9sped tiende a ponerse malhumorado, consulta nuestros recursos para deshacerte de \u00e9l:<\/p>\n<ul>\n<li><a href=\"\/es\/como-eliminar-el-garranchuelo-en-texas\/\">C\u00f3mo eliminar el garranchuelo en Tejas<\/a><\/li>\n<li><a href=\"https:\/\/devtgo.com\/es\/como-controlar-el-garranchuelo-de-forma-ecologica\/\">Control ecol\u00f3gico del crecimiento del garranchuelo<\/a><\/li>\n<li><a href=\"https:\/\/devtgo.com\/es\/deshacerse-de-pasto-de-cangrejo-verano\/\">C\u00f3mo eliminar el garranchuelo en verano<\/a><\/li>\n<\/ul>\n<p>Para algunos, los dientes de le\u00f3n tambi\u00e9n se consideran plagas org\u00e1nicas. \u00bfNo est\u00e1 contento con los dientes de le\u00f3n que crecen en su c\u00e9sped? Aqu\u00ed tienes <a href=\"\/es\/como-eliminar-los-dientes-de-leon-de-su-jardin\/\">c\u00f3mo eliminar los dientes de le\u00f3n<\/a>.<\/p>\n<p>Otro <strong>molestia desafortunada<\/strong>, <a href=\"\/es\/encontrar-trebol-central-texas-cesped\/\">tr\u00e9boles en el c\u00e9sped<\/a> son un signo de un c\u00e9sped poco saludable.<\/p>\n<p><strong>\u00bfY los pesticidas? \u00bfSon seguros?<\/strong> Tenemos una gu\u00eda estupenda sobre <a href=\"https:\/\/devtgo.com\/es\/guia-para-un-uso-de-plaguicidas-respetuoso-con-el-medio-ambiente\/\">plaguicidas ecol\u00f3gicos<\/a>.<\/p>\n<p>Como siempre, The Grass Outlet est\u00e1 aqu\u00ed para ayudarle. Para obtener m\u00e1s informaci\u00f3n sobre el control de plagas, llegar a nosotros o su tienda local de jardiner\u00eda.<\/p>","protected":false},"excerpt":{"rendered":"<p>Our services don\u2019t stop after purchase. At The Grass Outlet, we\u2019re always gathering helpful resources for lawn upkeep and that includes managing lawn pests. In Texas, there\u2019s a multitude of common lawn pests, but they\u2019re each unique and have different&hellip;<\/p>","protected":false},"author":52,"featured_media":0,"parent":0,"menu_order":0,"comment_status":"closed","ping_status":"closed","template":"","meta":{"_acf_changed":false,"inline_featured_image":false,"footnotes":""},"class_list":["post-57190","page","type-page","status-publish","hentry"],"acf":[],"yoast_head":"<!-- This site is optimized with the Yoast SEO plugin v26.0 - https:\/\/yoast.com\/wordpress\/plugins\/seo\/ -->\n<title>Tackling Lawn Pests - The Grass Outlet<\/title>\n<meta name=\"description\" content=\"Combat lawn pests effectively with our expert guide. Learn to identify, prevent, and treat common lawn invaders. Secure your lawn&#039;s health today.\" \/>\n<meta name=\"robots\" content=\"noindex, follow, max-snippet:-1, max-image-preview:large, max-video-preview:-1\" \/>\n<meta property=\"og:locale\" content=\"es_MX\" \/>\n<meta property=\"og:type\" content=\"article\" \/>\n<meta property=\"og:title\" content=\"Tackling Lawn Pests - The Grass Outlet\" \/>\n<meta property=\"og:description\" content=\"Combat lawn pests effectively with our expert guide. Learn to identify, prevent, and treat common lawn invaders. Secure your lawn&#039;s health today.\" \/>\n<meta property=\"og:url\" content=\"https:\/\/devtgo.com\/es\/combatir-las-plagas-del-cesped\/\" \/>\n<meta property=\"og:site_name\" content=\"The Grass Outlet\" \/>\n<meta property=\"article:publisher\" content=\"https:\/\/www.facebook.com\/pages\/The-Grass-Outlet\/269332396527430\" \/>\n<meta property=\"article:modified_time\" content=\"2025-02-27T10:30:55+00:00\" \/>\n<meta property=\"og:image\" content=\"https:\/\/devtgo.com\/wp-content\/uploads\/tackling-lawn-pests.jpg\" \/>\n<meta name=\"twitter:label1\" content=\"Tiempo de lectura\" \/>\n\t<meta name=\"twitter:data1\" content=\"2 minutos\" \/>\n<script type=\"application\/ld+json\" class=\"yoast-schema-graph\">{\"@context\":\"https:\/\/schema.org\",\"@graph\":[{\"@type\":\"WebPage\",\"@id\":\"https:\/\/devtgo.com\/tackling-lawn-pests\/\",\"url\":\"https:\/\/devtgo.com\/tackling-lawn-pests\/\",\"name\":\"Tackling Lawn Pests - The Grass Outlet\",\"isPartOf\":{\"@id\":\"https:\/\/devtgo.com\/#website\"},\"primaryImageOfPage\":{\"@id\":\"https:\/\/devtgo.com\/tackling-lawn-pests\/#primaryimage\"},\"image\":{\"@id\":\"https:\/\/devtgo.com\/tackling-lawn-pests\/#primaryimage\"},\"thumbnailUrl\":\"https:\/\/devtgo.com\/wp-content\/uploads\/tackling-lawn-pests.jpg\",\"datePublished\":\"2020-03-18T01:15:05+00:00\",\"dateModified\":\"2025-02-27T10:30:55+00:00\",\"description\":\"Combat lawn pests effectively with our expert guide. Learn to identify, prevent, and treat common lawn invaders. Secure your lawn's health today.\",\"breadcrumb\":{\"@id\":\"https:\/\/devtgo.com\/tackling-lawn-pests\/#breadcrumb\"},\"inLanguage\":\"es\",\"potentialAction\":[{\"@type\":\"ReadAction\",\"target\":[\"https:\/\/devtgo.com\/tackling-lawn-pests\/\"]}]},{\"@type\":\"ImageObject\",\"inLanguage\":\"es\",\"@id\":\"https:\/\/devtgo.com\/tackling-lawn-pests\/#primaryimage\",\"url\":\"https:\/\/devtgo.com\/wp-content\/uploads\/tackling-lawn-pests.jpg\",\"contentUrl\":\"https:\/\/devtgo.com\/wp-content\/uploads\/tackling-lawn-pests.jpg\"},{\"@type\":\"BreadcrumbList\",\"@id\":\"https:\/\/devtgo.com\/tackling-lawn-pests\/#breadcrumb\",\"itemListElement\":[{\"@type\":\"ListItem\",\"position\":1,\"name\":\"Home\",\"item\":\"https:\/\/devtgo.com\/\"},{\"@type\":\"ListItem\",\"position\":2,\"name\":\"Tackling Lawn Pests\"}]},{\"@type\":\"WebSite\",\"@id\":\"https:\/\/devtgo.com\/#website\",\"url\":\"https:\/\/devtgo.com\/\",\"name\":\"The Grass Outlet\",\"description\":\"&quot;Helping Texas Go Green, One Yard at a Time&quot;\",\"publisher\":{\"@id\":\"https:\/\/devtgo.com\/#organization\"},\"potentialAction\":[{\"@type\":\"SearchAction\",\"target\":{\"@type\":\"EntryPoint\",\"urlTemplate\":\"https:\/\/devtgo.com\/?s={search_term_string}\"},\"query-input\":{\"@type\":\"PropertyValueSpecification\",\"valueRequired\":true,\"valueName\":\"search_term_string\"}}],\"inLanguage\":\"es\"},{\"@type\":\"Organization\",\"@id\":\"https:\/\/devtgo.com\/#organization\",\"name\":\"The Grass Outlet\",\"url\":\"https:\/\/devtgo.com\/\",\"logo\":{\"@type\":\"ImageObject\",\"inLanguage\":\"es\",\"@id\":\"https:\/\/devtgo.com\/#\/schema\/logo\/image\/\",\"url\":\"https:\/\/devtgo.com\/wp-content\/uploads\/TxNative-1-scaled.jpg\",\"contentUrl\":\"https:\/\/devtgo.com\/wp-content\/uploads\/TxNative-1-scaled.jpg\",\"width\":1024,\"height\":720,\"caption\":\"The Grass Outlet\"},\"image\":{\"@id\":\"https:\/\/devtgo.com\/#\/schema\/logo\/image\/\"},\"sameAs\":[\"https:\/\/www.facebook.com\/pages\/The-Grass-Outlet\/269332396527430\",\"https:\/\/x.com\/TheGrassOutlet\"]}]}<\/script>\n<!-- \/ Yoast SEO plugin. -->","yoast_head_json":{"title":"Lucha contra las plagas del c\u00e9sped - The Grass Outlet","description":"Combata eficazmente las plagas del c\u00e9sped con nuestra gu\u00eda para expertos. Aprenda a identificar, prevenir y tratar los invasores m\u00e1s comunes del c\u00e9sped. Asegure la salud de su c\u00e9sped hoy mismo.","robots":{"index":"noindex","follow":"follow","max-snippet":"max-snippet:-1","max-image-preview":"max-image-preview:large","max-video-preview":"max-video-preview:-1"},"og_locale":"es_MX","og_type":"article","og_title":"Tackling Lawn Pests - The Grass Outlet","og_description":"Combat lawn pests effectively with our expert guide. Learn to identify, prevent, and treat common lawn invaders. Secure your lawn's health today.","og_url":"https:\/\/devtgo.com\/es\/combatir-las-plagas-del-cesped\/","og_site_name":"The Grass Outlet","article_publisher":"https:\/\/www.facebook.com\/pages\/The-Grass-Outlet\/269332396527430","article_modified_time":"2025-02-27T10:30:55+00:00","og_image":[{"url":"https:\/\/devtgo.com\/wp-content\/uploads\/tackling-lawn-pests.jpg","type":"","width":"","height":""}],"twitter_misc":{"Tiempo de lectura":"2 minutos"},"schema":{"@context":"https:\/\/schema.org","@graph":[{"@type":"WebPage","@id":"https:\/\/devtgo.com\/tackling-lawn-pests\/","url":"https:\/\/devtgo.com\/tackling-lawn-pests\/","name":"Lucha contra las plagas del c\u00e9sped - The Grass Outlet","isPartOf":{"@id":"https:\/\/devtgo.com\/#website"},"primaryImageOfPage":{"@id":"https:\/\/devtgo.com\/tackling-lawn-pests\/#primaryimage"},"image":{"@id":"https:\/\/devtgo.com\/tackling-lawn-pests\/#primaryimage"},"thumbnailUrl":"https:\/\/devtgo.com\/wp-content\/uploads\/tackling-lawn-pests.jpg","datePublished":"2020-03-18T01:15:05+00:00","dateModified":"2025-02-27T10:30:55+00:00","description":"Combata eficazmente las plagas del c\u00e9sped con nuestra gu\u00eda para expertos. Aprenda a identificar, prevenir y tratar los invasores m\u00e1s comunes del c\u00e9sped. Asegure la salud de su c\u00e9sped hoy mismo.","breadcrumb":{"@id":"https:\/\/devtgo.com\/tackling-lawn-pests\/#breadcrumb"},"inLanguage":"es","potentialAction":[{"@type":"ReadAction","target":["https:\/\/devtgo.com\/tackling-lawn-pests\/"]}]},{"@type":"ImageObject","inLanguage":"es","@id":"https:\/\/devtgo.com\/tackling-lawn-pests\/#primaryimage","url":"https:\/\/devtgo.com\/wp-content\/uploads\/tackling-lawn-pests.jpg","contentUrl":"https:\/\/devtgo.com\/wp-content\/uploads\/tackling-lawn-pests.jpg"},{"@type":"BreadcrumbList","@id":"https:\/\/devtgo.com\/tackling-lawn-pests\/#breadcrumb","itemListElement":[{"@type":"ListItem","position":1,"name":"Home","item":"https:\/\/devtgo.com\/"},{"@type":"ListItem","position":2,"name":"Tackling Lawn Pests"}]},{"@type":"WebSite","@id":"https:\/\/devtgo.com\/#website","url":"https:\/\/devtgo.com\/","name":"The Grass Outlet","description":"\"Ayudando a Tejas a ser m\u00e1s verde, un jard\u00edn a la vez\"","publisher":{"@id":"https:\/\/devtgo.com\/#organization"},"potentialAction":[{"@type":"SearchAction","target":{"@type":"EntryPoint","urlTemplate":"https:\/\/devtgo.com\/?s={search_term_string}"},"query-input":{"@type":"PropertyValueSpecification","valueRequired":true,"valueName":"search_term_string"}}],"inLanguage":"es"},{"@type":"Organization","@id":"https:\/\/devtgo.com\/#organization","name":"The Grass Outlet","url":"https:\/\/devtgo.com\/","logo":{"@type":"ImageObject","inLanguage":"es","@id":"https:\/\/devtgo.com\/#\/schema\/logo\/image\/","url":"https:\/\/devtgo.com\/wp-content\/uploads\/TxNative-1-scaled.jpg","contentUrl":"https:\/\/devtgo.com\/wp-content\/uploads\/TxNative-1-scaled.jpg","width":1024,"height":720,"caption":"The Grass Outlet"},"image":{"@id":"https:\/\/devtgo.com\/#\/schema\/logo\/image\/"},"sameAs":["https:\/\/www.facebook.com\/pages\/The-Grass-Outlet\/269332396527430","https:\/\/x.com\/TheGrassOutlet"]}]}},"_links":{"self":[{"href":"https:\/\/devtgo.com\/es\/wp-json\/wp\/v2\/pages\/57190","targetHints":{"allow":["GET"]}}],"collection":[{"href":"https:\/\/devtgo.com\/es\/wp-json\/wp\/v2\/pages"}],"about":[{"href":"https:\/\/devtgo.com\/es\/wp-json\/wp\/v2\/types\/page"}],"author":[{"embeddable":true,"href":"https:\/\/devtgo.com\/es\/wp-json\/wp\/v2\/users\/52"}],"replies":[{"embeddable":true,"href":"https:\/\/devtgo.com\/es\/wp-json\/wp\/v2\/comments?post=57190"}],"version-history":[{"count":30,"href":"https:\/\/devtgo.com\/es\/wp-json\/wp\/v2\/pages\/57190\/revisions"}],"predecessor-version":[{"id":416132,"href":"https:\/\/devtgo.com\/es\/wp-json\/wp\/v2\/pages\/57190\/revisions\/416132"}],"wp:attachment":[{"href":"https:\/\/devtgo.com\/es\/wp-json\/wp\/v2\/media?parent=57190"}],"curies":[{"name":"wp","href":"https:\/\/api.w.org\/{rel}","templated":true}]}}