{"id":8,"date":"2012-11-12T15:55:12","date_gmt":"2012-11-12T15:55:12","guid":{"rendered":"https:\/\/devtgo.com\/shop\/"},"modified":"2024-04-18T03:27:25","modified_gmt":"2024-04-18T08:27:25","slug":"tienda","status":"publish","type":"page","link":"https:\/\/devtgo.com\/es\/tienda\/","title":{"rendered":"Variedades de c\u00e9sped disponibles"},"content":{"rendered":"<p>Despu\u00e9s de muchos a\u00f1os entregando a propietarios y contratistas en todo Tejas, The Grass Outlet ha seleccionado a mano las siguientes variedades para cultivar en nuestras granjas. Elegidas por ser las m\u00e1s consistentes en sus categor\u00edas, esta selecci\u00f3n le permitir\u00e1 encontrar el mejor c\u00e9sped disponible para su jard\u00edn.<\/p>\n<p>The Grass Outlet hace entregas en muchas \u00e1reas de Tejas, y los precios pueden variar dependiendo de su ubicaci\u00f3n. Para obtener precios exactos, introduzca el c\u00f3digo postal donde se entregar\u00e1 el c\u00e9sped.<\/p>","protected":false},"excerpt":{"rendered":"<p>After many years of delivering to homeowners and contractors across Texas, The Grass Outlet has hand-picked the following varieties to grow on our farms. Chosen for being the most consistent performers in their turf categories, this selection will allow you&hellip;<\/p>","protected":false},"author":659,"featured_media":0,"parent":0,"menu_order":0,"comment_status":"closed","ping_status":"open","template":"","meta":{"_acf_changed":false,"inline_featured_image":false,"footnotes":""},"class_list":["post-8","page","type-page","status-publish","hentry"],"acf":[],"yoast_head":"<!-- This site is optimized with the Yoast SEO plugin v26.0 - https:\/\/yoast.com\/wordpress\/plugins\/seo\/ -->\n<title>The Grass Outlet | Order Online<\/title>\n<meta name=\"description\" content=\"Browse The Grass Outlet for premium sod options. Select from a range of grass types ideal for any Texas lawn. Enhance your outdoor space today.\" \/>\n<meta name=\"robots\" content=\"noindex, follow, max-snippet:-1, max-image-preview:large, max-video-preview:-1\" \/>\n<meta property=\"og:locale\" content=\"es_MX\" \/>\n<meta property=\"og:type\" content=\"article\" \/>\n<meta property=\"og:title\" content=\"The Grass Outlet | Order Online\" \/>\n<meta property=\"og:description\" content=\"Browse The Grass Outlet for premium sod options. Select from a range of grass types ideal for any Texas lawn. Enhance your outdoor space today.\" \/>\n<meta property=\"og:url\" content=\"https:\/\/devtgo.com\/es\/tienda\/\" \/>\n<meta property=\"og:site_name\" content=\"The Grass Outlet\" \/>\n<meta property=\"article:publisher\" content=\"https:\/\/www.facebook.com\/pages\/The-Grass-Outlet\/269332396527430\" \/>\n<meta property=\"article:modified_time\" content=\"2024-04-18T08:27:25+00:00\" \/>\n<meta name=\"twitter:label1\" content=\"Tiempo de lectura\" \/>\n\t<meta name=\"twitter:data1\" content=\"1 minuto\" \/>\n<script type=\"application\/ld+json\" class=\"yoast-schema-graph\">{\"@context\":\"https:\/\/schema.org\",\"@graph\":[{\"@type\":\"WebPage\",\"@id\":\"https:\/\/devtgo.com\/shop\/\",\"url\":\"https:\/\/devtgo.com\/shop\/\",\"name\":\"The Grass Outlet | Order Online\",\"isPartOf\":{\"@id\":\"https:\/\/devtgo.com\/#website\"},\"datePublished\":\"2012-11-12T15:55:12+00:00\",\"dateModified\":\"2024-04-18T08:27:25+00:00\",\"description\":\"Browse The Grass Outlet for premium sod options. Select from a range of grass types ideal for any Texas lawn. Enhance your outdoor space today.\",\"breadcrumb\":{\"@id\":\"https:\/\/devtgo.com\/shop\/#breadcrumb\"},\"inLanguage\":\"es\",\"potentialAction\":[{\"@type\":\"ReadAction\",\"target\":[\"https:\/\/devtgo.com\/shop\/\"]}]},{\"@type\":\"BreadcrumbList\",\"@id\":\"https:\/\/devtgo.com\/shop\/#breadcrumb\",\"itemListElement\":[{\"@type\":\"ListItem\",\"position\":1,\"name\":\"Home\",\"item\":\"https:\/\/devtgo.com\/\"},{\"@type\":\"ListItem\",\"position\":2,\"name\":\"Grass Varieties Available\"}]},{\"@type\":\"WebSite\",\"@id\":\"https:\/\/devtgo.com\/#website\",\"url\":\"https:\/\/devtgo.com\/\",\"name\":\"The Grass Outlet\",\"description\":\"&quot;Helping Texas Go Green, One Yard at a Time&quot;\",\"publisher\":{\"@id\":\"https:\/\/devtgo.com\/#organization\"},\"potentialAction\":[{\"@type\":\"SearchAction\",\"target\":{\"@type\":\"EntryPoint\",\"urlTemplate\":\"https:\/\/devtgo.com\/?s={search_term_string}\"},\"query-input\":{\"@type\":\"PropertyValueSpecification\",\"valueRequired\":true,\"valueName\":\"search_term_string\"}}],\"inLanguage\":\"es\"},{\"@type\":\"Organization\",\"@id\":\"https:\/\/devtgo.com\/#organization\",\"name\":\"The Grass Outlet\",\"url\":\"https:\/\/devtgo.com\/\",\"logo\":{\"@type\":\"ImageObject\",\"inLanguage\":\"es\",\"@id\":\"https:\/\/devtgo.com\/#\/schema\/logo\/image\/\",\"url\":\"https:\/\/devtgo.com\/wp-content\/uploads\/TxNative-1-scaled.jpg\",\"contentUrl\":\"https:\/\/devtgo.com\/wp-content\/uploads\/TxNative-1-scaled.jpg\",\"width\":1024,\"height\":720,\"caption\":\"The Grass Outlet\"},\"image\":{\"@id\":\"https:\/\/devtgo.com\/#\/schema\/logo\/image\/\"},\"sameAs\":[\"https:\/\/www.facebook.com\/pages\/The-Grass-Outlet\/269332396527430\",\"https:\/\/x.com\/TheGrassOutlet\"]}]}<\/script>\n<!-- \/ Yoast SEO plugin. -->","yoast_head_json":{"title":"The Grass Outlet | Pedido en l\u00ednea","description":"En The Grass Outlet encontrar\u00e1 opciones de c\u00e9sped premium. Elija entre una variedad de tipos ideales para su jard\u00edn en Tejas. Mejore sus espacios exteriores hoy mismo.","robots":{"index":"noindex","follow":"follow","max-snippet":"max-snippet:-1","max-image-preview":"max-image-preview:large","max-video-preview":"max-video-preview:-1"},"og_locale":"es_MX","og_type":"article","og_title":"The Grass Outlet | Order Online","og_description":"Browse The Grass Outlet for premium sod options. Select from a range of grass types ideal for any Texas lawn. Enhance your outdoor space today.","og_url":"https:\/\/devtgo.com\/es\/tienda\/","og_site_name":"The Grass Outlet","article_publisher":"https:\/\/www.facebook.com\/pages\/The-Grass-Outlet\/269332396527430","article_modified_time":"2024-04-18T08:27:25+00:00","twitter_misc":{"Tiempo de lectura":"1 minuto"},"schema":{"@context":"https:\/\/schema.org","@graph":[{"@type":"WebPage","@id":"https:\/\/devtgo.com\/shop\/","url":"https:\/\/devtgo.com\/shop\/","name":"The Grass Outlet | Pedido en l\u00ednea","isPartOf":{"@id":"https:\/\/devtgo.com\/#website"},"datePublished":"2012-11-12T15:55:12+00:00","dateModified":"2024-04-18T08:27:25+00:00","description":"En The Grass Outlet encontrar\u00e1 opciones de c\u00e9sped premium. Elija entre una variedad de tipos ideales para su jard\u00edn en Tejas. Mejore sus espacios exteriores hoy mismo.","breadcrumb":{"@id":"https:\/\/devtgo.com\/shop\/#breadcrumb"},"inLanguage":"es","potentialAction":[{"@type":"ReadAction","target":["https:\/\/devtgo.com\/shop\/"]}]},{"@type":"BreadcrumbList","@id":"https:\/\/devtgo.com\/shop\/#breadcrumb","itemListElement":[{"@type":"ListItem","position":1,"name":"Home","item":"https:\/\/devtgo.com\/"},{"@type":"ListItem","position":2,"name":"Grass Varieties Available"}]},{"@type":"WebSite","@id":"https:\/\/devtgo.com\/#website","url":"https:\/\/devtgo.com\/","name":"The Grass Outlet","description":"\"Ayudando a Tejas a ser m\u00e1s verde, un jard\u00edn a la vez\"","publisher":{"@id":"https:\/\/devtgo.com\/#organization"},"potentialAction":[{"@type":"SearchAction","target":{"@type":"EntryPoint","urlTemplate":"https:\/\/devtgo.com\/?s={search_term_string}"},"query-input":{"@type":"PropertyValueSpecification","valueRequired":true,"valueName":"search_term_string"}}],"inLanguage":"es"},{"@type":"Organization","@id":"https:\/\/devtgo.com\/#organization","name":"The Grass Outlet","url":"https:\/\/devtgo.com\/","logo":{"@type":"ImageObject","inLanguage":"es","@id":"https:\/\/devtgo.com\/#\/schema\/logo\/image\/","url":"https:\/\/devtgo.com\/wp-content\/uploads\/TxNative-1-scaled.jpg","contentUrl":"https:\/\/devtgo.com\/wp-content\/uploads\/TxNative-1-scaled.jpg","width":1024,"height":720,"caption":"The Grass Outlet"},"image":{"@id":"https:\/\/devtgo.com\/#\/schema\/logo\/image\/"},"sameAs":["https:\/\/www.facebook.com\/pages\/The-Grass-Outlet\/269332396527430","https:\/\/x.com\/TheGrassOutlet"]}]}},"_links":{"self":[{"href":"https:\/\/devtgo.com\/es\/wp-json\/wp\/v2\/pages\/8","targetHints":{"allow":["GET"]}}],"collection":[{"href":"https:\/\/devtgo.com\/es\/wp-json\/wp\/v2\/pages"}],"about":[{"href":"https:\/\/devtgo.com\/es\/wp-json\/wp\/v2\/types\/page"}],"author":[{"embeddable":true,"href":"https:\/\/devtgo.com\/es\/wp-json\/wp\/v2\/users\/659"}],"replies":[{"embeddable":true,"href":"https:\/\/devtgo.com\/es\/wp-json\/wp\/v2\/comments?post=8"}],"version-history":[{"count":53,"href":"https:\/\/devtgo.com\/es\/wp-json\/wp\/v2\/pages\/8\/revisions"}],"predecessor-version":[{"id":307495,"href":"https:\/\/devtgo.com\/es\/wp-json\/wp\/v2\/pages\/8\/revisions\/307495"}],"wp:attachment":[{"href":"https:\/\/devtgo.com\/es\/wp-json\/wp\/v2\/media?parent=8"}],"curies":[{"name":"wp","href":"https:\/\/api.w.org\/{rel}","templated":true}]}}