{"id":82,"date":"2012-11-27T15:54:23","date_gmt":"2012-11-27T15:54:23","guid":{"rendered":"https:\/\/devtgo.com\/?page_id=82"},"modified":"2025-10-23T03:49:27","modified_gmt":"2025-10-23T08:49:27","slug":"dia-de-entrega","status":"publish","type":"page","link":"https:\/\/devtgo.com\/es\/cuidado-del-cesped\/dia-de-entrega\/","title":{"rendered":"Pasos a seguir el d\u00eda de la entrega"},"content":{"rendered":"<div class=\"container body-copy bg-white pt-0 pb-0\">\n            <div class=\"row\">\n                <div class=\"col-12\">\n                    <h2>Plantar el c\u00e9sped inmediatamente<\/h2>\n<p>Es necesario instalar el c\u00e9sped nuevo a tiempo para que se establezca de forma saludable, y lo ideal es plantarlo el mismo d\u00eda de la entrega. Cuanto m\u00e1s tiempo pase el c\u00e9sped en un palet, m\u00e1s se estresar\u00e1, decolorar\u00e1 y le costar\u00e1 establecerse despu\u00e9s de la instalaci\u00f3n.<\/p>\n<h3>\u00a1Hemos a\u00f1adido un extra!<\/h3>\n<p>Las capas superiores del palet suelen estresarse y secarse m\u00e1s porque estos bloques de hierba est\u00e1n m\u00e1s expuestos a los elementos. Debido a que las piezas de la capa superior de vez en cuando no se establecen, a\u00f1adimos un poco m\u00e1s a cada paleta. Se recomienda encarecidamente instalar los bloques estresados en una zona menos visible y prestarles m\u00e1s atenci\u00f3n al regarlos.<\/p>\n<h3>El amarilleamiento post-cosecha es normal<\/h3>\n<p>No es inusual que la hierba sufra estr\u00e9s despu\u00e9s de ser cosechada y transportada, especialmente durante los meses de verano. Los s\u00edntomas de un trasplante normal son amarilleamiento o decoloraci\u00f3n, encogimiento y curvatura de las hojas y cierta sequedad. A medida que avance hacia la parte inferior del palet, es probable que note que el c\u00e9sped est\u00e1 m\u00e1s estresado, especialmente durante los meses m\u00e1s calurosos o un d\u00eda o m\u00e1s despu\u00e9s de la entrega. Tenga en cuenta que The Grass Outlet no pinta su c\u00e9sped de verde como hacen algunos viveros y cadenas de tiendas porque queremos que nuestros clientes eval\u00faen la salud general de su c\u00e9sped durante y despu\u00e9s de la entrega.\u00a0<a href=\"https:\/\/devtgo.com\/es\/cuidado-del-cesped\/instalacion-de-cesped\/\">instalaci\u00f3n<\/a>.<\/p>\n<h3>No todas las piezas ser\u00e1n perfectas<\/h3>\n<p>Adem\u00e1s, no es raro que algunos trozos est\u00e9n deformados, que la profundidad del suelo var\u00ede, que algunas ra\u00edces queden al descubierto o que sea dif\u00edcil instalarlos sin que se rompan. Coloque todo el c\u00e9sped y ri\u00e9guelo. Si instala el c\u00e9sped r\u00e1pidamente en un suelo h\u00famedo y suelto, estas piezas echar\u00e1n ra\u00edces y se rellenar\u00e1n con el tiempo y el riego adecuados. Supongamos que algunos bloques de c\u00e9sped se rompen al manipularlos e instalarlos. En ese caso, aparte los trozos m\u00e1s peque\u00f1os y de forma irregular para poder utilizarlos para rellenar huecos y espacios con formas extra\u00f1as. De este modo, evitar\u00e1 o reducir\u00e1 la necesidad de cortar bloques enteros y ahorrar\u00e1 tiempo y energ\u00eda.<\/p>\n<h2>Revise todos los recursos, pol\u00edticas y descargos de responsabilidad antes de realizar el pedido<\/h2>\n<p>No deje de consultar nuestro art\u00edculo <a href=\"https:\/\/devtgo.com\/es\/cuidado-del-cesped\/preocupaciones-comunes-sobre-el-cesped\/\">Preocupaciones comunes sobre el c\u00e9sped: D\u00eda de la entrega<\/a>, que le guiar\u00e1 sobre las se\u00f1ales de estr\u00e9s por trasplante y <a href=\"https:\/\/devtgo.com\/es\/signos-de-cesped-estresado-por-el-calor-y-como-tratarlos\/\">estr\u00e9s t\u00e9rmico<\/a>. Tambi\u00e9n hay algunas im\u00e1genes que ilustran los s\u00edntomas m\u00e1s comunes del estr\u00e9s por trasplante para referencia visual.<\/p>\n<p>Si tiene alguna duda, p\u00f3ngase en contacto con nosotros el d\u00eda de la entrega rellenando nuestro formulario en l\u00ednea.\u00a0<a href=\"https:\/\/devtgo.com\/es\/preocupaciones\/\">Formulario de inquietudes<\/a>. Aseg\u00farese de capturar y subir algunas fotos del problema, incluyendo algunos primeros planos y algunas tomas de gran angular que reflejen el problema y la cantidad correspondiente.<\/p>\n<p>No deje de leer nuestro <a href=\"https:\/\/devtgo.com\/es\/reembolsos-y-cancelaciones\/\">Reembolsos, cancelaciones e informaci\u00f3n de entrega<\/a>\u00a0p\u00e1gina.<\/p>\n<h2>No retrase nunca el d\u00eda de la siembra<\/h2>\n<p>Aseg\u00farese de\u00a0<strong>instalar todo el c\u00e9sped<\/strong>\u00a0para que pueda\u00a0<strong>termine la instalaci\u00f3n, riegue con prontitud y pase el rollo de c\u00e9sped<\/strong>que deber\u00e1 completar\u00a0<strong>el d\u00eda de la entrega<\/strong>. Se documentar\u00e1 su preocupaci\u00f3n y se enviar\u00e1n fotos a nuestro equipo de cuidado del c\u00e9sped y al director de la granja. Nuestro equipo investigar\u00e1 el problema y se pondr\u00e1 en contacto con usted lo antes posible.<\/p>\n<h3>Respaldamos nuestros productos con orgullo<\/h3>\n<p>Adem\u00e1s, supongamos que un problema se considera excesivo hasta el punto de impedir el establecimiento del c\u00e9sped. En ese caso, nos pondremos en contacto con usted para informarle sobre el reembolso, el abono o la sustituci\u00f3n del c\u00e9sped. Recuerde que nunca debe retrasar la plantaci\u00f3n de todo el c\u00e9sped. Los problemas m\u00e1s comunes se resuelven unas semanas despu\u00e9s de la instalaci\u00f3n, cuando el c\u00e9sped se ha establecido y regado adecuadamente.<\/p>\n<figure class=\"alignnone size-large wp-image-568478\"><a href=\"https:\/\/devtgo.com\/wp-content\/uploads\/Delivering-grass-to-driveway.png\"><img loading=\"lazy\" decoding=\"async\" class=\"\" src=\"https:\/\/devtgo.com\/wp-content\/uploads\/Delivering-grass-to-driveway-1024x468.png\" alt=\"\" width=\"940\" height=\"430\" srcset=\"https:\/\/devtgo.com\/wp-content\/uploads\/Delivering-grass-to-driveway-1024x468.png 1024w, https:\/\/devtgo.com\/wp-content\/uploads\/Delivering-grass-to-driveway-300x137.png 300w, https:\/\/devtgo.com\/wp-content\/uploads\/Delivering-grass-to-driveway-768x351.png 768w, https:\/\/devtgo.com\/wp-content\/uploads\/Delivering-grass-to-driveway-1536x702.png 1536w, https:\/\/devtgo.com\/wp-content\/uploads\/Delivering-grass-to-driveway-760x347.png 760w, https:\/\/devtgo.com\/wp-content\/uploads\/Delivering-grass-to-driveway.png 1750w\" sizes=\"auto, (max-width: 940px) 100vw, 940px\"><\/a><\/figure>\n<h2>Consejos para el d\u00eda de la entrega<\/h2>\n<ul>\n<li>Tenga <a href=\"https:\/\/devtgo.com\/es\/cuidado-del-cesped\/antes-de-plantar\/tierra-vegetal-y-nivelacion\/\">tierra vegetal<\/a> a mano para construir las zonas que sean necesarias.<\/li>\n<li>NO utilice compost ni tierra de diatomeas. En su lugar, opte por un suelo franco.<\/li>\n<li>Afloje la tierra vegetal con un rastrillo de jardiner\u00eda antes de comenzar la instalaci\u00f3n.<\/li>\n<li>Documente cualquier duda que tenga con fotos a medida que completa la instalaci\u00f3n.<\/li>\n<li>La capa superior de cada paleta es hierba extra que puede secarse y decolorarse m\u00e1s. Observe la hierba unas cuantas capas m\u00e1s abajo para hacerse una mejor idea de su estado.<\/li>\n<li>No trate la capa superficial del suelo ni el c\u00e9sped nuevo con abonos ricos en nitr\u00f3geno o de liberaci\u00f3n r\u00e1pida.<\/li>\n<li>Despeja el camino de entrada para que el conductor pueda dejar los palets con su carretilla elevadora.<\/li>\n<li>Revisar a fondo todos nuestros\u00a0<a href=\"https:\/\/devtgo.com\/es\/cuidado-del-cesped\/\">Cuidado del c\u00e9sped<\/a> p\u00e1ginas antes de la entrega.<\/li>\n<\/ul>\n<h3>Herramientas para el d\u00eda de la entrega:<\/h3>\n<ul>\n<li>Rastrillo de jardiner\u00eda<\/li>\n<li>Herramienta afilada - Como un machete, un cuchillo para c\u00e9sped, una bordeadora de jard\u00edn, etc.<\/li>\n<li>Rodillo de c\u00e9sped<\/li>\n<li>Sistema de riego o manguera de jard\u00edn con aspersor de manguera<\/li>\n<li>Tierra vegetal extrafondosa<\/li>\n<li>Carretilla (para transportar hierba)<\/li>\n<li>EPI - Como guantes de jardiner\u00eda, ropa de manga larga, calcetines largos, botas, etc.<\/li>\n<\/ul>\n                <\/div>\n            <\/div>\n        <\/div>","protected":false},"excerpt":{"rendered":"","protected":false},"author":659,"featured_media":568449,"parent":352799,"menu_order":0,"comment_status":"closed","ping_status":"closed","template":"","meta":{"_acf_changed":false,"inline_featured_image":false,"footnotes":""},"class_list":["post-82","page","type-page","status-publish","has-post-thumbnail","hentry"],"acf":[],"yoast_head":"<!-- This site is optimized with the Yoast SEO plugin v26.0 - https:\/\/yoast.com\/wordpress\/plugins\/seo\/ -->\n<title>Steps You Should Take on Day of Sod Delivery - The Grass Outlet<\/title>\n<meta name=\"description\" content=\"Maximize your new sod&#039;s health by planting on delivery day. Understand post-harvest yellowing and prepare for immediate installation success.\" \/>\n<meta name=\"robots\" content=\"noindex, follow, max-snippet:-1, max-image-preview:large, max-video-preview:-1\" \/>\n<meta property=\"og:locale\" content=\"es_MX\" \/>\n<meta property=\"og:type\" content=\"article\" \/>\n<meta property=\"og:title\" content=\"Steps You Should Take on Day of Sod Delivery - The Grass Outlet\" \/>\n<meta property=\"og:description\" content=\"Maximize your new sod&#039;s health by planting on delivery day. Understand post-harvest yellowing and prepare for immediate installation success.\" \/>\n<meta property=\"og:url\" content=\"https:\/\/devtgo.com\/es\/cuidado-del-cesped\/dia-de-entrega\/\" \/>\n<meta property=\"og:site_name\" content=\"The Grass Outlet\" \/>\n<meta property=\"article:publisher\" content=\"https:\/\/www.facebook.com\/pages\/The-Grass-Outlet\/269332396527430\" \/>\n<meta property=\"article:modified_time\" content=\"2025-10-23T08:49:27+00:00\" \/>\n<meta property=\"og:image\" content=\"https:\/\/devtgo.com\/wp-content\/uploads\/Delivery-day.png\" \/>\n\t<meta property=\"og:image:width\" content=\"1750\" \/>\n\t<meta property=\"og:image:height\" content=\"800\" \/>\n\t<meta property=\"og:image:type\" content=\"image\/png\" \/>\n<meta name=\"twitter:label1\" content=\"Tiempo de lectura\" \/>\n\t<meta name=\"twitter:data1\" content=\"4 minutos\" \/>\n<script type=\"application\/ld+json\" class=\"yoast-schema-graph\">{\"@context\":\"https:\/\/schema.org\",\"@graph\":[{\"@type\":\"WebPage\",\"@id\":\"https:\/\/devtgo.com\/grass-care\/day-of-delivery\/\",\"url\":\"https:\/\/devtgo.com\/grass-care\/day-of-delivery\/\",\"name\":\"Steps You Should Take on Day of Sod Delivery - The Grass Outlet\",\"isPartOf\":{\"@id\":\"https:\/\/devtgo.com\/#website\"},\"primaryImageOfPage\":{\"@id\":\"https:\/\/devtgo.com\/grass-care\/day-of-delivery\/#primaryimage\"},\"image\":{\"@id\":\"https:\/\/devtgo.com\/grass-care\/day-of-delivery\/#primaryimage\"},\"thumbnailUrl\":\"https:\/\/devtgo.com\/wp-content\/uploads\/Delivery-day.png\",\"datePublished\":\"2012-11-27T15:54:23+00:00\",\"dateModified\":\"2025-10-23T08:49:27+00:00\",\"description\":\"Maximize your new sod's health by planting on delivery day. Understand post-harvest yellowing and prepare for immediate installation success.\",\"breadcrumb\":{\"@id\":\"https:\/\/devtgo.com\/grass-care\/day-of-delivery\/#breadcrumb\"},\"inLanguage\":\"es\",\"potentialAction\":[{\"@type\":\"ReadAction\",\"target\":[\"https:\/\/devtgo.com\/grass-care\/day-of-delivery\/\"]}]},{\"@type\":\"ImageObject\",\"inLanguage\":\"es\",\"@id\":\"https:\/\/devtgo.com\/grass-care\/day-of-delivery\/#primaryimage\",\"url\":\"https:\/\/devtgo.com\/wp-content\/uploads\/Delivery-day.png\",\"contentUrl\":\"https:\/\/devtgo.com\/wp-content\/uploads\/Delivery-day.png\",\"width\":1750,\"height\":800},{\"@type\":\"BreadcrumbList\",\"@id\":\"https:\/\/devtgo.com\/grass-care\/day-of-delivery\/#breadcrumb\",\"itemListElement\":[{\"@type\":\"ListItem\",\"position\":1,\"name\":\"Home\",\"item\":\"https:\/\/devtgo.com\/\"},{\"@type\":\"ListItem\",\"position\":2,\"name\":\"Grass Care 101: Mastering Lawn Care\",\"item\":\"https:\/\/devtgo.com\/grass-care\/\"},{\"@type\":\"ListItem\",\"position\":3,\"name\":\"Key Steps to Follow on the Sod Delivery Day\"}]},{\"@type\":\"WebSite\",\"@id\":\"https:\/\/devtgo.com\/#website\",\"url\":\"https:\/\/devtgo.com\/\",\"name\":\"The Grass Outlet\",\"description\":\"&quot;Helping Texas Go Green, One Yard at a Time&quot;\",\"publisher\":{\"@id\":\"https:\/\/devtgo.com\/#organization\"},\"potentialAction\":[{\"@type\":\"SearchAction\",\"target\":{\"@type\":\"EntryPoint\",\"urlTemplate\":\"https:\/\/devtgo.com\/?s={search_term_string}\"},\"query-input\":{\"@type\":\"PropertyValueSpecification\",\"valueRequired\":true,\"valueName\":\"search_term_string\"}}],\"inLanguage\":\"es\"},{\"@type\":\"Organization\",\"@id\":\"https:\/\/devtgo.com\/#organization\",\"name\":\"The Grass Outlet\",\"url\":\"https:\/\/devtgo.com\/\",\"logo\":{\"@type\":\"ImageObject\",\"inLanguage\":\"es\",\"@id\":\"https:\/\/devtgo.com\/#\/schema\/logo\/image\/\",\"url\":\"https:\/\/devtgo.com\/wp-content\/uploads\/TxNative-1-scaled.jpg\",\"contentUrl\":\"https:\/\/devtgo.com\/wp-content\/uploads\/TxNative-1-scaled.jpg\",\"width\":1024,\"height\":720,\"caption\":\"The Grass Outlet\"},\"image\":{\"@id\":\"https:\/\/devtgo.com\/#\/schema\/logo\/image\/\"},\"sameAs\":[\"https:\/\/www.facebook.com\/pages\/The-Grass-Outlet\/269332396527430\",\"https:\/\/x.com\/TheGrassOutlet\"]}]}<\/script>\n<!-- \/ Yoast SEO plugin. -->","yoast_head_json":{"title":"Pasos que debe seguir el d\u00eda de la entrega del tepes - The Grass Outlet","description":"Maximice la salud de su nuevo c\u00e9sped plantando el mismo d\u00eda de la entrega. Comprenda el amarilleo posterior a la cosecha y prep\u00e1rese para el \u00e9xito inmediato de la instalaci\u00f3n.","robots":{"index":"noindex","follow":"follow","max-snippet":"max-snippet:-1","max-image-preview":"max-image-preview:large","max-video-preview":"max-video-preview:-1"},"og_locale":"es_MX","og_type":"article","og_title":"Steps You Should Take on Day of Sod Delivery - The Grass Outlet","og_description":"Maximize your new sod's health by planting on delivery day. Understand post-harvest yellowing and prepare for immediate installation success.","og_url":"https:\/\/devtgo.com\/es\/cuidado-del-cesped\/dia-de-entrega\/","og_site_name":"The Grass Outlet","article_publisher":"https:\/\/www.facebook.com\/pages\/The-Grass-Outlet\/269332396527430","article_modified_time":"2025-10-23T08:49:27+00:00","og_image":[{"width":1750,"height":800,"url":"https:\/\/devtgo.com\/wp-content\/uploads\/Delivery-day.png","type":"image\/png"}],"twitter_misc":{"Tiempo de lectura":"4 minutos"},"schema":{"@context":"https:\/\/schema.org","@graph":[{"@type":"WebPage","@id":"https:\/\/devtgo.com\/grass-care\/day-of-delivery\/","url":"https:\/\/devtgo.com\/grass-care\/day-of-delivery\/","name":"Pasos que debe seguir el d\u00eda de la entrega del tepes - The Grass Outlet","isPartOf":{"@id":"https:\/\/devtgo.com\/#website"},"primaryImageOfPage":{"@id":"https:\/\/devtgo.com\/grass-care\/day-of-delivery\/#primaryimage"},"image":{"@id":"https:\/\/devtgo.com\/grass-care\/day-of-delivery\/#primaryimage"},"thumbnailUrl":"https:\/\/devtgo.com\/wp-content\/uploads\/Delivery-day.png","datePublished":"2012-11-27T15:54:23+00:00","dateModified":"2025-10-23T08:49:27+00:00","description":"Maximice la salud de su nuevo c\u00e9sped plantando el mismo d\u00eda de la entrega. Comprenda el amarilleo posterior a la cosecha y prep\u00e1rese para el \u00e9xito inmediato de la instalaci\u00f3n.","breadcrumb":{"@id":"https:\/\/devtgo.com\/grass-care\/day-of-delivery\/#breadcrumb"},"inLanguage":"es","potentialAction":[{"@type":"ReadAction","target":["https:\/\/devtgo.com\/grass-care\/day-of-delivery\/"]}]},{"@type":"ImageObject","inLanguage":"es","@id":"https:\/\/devtgo.com\/grass-care\/day-of-delivery\/#primaryimage","url":"https:\/\/devtgo.com\/wp-content\/uploads\/Delivery-day.png","contentUrl":"https:\/\/devtgo.com\/wp-content\/uploads\/Delivery-day.png","width":1750,"height":800},{"@type":"BreadcrumbList","@id":"https:\/\/devtgo.com\/grass-care\/day-of-delivery\/#breadcrumb","itemListElement":[{"@type":"ListItem","position":1,"name":"Home","item":"https:\/\/devtgo.com\/"},{"@type":"ListItem","position":2,"name":"Grass Care 101: Mastering Lawn Care","item":"https:\/\/devtgo.com\/grass-care\/"},{"@type":"ListItem","position":3,"name":"Key Steps to Follow on the Sod Delivery Day"}]},{"@type":"WebSite","@id":"https:\/\/devtgo.com\/#website","url":"https:\/\/devtgo.com\/","name":"The Grass Outlet","description":"\"Ayudando a Tejas a ser m\u00e1s verde, un jard\u00edn a la vez\"","publisher":{"@id":"https:\/\/devtgo.com\/#organization"},"potentialAction":[{"@type":"SearchAction","target":{"@type":"EntryPoint","urlTemplate":"https:\/\/devtgo.com\/?s={search_term_string}"},"query-input":{"@type":"PropertyValueSpecification","valueRequired":true,"valueName":"search_term_string"}}],"inLanguage":"es"},{"@type":"Organization","@id":"https:\/\/devtgo.com\/#organization","name":"The Grass Outlet","url":"https:\/\/devtgo.com\/","logo":{"@type":"ImageObject","inLanguage":"es","@id":"https:\/\/devtgo.com\/#\/schema\/logo\/image\/","url":"https:\/\/devtgo.com\/wp-content\/uploads\/TxNative-1-scaled.jpg","contentUrl":"https:\/\/devtgo.com\/wp-content\/uploads\/TxNative-1-scaled.jpg","width":1024,"height":720,"caption":"The Grass Outlet"},"image":{"@id":"https:\/\/devtgo.com\/#\/schema\/logo\/image\/"},"sameAs":["https:\/\/www.facebook.com\/pages\/The-Grass-Outlet\/269332396527430","https:\/\/x.com\/TheGrassOutlet"]}]}},"_links":{"self":[{"href":"https:\/\/devtgo.com\/es\/wp-json\/wp\/v2\/pages\/82","targetHints":{"allow":["GET"]}}],"collection":[{"href":"https:\/\/devtgo.com\/es\/wp-json\/wp\/v2\/pages"}],"about":[{"href":"https:\/\/devtgo.com\/es\/wp-json\/wp\/v2\/types\/page"}],"author":[{"embeddable":true,"href":"https:\/\/devtgo.com\/es\/wp-json\/wp\/v2\/users\/659"}],"replies":[{"embeddable":true,"href":"https:\/\/devtgo.com\/es\/wp-json\/wp\/v2\/comments?post=82"}],"version-history":[{"count":71,"href":"https:\/\/devtgo.com\/es\/wp-json\/wp\/v2\/pages\/82\/revisions"}],"predecessor-version":[{"id":568619,"href":"https:\/\/devtgo.com\/es\/wp-json\/wp\/v2\/pages\/82\/revisions\/568619"}],"up":[{"embeddable":true,"href":"https:\/\/devtgo.com\/es\/wp-json\/wp\/v2\/pages\/352799"}],"wp:featuredmedia":[{"embeddable":true,"href":"https:\/\/devtgo.com\/es\/wp-json\/wp\/v2\/media\/568449"}],"wp:attachment":[{"href":"https:\/\/devtgo.com\/es\/wp-json\/wp\/v2\/media?parent=82"}],"curies":[{"name":"wp","href":"https:\/\/api.w.org\/{rel}","templated":true}]}}