{"id":131,"date":"2012-12-04T17:03:13","date_gmt":"2012-12-04T23:03:13","guid":{"rendered":"https:\/\/devtgo.com\/?post_type=product&#038;p=131"},"modified":"2025-11-14T14:26:29","modified_gmt":"2025-11-14T20:26:29","slug":"raleigh-san-agustin","status":"publish","type":"product","link":"https:\/\/devtgo.com\/es\/tienda\/raleigh-san-agustin\/","title":{"rendered":"Raleigh San Agust\u00edn"},"content":{"rendered":"<p><span style=\"font-weight: 400;\">Identificado por primera vez en Carolina del Norte, el Raleigh San Agust\u00edn es un c\u00e9sped de la regi\u00f3n sur que destaca por su resistencia al fr\u00edo y al virus del decaimiento del San Agust\u00edn. Durante d\u00e9cadas, Raleigh ha sido el c\u00e9sped de mayor distribuci\u00f3n en Tejas, popular por su crecimiento denso y su capacidad para ahogar la hierbas malas cuando se riega de forma constante y sana. Raleigh puede crecer bajo la sombra de los \u00e1rboles, pero debe recibir suficiente luz solar para prosperar.\u00a0<\/span><\/p>","protected":false},"excerpt":{"rendered":"<p><span style=\"font-weight: 400;\">La variedad Raleigh San Agust\u00edn ha sido el est\u00e1ndar de San Agust\u00edn en Tejas desde hace mucho. Cuando el c\u00e9sped Raleigh se mantiene adecuadamente durante las temporadas c\u00e1lidas, adquiere un color verde m\u00e1s oscuro y resulta eficaz ahogando las malas hierbas.<\/span><\/p>","protected":false},"featured_media":104397,"template":"","meta":{"_acf_changed":false,"inline_featured_image":false},"product_brand":[],"product_cat":[16],"product_tag":[],"class_list":{"0":"post-131","1":"product","2":"type-product","3":"status-publish","4":"has-post-thumbnail","6":"product_cat-st-augustine","8":"first","9":"instock","10":"sale","11":"taxable","12":"shipping-taxable","13":"purchasable","14":"product-type-simple"},"acf":[],"yoast_head":"<!-- This site is optimized with the Yoast SEO plugin v26.0 - https:\/\/yoast.com\/wordpress\/plugins\/seo\/ -->\n<title>Raleigh St. Augustine Grass Sod: Thriving in Texas - The Grass Outlet<\/title>\n<meta name=\"description\" content=\"Get Raleigh St. Augustine grass sod: The top choice for southern greens, resisting cold &amp; disease. Ideal in sun and shade. Order today.\" \/>\n<meta name=\"robots\" content=\"noindex, follow, max-snippet:-1, max-image-preview:large, max-video-preview:-1\" \/>\n<meta property=\"og:locale\" content=\"es_MX\" \/>\n<meta property=\"og:type\" content=\"article\" \/>\n<meta property=\"og:title\" content=\"Raleigh St. Augustine Grass Sod: Thriving in Texas - The Grass Outlet\" \/>\n<meta property=\"og:description\" content=\"Get Raleigh St. Augustine grass sod: The top choice for southern greens, resisting cold &amp; disease. Ideal in sun and shade. Order today.\" \/>\n<meta property=\"og:url\" content=\"https:\/\/devtgo.com\/es\/tienda\/raleigh-san-agustin\/\" \/>\n<meta property=\"og:site_name\" content=\"The Grass Outlet\" \/>\n<meta property=\"article:publisher\" content=\"https:\/\/www.facebook.com\/pages\/The-Grass-Outlet\/269332396527430\" \/>\n<meta property=\"article:modified_time\" content=\"2025-11-14T20:26:29+00:00\" \/>\n<meta property=\"og:image\" content=\"https:\/\/devtgo.com\/wp-content\/uploads\/Ral3-1-scaled.jpg\" \/>\n\t<meta property=\"og:image:width\" content=\"1000\" \/>\n\t<meta property=\"og:image:height\" content=\"667\" \/>\n\t<meta property=\"og:image:type\" content=\"image\/jpeg\" \/>\n<meta name=\"twitter:label1\" content=\"Tiempo de lectura\" \/>\n\t<meta name=\"twitter:data1\" content=\"1 minuto\" \/>\n<script type=\"application\/ld+json\" class=\"yoast-schema-graph\">{\"@context\":\"https:\/\/schema.org\",\"@graph\":[{\"@type\":[\"WebPage\",\"ItemPage\"],\"@id\":\"https:\/\/devtgo.com\/shop\/raleigh-st-augustine\/\",\"url\":\"https:\/\/devtgo.com\/shop\/raleigh-st-augustine\/\",\"name\":\"Raleigh St. Augustine Grass Sod: Thriving in Texas - The Grass Outlet\",\"isPartOf\":{\"@id\":\"https:\/\/devtgo.com\/#website\"},\"primaryImageOfPage\":{\"@id\":\"https:\/\/devtgo.com\/shop\/raleigh-st-augustine\/#primaryimage\"},\"image\":{\"@id\":\"https:\/\/devtgo.com\/shop\/raleigh-st-augustine\/#primaryimage\"},\"thumbnailUrl\":\"https:\/\/devtgo.com\/wp-content\/uploads\/Ral3-1-scaled.jpg\",\"datePublished\":\"2012-12-04T23:03:13+00:00\",\"dateModified\":\"2025-11-14T20:26:29+00:00\",\"description\":\"Get Raleigh St. Augustine grass sod: The top choice for southern greens, resisting cold & disease. Ideal in sun and shade. Order today.\",\"breadcrumb\":{\"@id\":\"https:\/\/devtgo.com\/shop\/raleigh-st-augustine\/#breadcrumb\"},\"inLanguage\":\"es\",\"potentialAction\":[{\"@type\":\"ReadAction\",\"target\":[\"https:\/\/devtgo.com\/shop\/raleigh-st-augustine\/\"]}]},{\"@type\":\"ImageObject\",\"inLanguage\":\"es\",\"@id\":\"https:\/\/devtgo.com\/shop\/raleigh-st-augustine\/#primaryimage\",\"url\":\"https:\/\/devtgo.com\/wp-content\/uploads\/Ral3-1-scaled.jpg\",\"contentUrl\":\"https:\/\/devtgo.com\/wp-content\/uploads\/Ral3-1-scaled.jpg\",\"width\":1000,\"height\":667,\"caption\":\"Raleigh St. Augustine Grass\"},{\"@type\":\"BreadcrumbList\",\"@id\":\"https:\/\/devtgo.com\/shop\/raleigh-st-augustine\/#breadcrumb\",\"itemListElement\":[{\"@type\":\"ListItem\",\"position\":1,\"name\":\"Home\",\"item\":\"https:\/\/devtgo.com\/\"},{\"@type\":\"ListItem\",\"position\":2,\"name\":\"St. Augustine Grass\",\"item\":\"https:\/\/devtgo.com\/shop\/product-category\/st-augustine\/\"},{\"@type\":\"ListItem\",\"position\":3,\"name\":\"Raleigh St. Augustine\"}]},{\"@type\":\"WebSite\",\"@id\":\"https:\/\/devtgo.com\/#website\",\"url\":\"https:\/\/devtgo.com\/\",\"name\":\"The Grass Outlet\",\"description\":\"&quot;Helping Texas Go Green, One Yard at a Time&quot;\",\"publisher\":{\"@id\":\"https:\/\/devtgo.com\/#organization\"},\"potentialAction\":[{\"@type\":\"SearchAction\",\"target\":{\"@type\":\"EntryPoint\",\"urlTemplate\":\"https:\/\/devtgo.com\/?s={search_term_string}\"},\"query-input\":{\"@type\":\"PropertyValueSpecification\",\"valueRequired\":true,\"valueName\":\"search_term_string\"}}],\"inLanguage\":\"es\"},{\"@type\":\"Organization\",\"@id\":\"https:\/\/devtgo.com\/#organization\",\"name\":\"The Grass Outlet\",\"url\":\"https:\/\/devtgo.com\/\",\"logo\":{\"@type\":\"ImageObject\",\"inLanguage\":\"es\",\"@id\":\"https:\/\/devtgo.com\/#\/schema\/logo\/image\/\",\"url\":\"https:\/\/devtgo.com\/wp-content\/uploads\/TxNative-1-scaled.jpg\",\"contentUrl\":\"https:\/\/devtgo.com\/wp-content\/uploads\/TxNative-1-scaled.jpg\",\"width\":1024,\"height\":720,\"caption\":\"The Grass Outlet\"},\"image\":{\"@id\":\"https:\/\/devtgo.com\/#\/schema\/logo\/image\/\"},\"sameAs\":[\"https:\/\/www.facebook.com\/pages\/The-Grass-Outlet\/269332396527430\",\"https:\/\/x.com\/TheGrassOutlet\"]}]}<\/script>\n<!-- \/ Yoast SEO plugin. -->","yoast_head_json":{"title":"C\u00e9sped Raleigh San Agust\u00edn: Prosperando en Tejas - The Grass Outlet","description":"Obtenga tepes de c\u00e9sped Raleigh San Agust\u00edn: La mejor elecci\u00f3n para los greens del sur, resistente al fr\u00edo y a las enfermedades. Ideal para sol y sombra. P\u00eddalo hoy mismo.","robots":{"index":"noindex","follow":"follow","max-snippet":"max-snippet:-1","max-image-preview":"max-image-preview:large","max-video-preview":"max-video-preview:-1"},"og_locale":"es_MX","og_type":"article","og_title":"Raleigh St. Augustine Grass Sod: Thriving in Texas - The Grass Outlet","og_description":"Get Raleigh St. Augustine grass sod: The top choice for southern greens, resisting cold & disease. Ideal in sun and shade. Order today.","og_url":"https:\/\/devtgo.com\/es\/tienda\/raleigh-san-agustin\/","og_site_name":"The Grass Outlet","article_publisher":"https:\/\/www.facebook.com\/pages\/The-Grass-Outlet\/269332396527430","article_modified_time":"2025-11-14T20:26:29+00:00","og_image":[{"width":1000,"height":667,"url":"https:\/\/devtgo.com\/wp-content\/uploads\/Ral3-1-scaled.jpg","type":"image\/jpeg"}],"twitter_misc":{"Tiempo de lectura":"1 minuto"},"schema":{"@context":"https:\/\/schema.org","@graph":[{"@type":["WebPage","ItemPage"],"@id":"https:\/\/devtgo.com\/shop\/raleigh-st-augustine\/","url":"https:\/\/devtgo.com\/shop\/raleigh-st-augustine\/","name":"C\u00e9sped Raleigh San Agust\u00edn: Prosperando en Tejas - The Grass Outlet","isPartOf":{"@id":"https:\/\/devtgo.com\/#website"},"primaryImageOfPage":{"@id":"https:\/\/devtgo.com\/shop\/raleigh-st-augustine\/#primaryimage"},"image":{"@id":"https:\/\/devtgo.com\/shop\/raleigh-st-augustine\/#primaryimage"},"thumbnailUrl":"https:\/\/devtgo.com\/wp-content\/uploads\/Ral3-1-scaled.jpg","datePublished":"2012-12-04T23:03:13+00:00","dateModified":"2025-11-14T20:26:29+00:00","description":"Obtenga tepes de c\u00e9sped Raleigh San Agust\u00edn: La mejor elecci\u00f3n para los greens del sur, resistente al fr\u00edo y a las enfermedades. Ideal para sol y sombra. P\u00eddalo hoy mismo.","breadcrumb":{"@id":"https:\/\/devtgo.com\/shop\/raleigh-st-augustine\/#breadcrumb"},"inLanguage":"es","potentialAction":[{"@type":"ReadAction","target":["https:\/\/devtgo.com\/shop\/raleigh-st-augustine\/"]}]},{"@type":"ImageObject","inLanguage":"es","@id":"https:\/\/devtgo.com\/shop\/raleigh-st-augustine\/#primaryimage","url":"https:\/\/devtgo.com\/wp-content\/uploads\/Ral3-1-scaled.jpg","contentUrl":"https:\/\/devtgo.com\/wp-content\/uploads\/Ral3-1-scaled.jpg","width":1000,"height":667,"caption":"Raleigh St. Augustine Grass"},{"@type":"BreadcrumbList","@id":"https:\/\/devtgo.com\/shop\/raleigh-st-augustine\/#breadcrumb","itemListElement":[{"@type":"ListItem","position":1,"name":"Home","item":"https:\/\/devtgo.com\/"},{"@type":"ListItem","position":2,"name":"St. Augustine Grass","item":"https:\/\/devtgo.com\/shop\/product-category\/st-augustine\/"},{"@type":"ListItem","position":3,"name":"Raleigh St. Augustine"}]},{"@type":"WebSite","@id":"https:\/\/devtgo.com\/#website","url":"https:\/\/devtgo.com\/","name":"The Grass Outlet","description":"\"Ayudando a Tejas a ser m\u00e1s verde, un jard\u00edn a la vez\"","publisher":{"@id":"https:\/\/devtgo.com\/#organization"},"potentialAction":[{"@type":"SearchAction","target":{"@type":"EntryPoint","urlTemplate":"https:\/\/devtgo.com\/?s={search_term_string}"},"query-input":{"@type":"PropertyValueSpecification","valueRequired":true,"valueName":"search_term_string"}}],"inLanguage":"es"},{"@type":"Organization","@id":"https:\/\/devtgo.com\/#organization","name":"The Grass Outlet","url":"https:\/\/devtgo.com\/","logo":{"@type":"ImageObject","inLanguage":"es","@id":"https:\/\/devtgo.com\/#\/schema\/logo\/image\/","url":"https:\/\/devtgo.com\/wp-content\/uploads\/TxNative-1-scaled.jpg","contentUrl":"https:\/\/devtgo.com\/wp-content\/uploads\/TxNative-1-scaled.jpg","width":1024,"height":720,"caption":"The Grass Outlet"},"image":{"@id":"https:\/\/devtgo.com\/#\/schema\/logo\/image\/"},"sameAs":["https:\/\/www.facebook.com\/pages\/The-Grass-Outlet\/269332396527430","https:\/\/x.com\/TheGrassOutlet"]}]}},"_links":{"self":[{"href":"https:\/\/devtgo.com\/es\/wp-json\/wp\/v2\/product\/131","targetHints":{"allow":["GET"]}}],"collection":[{"href":"https:\/\/devtgo.com\/es\/wp-json\/wp\/v2\/product"}],"about":[{"href":"https:\/\/devtgo.com\/es\/wp-json\/wp\/v2\/types\/product"}],"wp:featuredmedia":[{"embeddable":true,"href":"https:\/\/devtgo.com\/es\/wp-json\/wp\/v2\/media\/104397"}],"wp:attachment":[{"href":"https:\/\/devtgo.com\/es\/wp-json\/wp\/v2\/media?parent=131"}],"wp:term":[{"taxonomy":"product_brand","embeddable":true,"href":"https:\/\/devtgo.com\/es\/wp-json\/wp\/v2\/product_brand?post=131"},{"taxonomy":"product_cat","embeddable":true,"href":"https:\/\/devtgo.com\/es\/wp-json\/wp\/v2\/product_cat?post=131"},{"taxonomy":"product_tag","embeddable":true,"href":"https:\/\/devtgo.com\/es\/wp-json\/wp\/v2\/product_tag?post=131"}],"curies":[{"name":"wp","href":"https:\/\/api.w.org\/{rel}","templated":true}]}}