{"id":132,"date":"2012-12-04T17:04:09","date_gmt":"2012-12-04T23:04:09","guid":{"rendered":"https:\/\/devtgo.com\/?post_type=product&#038;p=132"},"modified":"2025-07-14T09:21:12","modified_gmt":"2025-07-14T14:21:12","slug":"palmetto-san-augustin","status":"publish","type":"product","link":"https:\/\/devtgo.com\/es\/tienda\/palmetto-san-augustin\/","title":{"rendered":"Palmetto San Agust\u00edn"},"content":{"rendered":"<p><span style=\"font-weight: 400;\">Desarrollado como un mejoramiento general del c\u00e9sped <a href=\"https:\/\/devtgo.com\/es\/tienda\/raleigh-san-agustin\/\">Raleigh San Agust\u00edn<\/a>, Palmetto se comporta mejor frente a la sombra, el fr\u00edo, el calor y la sequ\u00eda. Palmetto tambi\u00e9n muestra una mejor tolerancia a los hongos y muestra una mayor retenci\u00f3n del color despu\u00e9s de las heladas. Identificado como uno de los mejores, The Grass Outlet es cultivador autorizado de Palmetto San Agust\u00edn y hemos seguido aumentando nuestra producci\u00f3n para abastecer la creciente demanda.<\/span><\/p>","protected":false},"excerpt":{"rendered":"<p><span style=\"font-weight: 400;\">La variedad Palmetto, considerada un San Agust\u00edn mejorado, se ha establecido como la variedad favorita, soportando mejor la sequ\u00eda, la sombra y el fr\u00edo.\u00a0<\/span><\/p>","protected":false},"featured_media":102953,"template":"","meta":{"_acf_changed":false,"inline_featured_image":false},"product_brand":[],"product_cat":[16],"product_tag":[],"class_list":{"0":"post-132","1":"product","2":"type-product","3":"status-publish","4":"has-post-thumbnail","6":"product_cat-st-augustine","8":"first","9":"instock","10":"taxable","11":"shipping-taxable","12":"purchasable","13":"product-type-simple"},"acf":[],"yoast_head":"<!-- This site is optimized with the Yoast SEO plugin v26.0 - https:\/\/yoast.com\/wordpress\/plugins\/seo\/ -->\n<title>Palmetto St. Augustine Sod - The Top Choice for Lawns | The Grass Outlet<\/title>\n<meta name=\"description\" content=\"Upgrade to Palmetto St. Augustine: Superior shade, cold, and drought resistance. The Grass Outlet&#039;s top choice for lush lawns. Order now!\" \/>\n<meta name=\"robots\" content=\"noindex, follow, max-snippet:-1, max-image-preview:large, max-video-preview:-1\" \/>\n<meta property=\"og:locale\" content=\"es_MX\" \/>\n<meta property=\"og:type\" content=\"article\" \/>\n<meta property=\"og:title\" content=\"Palmetto St. Augustine Sod - The Top Choice for Lawns | The Grass Outlet\" \/>\n<meta property=\"og:description\" content=\"Upgrade to Palmetto St. Augustine: Superior shade, cold, and drought resistance. The Grass Outlet&#039;s top choice for lush lawns. Order now!\" \/>\n<meta property=\"og:url\" content=\"https:\/\/devtgo.com\/es\/tienda\/palmetto-san-augustin\/\" \/>\n<meta property=\"og:site_name\" content=\"The Grass Outlet\" \/>\n<meta property=\"article:publisher\" content=\"https:\/\/www.facebook.com\/pages\/The-Grass-Outlet\/269332396527430\" \/>\n<meta property=\"article:modified_time\" content=\"2025-07-14T14:21:12+00:00\" \/>\n<meta property=\"og:image\" content=\"https:\/\/devtgo.com\/wp-content\/uploads\/Palmetto-2-scaled.jpg\" \/>\n\t<meta property=\"og:image:width\" content=\"1000\" \/>\n\t<meta property=\"og:image:height\" content=\"667\" \/>\n\t<meta property=\"og:image:type\" content=\"image\/jpeg\" \/>\n<meta name=\"twitter:label1\" content=\"Tiempo de lectura\" \/>\n\t<meta name=\"twitter:data1\" content=\"1 minuto\" \/>\n<script type=\"application\/ld+json\" class=\"yoast-schema-graph\">{\"@context\":\"https:\/\/schema.org\",\"@graph\":[{\"@type\":[\"WebPage\",\"ItemPage\"],\"@id\":\"https:\/\/devtgo.com\/shop\/palmetto-st-augustine\/\",\"url\":\"https:\/\/devtgo.com\/shop\/palmetto-st-augustine\/\",\"name\":\"Palmetto St. Augustine Sod - The Top Choice for Lawns | The Grass Outlet\",\"isPartOf\":{\"@id\":\"https:\/\/devtgo.com\/#website\"},\"primaryImageOfPage\":{\"@id\":\"https:\/\/devtgo.com\/shop\/palmetto-st-augustine\/#primaryimage\"},\"image\":{\"@id\":\"https:\/\/devtgo.com\/shop\/palmetto-st-augustine\/#primaryimage\"},\"thumbnailUrl\":\"https:\/\/devtgo.com\/wp-content\/uploads\/Palmetto-2-scaled.jpg\",\"datePublished\":\"2012-12-04T23:04:09+00:00\",\"dateModified\":\"2025-07-14T14:21:12+00:00\",\"description\":\"Upgrade to Palmetto St. Augustine: Superior shade, cold, and drought resistance. The Grass Outlet's top choice for lush lawns. Order now!\",\"breadcrumb\":{\"@id\":\"https:\/\/devtgo.com\/shop\/palmetto-st-augustine\/#breadcrumb\"},\"inLanguage\":\"es\",\"potentialAction\":[{\"@type\":\"ReadAction\",\"target\":[\"https:\/\/devtgo.com\/shop\/palmetto-st-augustine\/\"]}]},{\"@type\":\"ImageObject\",\"inLanguage\":\"es\",\"@id\":\"https:\/\/devtgo.com\/shop\/palmetto-st-augustine\/#primaryimage\",\"url\":\"https:\/\/devtgo.com\/wp-content\/uploads\/Palmetto-2-scaled.jpg\",\"contentUrl\":\"https:\/\/devtgo.com\/wp-content\/uploads\/Palmetto-2-scaled.jpg\",\"width\":1000,\"height\":667,\"caption\":\"Palmetto Grass Zoomed\"},{\"@type\":\"BreadcrumbList\",\"@id\":\"https:\/\/devtgo.com\/shop\/palmetto-st-augustine\/#breadcrumb\",\"itemListElement\":[{\"@type\":\"ListItem\",\"position\":1,\"name\":\"Home\",\"item\":\"https:\/\/devtgo.com\/\"},{\"@type\":\"ListItem\",\"position\":2,\"name\":\"St. Augustine Grass\",\"item\":\"https:\/\/devtgo.com\/shop\/product-category\/st-augustine\/\"},{\"@type\":\"ListItem\",\"position\":3,\"name\":\"Palmetto St. Augustine\"}]},{\"@type\":\"WebSite\",\"@id\":\"https:\/\/devtgo.com\/#website\",\"url\":\"https:\/\/devtgo.com\/\",\"name\":\"The Grass Outlet\",\"description\":\"&quot;Helping Texas Go Green, One Yard at a Time&quot;\",\"publisher\":{\"@id\":\"https:\/\/devtgo.com\/#organization\"},\"potentialAction\":[{\"@type\":\"SearchAction\",\"target\":{\"@type\":\"EntryPoint\",\"urlTemplate\":\"https:\/\/devtgo.com\/?s={search_term_string}\"},\"query-input\":{\"@type\":\"PropertyValueSpecification\",\"valueRequired\":true,\"valueName\":\"search_term_string\"}}],\"inLanguage\":\"es\"},{\"@type\":\"Organization\",\"@id\":\"https:\/\/devtgo.com\/#organization\",\"name\":\"The Grass Outlet\",\"url\":\"https:\/\/devtgo.com\/\",\"logo\":{\"@type\":\"ImageObject\",\"inLanguage\":\"es\",\"@id\":\"https:\/\/devtgo.com\/#\/schema\/logo\/image\/\",\"url\":\"https:\/\/devtgo.com\/wp-content\/uploads\/TxNative-1-scaled.jpg\",\"contentUrl\":\"https:\/\/devtgo.com\/wp-content\/uploads\/TxNative-1-scaled.jpg\",\"width\":1024,\"height\":720,\"caption\":\"The Grass Outlet\"},\"image\":{\"@id\":\"https:\/\/devtgo.com\/#\/schema\/logo\/image\/\"},\"sameAs\":[\"https:\/\/www.facebook.com\/pages\/The-Grass-Outlet\/269332396527430\",\"https:\/\/x.com\/TheGrassOutlet\"]}]}<\/script>\n<!-- \/ Yoast SEO plugin. -->","yoast_head_json":{"title":"Palmetto San Agust\u00edn Sod - La mejor opci\u00f3n para el c\u00e9sped | The Grass Outlet","description":"Mejore a Palmetto San Agust\u00edn: Resistencia superior a la sombra, al fr\u00edo y a la sequ\u00eda. La mejor elecci\u00f3n de The Grass Outlet para c\u00e9spedes exuberantes. \u00a1P\u00eddalo ya!","robots":{"index":"noindex","follow":"follow","max-snippet":"max-snippet:-1","max-image-preview":"max-image-preview:large","max-video-preview":"max-video-preview:-1"},"og_locale":"es_MX","og_type":"article","og_title":"Palmetto St. Augustine Sod - The Top Choice for Lawns | The Grass Outlet","og_description":"Upgrade to Palmetto St. Augustine: Superior shade, cold, and drought resistance. The Grass Outlet's top choice for lush lawns. Order now!","og_url":"https:\/\/devtgo.com\/es\/tienda\/palmetto-san-augustin\/","og_site_name":"The Grass Outlet","article_publisher":"https:\/\/www.facebook.com\/pages\/The-Grass-Outlet\/269332396527430","article_modified_time":"2025-07-14T14:21:12+00:00","og_image":[{"width":1000,"height":667,"url":"https:\/\/devtgo.com\/wp-content\/uploads\/Palmetto-2-scaled.jpg","type":"image\/jpeg"}],"twitter_misc":{"Tiempo de lectura":"1 minuto"},"schema":{"@context":"https:\/\/schema.org","@graph":[{"@type":["WebPage","ItemPage"],"@id":"https:\/\/devtgo.com\/shop\/palmetto-st-augustine\/","url":"https:\/\/devtgo.com\/shop\/palmetto-st-augustine\/","name":"Palmetto San Agust\u00edn Sod - La mejor opci\u00f3n para el c\u00e9sped | The Grass Outlet","isPartOf":{"@id":"https:\/\/devtgo.com\/#website"},"primaryImageOfPage":{"@id":"https:\/\/devtgo.com\/shop\/palmetto-st-augustine\/#primaryimage"},"image":{"@id":"https:\/\/devtgo.com\/shop\/palmetto-st-augustine\/#primaryimage"},"thumbnailUrl":"https:\/\/devtgo.com\/wp-content\/uploads\/Palmetto-2-scaled.jpg","datePublished":"2012-12-04T23:04:09+00:00","dateModified":"2025-07-14T14:21:12+00:00","description":"Mejore a Palmetto San Agust\u00edn: Resistencia superior a la sombra, al fr\u00edo y a la sequ\u00eda. La mejor elecci\u00f3n de The Grass Outlet para c\u00e9spedes exuberantes. \u00a1P\u00eddalo ya!","breadcrumb":{"@id":"https:\/\/devtgo.com\/shop\/palmetto-st-augustine\/#breadcrumb"},"inLanguage":"es","potentialAction":[{"@type":"ReadAction","target":["https:\/\/devtgo.com\/shop\/palmetto-st-augustine\/"]}]},{"@type":"ImageObject","inLanguage":"es","@id":"https:\/\/devtgo.com\/shop\/palmetto-st-augustine\/#primaryimage","url":"https:\/\/devtgo.com\/wp-content\/uploads\/Palmetto-2-scaled.jpg","contentUrl":"https:\/\/devtgo.com\/wp-content\/uploads\/Palmetto-2-scaled.jpg","width":1000,"height":667,"caption":"Palmetto Grass Zoomed"},{"@type":"BreadcrumbList","@id":"https:\/\/devtgo.com\/shop\/palmetto-st-augustine\/#breadcrumb","itemListElement":[{"@type":"ListItem","position":1,"name":"Home","item":"https:\/\/devtgo.com\/"},{"@type":"ListItem","position":2,"name":"St. Augustine Grass","item":"https:\/\/devtgo.com\/shop\/product-category\/st-augustine\/"},{"@type":"ListItem","position":3,"name":"Palmetto St. Augustine"}]},{"@type":"WebSite","@id":"https:\/\/devtgo.com\/#website","url":"https:\/\/devtgo.com\/","name":"The Grass Outlet","description":"\"Ayudando a Tejas a ser m\u00e1s verde, un jard\u00edn a la vez\"","publisher":{"@id":"https:\/\/devtgo.com\/#organization"},"potentialAction":[{"@type":"SearchAction","target":{"@type":"EntryPoint","urlTemplate":"https:\/\/devtgo.com\/?s={search_term_string}"},"query-input":{"@type":"PropertyValueSpecification","valueRequired":true,"valueName":"search_term_string"}}],"inLanguage":"es"},{"@type":"Organization","@id":"https:\/\/devtgo.com\/#organization","name":"The Grass Outlet","url":"https:\/\/devtgo.com\/","logo":{"@type":"ImageObject","inLanguage":"es","@id":"https:\/\/devtgo.com\/#\/schema\/logo\/image\/","url":"https:\/\/devtgo.com\/wp-content\/uploads\/TxNative-1-scaled.jpg","contentUrl":"https:\/\/devtgo.com\/wp-content\/uploads\/TxNative-1-scaled.jpg","width":1024,"height":720,"caption":"The Grass Outlet"},"image":{"@id":"https:\/\/devtgo.com\/#\/schema\/logo\/image\/"},"sameAs":["https:\/\/www.facebook.com\/pages\/The-Grass-Outlet\/269332396527430","https:\/\/x.com\/TheGrassOutlet"]}]}},"_links":{"self":[{"href":"https:\/\/devtgo.com\/es\/wp-json\/wp\/v2\/product\/132","targetHints":{"allow":["GET"]}}],"collection":[{"href":"https:\/\/devtgo.com\/es\/wp-json\/wp\/v2\/product"}],"about":[{"href":"https:\/\/devtgo.com\/es\/wp-json\/wp\/v2\/types\/product"}],"wp:featuredmedia":[{"embeddable":true,"href":"https:\/\/devtgo.com\/es\/wp-json\/wp\/v2\/media\/102953"}],"wp:attachment":[{"href":"https:\/\/devtgo.com\/es\/wp-json\/wp\/v2\/media?parent=132"}],"wp:term":[{"taxonomy":"product_brand","embeddable":true,"href":"https:\/\/devtgo.com\/es\/wp-json\/wp\/v2\/product_brand?post=132"},{"taxonomy":"product_cat","embeddable":true,"href":"https:\/\/devtgo.com\/es\/wp-json\/wp\/v2\/product_cat?post=132"},{"taxonomy":"product_tag","embeddable":true,"href":"https:\/\/devtgo.com\/es\/wp-json\/wp\/v2\/product_tag?post=132"}],"curies":[{"name":"wp","href":"https:\/\/api.w.org\/{rel}","templated":true}]}}