{"id":133,"date":"2012-12-04T17:05:03","date_gmt":"2012-12-04T23:05:03","guid":{"rendered":"https:\/\/devtgo.com\/?post_type=product&#038;p=133"},"modified":"2025-11-14T14:19:47","modified_gmt":"2025-11-14T20:19:47","slug":"cesped-tifway-419-bermuda","status":"publish","type":"product","link":"https:\/\/devtgo.com\/es\/tienda\/cesped-tifway-419-bermuda\/","title":{"rendered":"Tifway 419 Bermuda"},"content":{"rendered":"<p><span style=\"font-weight: 400;\">Tifway 419 es un c\u00e9sped Bermuda h\u00edbrido desarrollado en Tifton, Georgia, en la Estaci\u00f3n Experimental de la Llanura Costera de la Universidad de Georgia. Tifway se convirti\u00f3 en el c\u00e9sped de temporada c\u00e1lida m\u00e1s ampliamente distribuido en Estados Unidos y ha sido el Bermuda m\u00e1s utilizado en Tejas durante d\u00e9cadas. El Tifway es un c\u00e9sped de hoja fina que se cultiva a pleno sol y, cuando se corta bajo de forma constante, desarrolla un c\u00e9sped bajo y denso que lo hace popular para aplicaciones deportivas y jardines dom\u00e9sticos. A medida que Tejas ha experimentado un crecimiento demogr\u00e1fico y ha aumentado la presi\u00f3n sobre el suministro de agua, la demanda de Tifway ha aumentado en las nuevas construcciones de viviendas debido a su mayor tolerancia a la sequ\u00eda que el c\u00e9sped San Agust\u00edn.\u00a0<\/span><\/p>","protected":false},"excerpt":{"rendered":"<p><span style=\"font-weight: 400;\">Tifway es la Bermuda m\u00e1s utilizada en Tejas para los jardines de casas nuevas a pleno sol. La variedad de c\u00e9sped Tifway tiene una hoja fina que crecer\u00e1 corta y densa cuando se mantiene adecuadamente, exhibiendo una apariencia de \"campo de golf\".<\/span><\/p>","protected":false},"featured_media":102963,"template":"","meta":{"_acf_changed":false,"inline_featured_image":false},"product_brand":[],"product_cat":[17],"product_tag":[],"class_list":{"0":"post-133","1":"product","2":"type-product","3":"status-publish","4":"has-post-thumbnail","6":"product_cat-bermuda","8":"first","9":"instock","10":"sale","11":"taxable","12":"shipping-taxable","13":"purchasable","14":"product-type-simple"},"acf":[],"yoast_head":"<!-- This site is optimized with the Yoast SEO plugin v26.0 - https:\/\/yoast.com\/wordpress\/plugins\/seo\/ -->\n<title>419 Tifway Bermuda Grass Sod - Farm to Home Delivery | The Grass Outlet<\/title>\n<meta name=\"description\" content=\"419 Tifway Bermuda Grass is a fine textured, deep green turf. Perfect for athletic fields and homes, 419 Tifway is available here at The Grass Outlet.\" \/>\n<meta name=\"robots\" content=\"noindex, follow, max-snippet:-1, max-image-preview:large, max-video-preview:-1\" \/>\n<meta property=\"og:locale\" content=\"es_MX\" \/>\n<meta property=\"og:type\" content=\"article\" \/>\n<meta property=\"og:title\" content=\"419 Tifway Bermuda Grass Sod - Farm to Home Delivery | The Grass Outlet\" \/>\n<meta property=\"og:description\" content=\"419 Tifway Bermuda Grass is a fine textured, deep green turf. Perfect for athletic fields and homes, 419 Tifway is available here at The Grass Outlet.\" \/>\n<meta property=\"og:url\" content=\"https:\/\/devtgo.com\/es\/tienda\/cesped-tifway-419-bermuda\/\" \/>\n<meta property=\"og:site_name\" content=\"The Grass Outlet\" \/>\n<meta property=\"article:publisher\" content=\"https:\/\/www.facebook.com\/pages\/The-Grass-Outlet\/269332396527430\" \/>\n<meta property=\"article:modified_time\" content=\"2025-11-14T20:19:47+00:00\" \/>\n<meta property=\"og:image\" content=\"https:\/\/devtgo.com\/wp-content\/uploads\/Tif-Bermuda-1-scaled.jpg\" \/>\n\t<meta property=\"og:image:width\" content=\"1000\" \/>\n\t<meta property=\"og:image:height\" content=\"667\" \/>\n\t<meta property=\"og:image:type\" content=\"image\/jpeg\" \/>\n<meta name=\"twitter:label1\" content=\"Tiempo de lectura\" \/>\n\t<meta name=\"twitter:data1\" content=\"1 minuto\" \/>\n<script type=\"application\/ld+json\" class=\"yoast-schema-graph\">{\"@context\":\"https:\/\/schema.org\",\"@graph\":[{\"@type\":[\"WebPage\",\"ItemPage\"],\"@id\":\"https:\/\/devtgo.com\/shop\/419-tifway-bermuda-grass\/\",\"url\":\"https:\/\/devtgo.com\/shop\/419-tifway-bermuda-grass\/\",\"name\":\"419 Tifway Bermuda Grass Sod - Farm to Home Delivery | The Grass Outlet\",\"isPartOf\":{\"@id\":\"https:\/\/devtgo.com\/#website\"},\"primaryImageOfPage\":{\"@id\":\"https:\/\/devtgo.com\/shop\/419-tifway-bermuda-grass\/#primaryimage\"},\"image\":{\"@id\":\"https:\/\/devtgo.com\/shop\/419-tifway-bermuda-grass\/#primaryimage\"},\"thumbnailUrl\":\"https:\/\/devtgo.com\/wp-content\/uploads\/Tif-Bermuda-1-scaled.jpg\",\"datePublished\":\"2012-12-04T23:05:03+00:00\",\"dateModified\":\"2025-11-14T20:19:47+00:00\",\"description\":\"419 Tifway Bermuda Grass is a fine textured, deep green turf. Perfect for athletic fields and homes, 419 Tifway is available here at The Grass Outlet.\",\"breadcrumb\":{\"@id\":\"https:\/\/devtgo.com\/shop\/419-tifway-bermuda-grass\/#breadcrumb\"},\"inLanguage\":\"es\",\"potentialAction\":[{\"@type\":\"ReadAction\",\"target\":[\"https:\/\/devtgo.com\/shop\/419-tifway-bermuda-grass\/\"]}]},{\"@type\":\"ImageObject\",\"inLanguage\":\"es\",\"@id\":\"https:\/\/devtgo.com\/shop\/419-tifway-bermuda-grass\/#primaryimage\",\"url\":\"https:\/\/devtgo.com\/wp-content\/uploads\/Tif-Bermuda-1-scaled.jpg\",\"contentUrl\":\"https:\/\/devtgo.com\/wp-content\/uploads\/Tif-Bermuda-1-scaled.jpg\",\"width\":1000,\"height\":667,\"caption\":\"Tifway Bermuda Grass Zoom\"},{\"@type\":\"BreadcrumbList\",\"@id\":\"https:\/\/devtgo.com\/shop\/419-tifway-bermuda-grass\/#breadcrumb\",\"itemListElement\":[{\"@type\":\"ListItem\",\"position\":1,\"name\":\"Home\",\"item\":\"https:\/\/devtgo.com\/\"},{\"@type\":\"ListItem\",\"position\":2,\"name\":\"Bermuda Grass\",\"item\":\"https:\/\/devtgo.com\/shop\/product-category\/bermuda\/\"},{\"@type\":\"ListItem\",\"position\":3,\"name\":\"419 Tifway Bermuda\"}]},{\"@type\":\"WebSite\",\"@id\":\"https:\/\/devtgo.com\/#website\",\"url\":\"https:\/\/devtgo.com\/\",\"name\":\"The Grass Outlet\",\"description\":\"&quot;Helping Texas Go Green, One Yard at a Time&quot;\",\"publisher\":{\"@id\":\"https:\/\/devtgo.com\/#organization\"},\"potentialAction\":[{\"@type\":\"SearchAction\",\"target\":{\"@type\":\"EntryPoint\",\"urlTemplate\":\"https:\/\/devtgo.com\/?s={search_term_string}\"},\"query-input\":{\"@type\":\"PropertyValueSpecification\",\"valueRequired\":true,\"valueName\":\"search_term_string\"}}],\"inLanguage\":\"es\"},{\"@type\":\"Organization\",\"@id\":\"https:\/\/devtgo.com\/#organization\",\"name\":\"The Grass Outlet\",\"url\":\"https:\/\/devtgo.com\/\",\"logo\":{\"@type\":\"ImageObject\",\"inLanguage\":\"es\",\"@id\":\"https:\/\/devtgo.com\/#\/schema\/logo\/image\/\",\"url\":\"https:\/\/devtgo.com\/wp-content\/uploads\/TxNative-1-scaled.jpg\",\"contentUrl\":\"https:\/\/devtgo.com\/wp-content\/uploads\/TxNative-1-scaled.jpg\",\"width\":1024,\"height\":720,\"caption\":\"The Grass Outlet\"},\"image\":{\"@id\":\"https:\/\/devtgo.com\/#\/schema\/logo\/image\/\"},\"sameAs\":[\"https:\/\/www.facebook.com\/pages\/The-Grass-Outlet\/269332396527430\",\"https:\/\/x.com\/TheGrassOutlet\"]}]}<\/script>\n<!-- \/ Yoast SEO plugin. -->","yoast_head_json":{"title":"Tifway 419 Bermuda Grass Sod - Entrega a Domicilio | The Grass Outlet","description":"El c\u00e9sped Tifway 419 Bermuda es un c\u00e9sped de textura fina y color verde intenso. Perfecto para campos de atletismo y hogares, Tifway 419 est\u00e1 disponible aqu\u00ed en The Grass Outlet.","robots":{"index":"noindex","follow":"follow","max-snippet":"max-snippet:-1","max-image-preview":"max-image-preview:large","max-video-preview":"max-video-preview:-1"},"og_locale":"es_MX","og_type":"article","og_title":"419 Tifway Bermuda Grass Sod - Farm to Home Delivery | The Grass Outlet","og_description":"419 Tifway Bermuda Grass is a fine textured, deep green turf. Perfect for athletic fields and homes, 419 Tifway is available here at The Grass Outlet.","og_url":"https:\/\/devtgo.com\/es\/tienda\/cesped-tifway-419-bermuda\/","og_site_name":"The Grass Outlet","article_publisher":"https:\/\/www.facebook.com\/pages\/The-Grass-Outlet\/269332396527430","article_modified_time":"2025-11-14T20:19:47+00:00","og_image":[{"width":1000,"height":667,"url":"https:\/\/devtgo.com\/wp-content\/uploads\/Tif-Bermuda-1-scaled.jpg","type":"image\/jpeg"}],"twitter_misc":{"Tiempo de lectura":"1 minuto"},"schema":{"@context":"https:\/\/schema.org","@graph":[{"@type":["WebPage","ItemPage"],"@id":"https:\/\/devtgo.com\/shop\/419-tifway-bermuda-grass\/","url":"https:\/\/devtgo.com\/shop\/419-tifway-bermuda-grass\/","name":"Tifway 419 Bermuda Grass Sod - Entrega a Domicilio | The Grass Outlet","isPartOf":{"@id":"https:\/\/devtgo.com\/#website"},"primaryImageOfPage":{"@id":"https:\/\/devtgo.com\/shop\/419-tifway-bermuda-grass\/#primaryimage"},"image":{"@id":"https:\/\/devtgo.com\/shop\/419-tifway-bermuda-grass\/#primaryimage"},"thumbnailUrl":"https:\/\/devtgo.com\/wp-content\/uploads\/Tif-Bermuda-1-scaled.jpg","datePublished":"2012-12-04T23:05:03+00:00","dateModified":"2025-11-14T20:19:47+00:00","description":"El c\u00e9sped Tifway 419 Bermuda es un c\u00e9sped de textura fina y color verde intenso. Perfecto para campos de atletismo y hogares, Tifway 419 est\u00e1 disponible aqu\u00ed en The Grass Outlet.","breadcrumb":{"@id":"https:\/\/devtgo.com\/shop\/419-tifway-bermuda-grass\/#breadcrumb"},"inLanguage":"es","potentialAction":[{"@type":"ReadAction","target":["https:\/\/devtgo.com\/shop\/419-tifway-bermuda-grass\/"]}]},{"@type":"ImageObject","inLanguage":"es","@id":"https:\/\/devtgo.com\/shop\/419-tifway-bermuda-grass\/#primaryimage","url":"https:\/\/devtgo.com\/wp-content\/uploads\/Tif-Bermuda-1-scaled.jpg","contentUrl":"https:\/\/devtgo.com\/wp-content\/uploads\/Tif-Bermuda-1-scaled.jpg","width":1000,"height":667,"caption":"Tifway Bermuda Grass Zoom"},{"@type":"BreadcrumbList","@id":"https:\/\/devtgo.com\/shop\/419-tifway-bermuda-grass\/#breadcrumb","itemListElement":[{"@type":"ListItem","position":1,"name":"Home","item":"https:\/\/devtgo.com\/"},{"@type":"ListItem","position":2,"name":"Bermuda Grass","item":"https:\/\/devtgo.com\/shop\/product-category\/bermuda\/"},{"@type":"ListItem","position":3,"name":"419 Tifway Bermuda"}]},{"@type":"WebSite","@id":"https:\/\/devtgo.com\/#website","url":"https:\/\/devtgo.com\/","name":"The Grass Outlet","description":"\"Ayudando a Tejas a ser m\u00e1s verde, un jard\u00edn a la vez\"","publisher":{"@id":"https:\/\/devtgo.com\/#organization"},"potentialAction":[{"@type":"SearchAction","target":{"@type":"EntryPoint","urlTemplate":"https:\/\/devtgo.com\/?s={search_term_string}"},"query-input":{"@type":"PropertyValueSpecification","valueRequired":true,"valueName":"search_term_string"}}],"inLanguage":"es"},{"@type":"Organization","@id":"https:\/\/devtgo.com\/#organization","name":"The Grass Outlet","url":"https:\/\/devtgo.com\/","logo":{"@type":"ImageObject","inLanguage":"es","@id":"https:\/\/devtgo.com\/#\/schema\/logo\/image\/","url":"https:\/\/devtgo.com\/wp-content\/uploads\/TxNative-1-scaled.jpg","contentUrl":"https:\/\/devtgo.com\/wp-content\/uploads\/TxNative-1-scaled.jpg","width":1024,"height":720,"caption":"The Grass Outlet"},"image":{"@id":"https:\/\/devtgo.com\/#\/schema\/logo\/image\/"},"sameAs":["https:\/\/www.facebook.com\/pages\/The-Grass-Outlet\/269332396527430","https:\/\/x.com\/TheGrassOutlet"]}]}},"_links":{"self":[{"href":"https:\/\/devtgo.com\/es\/wp-json\/wp\/v2\/product\/133","targetHints":{"allow":["GET"]}}],"collection":[{"href":"https:\/\/devtgo.com\/es\/wp-json\/wp\/v2\/product"}],"about":[{"href":"https:\/\/devtgo.com\/es\/wp-json\/wp\/v2\/types\/product"}],"wp:featuredmedia":[{"embeddable":true,"href":"https:\/\/devtgo.com\/es\/wp-json\/wp\/v2\/media\/102963"}],"wp:attachment":[{"href":"https:\/\/devtgo.com\/es\/wp-json\/wp\/v2\/media?parent=133"}],"wp:term":[{"taxonomy":"product_brand","embeddable":true,"href":"https:\/\/devtgo.com\/es\/wp-json\/wp\/v2\/product_brand?post=133"},{"taxonomy":"product_cat","embeddable":true,"href":"https:\/\/devtgo.com\/es\/wp-json\/wp\/v2\/product_cat?post=133"},{"taxonomy":"product_tag","embeddable":true,"href":"https:\/\/devtgo.com\/es\/wp-json\/wp\/v2\/product_tag?post=133"}],"curies":[{"name":"wp","href":"https:\/\/api.w.org\/{rel}","templated":true}]}}