{"id":135,"date":"2012-12-04T17:05:31","date_gmt":"2012-12-04T23:05:31","guid":{"rendered":"https:\/\/devtgo.com\/?post_type=product&#038;p=135"},"modified":"2025-07-14T09:20:20","modified_gmt":"2025-07-14T14:20:20","slug":"celebration-bermuda","status":"publish","type":"product","link":"https:\/\/devtgo.com\/es\/tienda\/celebration-bermuda\/","title":{"rendered":"Celebration Bermuda"},"content":{"rendered":"<p><span style=\"font-weight: 400;\">Celebration presenta un c\u00e9sped  denso de color verde azulado cuando se mantiene adecuadamente. Esta variedad ha ganado popularidad en jardines dom\u00e9sticos y campos deportivos por su tolerancia a la sequ\u00eda y su excelente capacidad de recuperaci\u00f3n.  Celebration tambi\u00e9n se comporta mejor en condiciones de sombra moderada que otras variedades de Bermuda, pero sigue consider\u00e1ndose un c\u00e9sped de pleno sol.\u00a0 <\/span><\/p>\n<p><em><span style=\"font-weight: 400;\">The Grass Outlet es un cultivador autorizado de Celebration Bermuda y se complace en ofrecerla como mejora general con respecto a la variedad Tifway 419.\u00a0\u00a0<\/span><\/em><\/p>","protected":false},"excerpt":{"rendered":"<p><span style=\"font-weight: 400;\">La Celebration Bermuda ha ganado reconocimiento por su aspecto verde azulado, su tolerancia a la sequ\u00eda y su r\u00e1pida recuperaci\u00f3n de lesiones o estr\u00e9s. La variedad Celebration se considera un mejoramiento de la Tifway 419 Bermuda en cuanto a rendimiento general.\u00a0<\/span><\/p>","protected":false},"featured_media":104353,"template":"","meta":{"_acf_changed":false,"inline_featured_image":false},"product_brand":[],"product_cat":[17],"product_tag":[],"class_list":{"0":"post-135","1":"product","2":"type-product","3":"status-publish","4":"has-post-thumbnail","6":"product_cat-bermuda","8":"first","9":"instock","10":"taxable","11":"shipping-taxable","12":"purchasable","13":"product-type-simple"},"acf":[],"yoast_head":"<!-- This site is optimized with the Yoast SEO plugin v26.0 - https:\/\/yoast.com\/wordpress\/plugins\/seo\/ -->\n<title>Celebration Bermuda Grass Sod: Lush Turf for Lawns | The Grass Outlet<\/title>\n<meta name=\"description\" content=\"Choose Celebration Bermuda grass sod for lush, blue-green turf that excels in full sun and moderate shade. The Grass Outlet&#039;s premium selection.\" \/>\n<meta name=\"robots\" content=\"noindex, follow, max-snippet:-1, max-image-preview:large, max-video-preview:-1\" \/>\n<meta property=\"og:locale\" content=\"es_MX\" \/>\n<meta property=\"og:type\" content=\"article\" \/>\n<meta property=\"og:title\" content=\"Celebration Bermuda Grass Sod: Lush Turf for Lawns | The Grass Outlet\" \/>\n<meta property=\"og:description\" content=\"Choose Celebration Bermuda grass sod for lush, blue-green turf that excels in full sun and moderate shade. The Grass Outlet&#039;s premium selection.\" \/>\n<meta property=\"og:url\" content=\"https:\/\/devtgo.com\/es\/tienda\/celebration-bermuda\/\" \/>\n<meta property=\"og:site_name\" content=\"The Grass Outlet\" \/>\n<meta property=\"article:publisher\" content=\"https:\/\/www.facebook.com\/pages\/The-Grass-Outlet\/269332396527430\" \/>\n<meta property=\"article:modified_time\" content=\"2025-07-14T14:20:20+00:00\" \/>\n<meta property=\"og:image\" content=\"https:\/\/devtgo.com\/wp-content\/uploads\/Cele.zoom2_-scaled.jpg\" \/>\n\t<meta property=\"og:image:width\" content=\"1280\" \/>\n\t<meta property=\"og:image:height\" content=\"960\" \/>\n\t<meta property=\"og:image:type\" content=\"image\/jpeg\" \/>\n<meta name=\"twitter:label1\" content=\"Tiempo de lectura\" \/>\n\t<meta name=\"twitter:data1\" content=\"1 minuto\" \/>\n<script type=\"application\/ld+json\" class=\"yoast-schema-graph\">{\"@context\":\"https:\/\/schema.org\",\"@graph\":[{\"@type\":[\"WebPage\",\"ItemPage\"],\"@id\":\"https:\/\/devtgo.com\/shop\/celebration-bermuda\/\",\"url\":\"https:\/\/devtgo.com\/shop\/celebration-bermuda\/\",\"name\":\"Celebration Bermuda Grass Sod: Lush Turf for Lawns | The Grass Outlet\",\"isPartOf\":{\"@id\":\"https:\/\/devtgo.com\/#website\"},\"primaryImageOfPage\":{\"@id\":\"https:\/\/devtgo.com\/shop\/celebration-bermuda\/#primaryimage\"},\"image\":{\"@id\":\"https:\/\/devtgo.com\/shop\/celebration-bermuda\/#primaryimage\"},\"thumbnailUrl\":\"https:\/\/devtgo.com\/wp-content\/uploads\/Cele.zoom2_-scaled.jpg\",\"datePublished\":\"2012-12-04T23:05:31+00:00\",\"dateModified\":\"2025-07-14T14:20:20+00:00\",\"description\":\"Choose Celebration Bermuda grass sod for lush, blue-green turf that excels in full sun and moderate shade. The Grass Outlet's premium selection.\",\"breadcrumb\":{\"@id\":\"https:\/\/devtgo.com\/shop\/celebration-bermuda\/#breadcrumb\"},\"inLanguage\":\"es\",\"potentialAction\":[{\"@type\":\"ReadAction\",\"target\":[\"https:\/\/devtgo.com\/shop\/celebration-bermuda\/\"]}]},{\"@type\":\"ImageObject\",\"inLanguage\":\"es\",\"@id\":\"https:\/\/devtgo.com\/shop\/celebration-bermuda\/#primaryimage\",\"url\":\"https:\/\/devtgo.com\/wp-content\/uploads\/Cele.zoom2_-scaled.jpg\",\"contentUrl\":\"https:\/\/devtgo.com\/wp-content\/uploads\/Cele.zoom2_-scaled.jpg\",\"width\":1280,\"height\":960,\"caption\":\"Celebration Bermuda Zoom\"},{\"@type\":\"BreadcrumbList\",\"@id\":\"https:\/\/devtgo.com\/shop\/celebration-bermuda\/#breadcrumb\",\"itemListElement\":[{\"@type\":\"ListItem\",\"position\":1,\"name\":\"Home\",\"item\":\"https:\/\/devtgo.com\/\"},{\"@type\":\"ListItem\",\"position\":2,\"name\":\"Bermuda Grass\",\"item\":\"https:\/\/devtgo.com\/shop\/product-category\/bermuda\/\"},{\"@type\":\"ListItem\",\"position\":3,\"name\":\"Celebration Bermuda\"}]},{\"@type\":\"WebSite\",\"@id\":\"https:\/\/devtgo.com\/#website\",\"url\":\"https:\/\/devtgo.com\/\",\"name\":\"The Grass Outlet\",\"description\":\"&quot;Helping Texas Go Green, One Yard at a Time&quot;\",\"publisher\":{\"@id\":\"https:\/\/devtgo.com\/#organization\"},\"potentialAction\":[{\"@type\":\"SearchAction\",\"target\":{\"@type\":\"EntryPoint\",\"urlTemplate\":\"https:\/\/devtgo.com\/?s={search_term_string}\"},\"query-input\":{\"@type\":\"PropertyValueSpecification\",\"valueRequired\":true,\"valueName\":\"search_term_string\"}}],\"inLanguage\":\"es\"},{\"@type\":\"Organization\",\"@id\":\"https:\/\/devtgo.com\/#organization\",\"name\":\"The Grass Outlet\",\"url\":\"https:\/\/devtgo.com\/\",\"logo\":{\"@type\":\"ImageObject\",\"inLanguage\":\"es\",\"@id\":\"https:\/\/devtgo.com\/#\/schema\/logo\/image\/\",\"url\":\"https:\/\/devtgo.com\/wp-content\/uploads\/TxNative-1-scaled.jpg\",\"contentUrl\":\"https:\/\/devtgo.com\/wp-content\/uploads\/TxNative-1-scaled.jpg\",\"width\":1024,\"height\":720,\"caption\":\"The Grass Outlet\"},\"image\":{\"@id\":\"https:\/\/devtgo.com\/#\/schema\/logo\/image\/\"},\"sameAs\":[\"https:\/\/www.facebook.com\/pages\/The-Grass-Outlet\/269332396527430\",\"https:\/\/x.com\/TheGrassOutlet\"]}]}<\/script>\n<!-- \/ Yoast SEO plugin. -->","yoast_head_json":{"title":"Celebration Bermuda Grass Sod: C\u00e9spedes exuberantes | The Grass Outlet","description":"Elija el c\u00e9sped Celebration Bermuda para disfrutar de un c\u00e9sped exuberante de color verde azulado que destaca a pleno sol y a sombra moderada. La mejor selecci\u00f3n de The Grass Outlet.","robots":{"index":"noindex","follow":"follow","max-snippet":"max-snippet:-1","max-image-preview":"max-image-preview:large","max-video-preview":"max-video-preview:-1"},"og_locale":"es_MX","og_type":"article","og_title":"Celebration Bermuda Grass Sod: Lush Turf for Lawns | The Grass Outlet","og_description":"Choose Celebration Bermuda grass sod for lush, blue-green turf that excels in full sun and moderate shade. The Grass Outlet's premium selection.","og_url":"https:\/\/devtgo.com\/es\/tienda\/celebration-bermuda\/","og_site_name":"The Grass Outlet","article_publisher":"https:\/\/www.facebook.com\/pages\/The-Grass-Outlet\/269332396527430","article_modified_time":"2025-07-14T14:20:20+00:00","og_image":[{"width":1280,"height":960,"url":"https:\/\/devtgo.com\/wp-content\/uploads\/Cele.zoom2_-scaled.jpg","type":"image\/jpeg"}],"twitter_misc":{"Tiempo de lectura":"1 minuto"},"schema":{"@context":"https:\/\/schema.org","@graph":[{"@type":["WebPage","ItemPage"],"@id":"https:\/\/devtgo.com\/shop\/celebration-bermuda\/","url":"https:\/\/devtgo.com\/shop\/celebration-bermuda\/","name":"Celebration Bermuda Grass Sod: C\u00e9spedes exuberantes | The Grass Outlet","isPartOf":{"@id":"https:\/\/devtgo.com\/#website"},"primaryImageOfPage":{"@id":"https:\/\/devtgo.com\/shop\/celebration-bermuda\/#primaryimage"},"image":{"@id":"https:\/\/devtgo.com\/shop\/celebration-bermuda\/#primaryimage"},"thumbnailUrl":"https:\/\/devtgo.com\/wp-content\/uploads\/Cele.zoom2_-scaled.jpg","datePublished":"2012-12-04T23:05:31+00:00","dateModified":"2025-07-14T14:20:20+00:00","description":"Elija el c\u00e9sped Celebration Bermuda para disfrutar de un c\u00e9sped exuberante de color verde azulado que destaca a pleno sol y a sombra moderada. La mejor selecci\u00f3n de The Grass Outlet.","breadcrumb":{"@id":"https:\/\/devtgo.com\/shop\/celebration-bermuda\/#breadcrumb"},"inLanguage":"es","potentialAction":[{"@type":"ReadAction","target":["https:\/\/devtgo.com\/shop\/celebration-bermuda\/"]}]},{"@type":"ImageObject","inLanguage":"es","@id":"https:\/\/devtgo.com\/shop\/celebration-bermuda\/#primaryimage","url":"https:\/\/devtgo.com\/wp-content\/uploads\/Cele.zoom2_-scaled.jpg","contentUrl":"https:\/\/devtgo.com\/wp-content\/uploads\/Cele.zoom2_-scaled.jpg","width":1280,"height":960,"caption":"Celebration Bermuda Zoom"},{"@type":"BreadcrumbList","@id":"https:\/\/devtgo.com\/shop\/celebration-bermuda\/#breadcrumb","itemListElement":[{"@type":"ListItem","position":1,"name":"Home","item":"https:\/\/devtgo.com\/"},{"@type":"ListItem","position":2,"name":"Bermuda Grass","item":"https:\/\/devtgo.com\/shop\/product-category\/bermuda\/"},{"@type":"ListItem","position":3,"name":"Celebration Bermuda"}]},{"@type":"WebSite","@id":"https:\/\/devtgo.com\/#website","url":"https:\/\/devtgo.com\/","name":"The Grass Outlet","description":"\"Ayudando a Tejas a ser m\u00e1s verde, un jard\u00edn a la vez\"","publisher":{"@id":"https:\/\/devtgo.com\/#organization"},"potentialAction":[{"@type":"SearchAction","target":{"@type":"EntryPoint","urlTemplate":"https:\/\/devtgo.com\/?s={search_term_string}"},"query-input":{"@type":"PropertyValueSpecification","valueRequired":true,"valueName":"search_term_string"}}],"inLanguage":"es"},{"@type":"Organization","@id":"https:\/\/devtgo.com\/#organization","name":"The Grass Outlet","url":"https:\/\/devtgo.com\/","logo":{"@type":"ImageObject","inLanguage":"es","@id":"https:\/\/devtgo.com\/#\/schema\/logo\/image\/","url":"https:\/\/devtgo.com\/wp-content\/uploads\/TxNative-1-scaled.jpg","contentUrl":"https:\/\/devtgo.com\/wp-content\/uploads\/TxNative-1-scaled.jpg","width":1024,"height":720,"caption":"The Grass Outlet"},"image":{"@id":"https:\/\/devtgo.com\/#\/schema\/logo\/image\/"},"sameAs":["https:\/\/www.facebook.com\/pages\/The-Grass-Outlet\/269332396527430","https:\/\/x.com\/TheGrassOutlet"]}]}},"_links":{"self":[{"href":"https:\/\/devtgo.com\/es\/wp-json\/wp\/v2\/product\/135","targetHints":{"allow":["GET"]}}],"collection":[{"href":"https:\/\/devtgo.com\/es\/wp-json\/wp\/v2\/product"}],"about":[{"href":"https:\/\/devtgo.com\/es\/wp-json\/wp\/v2\/types\/product"}],"wp:featuredmedia":[{"embeddable":true,"href":"https:\/\/devtgo.com\/es\/wp-json\/wp\/v2\/media\/104353"}],"wp:attachment":[{"href":"https:\/\/devtgo.com\/es\/wp-json\/wp\/v2\/media?parent=135"}],"wp:term":[{"taxonomy":"product_brand","embeddable":true,"href":"https:\/\/devtgo.com\/es\/wp-json\/wp\/v2\/product_brand?post=135"},{"taxonomy":"product_cat","embeddable":true,"href":"https:\/\/devtgo.com\/es\/wp-json\/wp\/v2\/product_cat?post=135"},{"taxonomy":"product_tag","embeddable":true,"href":"https:\/\/devtgo.com\/es\/wp-json\/wp\/v2\/product_tag?post=135"}],"curies":[{"name":"wp","href":"https:\/\/api.w.org\/{rel}","templated":true}]}}