{"id":137,"date":"2012-12-04T17:06:47","date_gmt":"2012-12-04T23:06:47","guid":{"rendered":"https:\/\/devtgo.com\/?post_type=product&#038;p=137"},"modified":"2025-12-09T09:51:22","modified_gmt":"2025-12-09T15:51:22","slug":"palisade-zoysia","status":"publish","type":"product","link":"https:\/\/devtgo.com\/es\/tienda\/palisade-zoysia\/","title":{"rendered":"Palisades Zoysia"},"content":{"rendered":"<p><span style=\"font-weight: 400;\">El c\u00e9sped Palisades Zoysia es un c\u00e9sped Zoysia de hoja mediana que se ha hecho r\u00e1pidamente popular entre los propietarios de Tejas debido a su aspecto visualmente agradable y a su versatilidad. Con hojas m\u00e1s peque\u00f1as que las del c\u00e9sped San Agust\u00edn y m\u00e1s grande que la del c\u00e9sped Bermuda, el c\u00e9sped Palisades se adapta bien a una amplia gama de entornos y tipos de suelo. Los propietarios que optan por el c\u00e9sped Palisades Zoysia aprecian su f\u00e1cil proceso de instalaci\u00f3n, que transforma r\u00e1pidamente las zonas desnudas en jardines verdes y exuberantes. Palisades se comporta mejor a la sombra que la mayor\u00eda de las variedades de temporada c\u00e1lida, pero necesita luz solar adecuada para prosperar. Con un mantenimiento adecuado, Palisades desarrolla un extenso sistema radicular que le permite tolerar mejor la sequ\u00eda y presenta un c\u00e9sped verde y denso.\u00a0<\/span><\/p>","protected":false},"excerpt":{"rendered":"<p><span style=\"font-weight: 400;\">La variedad Palisades es un c\u00e9sped de hoja mediana que se ha convertido en el Zoysia m\u00e1s popular en Tejas. El Palisades es apreciado por su aspecto agradable y por su versatilidad para adaptarse tanto a \u00e1reas soleadas como a la sombra.<\/span><\/p>","protected":false},"featured_media":104406,"template":"","meta":{"_acf_changed":false,"inline_featured_image":false},"product_brand":[],"product_cat":[18],"product_tag":[],"class_list":{"0":"post-137","1":"product","2":"type-product","3":"status-publish","4":"has-post-thumbnail","6":"product_cat-zoysia","8":"first","9":"instock","10":"sale","11":"taxable","12":"shipping-taxable","13":"purchasable","14":"product-type-simple"},"acf":[],"yoast_head":"<!-- This site is optimized with the Yoast SEO plugin v26.0 - https:\/\/yoast.com\/wordpress\/plugins\/seo\/ -->\n<title>Palisades Zoysia Grass Sod: Durable &amp; Attractive | The Grass Outlet<\/title>\n<meta name=\"description\" content=\"Palisades Zoysia grass sod is ideal for Texas lawns with medium blades, shade tolerance, and drought resilience. Order today!\" \/>\n<meta name=\"robots\" content=\"noindex, follow, max-snippet:-1, max-image-preview:large, max-video-preview:-1\" \/>\n<meta property=\"og:locale\" content=\"es_MX\" \/>\n<meta property=\"og:type\" content=\"article\" \/>\n<meta property=\"og:title\" content=\"Palisades Zoysia Grass Sod: Durable &amp; Attractive | The Grass Outlet\" \/>\n<meta property=\"og:description\" content=\"Palisades Zoysia grass sod is ideal for Texas lawns with medium blades, shade tolerance, and drought resilience. Order today!\" \/>\n<meta property=\"og:url\" content=\"https:\/\/devtgo.com\/es\/tienda\/palisade-zoysia\/\" \/>\n<meta property=\"og:site_name\" content=\"The Grass Outlet\" \/>\n<meta property=\"article:publisher\" content=\"https:\/\/www.facebook.com\/pages\/The-Grass-Outlet\/269332396527430\" \/>\n<meta property=\"article:modified_time\" content=\"2025-12-09T15:51:22+00:00\" \/>\n<meta property=\"og:image\" content=\"https:\/\/devtgo.com\/wp-content\/uploads\/pz.zoom_-scaled.jpg\" \/>\n\t<meta property=\"og:image:width\" content=\"1000\" \/>\n\t<meta property=\"og:image:height\" content=\"667\" \/>\n\t<meta property=\"og:image:type\" content=\"image\/jpeg\" \/>\n<meta name=\"twitter:label1\" content=\"Tiempo de lectura\" \/>\n\t<meta name=\"twitter:data1\" content=\"1 minuto\" \/>\n<script type=\"application\/ld+json\" class=\"yoast-schema-graph\">{\"@context\":\"https:\/\/schema.org\",\"@graph\":[{\"@type\":[\"WebPage\",\"ItemPage\"],\"@id\":\"https:\/\/devtgo.com\/shop\/palisade-zoysia\/\",\"url\":\"https:\/\/devtgo.com\/shop\/palisade-zoysia\/\",\"name\":\"Palisades Zoysia Grass Sod: Durable & Attractive | The Grass Outlet\",\"isPartOf\":{\"@id\":\"https:\/\/devtgo.com\/#website\"},\"primaryImageOfPage\":{\"@id\":\"https:\/\/devtgo.com\/shop\/palisade-zoysia\/#primaryimage\"},\"image\":{\"@id\":\"https:\/\/devtgo.com\/shop\/palisade-zoysia\/#primaryimage\"},\"thumbnailUrl\":\"https:\/\/devtgo.com\/wp-content\/uploads\/pz.zoom_-scaled.jpg\",\"datePublished\":\"2012-12-04T23:06:47+00:00\",\"dateModified\":\"2025-12-09T15:51:22+00:00\",\"description\":\"Palisades Zoysia grass sod is ideal for Texas lawns with medium blades, shade tolerance, and drought resilience. Order today!\",\"breadcrumb\":{\"@id\":\"https:\/\/devtgo.com\/shop\/palisade-zoysia\/#breadcrumb\"},\"inLanguage\":\"es\",\"potentialAction\":[{\"@type\":\"ReadAction\",\"target\":[\"https:\/\/devtgo.com\/shop\/palisade-zoysia\/\"]}]},{\"@type\":\"ImageObject\",\"inLanguage\":\"es\",\"@id\":\"https:\/\/devtgo.com\/shop\/palisade-zoysia\/#primaryimage\",\"url\":\"https:\/\/devtgo.com\/wp-content\/uploads\/pz.zoom_-scaled.jpg\",\"contentUrl\":\"https:\/\/devtgo.com\/wp-content\/uploads\/pz.zoom_-scaled.jpg\",\"width\":1000,\"height\":667,\"caption\":\"Palisades Zoysia Grass Zoom\"},{\"@type\":\"BreadcrumbList\",\"@id\":\"https:\/\/devtgo.com\/shop\/palisade-zoysia\/#breadcrumb\",\"itemListElement\":[{\"@type\":\"ListItem\",\"position\":1,\"name\":\"Home\",\"item\":\"https:\/\/devtgo.com\/\"},{\"@type\":\"ListItem\",\"position\":2,\"name\":\"Zoysia Grass\",\"item\":\"https:\/\/devtgo.com\/shop\/product-category\/zoysia\/\"},{\"@type\":\"ListItem\",\"position\":3,\"name\":\"Palisades Zoysia\"}]},{\"@type\":\"WebSite\",\"@id\":\"https:\/\/devtgo.com\/#website\",\"url\":\"https:\/\/devtgo.com\/\",\"name\":\"The Grass Outlet\",\"description\":\"&quot;Helping Texas Go Green, One Yard at a Time&quot;\",\"publisher\":{\"@id\":\"https:\/\/devtgo.com\/#organization\"},\"potentialAction\":[{\"@type\":\"SearchAction\",\"target\":{\"@type\":\"EntryPoint\",\"urlTemplate\":\"https:\/\/devtgo.com\/?s={search_term_string}\"},\"query-input\":{\"@type\":\"PropertyValueSpecification\",\"valueRequired\":true,\"valueName\":\"search_term_string\"}}],\"inLanguage\":\"es\"},{\"@type\":\"Organization\",\"@id\":\"https:\/\/devtgo.com\/#organization\",\"name\":\"The Grass Outlet\",\"url\":\"https:\/\/devtgo.com\/\",\"logo\":{\"@type\":\"ImageObject\",\"inLanguage\":\"es\",\"@id\":\"https:\/\/devtgo.com\/#\/schema\/logo\/image\/\",\"url\":\"https:\/\/devtgo.com\/wp-content\/uploads\/TxNative-1-scaled.jpg\",\"contentUrl\":\"https:\/\/devtgo.com\/wp-content\/uploads\/TxNative-1-scaled.jpg\",\"width\":1024,\"height\":720,\"caption\":\"The Grass Outlet\"},\"image\":{\"@id\":\"https:\/\/devtgo.com\/#\/schema\/logo\/image\/\"},\"sameAs\":[\"https:\/\/www.facebook.com\/pages\/The-Grass-Outlet\/269332396527430\",\"https:\/\/x.com\/TheGrassOutlet\"]}]}<\/script>\n<!-- \/ Yoast SEO plugin. -->","yoast_head_json":{"title":"C\u00e9sped Palisades Zoysia: Duradero y atractivo | The Grass Outlet","description":"El c\u00e9sped Palisades Zoysia es ideal para los c\u00e9spedes de Tejas con hojas medianas, tolerancia a la sombra y resistencia a la sequ\u00eda. \u00a1P\u00eddalo hoy mismo!","robots":{"index":"noindex","follow":"follow","max-snippet":"max-snippet:-1","max-image-preview":"max-image-preview:large","max-video-preview":"max-video-preview:-1"},"og_locale":"es_MX","og_type":"article","og_title":"Palisades Zoysia Grass Sod: Durable & Attractive | The Grass Outlet","og_description":"Palisades Zoysia grass sod is ideal for Texas lawns with medium blades, shade tolerance, and drought resilience. Order today!","og_url":"https:\/\/devtgo.com\/es\/tienda\/palisade-zoysia\/","og_site_name":"The Grass Outlet","article_publisher":"https:\/\/www.facebook.com\/pages\/The-Grass-Outlet\/269332396527430","article_modified_time":"2025-12-09T15:51:22+00:00","og_image":[{"width":1000,"height":667,"url":"https:\/\/devtgo.com\/wp-content\/uploads\/pz.zoom_-scaled.jpg","type":"image\/jpeg"}],"twitter_misc":{"Tiempo de lectura":"1 minuto"},"schema":{"@context":"https:\/\/schema.org","@graph":[{"@type":["WebPage","ItemPage"],"@id":"https:\/\/devtgo.com\/shop\/palisade-zoysia\/","url":"https:\/\/devtgo.com\/shop\/palisade-zoysia\/","name":"C\u00e9sped Palisades Zoysia: Duradero y atractivo | The Grass Outlet","isPartOf":{"@id":"https:\/\/devtgo.com\/#website"},"primaryImageOfPage":{"@id":"https:\/\/devtgo.com\/shop\/palisade-zoysia\/#primaryimage"},"image":{"@id":"https:\/\/devtgo.com\/shop\/palisade-zoysia\/#primaryimage"},"thumbnailUrl":"https:\/\/devtgo.com\/wp-content\/uploads\/pz.zoom_-scaled.jpg","datePublished":"2012-12-04T23:06:47+00:00","dateModified":"2025-12-09T15:51:22+00:00","description":"El c\u00e9sped Palisades Zoysia es ideal para los c\u00e9spedes de Tejas con hojas medianas, tolerancia a la sombra y resistencia a la sequ\u00eda. \u00a1P\u00eddalo hoy mismo!","breadcrumb":{"@id":"https:\/\/devtgo.com\/shop\/palisade-zoysia\/#breadcrumb"},"inLanguage":"es","potentialAction":[{"@type":"ReadAction","target":["https:\/\/devtgo.com\/shop\/palisade-zoysia\/"]}]},{"@type":"ImageObject","inLanguage":"es","@id":"https:\/\/devtgo.com\/shop\/palisade-zoysia\/#primaryimage","url":"https:\/\/devtgo.com\/wp-content\/uploads\/pz.zoom_-scaled.jpg","contentUrl":"https:\/\/devtgo.com\/wp-content\/uploads\/pz.zoom_-scaled.jpg","width":1000,"height":667,"caption":"Palisades Zoysia Grass Zoom"},{"@type":"BreadcrumbList","@id":"https:\/\/devtgo.com\/shop\/palisade-zoysia\/#breadcrumb","itemListElement":[{"@type":"ListItem","position":1,"name":"Home","item":"https:\/\/devtgo.com\/"},{"@type":"ListItem","position":2,"name":"Zoysia Grass","item":"https:\/\/devtgo.com\/shop\/product-category\/zoysia\/"},{"@type":"ListItem","position":3,"name":"Palisades Zoysia"}]},{"@type":"WebSite","@id":"https:\/\/devtgo.com\/#website","url":"https:\/\/devtgo.com\/","name":"The Grass Outlet","description":"\"Ayudando a Tejas a ser m\u00e1s verde, un jard\u00edn a la vez\"","publisher":{"@id":"https:\/\/devtgo.com\/#organization"},"potentialAction":[{"@type":"SearchAction","target":{"@type":"EntryPoint","urlTemplate":"https:\/\/devtgo.com\/?s={search_term_string}"},"query-input":{"@type":"PropertyValueSpecification","valueRequired":true,"valueName":"search_term_string"}}],"inLanguage":"es"},{"@type":"Organization","@id":"https:\/\/devtgo.com\/#organization","name":"The Grass Outlet","url":"https:\/\/devtgo.com\/","logo":{"@type":"ImageObject","inLanguage":"es","@id":"https:\/\/devtgo.com\/#\/schema\/logo\/image\/","url":"https:\/\/devtgo.com\/wp-content\/uploads\/TxNative-1-scaled.jpg","contentUrl":"https:\/\/devtgo.com\/wp-content\/uploads\/TxNative-1-scaled.jpg","width":1024,"height":720,"caption":"The Grass Outlet"},"image":{"@id":"https:\/\/devtgo.com\/#\/schema\/logo\/image\/"},"sameAs":["https:\/\/www.facebook.com\/pages\/The-Grass-Outlet\/269332396527430","https:\/\/x.com\/TheGrassOutlet"]}]}},"_links":{"self":[{"href":"https:\/\/devtgo.com\/es\/wp-json\/wp\/v2\/product\/137","targetHints":{"allow":["GET"]}}],"collection":[{"href":"https:\/\/devtgo.com\/es\/wp-json\/wp\/v2\/product"}],"about":[{"href":"https:\/\/devtgo.com\/es\/wp-json\/wp\/v2\/types\/product"}],"wp:featuredmedia":[{"embeddable":true,"href":"https:\/\/devtgo.com\/es\/wp-json\/wp\/v2\/media\/104406"}],"wp:attachment":[{"href":"https:\/\/devtgo.com\/es\/wp-json\/wp\/v2\/media?parent=137"}],"wp:term":[{"taxonomy":"product_brand","embeddable":true,"href":"https:\/\/devtgo.com\/es\/wp-json\/wp\/v2\/product_brand?post=137"},{"taxonomy":"product_cat","embeddable":true,"href":"https:\/\/devtgo.com\/es\/wp-json\/wp\/v2\/product_cat?post=137"},{"taxonomy":"product_tag","embeddable":true,"href":"https:\/\/devtgo.com\/es\/wp-json\/wp\/v2\/product_tag?post=137"}],"curies":[{"name":"wp","href":"https:\/\/api.w.org\/{rel}","templated":true}]}}