{"id":140,"date":"2012-12-04T17:07:57","date_gmt":"2012-12-04T23:07:57","guid":{"rendered":"https:\/\/devtgo.com\/?post_type=product&#038;p=140"},"modified":"2025-11-21T14:14:56","modified_gmt":"2025-11-21T20:14:56","slug":"zeon-zoysia","status":"publish","type":"product","link":"https:\/\/devtgo.com\/es\/tienda\/zeon-zoysia\/","title":{"rendered":"Zeon Zoysia"},"content":{"rendered":"<p><span style=\"font-weight: 400;\">Zeon Zoysia es un c\u00e9sped Zoysia de hoja fina, apodado el \"c\u00e9sped para andar descalzos\" debido a su hermoso c\u00e9sped suave y acolchado. Zeon tiene atributos consistentes en la familia Zoysia, como manejar mejor las \u00e1reas sombreadas, as\u00ed como a pleno sol, y un buen rendimiento con menos agua debido a su extenso sistema de ra\u00edces.  Aunque es un c\u00e9sped de mayor calidad, Zeon tiene un tama\u00f1o de hoja similar a Bermuda y con frecuencia ha encontrado un hogar en las zonas m\u00e1s sombreadas de los c\u00e9spedes Bermuda.  Despu\u00e9s de muchos a\u00f1os de suministrar numerosas variedades de Zoysia de hoja fina en todo el estado, The Grass Outlet eligi\u00f3 el c\u00e9sped Zeon Zoysia como su Zoysia de hoja fina preferida y actualmente es <strong>un cultivador autorizado de Zeon<\/strong>.\u00a0\u00a0<\/span><\/p>","protected":false},"excerpt":{"rendered":"<p><span style=\"font-weight: 400;\">Zeon es un c\u00e9sped Zoysia de hoja fina que destaca por su aspecto exuberante, ha sido apodado \"el c\u00e9sped de los pies descalzos\". El extenso sistema radicular de la variedad Zeon le permite soportar mejor las \u00e1reas a pleno sol o a la sombra, as\u00ed como las condiciones de sequ\u00eda.\u00a0\u00a0<\/span><\/p>","protected":false},"featured_media":103767,"template":"","meta":{"_acf_changed":false,"inline_featured_image":false},"product_brand":[],"product_cat":[18],"product_tag":[],"class_list":{"0":"post-140","1":"product","2":"type-product","3":"status-publish","4":"has-post-thumbnail","6":"product_cat-zoysia","8":"first","9":"instock","10":"taxable","11":"shipping-taxable","12":"purchasable","13":"product-type-simple"},"acf":[],"yoast_head":"<!-- This site is optimized with the Yoast SEO plugin v26.0 - https:\/\/yoast.com\/wordpress\/plugins\/seo\/ -->\n<title>Zeon Zoysia Grass Sod: Soft, Cushion-Like Turf | The Grass Outlet<\/title>\n<meta name=\"description\" content=\"Experience Zeon Zoysia: The &#039;Barefoot Grass&#039; with fine blades, perfect for shady and sunny areas. A top choice at The Grass Outlet!\" \/>\n<meta name=\"robots\" content=\"noindex, follow, max-snippet:-1, max-image-preview:large, max-video-preview:-1\" \/>\n<meta property=\"og:locale\" content=\"es_MX\" \/>\n<meta property=\"og:type\" content=\"article\" \/>\n<meta property=\"og:title\" content=\"Zeon Zoysia Grass Sod: Soft, Cushion-Like Turf | The Grass Outlet\" \/>\n<meta property=\"og:description\" content=\"Experience Zeon Zoysia: The &#039;Barefoot Grass&#039; with fine blades, perfect for shady and sunny areas. A top choice at The Grass Outlet!\" \/>\n<meta property=\"og:url\" content=\"https:\/\/devtgo.com\/es\/tienda\/zeon-zoysia\/\" \/>\n<meta property=\"og:site_name\" content=\"The Grass Outlet\" \/>\n<meta property=\"article:publisher\" content=\"https:\/\/www.facebook.com\/pages\/The-Grass-Outlet\/269332396527430\" \/>\n<meta property=\"article:modified_time\" content=\"2025-11-21T20:14:56+00:00\" \/>\n<meta property=\"og:image\" content=\"https:\/\/devtgo.com\/wp-content\/uploads\/Zeon-1-scaled.jpeg\" \/>\n\t<meta property=\"og:image:width\" content=\"1000\" \/>\n\t<meta property=\"og:image:height\" content=\"667\" \/>\n\t<meta property=\"og:image:type\" content=\"image\/jpeg\" \/>\n<meta name=\"twitter:label1\" content=\"Tiempo de lectura\" \/>\n\t<meta name=\"twitter:data1\" content=\"1 minuto\" \/>\n<script type=\"application\/ld+json\" class=\"yoast-schema-graph\">{\"@context\":\"https:\/\/schema.org\",\"@graph\":[{\"@type\":[\"WebPage\",\"ItemPage\"],\"@id\":\"https:\/\/devtgo.com\/shop\/zeon-zoysia\/\",\"url\":\"https:\/\/devtgo.com\/shop\/zeon-zoysia\/\",\"name\":\"Zeon Zoysia Grass Sod: Soft, Cushion-Like Turf | The Grass Outlet\",\"isPartOf\":{\"@id\":\"https:\/\/devtgo.com\/#website\"},\"primaryImageOfPage\":{\"@id\":\"https:\/\/devtgo.com\/shop\/zeon-zoysia\/#primaryimage\"},\"image\":{\"@id\":\"https:\/\/devtgo.com\/shop\/zeon-zoysia\/#primaryimage\"},\"thumbnailUrl\":\"https:\/\/devtgo.com\/wp-content\/uploads\/Zeon-1-scaled.jpeg\",\"datePublished\":\"2012-12-04T23:07:57+00:00\",\"dateModified\":\"2025-11-21T20:14:56+00:00\",\"description\":\"Experience Zeon Zoysia: The 'Barefoot Grass' with fine blades, perfect for shady and sunny areas. A top choice at The Grass Outlet!\",\"breadcrumb\":{\"@id\":\"https:\/\/devtgo.com\/shop\/zeon-zoysia\/#breadcrumb\"},\"inLanguage\":\"es\",\"potentialAction\":[{\"@type\":\"ReadAction\",\"target\":[\"https:\/\/devtgo.com\/shop\/zeon-zoysia\/\"]}]},{\"@type\":\"ImageObject\",\"inLanguage\":\"es\",\"@id\":\"https:\/\/devtgo.com\/shop\/zeon-zoysia\/#primaryimage\",\"url\":\"https:\/\/devtgo.com\/wp-content\/uploads\/Zeon-1-scaled.jpeg\",\"contentUrl\":\"https:\/\/devtgo.com\/wp-content\/uploads\/Zeon-1-scaled.jpeg\",\"width\":1000,\"height\":667},{\"@type\":\"BreadcrumbList\",\"@id\":\"https:\/\/devtgo.com\/shop\/zeon-zoysia\/#breadcrumb\",\"itemListElement\":[{\"@type\":\"ListItem\",\"position\":1,\"name\":\"Home\",\"item\":\"https:\/\/devtgo.com\/\"},{\"@type\":\"ListItem\",\"position\":2,\"name\":\"Zoysia Grass\",\"item\":\"https:\/\/devtgo.com\/shop\/product-category\/zoysia\/\"},{\"@type\":\"ListItem\",\"position\":3,\"name\":\"Zeon Zoysia\"}]},{\"@type\":\"WebSite\",\"@id\":\"https:\/\/devtgo.com\/#website\",\"url\":\"https:\/\/devtgo.com\/\",\"name\":\"The Grass Outlet\",\"description\":\"&quot;Helping Texas Go Green, One Yard at a Time&quot;\",\"publisher\":{\"@id\":\"https:\/\/devtgo.com\/#organization\"},\"potentialAction\":[{\"@type\":\"SearchAction\",\"target\":{\"@type\":\"EntryPoint\",\"urlTemplate\":\"https:\/\/devtgo.com\/?s={search_term_string}\"},\"query-input\":{\"@type\":\"PropertyValueSpecification\",\"valueRequired\":true,\"valueName\":\"search_term_string\"}}],\"inLanguage\":\"es\"},{\"@type\":\"Organization\",\"@id\":\"https:\/\/devtgo.com\/#organization\",\"name\":\"The Grass Outlet\",\"url\":\"https:\/\/devtgo.com\/\",\"logo\":{\"@type\":\"ImageObject\",\"inLanguage\":\"es\",\"@id\":\"https:\/\/devtgo.com\/#\/schema\/logo\/image\/\",\"url\":\"https:\/\/devtgo.com\/wp-content\/uploads\/TxNative-1-scaled.jpg\",\"contentUrl\":\"https:\/\/devtgo.com\/wp-content\/uploads\/TxNative-1-scaled.jpg\",\"width\":1024,\"height\":720,\"caption\":\"The Grass Outlet\"},\"image\":{\"@id\":\"https:\/\/devtgo.com\/#\/schema\/logo\/image\/\"},\"sameAs\":[\"https:\/\/www.facebook.com\/pages\/The-Grass-Outlet\/269332396527430\",\"https:\/\/x.com\/TheGrassOutlet\"]}]}<\/script>\n<!-- \/ Yoast SEO plugin. -->","yoast_head_json":{"title":"C\u00e9sped Zeon Zoysia: C\u00e9sped suave y acolchado | The Grass Outlet","description":"Experimente Zeon Zoysia: La 'Hierba de los Pies Descalzos' con hojas finas, perfecta para zonas sombreadas y soleadas. La mejor elecci\u00f3n en The Grass Outlet.","robots":{"index":"noindex","follow":"follow","max-snippet":"max-snippet:-1","max-image-preview":"max-image-preview:large","max-video-preview":"max-video-preview:-1"},"og_locale":"es_MX","og_type":"article","og_title":"Zeon Zoysia Grass Sod: Soft, Cushion-Like Turf | The Grass Outlet","og_description":"Experience Zeon Zoysia: The 'Barefoot Grass' with fine blades, perfect for shady and sunny areas. A top choice at The Grass Outlet!","og_url":"https:\/\/devtgo.com\/es\/tienda\/zeon-zoysia\/","og_site_name":"The Grass Outlet","article_publisher":"https:\/\/www.facebook.com\/pages\/The-Grass-Outlet\/269332396527430","article_modified_time":"2025-11-21T20:14:56+00:00","og_image":[{"width":1000,"height":667,"url":"https:\/\/devtgo.com\/wp-content\/uploads\/Zeon-1-scaled.jpeg","type":"image\/jpeg"}],"twitter_misc":{"Tiempo de lectura":"1 minuto"},"schema":{"@context":"https:\/\/schema.org","@graph":[{"@type":["WebPage","ItemPage"],"@id":"https:\/\/devtgo.com\/shop\/zeon-zoysia\/","url":"https:\/\/devtgo.com\/shop\/zeon-zoysia\/","name":"C\u00e9sped Zeon Zoysia: C\u00e9sped suave y acolchado | The Grass Outlet","isPartOf":{"@id":"https:\/\/devtgo.com\/#website"},"primaryImageOfPage":{"@id":"https:\/\/devtgo.com\/shop\/zeon-zoysia\/#primaryimage"},"image":{"@id":"https:\/\/devtgo.com\/shop\/zeon-zoysia\/#primaryimage"},"thumbnailUrl":"https:\/\/devtgo.com\/wp-content\/uploads\/Zeon-1-scaled.jpeg","datePublished":"2012-12-04T23:07:57+00:00","dateModified":"2025-11-21T20:14:56+00:00","description":"Experimente Zeon Zoysia: La 'Hierba de los Pies Descalzos' con hojas finas, perfecta para zonas sombreadas y soleadas. La mejor elecci\u00f3n en The Grass Outlet.","breadcrumb":{"@id":"https:\/\/devtgo.com\/shop\/zeon-zoysia\/#breadcrumb"},"inLanguage":"es","potentialAction":[{"@type":"ReadAction","target":["https:\/\/devtgo.com\/shop\/zeon-zoysia\/"]}]},{"@type":"ImageObject","inLanguage":"es","@id":"https:\/\/devtgo.com\/shop\/zeon-zoysia\/#primaryimage","url":"https:\/\/devtgo.com\/wp-content\/uploads\/Zeon-1-scaled.jpeg","contentUrl":"https:\/\/devtgo.com\/wp-content\/uploads\/Zeon-1-scaled.jpeg","width":1000,"height":667},{"@type":"BreadcrumbList","@id":"https:\/\/devtgo.com\/shop\/zeon-zoysia\/#breadcrumb","itemListElement":[{"@type":"ListItem","position":1,"name":"Home","item":"https:\/\/devtgo.com\/"},{"@type":"ListItem","position":2,"name":"Zoysia Grass","item":"https:\/\/devtgo.com\/shop\/product-category\/zoysia\/"},{"@type":"ListItem","position":3,"name":"Zeon Zoysia"}]},{"@type":"WebSite","@id":"https:\/\/devtgo.com\/#website","url":"https:\/\/devtgo.com\/","name":"The Grass Outlet","description":"\"Ayudando a Tejas a ser m\u00e1s verde, un jard\u00edn a la vez\"","publisher":{"@id":"https:\/\/devtgo.com\/#organization"},"potentialAction":[{"@type":"SearchAction","target":{"@type":"EntryPoint","urlTemplate":"https:\/\/devtgo.com\/?s={search_term_string}"},"query-input":{"@type":"PropertyValueSpecification","valueRequired":true,"valueName":"search_term_string"}}],"inLanguage":"es"},{"@type":"Organization","@id":"https:\/\/devtgo.com\/#organization","name":"The Grass Outlet","url":"https:\/\/devtgo.com\/","logo":{"@type":"ImageObject","inLanguage":"es","@id":"https:\/\/devtgo.com\/#\/schema\/logo\/image\/","url":"https:\/\/devtgo.com\/wp-content\/uploads\/TxNative-1-scaled.jpg","contentUrl":"https:\/\/devtgo.com\/wp-content\/uploads\/TxNative-1-scaled.jpg","width":1024,"height":720,"caption":"The Grass Outlet"},"image":{"@id":"https:\/\/devtgo.com\/#\/schema\/logo\/image\/"},"sameAs":["https:\/\/www.facebook.com\/pages\/The-Grass-Outlet\/269332396527430","https:\/\/x.com\/TheGrassOutlet"]}]}},"_links":{"self":[{"href":"https:\/\/devtgo.com\/es\/wp-json\/wp\/v2\/product\/140","targetHints":{"allow":["GET"]}}],"collection":[{"href":"https:\/\/devtgo.com\/es\/wp-json\/wp\/v2\/product"}],"about":[{"href":"https:\/\/devtgo.com\/es\/wp-json\/wp\/v2\/types\/product"}],"wp:featuredmedia":[{"embeddable":true,"href":"https:\/\/devtgo.com\/es\/wp-json\/wp\/v2\/media\/103767"}],"wp:attachment":[{"href":"https:\/\/devtgo.com\/es\/wp-json\/wp\/v2\/media?parent=140"}],"wp:term":[{"taxonomy":"product_brand","embeddable":true,"href":"https:\/\/devtgo.com\/es\/wp-json\/wp\/v2\/product_brand?post=140"},{"taxonomy":"product_cat","embeddable":true,"href":"https:\/\/devtgo.com\/es\/wp-json\/wp\/v2\/product_cat?post=140"},{"taxonomy":"product_tag","embeddable":true,"href":"https:\/\/devtgo.com\/es\/wp-json\/wp\/v2\/product_tag?post=140"}],"curies":[{"name":"wp","href":"https:\/\/api.w.org\/{rel}","templated":true}]}}