{"id":8299,"date":"2017-05-01T13:53:29","date_gmt":"2017-05-01T18:53:29","guid":{"rendered":"https:\/\/devtgo.com\/shop\/texas-native-st-augustine\/"},"modified":"2025-10-17T06:02:45","modified_gmt":"2025-10-17T11:02:45","slug":"san-augustine-nativo-de-texas","status":"publish","type":"product","link":"https:\/\/devtgo.com\/es\/tienda\/san-augustine-nativo-de-texas\/","title":{"rendered":"San Agust\u00edn Nativo de Tejas"},"content":{"rendered":"<p><span style=\"font-weight: 400;\">San Agust\u00edn Nativo De Tejas is a hardy St. Augustine variety that can be found growing naturally in different areas of Texas. When propagated on turf farms, we see Texas Native exhibit an effective defense against fungus and is also the first turf that turns green after the winter season.\u00a0 Very similar to <a href=\"https:\/\/devtgo.com\/es\/tienda\/palmetto-san-augustin\/\">Palmetto San Agust\u00edn<\/a> en tama\u00f1o y color de hoja, la Nativo de Tejas es una elecci\u00f3n popular en todo el estado.<\/span><\/p>","protected":false},"excerpt":{"rendered":"<p><span style=\"font-weight: 400;\">La variedad de c\u00e9sped San Agust\u00edn, Nativo de Tejas, puede encontrarse creciendo naturalmente en diferentes zona del estado. Es un San Agust\u00edn resistente, especialmente conocido por reverdecer r\u00e1pidamente despu\u00e9s del invierno y por soportar brotes de hongos.<\/span><\/p>","protected":false},"featured_media":105284,"template":"","meta":{"_acf_changed":false,"inline_featured_image":false},"product_brand":[],"product_cat":[16],"product_tag":[],"class_list":{"0":"post-8299","1":"product","2":"type-product","3":"status-publish","4":"has-post-thumbnail","6":"product_cat-st-augustine","8":"first","9":"instock","10":"taxable","11":"shipping-taxable","12":"purchasable","13":"product-type-simple"},"acf":[],"yoast_head":"<!-- This site is optimized with the Yoast SEO plugin v26.0 - https:\/\/yoast.com\/wordpress\/plugins\/seo\/ -->\n<title>Texas Native St. Augustine - The Grass Outlet<\/title>\n<meta name=\"description\" content=\"Texas Native St. Augustine The Grass Outlet is the premier provider of sod grass in the state of Texas. Property owners in Texas can rely on us for grass when it&#039;s time to improve the landscaping of yards or lawns.\" \/>\n<meta name=\"robots\" content=\"noindex, follow, max-snippet:-1, max-image-preview:large, max-video-preview:-1\" \/>\n<meta property=\"og:locale\" content=\"es_MX\" \/>\n<meta property=\"og:type\" content=\"article\" \/>\n<meta property=\"og:title\" content=\"Texas Native St. Augustine - The Grass Outlet\" \/>\n<meta property=\"og:description\" content=\"Texas Native St. Augustine The Grass Outlet is the premier provider of sod grass in the state of Texas. Property owners in Texas can rely on us for grass when it&#039;s time to improve the landscaping of yards or lawns.\" \/>\n<meta property=\"og:url\" content=\"https:\/\/devtgo.com\/es\/tienda\/san-augustine-nativo-de-texas\/\" \/>\n<meta property=\"og:site_name\" content=\"The Grass Outlet\" \/>\n<meta property=\"article:publisher\" content=\"https:\/\/www.facebook.com\/pages\/The-Grass-Outlet\/269332396527430\" \/>\n<meta property=\"article:modified_time\" content=\"2025-10-17T11:02:45+00:00\" \/>\n<meta property=\"og:image\" content=\"https:\/\/devtgo.com\/wp-content\/uploads\/TxNative-1-scaled.jpg\" \/>\n\t<meta property=\"og:image:width\" content=\"1024\" \/>\n\t<meta property=\"og:image:height\" content=\"720\" \/>\n\t<meta property=\"og:image:type\" content=\"image\/jpeg\" \/>\n<meta name=\"twitter:label1\" content=\"Tiempo de lectura\" \/>\n\t<meta name=\"twitter:data1\" content=\"1 minuto\" \/>\n<script type=\"application\/ld+json\" class=\"yoast-schema-graph\">{\"@context\":\"https:\/\/schema.org\",\"@graph\":[{\"@type\":[\"WebPage\",\"ItemPage\"],\"@id\":\"https:\/\/devtgo.com\/shop\/texas-native-st-augustine\/\",\"url\":\"https:\/\/devtgo.com\/shop\/texas-native-st-augustine\/\",\"name\":\"Texas Native St. Augustine - The Grass Outlet\",\"isPartOf\":{\"@id\":\"https:\/\/devtgo.com\/#website\"},\"primaryImageOfPage\":{\"@id\":\"https:\/\/devtgo.com\/shop\/texas-native-st-augustine\/#primaryimage\"},\"image\":{\"@id\":\"https:\/\/devtgo.com\/shop\/texas-native-st-augustine\/#primaryimage\"},\"thumbnailUrl\":\"https:\/\/devtgo.com\/wp-content\/uploads\/TxNative-1-scaled.jpg\",\"datePublished\":\"2017-05-01T18:53:29+00:00\",\"dateModified\":\"2025-10-17T11:02:45+00:00\",\"description\":\"Texas Native St. Augustine The Grass Outlet is the premier provider of sod grass in the state of Texas. Property owners in Texas can rely on us for grass when it's time to improve the landscaping of yards or lawns.\",\"breadcrumb\":{\"@id\":\"https:\/\/devtgo.com\/shop\/texas-native-st-augustine\/#breadcrumb\"},\"inLanguage\":\"es\",\"potentialAction\":[{\"@type\":\"ReadAction\",\"target\":[\"https:\/\/devtgo.com\/shop\/texas-native-st-augustine\/\"]}]},{\"@type\":\"ImageObject\",\"inLanguage\":\"es\",\"@id\":\"https:\/\/devtgo.com\/shop\/texas-native-st-augustine\/#primaryimage\",\"url\":\"https:\/\/devtgo.com\/wp-content\/uploads\/TxNative-1-scaled.jpg\",\"contentUrl\":\"https:\/\/devtgo.com\/wp-content\/uploads\/TxNative-1-scaled.jpg\",\"width\":1024,\"height\":720},{\"@type\":\"BreadcrumbList\",\"@id\":\"https:\/\/devtgo.com\/shop\/texas-native-st-augustine\/#breadcrumb\",\"itemListElement\":[{\"@type\":\"ListItem\",\"position\":1,\"name\":\"Home\",\"item\":\"https:\/\/devtgo.com\/\"},{\"@type\":\"ListItem\",\"position\":2,\"name\":\"St. Augustine Grass\",\"item\":\"https:\/\/devtgo.com\/shop\/product-category\/st-augustine\/\"},{\"@type\":\"ListItem\",\"position\":3,\"name\":\"Texas Native St. Augustine\"}]},{\"@type\":\"WebSite\",\"@id\":\"https:\/\/devtgo.com\/#website\",\"url\":\"https:\/\/devtgo.com\/\",\"name\":\"The Grass Outlet\",\"description\":\"&quot;Helping Texas Go Green, One Yard at a Time&quot;\",\"publisher\":{\"@id\":\"https:\/\/devtgo.com\/#organization\"},\"potentialAction\":[{\"@type\":\"SearchAction\",\"target\":{\"@type\":\"EntryPoint\",\"urlTemplate\":\"https:\/\/devtgo.com\/?s={search_term_string}\"},\"query-input\":{\"@type\":\"PropertyValueSpecification\",\"valueRequired\":true,\"valueName\":\"search_term_string\"}}],\"inLanguage\":\"es\"},{\"@type\":\"Organization\",\"@id\":\"https:\/\/devtgo.com\/#organization\",\"name\":\"The Grass Outlet\",\"url\":\"https:\/\/devtgo.com\/\",\"logo\":{\"@type\":\"ImageObject\",\"inLanguage\":\"es\",\"@id\":\"https:\/\/devtgo.com\/#\/schema\/logo\/image\/\",\"url\":\"https:\/\/devtgo.com\/wp-content\/uploads\/TxNative-1-scaled.jpg\",\"contentUrl\":\"https:\/\/devtgo.com\/wp-content\/uploads\/TxNative-1-scaled.jpg\",\"width\":1024,\"height\":720,\"caption\":\"The Grass Outlet\"},\"image\":{\"@id\":\"https:\/\/devtgo.com\/#\/schema\/logo\/image\/\"},\"sameAs\":[\"https:\/\/www.facebook.com\/pages\/The-Grass-Outlet\/269332396527430\",\"https:\/\/x.com\/TheGrassOutlet\"]}]}<\/script>\n<!-- \/ Yoast SEO plugin. -->","yoast_head_json":{"title":"San Agust\u00edn Nativo de Tejas","description":"San Agust\u00edn Nativo de Tejas","robots":{"index":"noindex","follow":"follow","max-snippet":"max-snippet:-1","max-image-preview":"max-image-preview:large","max-video-preview":"max-video-preview:-1"},"og_locale":"es_MX","og_type":"article","og_title":"Texas Native St. Augustine - The Grass Outlet","og_description":"Texas Native St. Augustine The Grass Outlet is the premier provider of sod grass in the state of Texas. Property owners in Texas can rely on us for grass when it's time to improve the landscaping of yards or lawns.","og_url":"https:\/\/devtgo.com\/es\/tienda\/san-augustine-nativo-de-texas\/","og_site_name":"The Grass Outlet","article_publisher":"https:\/\/www.facebook.com\/pages\/The-Grass-Outlet\/269332396527430","article_modified_time":"2025-10-17T11:02:45+00:00","og_image":[{"width":1024,"height":720,"url":"https:\/\/devtgo.com\/wp-content\/uploads\/TxNative-1-scaled.jpg","type":"image\/jpeg"}],"twitter_misc":{"Tiempo de lectura":"1 minuto"},"schema":{"@context":"https:\/\/schema.org","@graph":[{"@type":["WebPage","ItemPage"],"@id":"https:\/\/devtgo.com\/shop\/texas-native-st-augustine\/","url":"https:\/\/devtgo.com\/shop\/texas-native-st-augustine\/","name":"San Agust\u00edn Nativo de Tejas","isPartOf":{"@id":"https:\/\/devtgo.com\/#website"},"primaryImageOfPage":{"@id":"https:\/\/devtgo.com\/shop\/texas-native-st-augustine\/#primaryimage"},"image":{"@id":"https:\/\/devtgo.com\/shop\/texas-native-st-augustine\/#primaryimage"},"thumbnailUrl":"https:\/\/devtgo.com\/wp-content\/uploads\/TxNative-1-scaled.jpg","datePublished":"2017-05-01T18:53:29+00:00","dateModified":"2025-10-17T11:02:45+00:00","description":"San Agust\u00edn Nativo de Tejas","breadcrumb":{"@id":"https:\/\/devtgo.com\/shop\/texas-native-st-augustine\/#breadcrumb"},"inLanguage":"es","potentialAction":[{"@type":"ReadAction","target":["https:\/\/devtgo.com\/shop\/texas-native-st-augustine\/"]}]},{"@type":"ImageObject","inLanguage":"es","@id":"https:\/\/devtgo.com\/shop\/texas-native-st-augustine\/#primaryimage","url":"https:\/\/devtgo.com\/wp-content\/uploads\/TxNative-1-scaled.jpg","contentUrl":"https:\/\/devtgo.com\/wp-content\/uploads\/TxNative-1-scaled.jpg","width":1024,"height":720},{"@type":"BreadcrumbList","@id":"https:\/\/devtgo.com\/shop\/texas-native-st-augustine\/#breadcrumb","itemListElement":[{"@type":"ListItem","position":1,"name":"Home","item":"https:\/\/devtgo.com\/"},{"@type":"ListItem","position":2,"name":"St. Augustine Grass","item":"https:\/\/devtgo.com\/shop\/product-category\/st-augustine\/"},{"@type":"ListItem","position":3,"name":"Texas Native St. Augustine"}]},{"@type":"WebSite","@id":"https:\/\/devtgo.com\/#website","url":"https:\/\/devtgo.com\/","name":"The Grass Outlet","description":"\"Ayudando a Tejas a ser m\u00e1s verde, un jard\u00edn a la vez\"","publisher":{"@id":"https:\/\/devtgo.com\/#organization"},"potentialAction":[{"@type":"SearchAction","target":{"@type":"EntryPoint","urlTemplate":"https:\/\/devtgo.com\/?s={search_term_string}"},"query-input":{"@type":"PropertyValueSpecification","valueRequired":true,"valueName":"search_term_string"}}],"inLanguage":"es"},{"@type":"Organization","@id":"https:\/\/devtgo.com\/#organization","name":"The Grass Outlet","url":"https:\/\/devtgo.com\/","logo":{"@type":"ImageObject","inLanguage":"es","@id":"https:\/\/devtgo.com\/#\/schema\/logo\/image\/","url":"https:\/\/devtgo.com\/wp-content\/uploads\/TxNative-1-scaled.jpg","contentUrl":"https:\/\/devtgo.com\/wp-content\/uploads\/TxNative-1-scaled.jpg","width":1024,"height":720,"caption":"The Grass Outlet"},"image":{"@id":"https:\/\/devtgo.com\/#\/schema\/logo\/image\/"},"sameAs":["https:\/\/www.facebook.com\/pages\/The-Grass-Outlet\/269332396527430","https:\/\/x.com\/TheGrassOutlet"]}]}},"_links":{"self":[{"href":"https:\/\/devtgo.com\/es\/wp-json\/wp\/v2\/product\/8299","targetHints":{"allow":["GET"]}}],"collection":[{"href":"https:\/\/devtgo.com\/es\/wp-json\/wp\/v2\/product"}],"about":[{"href":"https:\/\/devtgo.com\/es\/wp-json\/wp\/v2\/types\/product"}],"wp:featuredmedia":[{"embeddable":true,"href":"https:\/\/devtgo.com\/es\/wp-json\/wp\/v2\/media\/105284"}],"wp:attachment":[{"href":"https:\/\/devtgo.com\/es\/wp-json\/wp\/v2\/media?parent=8299"}],"wp:term":[{"taxonomy":"product_brand","embeddable":true,"href":"https:\/\/devtgo.com\/es\/wp-json\/wp\/v2\/product_brand?post=8299"},{"taxonomy":"product_cat","embeddable":true,"href":"https:\/\/devtgo.com\/es\/wp-json\/wp\/v2\/product_cat?post=8299"},{"taxonomy":"product_tag","embeddable":true,"href":"https:\/\/devtgo.com\/es\/wp-json\/wp\/v2\/product_tag?post=8299"}],"curies":[{"name":"wp","href":"https:\/\/api.w.org\/{rel}","templated":true}]}}